{"id":6409,"date":"2024-03-26T14:52:58","date_gmt":"2024-03-26T13:52:58","guid":{"rendered":"https:\/\/www.sportcoachplus.org\/politica-de-confidentialitate-nota-juridica\/"},"modified":"2025-08-19T13:38:58","modified_gmt":"2025-08-19T11:38:58","slug":"politica-de-confidentialitate-nota-juridica","status":"publish","type":"page","link":"https:\/\/www.sportcoachplus.org\/ro\/politica-de-confidentialitate-nota-juridica\/","title":{"rendered":"Politica de confiden\u021bialitate &amp; Not\u0103 juridic\u0103"},"content":{"rendered":"\n<h2 class=\"wp-block-heading\">Disclaimer<\/h2>\n\n\n\n<p>Toate informa\u021biile con\u021binute \u00een acest site web sunt Copyright \u00a9 Red Cross Red Crescent Movement MHPSS Hub \u0219i Olympic Refuge Foundation. Toate drepturile rezervate.<\/p>\n\n\n\n<h2 class=\"wp-block-heading\">Politica noastr\u0103 de confiden\u021bialitate<\/h2>\n\n\n\n<p>Acest site web este operat de Mi\u0219carea de Cruce Ro\u0219ie \u0219i Semilun\u0103 Ro\u0219ie MHPSS Hub, g\u0103zduit de Crucea Ro\u0219ie Danez\u0103 \u0219i Olympic Refuge Foundation (&#8222;noi&#8221;, &#8222;ne&#8221;, &#8222;nostru&#8221;, &#8222;site-ul web&#8221;). Noi lu\u0103m \u00een serios confiden\u021bialitatea \u0219i securitatea informa\u021biilor dvs. personale &#8211; adic\u0103 orice informa\u021bii referitoare la o persoan\u0103 identificat\u0103 sau identificabil\u0103. V\u0103 rug\u0103m s\u0103 acorda\u021bi un moment pentru a citi aceast\u0103 Politic\u0103 de confiden\u021bialitate \u0219i pentru a afla despre principiile noastre generale de confiden\u021bialitate \u0219i securitate a informa\u021biilor. Orice modificare a acestei Politici de confiden\u021bialitate va fi postat\u0103 pe aceast\u0103 pagin\u0103.   <\/p>\n\n\n\n<h3 class=\"wp-block-heading\">A) Date colectate prin accesarea site-urilor noastre<\/h3>\n\n\n\n<h4 class=\"wp-block-heading\"><strong>1. Informa\u021biile pe care le furniza\u021bi<\/strong><\/h4>\n\n\n\n<p>Pe anumite pagini web, este posibil s\u0103 v\u0103 fie solicitate datele personale. De exemplu, este necesar s\u0103 v\u0103 ob\u021bine\u021bi adresa de e-mail, numele \u0219i alte date pentru a trimite un formular de contact. Este important s\u0103 re\u021bine\u021bi c\u0103 unele dintre caracteristicile site-ului necesit\u0103 utilizarea de furnizori ter\u021bi (pentru mai multe detalii, consulta\u021bi sec\u021biunea F de mai jos).  <\/p>\n\n\n\n<h4 class=\"wp-block-heading\"><strong>2. colectate \u00een mod automat sau de rutin\u0103<\/strong><\/h4>\n\n\n\n<p>Prin simpla vizitare a site-ului, anumite metadate pot fi totu\u0219i colectate \u0219i prelucrate. De\u0219i ne-am str\u0103duit s\u0103 minimiz\u0103m colectarea datelor, urm\u0103toarele pot fi colectate (\u0219i prelucrate din motivele stabilite \u00een sec\u021biunea B din prezenta Politic\u0103 de confiden\u021bialitate): <\/p>\n\n\n\n<ul class=\"wp-block-list\">\n<li>adresa dvs. de protocol de internet (IP) (care poate dezv\u0103lui loca\u021bia dvs. aproximativ\u0103 \u0219i fusul orar)<\/li>\n\n\n\n<li>ID-ul dispozitivului (care indic\u0103 tipul de dispozitiv utilizat pentru a accesa platforma \u0219i poate dezv\u0103lui, de asemenea, sistemul de operare utilizat)<\/li>\n\n\n\n<li>datele \u0219i orele de utilizare<\/li>\n\n\n\n<li>URL solicitat<\/li>\n\n\n\n<li>sistemul de operare pe care \u00eel utiliza\u021bi<\/li>\n<\/ul>\n\n\n\n<h4 class=\"wp-block-heading\"><strong>3. Utilizarea modulelor cookie<\/strong><\/h4>\n\n\n\n<p>Utiliz\u0103m module cookie pe site-ul nostru. V\u0103 rug\u0103m, vizita\u021bi urm\u0103torul link pentru a afla mai multe: <a href=\"https:\/\/www.sportcoachplus.org\/ro\/politica-privind-cookie-urile\/\" data-type=\"page\" data-id=\"1312\">Politica privind modulele cookie<\/a>. <\/p>\n\n\n\n<h3 class=\"wp-block-heading\">B) Cum sunt utilizate aceste informa\u021bii?<\/h3>\n\n\n\n<p>Aceste informa\u021bii sunt utilizate pentru a \u00eembun\u0103t\u0103\u021bi serviciul nostru, pentru a compila statistici (inclusiv privind consultarea) \u0219i pentru a comunica cu dumneavoastr\u0103. Mai exact, acestea sunt utilizate: <\/p>\n\n\n\n<ul class=\"wp-block-list\">\n<li>pentru a r\u0103spunde solicit\u0103rilor dumneavoastr\u0103 de informa\u021bii<\/li>\n\n\n\n<li>pentru a v\u0103 permite s\u0103 utiliza\u021bi anumite func\u021bii interactive (de exemplu, desc\u0103rcarea de date, salvarea marcajelor)<\/li>\n\n\n\n<li>pentru a furniza servicii sau a oferi ajutor<\/li>\n\n\n\n<li>pentru a ne \u00eembun\u0103t\u0103\u021bi site-ul web, comunicarea, produsele \u0219i serviciile; pentru a compila statistici privind consultarea \u0219i pentru a \u00een\u021belege ce con\u021binut este cel mai important pentru comunitate<\/li>\n\n\n\n<li>pentru a men\u021bine securitatea \u0219i integritatea<\/li>\n\n\n\n<li>pentru a v\u0103 asigura c\u0103 con\u021binutul este prezentat \u00een modul care v\u0103 convine cel mai bine<\/li>\n<\/ul>\n\n\n\n<h3 class=\"wp-block-heading\">C) Accesul la date \u0219i partajarea acestora<\/h3>\n\n\n\n<p>Ca regul\u0103 general\u0103, nu vom dezv\u0103lui nicio informa\u021bie care v\u0103 identific\u0103 personal, dec\u00e2t cu permisiunea dumneavoastr\u0103. Informa\u021biile pe care ni le furniza\u021bi nu vor fi v\u00e2ndute ter\u021bilor sau utilizate \u00eentr-un mod incompatibil cu obiectivele site-ului. <\/p>\n\n\n\n<p>\u00cen plus, datele dumneavoastr\u0103 vor fi accesibile numai personalului (\u0219i altor persoane autorizate) care au o nevoie legitim\u0103 de a avea un astfel de acces.<\/p>\n\n\n\n<h3 class=\"wp-block-heading\">D) Stocarea, securitatea, \u00eentreb\u0103ri cu privire la datele dumneavoastr\u0103<\/h3>\n\n\n\n<p>Utiliz\u0103m sisteme sigure \u0219i implement\u0103m m\u0103suri tehnice \u0219i organizatorice adecvate pentru a proteja informa\u021biile dvs. personale \u0219i pentru a le proteja \u00eempotriva prelucr\u0103rii neautorizate sau ilegale, pierderii accidentale, distrugerii sau deterior\u0103rii. De\u0219i lu\u0103m m\u0103suri rezonabile pentru a v\u0103 proteja informa\u021biile personale, v\u0103 rug\u0103m s\u0103 fi\u021bi con\u0219tien\u021bi de faptul c\u0103 niciun sistem nu poate garanta o securitate de 100%. <\/p>\n\n\n\n<p>\u00cen cazul \u00een care este necesar ca datele dumneavoastr\u0103 cu caracter personal s\u0103 fie partajate cu ter\u021be p\u0103r\u021bi, vom lua m\u0103suri rezonabile pentru a ne asigura c\u0103 datele dumneavoastr\u0103 cu caracter personal continu\u0103 s\u0103 fie tratate \u00een siguran\u021b\u0103.<\/p>\n\n\n\n<p>Aceste m\u0103suri pot consta \u00een dispozi\u021bii contractuale specifice care impun p\u0103r\u021bilor ter\u021be respective s\u0103 pun\u0103 \u00een aplicare m\u0103suri de securitate nu mai pu\u021bin echivalente dec\u00e2t cele ale noastre. V\u0103 rug\u0103m s\u0103 fi\u021bi con\u0219tien\u021bi de acest lucru atunci c\u00e2nd trimite\u021bi orice comunicare. Nu putem garanta (\u0219i nu garant\u0103m) securitatea absolut\u0103.  <\/p>\n\n\n\n<p>\u00cen anumite circumstan\u021be, pute\u021bi solicita revizuirea informa\u021biilor personale pe care le de\u021binem despre dumneavoastr\u0103. De asemenea, v\u0103 pute\u021bi opune prelucr\u0103rii anumitor date cu caracter personal \u0219i\/sau pute\u021bi solicita corectarea sau \u0219tergerea acestor date cu caracter personal.   <\/p>\n\n\n\n<p>V\u0103 rug\u0103m s\u0103 contacta\u021bi urm\u0103toarele departamente pentru \u00eentreb\u0103ri legate de datele cu caracter personal:<\/p>\n\n\n\n<p><strong>Hub MHPSS:<\/strong> <a href=\"mailto:psychosocial.centre@ifrc.org\" target=\"_blank\" rel=\"noreferrer noopener\"><\/a><a href=\"mailto:mhpsshub@rodekors.dk\">mhpsshub@rodekors.dk<\/a><\/p>\n\n\n\n<p><strong>ORF:<\/strong> <a href=\"mailto:contact@olympicrefugefoundation.org\" target=\"_blank\" rel=\"noreferrer noopener\">contact@olympicrefugefoundation.org<\/a><\/p>\n\n\n\n<h3 class=\"wp-block-heading\">E) Privilegii \u0219i imunit\u0103\u021bi<\/h3>\n\n\n\n<p>Nimic din sau legat de aceast\u0103 politic\u0103 de confiden\u021bialitate sau de acest site nu va fi considerat o renun\u021bare la privilegiile \u0219i imunit\u0103\u021bile Federa\u021biei.<\/p>\n\n\n\n<h3 class=\"wp-block-heading\">F) Not\u0103 privind linkurile c\u0103tre site-uri externe<\/h3>\n\n\n\n<p>V\u0103 rug\u0103m s\u0103 re\u021bine\u021bi c\u0103 aceast\u0103 politic\u0103 de confiden\u021bialitate se aplic\u0103 numai site-ului sportcoachplus.org. Aceasta nu se aplic\u0103 paginilor g\u0103zduite de alte organiza\u021bii, inclusiv Societ\u0103\u021bile Na\u021bionale de Cruce Ro\u0219ie \u0219i Semilun\u0103 Ro\u0219ie \u0219i Comitetul Interna\u021bional al Crucii Ro\u0219ii, care au propriile lor politici de confiden\u021bialitate. <\/p>\n\n\n\n<p>\u00cen plus, unele pagini web sportcoachplus.org pot: 1) s\u0103 \u00eencorporeze sau s\u0103 redirec\u021bioneze c\u0103tre furnizori de servicii ter\u021bi \u0219i 2) s\u0103 con\u021bin\u0103 linkuri c\u0103tre site-uri ter\u021be, cum ar fi Facebook, YouTube sau Twitter, de exemplu. Aceste site-uri ter\u021be \u0219i externe (\u0219i orice alte site-uri non-sportcoachplus.org) vor avea de obicei propriile politici de confiden\u021bialitate \u0219i practici de gestionare a datelor pe care nu le control\u0103m. V\u0103 recomand\u0103m insistent s\u0103 consulta\u021bi aceste politici de confiden\u021bialitate relevante.    <\/p>\n\n\n\n<div class=\"wp-block-group is-nowrap is-layout-flex wp-container-core-group-is-layout-ad2f72ca wp-block-group-is-layout-flex\">\n<p class=\"small has-gray-color has-text-color has-link-color wp-elements-2aa4685c7dafb7523938a1b09c2f3c80\">&#8211; Aceast\u0103 versiune a politicii a fost modificat\u0103 ultima dat\u0103 la:<\/p>\n\n\n<div class=\"wp-block-post-date__modified-date small wp-block-post-date\"><time datetime=\"2025-08-19T13:38:58+02:00\">august 19, 2025<\/time><\/div><\/div>\n","protected":false},"excerpt":{"rendered":"<p>Disclaimer Toate informa\u021biile con\u021binute \u00een acest site web sunt Copyright \u00a9 Red Cross Red Crescent Movement MHPSS Hub \u0219i Olympic Refuge Foundation. Toate drepturile rezervate. Politica noastr\u0103 de confiden\u021bialitate Acest site web este operat de Mi\u0219carea de Cruce Ro\u0219ie \u0219i Semilun\u0103 Ro\u0219ie MHPSS Hub, g\u0103zduit de Crucea Ro\u0219ie Danez\u0103 \u0219i Olympic Refuge Foundation (&#8222;noi&#8221;, &#8222;ne&#8221;, [&#8230;]<\/p>\n<p><a class=\"btn btn-secondary understrap-read-more-link\" href=\"https:\/\/www.sportcoachplus.org\/ro\/politica-de-confidentialitate-nota-juridica\/\">Cite\u0219te mai mult&#8230;<span class=\"screen-reader-text\"> from Politica de confiden\u021bialitate &amp; Not\u0103 juridic\u0103<\/span><\/a><\/p>\n","protected":false},"author":8,"featured_media":0,"parent":0,"menu_order":0,"comment_status":"closed","ping_status":"closed","template":"page-templates\/no-title.php","meta":{"_acf_changed":false,"inline_featured_image":false,"_monsterinsights_skip_tracking":false,"_monsterinsights_sitenote_active":false,"_monsterinsights_sitenote_note":"","_monsterinsights_sitenote_category":0,"footnotes":""},"class_list":["post-6409","page","type-page","status-publish","hentry"],"acf":[],"yoast_head":"<!-- This site is optimized with the Yoast SEO plugin v27.4 - https:\/\/yoast.com\/product\/yoast-seo-wordpress\/ -->\n<title>Politica de confiden\u021bialitate &amp; Not\u0103 juridic\u0103 - Sport Coach+<\/title>\n<meta name=\"robots\" content=\"index, follow, max-snippet:-1, max-image-preview:large, max-video-preview:-1\" \/>\n<link rel=\"canonical\" href=\"https:\/\/www.sportcoachplus.org\/ro\/politica-de-confidentialitate-nota-juridica\/\" \/>\n<meta property=\"og:locale\" content=\"ro_RO\" \/>\n<meta property=\"og:type\" content=\"article\" \/>\n<meta property=\"og:title\" content=\"Politica de confiden\u021bialitate &amp; Not\u0103 juridic\u0103 - Sport Coach+\" \/>\n<meta property=\"og:description\" content=\"Disclaimer Toate informa\u021biile con\u021binute \u00een acest site web sunt Copyright \u00a9 Red Cross Red Crescent Movement MHPSS Hub \u0219i Olympic Refuge Foundation. Toate drepturile rezervate. Politica noastr\u0103 de confiden\u021bialitate Acest site web este operat de Mi\u0219carea de Cruce Ro\u0219ie \u0219i Semilun\u0103 Ro\u0219ie MHPSS Hub, g\u0103zduit de Crucea Ro\u0219ie Danez\u0103 \u0219i Olympic Refuge Foundation (&#8222;noi&#8221;, &#8222;ne&#8221;, [...]Cite\u0219te mai mult... from Politica de confiden\u021bialitate &amp; Not\u0103 juridic\u0103\" \/>\n<meta property=\"og:url\" content=\"https:\/\/www.sportcoachplus.org\/ro\/politica-de-confidentialitate-nota-juridica\/\" \/>\n<meta property=\"og:site_name\" content=\"Sport Coach+\" \/>\n<meta property=\"article:modified_time\" content=\"2025-08-19T11:38:58+00:00\" \/>\n<meta name=\"twitter:card\" content=\"summary_large_image\" \/>\n<meta name=\"twitter:label1\" content=\"Timp estimat pentru citire\" \/>\n\t<meta name=\"twitter:data1\" content=\"4 minute\" \/>\n<script type=\"application\/ld+json\" class=\"yoast-schema-graph\">{\"@context\":\"https:\\\/\\\/schema.org\",\"@graph\":[{\"@type\":\"WebPage\",\"@id\":\"https:\\\/\\\/www.sportcoachplus.org\\\/ro\\\/politica-de-confidentialitate-nota-juridica\\\/\",\"url\":\"https:\\\/\\\/www.sportcoachplus.org\\\/ro\\\/politica-de-confidentialitate-nota-juridica\\\/\",\"name\":\"Politica de confiden\u021bialitate &amp; Not\u0103 juridic\u0103 - Sport Coach+\",\"isPartOf\":{\"@id\":\"https:\\\/\\\/www.sportcoachplus.org\\\/ro\\\/#website\"},\"datePublished\":\"2024-03-26T13:52:58+00:00\",\"dateModified\":\"2025-08-19T11:38:58+00:00\",\"breadcrumb\":{\"@id\":\"https:\\\/\\\/www.sportcoachplus.org\\\/ro\\\/politica-de-confidentialitate-nota-juridica\\\/#breadcrumb\"},\"inLanguage\":\"ro-RO\",\"potentialAction\":[{\"@type\":\"ReadAction\",\"target\":[\"https:\\\/\\\/www.sportcoachplus.org\\\/ro\\\/politica-de-confidentialitate-nota-juridica\\\/\"]}]},{\"@type\":\"BreadcrumbList\",\"@id\":\"https:\\\/\\\/www.sportcoachplus.org\\\/ro\\\/politica-de-confidentialitate-nota-juridica\\\/#breadcrumb\",\"itemListElement\":[{\"@type\":\"ListItem\",\"position\":1,\"name\":\"Home\",\"item\":\"https:\\\/\\\/www.sportcoachplus.org\\\/ro\\\/\"},{\"@type\":\"ListItem\",\"position\":2,\"name\":\"Politica de confiden\u021bialitate &amp; Not\u0103 juridic\u0103\"}]},{\"@type\":\"WebSite\",\"@id\":\"https:\\\/\\\/www.sportcoachplus.org\\\/ro\\\/#website\",\"url\":\"https:\\\/\\\/www.sportcoachplus.org\\\/ro\\\/\",\"name\":\"Sport Coach+\",\"description\":\"Sport sigur \u0219i favorabil pentru promovarea s\u0103n\u0103t\u0103\u021bii mintale a tinerilor afecta\u021bi de deplasare\",\"publisher\":{\"@id\":\"https:\\\/\\\/www.sportcoachplus.org\\\/ro\\\/#organization\"},\"potentialAction\":[{\"@type\":\"SearchAction\",\"target\":{\"@type\":\"EntryPoint\",\"urlTemplate\":\"https:\\\/\\\/www.sportcoachplus.org\\\/ro\\\/?s={search_term_string}\"},\"query-input\":{\"@type\":\"PropertyValueSpecification\",\"valueRequired\":true,\"valueName\":\"search_term_string\"}}],\"inLanguage\":\"ro-RO\"},{\"@type\":\"Organization\",\"@id\":\"https:\\\/\\\/www.sportcoachplus.org\\\/ro\\\/#organization\",\"name\":\"Sport Coach+\",\"url\":\"https:\\\/\\\/www.sportcoachplus.org\\\/ro\\\/\",\"logo\":{\"@type\":\"ImageObject\",\"inLanguage\":\"ro-RO\",\"@id\":\"https:\\\/\\\/www.sportcoachplus.org\\\/ro\\\/#\\\/schema\\\/logo\\\/image\\\/\",\"url\":\"https:\\\/\\\/www.sportcoachplus.org\\\/wp-content\\\/uploads\\\/2024\\\/05\\\/SportCoach-logo.svg\",\"contentUrl\":\"https:\\\/\\\/www.sportcoachplus.org\\\/wp-content\\\/uploads\\\/2024\\\/05\\\/SportCoach-logo.svg\",\"width\":488,\"height\":194,\"caption\":\"Sport Coach+\"},\"image\":{\"@id\":\"https:\\\/\\\/www.sportcoachplus.org\\\/ro\\\/#\\\/schema\\\/logo\\\/image\\\/\"}}]}<\/script>\n<!-- \/ Yoast SEO plugin. -->","yoast_head_json":{"title":"Politica de confiden\u021bialitate &amp; Not\u0103 juridic\u0103 - Sport Coach+","robots":{"index":"index","follow":"follow","max-snippet":"max-snippet:-1","max-image-preview":"max-image-preview:large","max-video-preview":"max-video-preview:-1"},"canonical":"https:\/\/www.sportcoachplus.org\/ro\/politica-de-confidentialitate-nota-juridica\/","og_locale":"ro_RO","og_type":"article","og_title":"Politica de confiden\u021bialitate &amp; Not\u0103 juridic\u0103 - Sport Coach+","og_description":"Disclaimer Toate informa\u021biile con\u021binute \u00een acest site web sunt Copyright \u00a9 Red Cross Red Crescent Movement MHPSS Hub \u0219i Olympic Refuge Foundation. Toate drepturile rezervate. Politica noastr\u0103 de confiden\u021bialitate Acest site web este operat de Mi\u0219carea de Cruce Ro\u0219ie \u0219i Semilun\u0103 Ro\u0219ie MHPSS Hub, g\u0103zduit de Crucea Ro\u0219ie Danez\u0103 \u0219i Olympic Refuge Foundation (&#8222;noi&#8221;, &#8222;ne&#8221;, [...]Cite\u0219te mai mult... from Politica de confiden\u021bialitate &amp; Not\u0103 juridic\u0103","og_url":"https:\/\/www.sportcoachplus.org\/ro\/politica-de-confidentialitate-nota-juridica\/","og_site_name":"Sport Coach+","article_modified_time":"2025-08-19T11:38:58+00:00","twitter_card":"summary_large_image","twitter_misc":{"Timp estimat pentru citire":"4 minute"},"schema":{"@context":"https:\/\/schema.org","@graph":[{"@type":"WebPage","@id":"https:\/\/www.sportcoachplus.org\/ro\/politica-de-confidentialitate-nota-juridica\/","url":"https:\/\/www.sportcoachplus.org\/ro\/politica-de-confidentialitate-nota-juridica\/","name":"Politica de confiden\u021bialitate &amp; Not\u0103 juridic\u0103 - Sport Coach+","isPartOf":{"@id":"https:\/\/www.sportcoachplus.org\/ro\/#website"},"datePublished":"2024-03-26T13:52:58+00:00","dateModified":"2025-08-19T11:38:58+00:00","breadcrumb":{"@id":"https:\/\/www.sportcoachplus.org\/ro\/politica-de-confidentialitate-nota-juridica\/#breadcrumb"},"inLanguage":"ro-RO","potentialAction":[{"@type":"ReadAction","target":["https:\/\/www.sportcoachplus.org\/ro\/politica-de-confidentialitate-nota-juridica\/"]}]},{"@type":"BreadcrumbList","@id":"https:\/\/www.sportcoachplus.org\/ro\/politica-de-confidentialitate-nota-juridica\/#breadcrumb","itemListElement":[{"@type":"ListItem","position":1,"name":"Home","item":"https:\/\/www.sportcoachplus.org\/ro\/"},{"@type":"ListItem","position":2,"name":"Politica de confiden\u021bialitate &amp; Not\u0103 juridic\u0103"}]},{"@type":"WebSite","@id":"https:\/\/www.sportcoachplus.org\/ro\/#website","url":"https:\/\/www.sportcoachplus.org\/ro\/","name":"Sport Coach+","description":"Sport sigur \u0219i favorabil pentru promovarea s\u0103n\u0103t\u0103\u021bii mintale a tinerilor afecta\u021bi de deplasare","publisher":{"@id":"https:\/\/www.sportcoachplus.org\/ro\/#organization"},"potentialAction":[{"@type":"SearchAction","target":{"@type":"EntryPoint","urlTemplate":"https:\/\/www.sportcoachplus.org\/ro\/?s={search_term_string}"},"query-input":{"@type":"PropertyValueSpecification","valueRequired":true,"valueName":"search_term_string"}}],"inLanguage":"ro-RO"},{"@type":"Organization","@id":"https:\/\/www.sportcoachplus.org\/ro\/#organization","name":"Sport Coach+","url":"https:\/\/www.sportcoachplus.org\/ro\/","logo":{"@type":"ImageObject","inLanguage":"ro-RO","@id":"https:\/\/www.sportcoachplus.org\/ro\/#\/schema\/logo\/image\/","url":"https:\/\/www.sportcoachplus.org\/wp-content\/uploads\/2024\/05\/SportCoach-logo.svg","contentUrl":"https:\/\/www.sportcoachplus.org\/wp-content\/uploads\/2024\/05\/SportCoach-logo.svg","width":488,"height":194,"caption":"Sport Coach+"},"image":{"@id":"https:\/\/www.sportcoachplus.org\/ro\/#\/schema\/logo\/image\/"}}]}},"_links":{"self":[{"href":"https:\/\/www.sportcoachplus.org\/ro\/wp-json\/wp\/v2\/pages\/6409","targetHints":{"allow":["GET"]}}],"collection":[{"href":"https:\/\/www.sportcoachplus.org\/ro\/wp-json\/wp\/v2\/pages"}],"about":[{"href":"https:\/\/www.sportcoachplus.org\/ro\/wp-json\/wp\/v2\/types\/page"}],"author":[{"embeddable":true,"href":"https:\/\/www.sportcoachplus.org\/ro\/wp-json\/wp\/v2\/users\/8"}],"replies":[{"embeddable":true,"href":"https:\/\/www.sportcoachplus.org\/ro\/wp-json\/wp\/v2\/comments?post=6409"}],"version-history":[{"count":5,"href":"https:\/\/www.sportcoachplus.org\/ro\/wp-json\/wp\/v2\/pages\/6409\/revisions"}],"predecessor-version":[{"id":6501,"href":"https:\/\/www.sportcoachplus.org\/ro\/wp-json\/wp\/v2\/pages\/6409\/revisions\/6501"}],"wp:attachment":[{"href":"https:\/\/www.sportcoachplus.org\/ro\/wp-json\/wp\/v2\/media?parent=6409"}],"curies":[{"name":"wp","href":"https:\/\/api.w.org\/{rel}","templated":true}]}}