{"id":2427,"date":"2024-10-21T13:05:26","date_gmt":"2024-10-21T11:05:26","guid":{"rendered":"https:\/\/www.sportcoachplus.org\/descarcati-manualul\/"},"modified":"2024-11-29T13:15:03","modified_gmt":"2024-11-29T12:15:03","slug":"descarcati-manualul","status":"publish","type":"page","link":"https:\/\/www.sportcoachplus.org\/ro\/descarcati-manualul\/","title":{"rendered":"Desc\u0103rca\u021bi manualul"},"content":{"rendered":"<style id=\"wpforms-css-vars-root\">\n\t\t\t\t:root {\n\t\t\t\t\t--wpforms-field-border-radius: 3px;\n--wpforms-field-border-style: solid;\n--wpforms-field-border-size: 1px;\n--wpforms-field-background-color: #ffffff;\n--wpforms-field-border-color: rgba( 0, 0, 0, 0.25 );\n--wpforms-field-border-color-spare: rgba( 0, 0, 0, 0.25 );\n--wpforms-field-text-color: rgba( 0, 0, 0, 0.7 );\n--wpforms-field-menu-color: #ffffff;\n--wpforms-label-color: rgba( 0, 0, 0, 0.85 );\n--wpforms-label-sublabel-color: rgba( 0, 0, 0, 0.55 );\n--wpforms-label-error-color: #d63637;\n--wpforms-button-border-radius: 3px;\n--wpforms-button-border-style: none;\n--wpforms-button-border-size: 1px;\n--wpforms-button-background-color: #066aab;\n--wpforms-button-border-color: #066aab;\n--wpforms-button-text-color: #ffffff;\n--wpforms-page-break-color: #066aab;\n--wpforms-background-image: none;\n--wpforms-background-position: center center;\n--wpforms-background-repeat: no-repeat;\n--wpforms-background-size: cover;\n--wpforms-background-width: 100px;\n--wpforms-background-height: 100px;\n--wpforms-background-color: rgba( 0, 0, 0, 0 );\n--wpforms-background-url: none;\n--wpforms-container-padding: 0px;\n--wpforms-container-border-style: none;\n--wpforms-container-border-width: 1px;\n--wpforms-container-border-color: #000000;\n--wpforms-container-border-radius: 3px;\n--wpforms-field-size-input-height: 43px;\n--wpforms-field-size-input-spacing: 15px;\n--wpforms-field-size-font-size: 16px;\n--wpforms-field-size-line-height: 19px;\n--wpforms-field-size-padding-h: 14px;\n--wpforms-field-size-checkbox-size: 16px;\n--wpforms-field-size-sublabel-spacing: 5px;\n--wpforms-field-size-icon-size: 1;\n--wpforms-label-size-font-size: 16px;\n--wpforms-label-size-line-height: 19px;\n--wpforms-label-size-sublabel-font-size: 14px;\n--wpforms-label-size-sublabel-line-height: 17px;\n--wpforms-button-size-font-size: 17px;\n--wpforms-button-size-height: 41px;\n--wpforms-button-size-padding-h: 15px;\n--wpforms-button-size-margin-top: 10px;\n--wpforms-container-shadow-size-box-shadow: none;\n\n\t\t\t\t}\n\t\t\t<\/style><div class=\"wpforms-container wpforms-container-full wpforms-block wpforms-block-90ca23de-772c-48bd-af37-ffae7301b50b wpforms-render-modern\" id=\"wpforms-2283\"><form id=\"wpforms-form-2283\" class=\"wpforms-validate wpforms-form\" data-formid=\"2283\" method=\"post\" enctype=\"multipart\/form-data\" action=\"\/ro\/wp-json\/wp\/v2\/pages\/2427\" data-token=\"5c48b067b63cb0c356d84efb5e859ead\" data-token-time=\"1776582352\"><div class=\"wpforms-head-container\"><div class=\"wpforms-description\">V\u0103 mul\u021bumim pentru interesul dumneavoastr\u0103 pentru Sport Coach+! V\u0103 rug\u0103m s\u0103 acorda\u021bi c\u00e2teva secunde pentru a ne spune mai multe despre dvs. \u0219i g\u0103si\u021bi mai jos link-ul pentru a desc\u0103rca Manualul. <\/div><\/div><noscript class=\"wpforms-error-noscript\">Please enable JavaScript in your browser to complete this form.<\/noscript><div class=\"wpforms-hidden\" id=\"wpforms-error-noscript\">Please enable JavaScript in your browser to complete this form.<\/div><div class=\"wpforms-field-container\"><div id=\"wpforms-2283-field_9-container\" class=\"wpforms-field wpforms-field-layout\" data-field-id=\"9\"><div class=\"wpforms-field-layout-rows wpforms-field-large\"><div class=\"wpforms-layout-row\"><div class=\"wpforms-layout-column wpforms-layout-column-50\"><div id=\"wpforms-2283-field_2-container\" class=\"wpforms-field wpforms-field-select wpforms-field-select-style-modern\" data-field-id=\"2\"><label class=\"wpforms-field-label\" for=\"wpforms-2283-field_2\">\u00cen ce regiuni lucra\u021bi?<\/label><select id=\"wpforms-2283-field_2\" class=\"wpforms-field-large choicesjs-select\" data-size-class=\"wpforms-field-row wpforms-field-large\" data-search-enabled=\"\" name=\"wpforms[fields][2][]\" multiple=\"multiple\"><option value=\"\" class=\"placeholder\" disabled >&#8211; Selecta\u021bi toate care se aplic\u0103 &#8211;<\/option><option value=\"Europa \u0219i Asia Central\u0103\" >Europa \u0219i Asia Central\u0103<\/option><option value=\"Orientul Mijlociu \u0219i Africa de Nord\" >Orientul Mijlociu \u0219i Africa de Nord<\/option><option value=\"Africa Subsaharian\u0103\" >Africa Subsaharian\u0103<\/option><option value=\"Asia de Est \u0219i Pacific\" >Asia de Est \u0219i Pacific<\/option><option value=\"Asia de Sud\" >Asia de Sud<\/option><option value=\"America Latin\u0103 \u0219i Caraibe\" >America Latin\u0103 \u0219i Caraibe<\/option><option value=\"America de Nord\" >America de Nord<\/option><\/select><\/div><\/div><div class=\"wpforms-layout-column wpforms-layout-column-50\"><div id=\"wpforms-2283-field_3-container\" class=\"wpforms-field wpforms-field-select wpforms-field-select-style-modern\" data-field-id=\"3\"><label class=\"wpforms-field-label\" for=\"wpforms-2283-field_3\">Care dintre urm\u0103toarele descriu cel mai bine industria sau sectorul dumneavoastr\u0103?<\/label><select id=\"wpforms-2283-field_3\" class=\"wpforms-field-large choicesjs-select\" data-size-class=\"wpforms-field-row wpforms-field-large\" data-search-enabled=\"\" name=\"wpforms[fields][3][]\" multiple=\"multiple\"><option value=\"\" class=\"placeholder\" disabled >&#8211; Selecta\u021bi toate care se aplic\u0103 &#8211;<\/option><option value=\"S\u0103n\u0103tate\" >S\u0103n\u0103tate<\/option><option value=\"Sport\" >Sport<\/option><option value=\"Educator\/Teacher\" >Educator\/Teacher<\/option><option value=\"ONG\/lucr\u0103tor f\u0103r\u0103 scop lucrativ\" >ONG\/lucr\u0103tor f\u0103r\u0103 scop lucrativ<\/option><option value=\"Sectorul public\" >Sectorul public<\/option><option value=\"Cercet\u0103tor\/Academic\" >Cercet\u0103tor\/Academic<\/option><option value=\"Altele\" >Altele<\/option><\/select><\/div><\/div><\/div><div class=\"wpforms-layout-row\"><div class=\"wpforms-layout-column wpforms-layout-column-50\"><div id=\"wpforms-2283-field_4-container\" class=\"wpforms-field wpforms-field-select wpforms-field-select-style-modern\" data-field-id=\"4\"><label class=\"wpforms-field-label\" for=\"wpforms-2283-field_4\">Cum inten\u021biona\u021bi s\u0103 utiliza\u021bi resursele SportCoach+?<\/label><select id=\"wpforms-2283-field_4\" class=\"wpforms-field-large choicesjs-select\" data-size-class=\"wpforms-field-row wpforms-field-large\" data-search-enabled=\"\" name=\"wpforms[fields][4][]\" multiple=\"multiple\"><option value=\"\" class=\"placeholder\" disabled >&#8211; Selecta\u021bi toate care se aplic\u0103 &#8211;<\/option><option value=\"Formarea antrenorilor \u0219i a personalului\" >Formarea antrenorilor \u0219i a personalului<\/option><option value=\"Punerea \u00een aplicare a programului\" >Punerea \u00een aplicare a programului<\/option><option value=\"Cuno\u0219tin\u021be personale\" >Cuno\u0219tin\u021be personale<\/option><option value=\"Cercetare\" >Cercetare<\/option><option value=\"Cousework\" >Cousework<\/option><option value=\"Altele\" >Altele<\/option><\/select><\/div><\/div><div class=\"wpforms-layout-column wpforms-layout-column-50\"><div id=\"wpforms-2283-field_5-container\" class=\"wpforms-field wpforms-field-select wpforms-conditional-trigger wpforms-field-select-style-modern\" data-field-id=\"5\"><label class=\"wpforms-field-label\" for=\"wpforms-2283-field_5\">Cum a\u021bi auzit de SportCoach+?<\/label><select id=\"wpforms-2283-field_5\" class=\"wpforms-field-large choicesjs-select\" data-size-class=\"wpforms-field-row wpforms-field-large\" data-search-enabled=\"\" name=\"wpforms[fields][5][]\" multiple=\"multiple\"><option value=\"\" class=\"placeholder\" disabled >&#8211; Selecta\u021bi toate care se aplic\u0103 &#8211;<\/option><option value=\"Recomandare din partea unui coleg\/prieten\" >Recomandare din partea unui coleg\/prieten<\/option><option value=\"C\u0103utare online\" >C\u0103utare online<\/option><option value=\"Social media\" >Social media<\/option><option value=\"Prin intermediul unui partener de proiect sau al unui eveniment\" >Prin intermediul unui partener de proiect sau al unui eveniment<\/option><option value=\"Altele (specifica\u021bi)\" >Altele (specifica\u021bi)<\/option><\/select><\/div><\/div><\/div><div class=\"wpforms-layout-row\"><div class=\"wpforms-layout-column wpforms-layout-column-50\"><\/div><div class=\"wpforms-layout-column wpforms-layout-column-50\"><div id=\"wpforms-2283-field_6-container\" class=\"wpforms-field wpforms-field-text wpforms-conditional-field wpforms-conditional-show\" data-field-id=\"6\" style=\"display:none;\"><label class=\"wpforms-field-label wpforms-label-hide\" for=\"wpforms-2283-field_6\" aria-hidden=\"false\">Cum a\u021bi auzit de SportCoach+?<\/label><input type=\"text\" id=\"wpforms-2283-field_6\" class=\"wpforms-field-large\" name=\"wpforms[fields][6]\" placeholder=\"V\u0103 rug\u0103m s\u0103 specifica\u021bi cum a\u021bi auzit de SportCoach+\" aria-errormessage=\"wpforms-2283-field_6-error\" ><\/div><\/div><\/div><\/div><\/div><div id=\"wpforms-2283-field_8-container\" class=\"wpforms-field wpforms-field-radio wpforms-list-inline\" data-field-id=\"8\"><fieldset><legend class=\"wpforms-field-label\">Limba <span class=\"wpforms-required-label\" aria-hidden=\"true\">*<\/span><\/legend><ul id=\"wpforms-2283-field_8\" class=\"wpforms-field-required\"><li class=\"choice-8 depth-1\"><input type=\"radio\" id=\"wpforms-2283-field_8_8\" name=\"wpforms[fields][8]\" value=\"Arabic\" aria-errormessage=\"wpforms-2283-field_8_8-error\" required ><label class=\"wpforms-field-label-inline\" for=\"wpforms-2283-field_8_8\">Arabic<\/label><\/li><li class=\"choice-3 depth-1\"><input type=\"radio\" id=\"wpforms-2283-field_8_3\" name=\"wpforms[fields][8]\" value=\"bulgar\u0103\" aria-errormessage=\"wpforms-2283-field_8_3-error\" required ><label class=\"wpforms-field-label-inline\" for=\"wpforms-2283-field_8_3\">bulgar\u0103<\/label><\/li><li class=\"choice-6 depth-1\"><input type=\"radio\" id=\"wpforms-2283-field_8_6\" name=\"wpforms[fields][8]\" value=\"Czech\" aria-errormessage=\"wpforms-2283-field_8_6-error\" required ><label class=\"wpforms-field-label-inline\" for=\"wpforms-2283-field_8_6\">Czech<\/label><\/li><li class=\"choice-1 depth-1 wpforms-selected\"><input type=\"radio\" id=\"wpforms-2283-field_8_1\" name=\"wpforms[fields][8]\" value=\"Englez\u0103\" aria-errormessage=\"wpforms-2283-field_8_1-error\" required  checked='checked'><label class=\"wpforms-field-label-inline\" for=\"wpforms-2283-field_8_1\">Englez\u0103<\/label><\/li><li class=\"choice-12 depth-1\"><input type=\"radio\" id=\"wpforms-2283-field_8_12\" name=\"wpforms[fields][8]\" value=\"French\" aria-errormessage=\"wpforms-2283-field_8_12-error\" required ><label class=\"wpforms-field-label-inline\" for=\"wpforms-2283-field_8_12\">French<\/label><\/li><li class=\"choice-4 depth-1\"><input type=\"radio\" id=\"wpforms-2283-field_8_4\" name=\"wpforms[fields][8]\" value=\"german\u0103\" aria-errormessage=\"wpforms-2283-field_8_4-error\" required ><label class=\"wpforms-field-label-inline\" for=\"wpforms-2283-field_8_4\">german\u0103<\/label><\/li><li class=\"choice-7 depth-1\"><input type=\"radio\" id=\"wpforms-2283-field_8_7\" name=\"wpforms[fields][8]\" value=\"Polish\" aria-errormessage=\"wpforms-2283-field_8_7-error\" required ><label class=\"wpforms-field-label-inline\" for=\"wpforms-2283-field_8_7\">Polish<\/label><\/li><li class=\"choice-5 depth-1\"><input type=\"radio\" id=\"wpforms-2283-field_8_5\" name=\"wpforms[fields][8]\" value=\"rom\u00e2n\u0103\" aria-errormessage=\"wpforms-2283-field_8_5-error\" required ><label class=\"wpforms-field-label-inline\" for=\"wpforms-2283-field_8_5\">rom\u00e2n\u0103<\/label><\/li><li class=\"choice-10 depth-1\"><input type=\"radio\" id=\"wpforms-2283-field_8_10\" name=\"wpforms[fields][8]\" value=\"Spanish\" aria-errormessage=\"wpforms-2283-field_8_10-error\" required ><label class=\"wpforms-field-label-inline\" for=\"wpforms-2283-field_8_10\">Spanish<\/label><\/li><li class=\"choice-2 depth-1\"><input type=\"radio\" id=\"wpforms-2283-field_8_2\" name=\"wpforms[fields][8]\" value=\"Ucrainean\u0103\" aria-errormessage=\"wpforms-2283-field_8_2-error\" required ><label class=\"wpforms-field-label-inline\" for=\"wpforms-2283-field_8_2\">Ucrainean\u0103<\/label><\/li><li class=\"choice-11 depth-1\"><input type=\"radio\" id=\"wpforms-2283-field_8_11\" name=\"wpforms[fields][8]\" value=\"Russian\" aria-errormessage=\"wpforms-2283-field_8_11-error\" required ><label class=\"wpforms-field-label-inline\" for=\"wpforms-2283-field_8_11\">Russian<\/label><\/li><\/ul><\/fieldset><\/div><\/div><!-- .wpforms-field-container --><div class=\"wpforms-submit-container\" ><input type=\"hidden\" name=\"wpforms[id]\" value=\"2283\"><input type=\"hidden\" name=\"page_title\" value=\"\"><input type=\"hidden\" name=\"page_url\" value=\"https:\/\/www.sportcoachplus.org\/ro\/wp-json\/wp\/v2\/pages\/2427\"><button type=\"submit\" name=\"wpforms[submit]\" id=\"wpforms-submit-2283\" class=\"wpforms-submit\" data-alt-text=\"Desc\u0103rcarea...\" data-submit-text=\"Desc\u0103rcare\" aria-live=\"assertive\" value=\"wpforms-submit\">Desc\u0103rcare<\/button><\/div><\/form><\/div>  <!-- .wpforms-container -->","protected":false},"excerpt":{"rendered":"<p> [&#8230;]<\/p>\n<p><a class=\"btn btn-secondary understrap-read-more-link\" href=\"https:\/\/www.sportcoachplus.org\/ro\/descarcati-manualul\/\">Cite\u0219te mai mult&#8230;<span class=\"screen-reader-text\"> from Desc\u0103rca\u021bi manualul<\/span><\/a><\/p>\n","protected":false},"author":8,"featured_media":0,"parent":0,"menu_order":0,"comment_status":"closed","ping_status":"closed","template":"page-templates\/no-title.php","meta":{"_acf_changed":false,"inline_featured_image":false,"_monsterinsights_skip_tracking":false,"_monsterinsights_sitenote_active":false,"_monsterinsights_sitenote_note":"","_monsterinsights_sitenote_category":0,"footnotes":""},"class_list":["post-2427","page","type-page","status-publish","hentry"],"acf":[],"yoast_head":"<!-- This site is optimized with the Yoast SEO plugin v27.4 - https:\/\/yoast.com\/product\/yoast-seo-wordpress\/ -->\n<title>Desc\u0103rca\u021bi manualul - Sport Coach+<\/title>\n<meta name=\"robots\" content=\"index, follow, max-snippet:-1, max-image-preview:large, max-video-preview:-1\" \/>\n<link rel=\"canonical\" href=\"https:\/\/www.sportcoachplus.org\/ro\/descarcati-manualul\/\" \/>\n<meta property=\"og:locale\" content=\"ro_RO\" \/>\n<meta property=\"og:type\" content=\"article\" \/>\n<meta property=\"og:title\" content=\"Desc\u0103rca\u021bi manualul - Sport Coach+\" \/>\n<meta property=\"og:description\" content=\"[...]Cite\u0219te mai mult... from Desc\u0103rca\u021bi manualul\" \/>\n<meta property=\"og:url\" content=\"https:\/\/www.sportcoachplus.org\/ro\/descarcati-manualul\/\" \/>\n<meta property=\"og:site_name\" content=\"Sport Coach+\" \/>\n<meta property=\"article:modified_time\" content=\"2024-11-29T12:15:03+00:00\" \/>\n<meta name=\"twitter:card\" content=\"summary_large_image\" \/>\n<script type=\"application\/ld+json\" class=\"yoast-schema-graph\">{\"@context\":\"https:\\\/\\\/schema.org\",\"@graph\":[{\"@type\":\"WebPage\",\"@id\":\"https:\\\/\\\/www.sportcoachplus.org\\\/ro\\\/descarcati-manualul\\\/\",\"url\":\"https:\\\/\\\/www.sportcoachplus.org\\\/ro\\\/descarcati-manualul\\\/\",\"name\":\"Desc\u0103rca\u021bi manualul - Sport Coach+\",\"isPartOf\":{\"@id\":\"https:\\\/\\\/www.sportcoachplus.org\\\/ro\\\/#website\"},\"datePublished\":\"2024-10-21T11:05:26+00:00\",\"dateModified\":\"2024-11-29T12:15:03+00:00\",\"breadcrumb\":{\"@id\":\"https:\\\/\\\/www.sportcoachplus.org\\\/ro\\\/descarcati-manualul\\\/#breadcrumb\"},\"inLanguage\":\"ro-RO\",\"potentialAction\":[{\"@type\":\"ReadAction\",\"target\":[\"https:\\\/\\\/www.sportcoachplus.org\\\/ro\\\/descarcati-manualul\\\/\"]}]},{\"@type\":\"BreadcrumbList\",\"@id\":\"https:\\\/\\\/www.sportcoachplus.org\\\/ro\\\/descarcati-manualul\\\/#breadcrumb\",\"itemListElement\":[{\"@type\":\"ListItem\",\"position\":1,\"name\":\"Home\",\"item\":\"https:\\\/\\\/www.sportcoachplus.org\\\/ro\\\/\"},{\"@type\":\"ListItem\",\"position\":2,\"name\":\"Desc\u0103rca\u021bi manualul\"}]},{\"@type\":\"WebSite\",\"@id\":\"https:\\\/\\\/www.sportcoachplus.org\\\/ro\\\/#website\",\"url\":\"https:\\\/\\\/www.sportcoachplus.org\\\/ro\\\/\",\"name\":\"Sport Coach+\",\"description\":\"Sport sigur \u0219i favorabil pentru promovarea s\u0103n\u0103t\u0103\u021bii mintale a tinerilor afecta\u021bi de deplasare\",\"publisher\":{\"@id\":\"https:\\\/\\\/www.sportcoachplus.org\\\/ro\\\/#organization\"},\"potentialAction\":[{\"@type\":\"SearchAction\",\"target\":{\"@type\":\"EntryPoint\",\"urlTemplate\":\"https:\\\/\\\/www.sportcoachplus.org\\\/ro\\\/?s={search_term_string}\"},\"query-input\":{\"@type\":\"PropertyValueSpecification\",\"valueRequired\":true,\"valueName\":\"search_term_string\"}}],\"inLanguage\":\"ro-RO\"},{\"@type\":\"Organization\",\"@id\":\"https:\\\/\\\/www.sportcoachplus.org\\\/ro\\\/#organization\",\"name\":\"Sport Coach+\",\"url\":\"https:\\\/\\\/www.sportcoachplus.org\\\/ro\\\/\",\"logo\":{\"@type\":\"ImageObject\",\"inLanguage\":\"ro-RO\",\"@id\":\"https:\\\/\\\/www.sportcoachplus.org\\\/ro\\\/#\\\/schema\\\/logo\\\/image\\\/\",\"url\":\"https:\\\/\\\/www.sportcoachplus.org\\\/wp-content\\\/uploads\\\/2024\\\/05\\\/SportCoach-logo.svg\",\"contentUrl\":\"https:\\\/\\\/www.sportcoachplus.org\\\/wp-content\\\/uploads\\\/2024\\\/05\\\/SportCoach-logo.svg\",\"width\":488,\"height\":194,\"caption\":\"Sport Coach+\"},\"image\":{\"@id\":\"https:\\\/\\\/www.sportcoachplus.org\\\/ro\\\/#\\\/schema\\\/logo\\\/image\\\/\"}}]}<\/script>\n<!-- \/ Yoast SEO plugin. -->","yoast_head_json":{"title":"Desc\u0103rca\u021bi manualul - Sport Coach+","robots":{"index":"index","follow":"follow","max-snippet":"max-snippet:-1","max-image-preview":"max-image-preview:large","max-video-preview":"max-video-preview:-1"},"canonical":"https:\/\/www.sportcoachplus.org\/ro\/descarcati-manualul\/","og_locale":"ro_RO","og_type":"article","og_title":"Desc\u0103rca\u021bi manualul - Sport Coach+","og_description":"[...]Cite\u0219te mai mult... from Desc\u0103rca\u021bi manualul","og_url":"https:\/\/www.sportcoachplus.org\/ro\/descarcati-manualul\/","og_site_name":"Sport Coach+","article_modified_time":"2024-11-29T12:15:03+00:00","twitter_card":"summary_large_image","schema":{"@context":"https:\/\/schema.org","@graph":[{"@type":"WebPage","@id":"https:\/\/www.sportcoachplus.org\/ro\/descarcati-manualul\/","url":"https:\/\/www.sportcoachplus.org\/ro\/descarcati-manualul\/","name":"Desc\u0103rca\u021bi manualul - Sport Coach+","isPartOf":{"@id":"https:\/\/www.sportcoachplus.org\/ro\/#website"},"datePublished":"2024-10-21T11:05:26+00:00","dateModified":"2024-11-29T12:15:03+00:00","breadcrumb":{"@id":"https:\/\/www.sportcoachplus.org\/ro\/descarcati-manualul\/#breadcrumb"},"inLanguage":"ro-RO","potentialAction":[{"@type":"ReadAction","target":["https:\/\/www.sportcoachplus.org\/ro\/descarcati-manualul\/"]}]},{"@type":"BreadcrumbList","@id":"https:\/\/www.sportcoachplus.org\/ro\/descarcati-manualul\/#breadcrumb","itemListElement":[{"@type":"ListItem","position":1,"name":"Home","item":"https:\/\/www.sportcoachplus.org\/ro\/"},{"@type":"ListItem","position":2,"name":"Desc\u0103rca\u021bi manualul"}]},{"@type":"WebSite","@id":"https:\/\/www.sportcoachplus.org\/ro\/#website","url":"https:\/\/www.sportcoachplus.org\/ro\/","name":"Sport Coach+","description":"Sport sigur \u0219i favorabil pentru promovarea s\u0103n\u0103t\u0103\u021bii mintale a tinerilor afecta\u021bi de deplasare","publisher":{"@id":"https:\/\/www.sportcoachplus.org\/ro\/#organization"},"potentialAction":[{"@type":"SearchAction","target":{"@type":"EntryPoint","urlTemplate":"https:\/\/www.sportcoachplus.org\/ro\/?s={search_term_string}"},"query-input":{"@type":"PropertyValueSpecification","valueRequired":true,"valueName":"search_term_string"}}],"inLanguage":"ro-RO"},{"@type":"Organization","@id":"https:\/\/www.sportcoachplus.org\/ro\/#organization","name":"Sport Coach+","url":"https:\/\/www.sportcoachplus.org\/ro\/","logo":{"@type":"ImageObject","inLanguage":"ro-RO","@id":"https:\/\/www.sportcoachplus.org\/ro\/#\/schema\/logo\/image\/","url":"https:\/\/www.sportcoachplus.org\/wp-content\/uploads\/2024\/05\/SportCoach-logo.svg","contentUrl":"https:\/\/www.sportcoachplus.org\/wp-content\/uploads\/2024\/05\/SportCoach-logo.svg","width":488,"height":194,"caption":"Sport Coach+"},"image":{"@id":"https:\/\/www.sportcoachplus.org\/ro\/#\/schema\/logo\/image\/"}}]}},"_links":{"self":[{"href":"https:\/\/www.sportcoachplus.org\/ro\/wp-json\/wp\/v2\/pages\/2427","targetHints":{"allow":["GET"]}}],"collection":[{"href":"https:\/\/www.sportcoachplus.org\/ro\/wp-json\/wp\/v2\/pages"}],"about":[{"href":"https:\/\/www.sportcoachplus.org\/ro\/wp-json\/wp\/v2\/types\/page"}],"author":[{"embeddable":true,"href":"https:\/\/www.sportcoachplus.org\/ro\/wp-json\/wp\/v2\/users\/8"}],"replies":[{"embeddable":true,"href":"https:\/\/www.sportcoachplus.org\/ro\/wp-json\/wp\/v2\/comments?post=2427"}],"version-history":[{"count":1,"href":"https:\/\/www.sportcoachplus.org\/ro\/wp-json\/wp\/v2\/pages\/2427\/revisions"}],"predecessor-version":[{"id":2428,"href":"https:\/\/www.sportcoachplus.org\/ro\/wp-json\/wp\/v2\/pages\/2427\/revisions\/2428"}],"wp:attachment":[{"href":"https:\/\/www.sportcoachplus.org\/ro\/wp-json\/wp\/v2\/media?parent=2427"}],"curies":[{"name":"wp","href":"https:\/\/api.w.org\/{rel}","templated":true}]}}