{"id":2360,"date":"2024-05-09T13:38:05","date_gmt":"2024-05-09T11:38:05","guid":{"rendered":"https:\/\/www.sportcoachplus.org\/intrebari-frecvente\/"},"modified":"2024-12-04T10:01:17","modified_gmt":"2024-12-04T09:01:17","slug":"intrebari-frecvente","status":"publish","type":"page","link":"https:\/\/www.sportcoachplus.org\/ro\/intrebari-frecvente\/","title":{"rendered":"\u00ceNTREB\u0102RI FRECVENTE"},"content":{"rendered":"\n<section id=\"general-questions\" class=\"wp-block-group mb-5\"><div class=\"wp-block-group__inner-container is-layout-constrained wp-block-group-is-layout-constrained\">\n<h3 class=\"wp-block-heading has-text-align-center\" style=\"text-transform:uppercase\">\u00centreb\u0103ri generale<\/h3>\n\n\n\n<div class=\"wp-block-esab-accordion accordion-37374420 esab__head--border-bottom\" data-mode=\"global\"><div class=\"esab__container\" style=\"row-gap:10px;margin:0px 0px 0px 0px\">\n<div class=\"wp-block-esab-accordion-child\" style=\"border:0px solid #E0E0E0\"><div class=\"esab__head\" style=\"padding:10px 10px 10px 10px;background-color:transparent\" role=\"button\" aria-expanded=\"false\"><div class=\"esab__heading_txt\"><h4 class=\"esab__heading_tag\">Pentru cine este Sport Coach+?<\/h4><\/div><div class=\"esab__icon\"><div class=\"esab__collapse\"><svg version=\"1.2\" viewBox=\"0 0 24 24\" width=\"24\" height=\"24\"><path d=\"m11.3 3.6h1.4q0.2 0 0.2 0.1v16.6q0 0.1-0.2 0.1h-1.4q-0.2 0-0.2-0.2v-16.5q0-0.1 0.2-0.1z\"><\/path><path d=\"m4.1 11.1h15.8q0.2 0 0.2 0.2v1.4q0 0.2-0.2 0.2h-15.8q-0.2 0-0.2-0.2v-1.4q0-0.2 0.2-0.2z\"><\/path><\/svg><\/div><div class=\"esab__expand\"><svg version=\"1.2\" viewBox=\"0 0 24 24\" width=\"24\" height=\"24\"><path d=\"m3.4 11.1h17.2v1.8h-17.2z\"><\/path><\/svg><\/div><\/div><\/div><div class=\"esab__body\" style=\"border-top:1px solid #000000;padding:10px 10px 10px 10px;background-color:transparent\">\n<p>Sport Coach+ se adreseaz\u0103 antrenorilor sportivi \u0219i formatorilor de antrenori care lucreaz\u0103 cu &#8211; sau inten\u021bioneaz\u0103 s\u0103 lucreze cu &#8211; tineri cu v\u00e2rste cuprinse \u00eentre 10 \u0219i 24 de ani \u00een contexte de migra\u021bie, incluz\u00e2nd toate genurile, culturile, religiile \u0219i mediile sociale, \u0219i care s-au confruntat cu relocarea \u0219i\/sau alte forme de adversitate. Aceasta include tineri refugia\u021bi sau str\u0103muta\u021bi \u00een interiorul \u021b\u0103rii, precum \u0219i tineri din comunit\u0103\u021bile gazd\u0103. <\/p>\n<\/div><\/div>\n\n\n\n<div class=\"wp-block-esab-accordion-child\" style=\"border:0px solid #E0E0E0\"><div class=\"esab__head\" style=\"padding:10px 10px 10px 10px;background-color:transparent\" role=\"button\" aria-expanded=\"false\"><div class=\"esab__heading_txt\"><h4 class=\"esab__heading_tag\">Ce voi g\u0103si?<\/h4><\/div><div class=\"esab__icon\"><div class=\"esab__collapse\"><svg version=\"1.2\" viewBox=\"0 0 24 24\" width=\"24\" height=\"24\"><path d=\"m11.3 3.6h1.4q0.2 0 0.2 0.1v16.6q0 0.1-0.2 0.1h-1.4q-0.2 0-0.2-0.2v-16.5q0-0.1 0.2-0.1z\"><\/path><path d=\"m4.1 11.1h15.8q0.2 0 0.2 0.2v1.4q0 0.2-0.2 0.2h-15.8q-0.2 0-0.2-0.2v-1.4q0-0.2 0.2-0.2z\"><\/path><\/svg><\/div><div class=\"esab__expand\"><svg version=\"1.2\" viewBox=\"0 0 24 24\" width=\"24\" height=\"24\"><path d=\"m3.4 11.1h17.2v1.8h-17.2z\"><\/path><\/svg><\/div><\/div><\/div><div class=\"esab__body\" style=\"border-top:1px solid #000000;padding:10px 10px 10px 10px;background-color:transparent\">\n<p>Dou\u0103 tipuri principale de resurse alc\u0103tuiesc Sport Coach+:<\/p>\n\n\n\n<ul start=\"1\" class=\"wp-block-list\">\n<li><a href=\"https:\/\/www.sportcoachplus.org\/ro\/manualul-sport-coach\/\" data-type=\"page\" data-id=\"188\">Manualul<\/a> con\u021bine informa\u021bii \u0219i perspective privind beneficiile \u0219i poten\u021bialele efecte nocive ale sportului, precum \u0219i impactul stresului asupra tinerilor juc\u0103tori care se confrunt\u0103 cu deplasarea. De asemenea, acesta ofer\u0103 orient\u0103ri practice cu privire la modul de punere \u00een aplicare a unui sport sigur \u0219i favorabil. <br\/><\/li>\n\n\n\n<li>Pe pagina <a href=\"https:\/\/www.sportcoachplus.org\/ro\/resurse\/\" data-type=\"page\" data-id=\"419\">Resurse<\/a>, ve\u021bi g\u0103si o colec\u021bie cu acces liber de materiale destinate tuturor celor care lucreaz\u0103 pentru a promova medii sportive sigure \u0219i favorabile. Pagina ofer\u0103 resurse practice, inclusiv videoclipuri \u0219i alte con\u021binuturi accesibile, bazate pe practici din lumea real\u0103. <\/li>\n<\/ul>\n<\/div><\/div>\n\n\n\n<div class=\"wp-block-esab-accordion-child\" style=\"border:0px solid #E0E0E0\"><div class=\"esab__head\" style=\"padding:10px 10px 10px 10px;background-color:transparent\" role=\"button\" aria-expanded=\"false\"><div class=\"esab__heading_txt\"><h4 class=\"esab__heading_tag\">Cum pot lua parte la aceast\u0103 ini\u021biativ\u0103?<\/h4><\/div><div class=\"esab__icon\"><div class=\"esab__collapse\"><svg version=\"1.2\" viewBox=\"0 0 24 24\" width=\"24\" height=\"24\"><path d=\"m11.3 3.6h1.4q0.2 0 0.2 0.1v16.6q0 0.1-0.2 0.1h-1.4q-0.2 0-0.2-0.2v-16.5q0-0.1 0.2-0.1z\"><\/path><path d=\"m4.1 11.1h15.8q0.2 0 0.2 0.2v1.4q0 0.2-0.2 0.2h-15.8q-0.2 0-0.2-0.2v-1.4q0-0.2 0.2-0.2z\"><\/path><\/svg><\/div><div class=\"esab__expand\"><svg version=\"1.2\" viewBox=\"0 0 24 24\" width=\"24\" height=\"24\"><path d=\"m3.4 11.1h17.2v1.8h-17.2z\"><\/path><\/svg><\/div><\/div><\/div><div class=\"esab__body\" style=\"border-top:1px solid #000000;padding:10px 10px 10px 10px;background-color:transparent\">\n<p>Dac\u0103 dori\u021bi s\u0103 v\u0103 al\u0103tura\u021bi programului Sport Coach+, nu ezita\u021bi s\u0103 <a href=\"https:\/\/www.sportcoachplus.org\/ro\/alaturati-va-noua\/\" data-type=\"page\" data-id=\"58\">ne contacta\u021bi<\/a>. C\u0103ut\u0103m persoane care s\u0103 ne ajute s\u0103 extindem proiectul. <\/p>\n<\/div><\/div>\n<\/div><\/div>\n<\/div><\/section>\n\n<section id=\"for-sport-coaches\" class=\"wp-block-group mb-5\"><div class=\"wp-block-group__inner-container is-layout-constrained wp-block-group-is-layout-constrained\">\n<h3 class=\"wp-block-heading has-text-align-center\" style=\"text-transform:uppercase\">Pentru antrenorii sportivi<\/h3>\n\n\n\n<div class=\"wp-block-esab-accordion accordion-bb8e445c esab__head--border-bottom\" data-mode=\"global\"><div class=\"esab__container\" style=\"row-gap:10px;margin:0px 0px 0px 0px\">\n<div class=\"wp-block-esab-accordion-child\" style=\"border:0px solid #E0E0E0\"><div class=\"esab__head\" style=\"padding:10px 10px 10px 10px;background-color:transparent\" role=\"button\" aria-expanded=\"false\"><div class=\"esab__heading_txt\"><h4 class=\"esab__heading_tag\">Unde pot accesa con\u021binutul manualului?<\/h4><\/div><div class=\"esab__icon\"><div class=\"esab__collapse\"><svg version=\"1.2\" viewBox=\"0 0 24 24\" width=\"24\" height=\"24\"><path d=\"m11.3 3.6h1.4q0.2 0 0.2 0.1v16.6q0 0.1-0.2 0.1h-1.4q-0.2 0-0.2-0.2v-16.5q0-0.1 0.2-0.1z\"><\/path><path d=\"m4.1 11.1h15.8q0.2 0 0.2 0.2v1.4q0 0.2-0.2 0.2h-15.8q-0.2 0-0.2-0.2v-1.4q0-0.2 0.2-0.2z\"><\/path><\/svg><\/div><div class=\"esab__expand\"><svg version=\"1.2\" viewBox=\"0 0 24 24\" width=\"24\" height=\"24\"><path d=\"m3.4 11.1h17.2v1.8h-17.2z\"><\/path><\/svg><\/div><\/div><\/div><div class=\"esab__body\" style=\"border-top:1px solid #000000;padding:10px 10px 10px 10px;background-color:transparent\">\n<p>Pute\u021bi accesa con\u021binutul manualului \u00een dou\u0103 moduri diferite:<\/p>\n\n\n\n<ul class=\"wp-block-list\">\n<li>Modelul Manualului poate fi accesat interac\u021bion\u00e2nd cu diagrama ro\u021bii de pe <a href=\"https:\/\/www.sportcoachplus.org\/ro\/manualul-sport-coach\/\" data-type=\"page\" data-id=\"188\">pagina Manualului<\/a>.<br\/><\/li>\n\n\n\n<li>\u00cen mod alternativ, manualul poate fi desc\u0103rcat ca un singur fi\u0219ier PDF aici.<\/li>\n<\/ul>\n<\/div><\/div>\n\n\n\n<div class=\"wp-block-esab-accordion-child\" style=\"border:0px solid #E0E0E0\"><div class=\"esab__head\" style=\"padding:10px 10px 10px 10px;background-color:transparent\" role=\"button\" aria-expanded=\"false\"><div class=\"esab__heading_txt\"><h4 class=\"esab__heading_tag\">Ce cuno\u0219tin\u021be trebuie s\u0103 am \u00eenainte de a aplica manualul?<\/h4><\/div><div class=\"esab__icon\"><div class=\"esab__collapse\"><svg version=\"1.2\" viewBox=\"0 0 24 24\" width=\"24\" height=\"24\"><path d=\"m11.3 3.6h1.4q0.2 0 0.2 0.1v16.6q0 0.1-0.2 0.1h-1.4q-0.2 0-0.2-0.2v-16.5q0-0.1 0.2-0.1z\"><\/path><path d=\"m4.1 11.1h15.8q0.2 0 0.2 0.2v1.4q0 0.2-0.2 0.2h-15.8q-0.2 0-0.2-0.2v-1.4q0-0.2 0.2-0.2z\"><\/path><\/svg><\/div><div class=\"esab__expand\"><svg version=\"1.2\" viewBox=\"0 0 24 24\" width=\"24\" height=\"24\"><path d=\"m3.4 11.1h17.2v1.8h-17.2z\"><\/path><\/svg><\/div><\/div><\/div><div class=\"esab__body\" style=\"border-top:1px solid #000000;padding:10px 10px 10px 10px;background-color:transparent\">\n<p>Cuno\u0219tin\u021bele fundamentale de psihologie sportiv\u0103, precum \u0219i experien\u021ba de antrenor sau participarea la activit\u0103\u021bi sportive ar fi benefice.<\/p>\n\n\n\n<p>Familiarizarea cu principiile siguran\u021bei, incluziunii, demnit\u0103\u021bii, diversit\u0103\u021bii \u0219i gestion\u0103rii conflictelor \u00een mediile sportive va \u00eembun\u0103t\u0103\u021bi aplicarea practic\u0103 a resurselor din manual.<\/p>\n<\/div><\/div>\n<\/div><\/div>\n<\/div><\/section>\n\n<section id=\"for-trainers\" class=\"wp-block-group mb-5\"><div class=\"wp-block-group__inner-container is-layout-constrained wp-block-group-is-layout-constrained\">\n<h3 class=\"wp-block-heading has-text-align-center\" style=\"text-transform:uppercase\">Pentru formatori<\/h3>\n\n\n\n<div class=\"wp-block-esab-accordion accordion-3bdb9801 esab__head--border-bottom\" data-mode=\"global\"><div class=\"esab__container\" style=\"row-gap:10px;margin:0px 0px 0px 0px\">\n<div class=\"wp-block-esab-accordion-child\" style=\"border:0px solid #E0E0E0\"><div class=\"esab__head\" style=\"padding:10px 10px 10px 10px;background-color:transparent\" role=\"button\" aria-expanded=\"false\"><div class=\"esab__heading_txt\"><h4 class=\"esab__heading_tag\">Cine sunt formatorii?<\/h4><\/div><div class=\"esab__icon\"><div class=\"esab__collapse\"><svg version=\"1.2\" viewBox=\"0 0 24 24\" width=\"24\" height=\"24\"><path d=\"m11.3 3.6h1.4q0.2 0 0.2 0.1v16.6q0 0.1-0.2 0.1h-1.4q-0.2 0-0.2-0.2v-16.5q0-0.1 0.2-0.1z\"><\/path><path d=\"m4.1 11.1h15.8q0.2 0 0.2 0.2v1.4q0 0.2-0.2 0.2h-15.8q-0.2 0-0.2-0.2v-1.4q0-0.2 0.2-0.2z\"><\/path><\/svg><\/div><div class=\"esab__expand\"><svg version=\"1.2\" viewBox=\"0 0 24 24\" width=\"24\" height=\"24\"><path d=\"m3.4 11.1h17.2v1.8h-17.2z\"><\/path><\/svg><\/div><\/div><\/div><div class=\"esab__body\" style=\"border-top:1px solid #000000;padding:10px 10px 10px 10px;background-color:transparent\">\n<p>Formatorii au o \u00een\u021belegere solid\u0103 a documentului de orientare \u0219i experien\u021b\u0103 \u00een organizarea sesiunilor de formare. Ace\u0219tia au cuno\u0219tin\u021be at\u00e2t \u00een domeniul sportului, c\u00e2t \u0219i \u00een cel al s\u0103n\u0103t\u0103\u021bii mintale \u0219i al asisten\u021bei psihosociale (MHPSS), asigur\u00e2ndu-se c\u0103 participan\u021bii dob\u00e2ndesc competen\u021be \u0219i cuno\u0219tin\u021be practice. Formatorii creeaz\u0103 un mediu de \u00eenv\u0103\u021bare favorabil, ajut\u00e2nd participan\u021bii s\u0103 aplice aceste concepte \u00een situa\u021bii din lumea real\u0103.  <\/p>\n<\/div><\/div>\n\n\n\n<div class=\"wp-block-esab-accordion-child\" style=\"border:0px solid #E0E0E0\"><div class=\"esab__head\" style=\"padding:10px 10px 10px 10px;background-color:transparent\" role=\"button\" aria-expanded=\"false\"><div class=\"esab__heading_txt\"><h4 class=\"esab__heading_tag\"><strong>Ce resurse sunt disponibile pentru formare?<\/strong><\/h4><\/div><div class=\"esab__icon\"><div class=\"esab__collapse\"><svg version=\"1.2\" viewBox=\"0 0 24 24\" width=\"24\" height=\"24\"><path d=\"m11.3 3.6h1.4q0.2 0 0.2 0.1v16.6q0 0.1-0.2 0.1h-1.4q-0.2 0-0.2-0.2v-16.5q0-0.1 0.2-0.1z\"><\/path><path d=\"m4.1 11.1h15.8q0.2 0 0.2 0.2v1.4q0 0.2-0.2 0.2h-15.8q-0.2 0-0.2-0.2v-1.4q0-0.2 0.2-0.2z\"><\/path><\/svg><\/div><div class=\"esab__expand\"><svg version=\"1.2\" viewBox=\"0 0 24 24\" width=\"24\" height=\"24\"><path d=\"m3.4 11.1h17.2v1.8h-17.2z\"><\/path><\/svg><\/div><\/div><\/div><div class=\"esab__body\" style=\"border-top:1px solid #000000;padding:10px 10px 10px 10px;background-color:transparent\">\n<p>Exist\u0103 3 tipuri principale de resurse de formare:<\/p>\n\n\n\n<ul class=\"wp-block-list\">\n<li>Manual de facilitare pentru formarea SC+ de o zi pentru antrenorii sportivi, inclusiv ordinea de zi, documente, exerci\u021bii \u0219i sfaturi de facilitare.<\/li>\n\n\n\n<li>Formarea formatorului ofer\u0103 o formare de trei zile care are ca scop preg\u0103tirea formatorului pentru a fi capabil s\u0103 dezvolte \u0219i s\u0103 pun\u0103 \u00een aplicare cursuri de formare contextualizate la nivel local, active \u0219i experien\u021biale potrivite pentru antrenorii sportivi. Disponibil la cerere.   <\/li>\n<\/ul>\n<\/div><\/div>\n<\/div><\/div>\n<\/div><\/section>\n","protected":false},"excerpt":{"rendered":"<p>\u00centreb\u0103ri generale Pentru antrenorii sportivi Pentru formatori [&#8230;]<\/p>\n<p><a class=\"btn btn-secondary understrap-read-more-link\" href=\"https:\/\/www.sportcoachplus.org\/ro\/intrebari-frecvente\/\">Cite\u0219te mai mult&#8230;<span class=\"screen-reader-text\"> from \u00ceNTREB\u0102RI FRECVENTE<\/span><\/a><\/p>\n","protected":false},"author":8,"featured_media":0,"parent":0,"menu_order":0,"comment_status":"closed","ping_status":"closed","template":"page-templates\/no-title.php","meta":{"_acf_changed":false,"inline_featured_image":false,"_monsterinsights_skip_tracking":false,"_monsterinsights_sitenote_active":false,"_monsterinsights_sitenote_note":"","_monsterinsights_sitenote_category":0,"footnotes":""},"class_list":["post-2360","page","type-page","status-publish","hentry"],"acf":[],"yoast_head":"<!-- This site is optimized with the Yoast SEO plugin v27.4 - https:\/\/yoast.com\/product\/yoast-seo-wordpress\/ -->\n<title>\u00ceNTREB\u0102RI FRECVENTE - Sport Coach+<\/title>\n<meta name=\"robots\" content=\"index, follow, max-snippet:-1, max-image-preview:large, max-video-preview:-1\" \/>\n<link rel=\"canonical\" href=\"https:\/\/www.sportcoachplus.org\/ro\/intrebari-frecvente\/\" \/>\n<meta property=\"og:locale\" content=\"ro_RO\" \/>\n<meta property=\"og:type\" content=\"article\" \/>\n<meta property=\"og:title\" content=\"\u00ceNTREB\u0102RI FRECVENTE - Sport Coach+\" \/>\n<meta property=\"og:description\" content=\"\u00centreb\u0103ri generale Pentru antrenorii sportivi Pentru formatori [...]Cite\u0219te mai mult... from \u00ceNTREB\u0102RI FRECVENTE\" \/>\n<meta property=\"og:url\" content=\"https:\/\/www.sportcoachplus.org\/ro\/intrebari-frecvente\/\" \/>\n<meta property=\"og:site_name\" content=\"Sport Coach+\" \/>\n<meta property=\"article:modified_time\" content=\"2024-12-04T09:01:17+00:00\" \/>\n<meta name=\"twitter:card\" content=\"summary_large_image\" \/>\n<meta name=\"twitter:label1\" content=\"Timp estimat pentru citire\" \/>\n\t<meta name=\"twitter:data1\" content=\"3 minute\" \/>\n<script type=\"application\/ld+json\" class=\"yoast-schema-graph\">{\"@context\":\"https:\\\/\\\/schema.org\",\"@graph\":[{\"@type\":\"WebPage\",\"@id\":\"https:\\\/\\\/www.sportcoachplus.org\\\/ro\\\/intrebari-frecvente\\\/\",\"url\":\"https:\\\/\\\/www.sportcoachplus.org\\\/ro\\\/intrebari-frecvente\\\/\",\"name\":\"\u00ceNTREB\u0102RI FRECVENTE - Sport Coach+\",\"isPartOf\":{\"@id\":\"https:\\\/\\\/www.sportcoachplus.org\\\/ro\\\/#website\"},\"datePublished\":\"2024-05-09T11:38:05+00:00\",\"dateModified\":\"2024-12-04T09:01:17+00:00\",\"breadcrumb\":{\"@id\":\"https:\\\/\\\/www.sportcoachplus.org\\\/ro\\\/intrebari-frecvente\\\/#breadcrumb\"},\"inLanguage\":\"ro-RO\",\"potentialAction\":[{\"@type\":\"ReadAction\",\"target\":[\"https:\\\/\\\/www.sportcoachplus.org\\\/ro\\\/intrebari-frecvente\\\/\"]}]},{\"@type\":\"BreadcrumbList\",\"@id\":\"https:\\\/\\\/www.sportcoachplus.org\\\/ro\\\/intrebari-frecvente\\\/#breadcrumb\",\"itemListElement\":[{\"@type\":\"ListItem\",\"position\":1,\"name\":\"Home\",\"item\":\"https:\\\/\\\/www.sportcoachplus.org\\\/ro\\\/\"},{\"@type\":\"ListItem\",\"position\":2,\"name\":\"\u00ceNTREB\u0102RI FRECVENTE\"}]},{\"@type\":\"WebSite\",\"@id\":\"https:\\\/\\\/www.sportcoachplus.org\\\/ro\\\/#website\",\"url\":\"https:\\\/\\\/www.sportcoachplus.org\\\/ro\\\/\",\"name\":\"Sport Coach+\",\"description\":\"Sport sigur \u0219i favorabil pentru promovarea s\u0103n\u0103t\u0103\u021bii mintale a tinerilor afecta\u021bi de deplasare\",\"publisher\":{\"@id\":\"https:\\\/\\\/www.sportcoachplus.org\\\/ro\\\/#organization\"},\"potentialAction\":[{\"@type\":\"SearchAction\",\"target\":{\"@type\":\"EntryPoint\",\"urlTemplate\":\"https:\\\/\\\/www.sportcoachplus.org\\\/ro\\\/?s={search_term_string}\"},\"query-input\":{\"@type\":\"PropertyValueSpecification\",\"valueRequired\":true,\"valueName\":\"search_term_string\"}}],\"inLanguage\":\"ro-RO\"},{\"@type\":\"Organization\",\"@id\":\"https:\\\/\\\/www.sportcoachplus.org\\\/ro\\\/#organization\",\"name\":\"Sport Coach+\",\"url\":\"https:\\\/\\\/www.sportcoachplus.org\\\/ro\\\/\",\"logo\":{\"@type\":\"ImageObject\",\"inLanguage\":\"ro-RO\",\"@id\":\"https:\\\/\\\/www.sportcoachplus.org\\\/ro\\\/#\\\/schema\\\/logo\\\/image\\\/\",\"url\":\"https:\\\/\\\/www.sportcoachplus.org\\\/wp-content\\\/uploads\\\/2024\\\/05\\\/SportCoach-logo.svg\",\"contentUrl\":\"https:\\\/\\\/www.sportcoachplus.org\\\/wp-content\\\/uploads\\\/2024\\\/05\\\/SportCoach-logo.svg\",\"width\":488,\"height\":194,\"caption\":\"Sport Coach+\"},\"image\":{\"@id\":\"https:\\\/\\\/www.sportcoachplus.org\\\/ro\\\/#\\\/schema\\\/logo\\\/image\\\/\"}}]}<\/script>\n<!-- \/ Yoast SEO plugin. -->","yoast_head_json":{"title":"\u00ceNTREB\u0102RI FRECVENTE - Sport Coach+","robots":{"index":"index","follow":"follow","max-snippet":"max-snippet:-1","max-image-preview":"max-image-preview:large","max-video-preview":"max-video-preview:-1"},"canonical":"https:\/\/www.sportcoachplus.org\/ro\/intrebari-frecvente\/","og_locale":"ro_RO","og_type":"article","og_title":"\u00ceNTREB\u0102RI FRECVENTE - Sport Coach+","og_description":"\u00centreb\u0103ri generale Pentru antrenorii sportivi Pentru formatori [...]Cite\u0219te mai mult... from \u00ceNTREB\u0102RI FRECVENTE","og_url":"https:\/\/www.sportcoachplus.org\/ro\/intrebari-frecvente\/","og_site_name":"Sport Coach+","article_modified_time":"2024-12-04T09:01:17+00:00","twitter_card":"summary_large_image","twitter_misc":{"Timp estimat pentru citire":"3 minute"},"schema":{"@context":"https:\/\/schema.org","@graph":[{"@type":"WebPage","@id":"https:\/\/www.sportcoachplus.org\/ro\/intrebari-frecvente\/","url":"https:\/\/www.sportcoachplus.org\/ro\/intrebari-frecvente\/","name":"\u00ceNTREB\u0102RI FRECVENTE - Sport Coach+","isPartOf":{"@id":"https:\/\/www.sportcoachplus.org\/ro\/#website"},"datePublished":"2024-05-09T11:38:05+00:00","dateModified":"2024-12-04T09:01:17+00:00","breadcrumb":{"@id":"https:\/\/www.sportcoachplus.org\/ro\/intrebari-frecvente\/#breadcrumb"},"inLanguage":"ro-RO","potentialAction":[{"@type":"ReadAction","target":["https:\/\/www.sportcoachplus.org\/ro\/intrebari-frecvente\/"]}]},{"@type":"BreadcrumbList","@id":"https:\/\/www.sportcoachplus.org\/ro\/intrebari-frecvente\/#breadcrumb","itemListElement":[{"@type":"ListItem","position":1,"name":"Home","item":"https:\/\/www.sportcoachplus.org\/ro\/"},{"@type":"ListItem","position":2,"name":"\u00ceNTREB\u0102RI FRECVENTE"}]},{"@type":"WebSite","@id":"https:\/\/www.sportcoachplus.org\/ro\/#website","url":"https:\/\/www.sportcoachplus.org\/ro\/","name":"Sport Coach+","description":"Sport sigur \u0219i favorabil pentru promovarea s\u0103n\u0103t\u0103\u021bii mintale a tinerilor afecta\u021bi de deplasare","publisher":{"@id":"https:\/\/www.sportcoachplus.org\/ro\/#organization"},"potentialAction":[{"@type":"SearchAction","target":{"@type":"EntryPoint","urlTemplate":"https:\/\/www.sportcoachplus.org\/ro\/?s={search_term_string}"},"query-input":{"@type":"PropertyValueSpecification","valueRequired":true,"valueName":"search_term_string"}}],"inLanguage":"ro-RO"},{"@type":"Organization","@id":"https:\/\/www.sportcoachplus.org\/ro\/#organization","name":"Sport Coach+","url":"https:\/\/www.sportcoachplus.org\/ro\/","logo":{"@type":"ImageObject","inLanguage":"ro-RO","@id":"https:\/\/www.sportcoachplus.org\/ro\/#\/schema\/logo\/image\/","url":"https:\/\/www.sportcoachplus.org\/wp-content\/uploads\/2024\/05\/SportCoach-logo.svg","contentUrl":"https:\/\/www.sportcoachplus.org\/wp-content\/uploads\/2024\/05\/SportCoach-logo.svg","width":488,"height":194,"caption":"Sport Coach+"},"image":{"@id":"https:\/\/www.sportcoachplus.org\/ro\/#\/schema\/logo\/image\/"}}]}},"_links":{"self":[{"href":"https:\/\/www.sportcoachplus.org\/ro\/wp-json\/wp\/v2\/pages\/2360","targetHints":{"allow":["GET"]}}],"collection":[{"href":"https:\/\/www.sportcoachplus.org\/ro\/wp-json\/wp\/v2\/pages"}],"about":[{"href":"https:\/\/www.sportcoachplus.org\/ro\/wp-json\/wp\/v2\/types\/page"}],"author":[{"embeddable":true,"href":"https:\/\/www.sportcoachplus.org\/ro\/wp-json\/wp\/v2\/users\/8"}],"replies":[{"embeddable":true,"href":"https:\/\/www.sportcoachplus.org\/ro\/wp-json\/wp\/v2\/comments?post=2360"}],"version-history":[{"count":3,"href":"https:\/\/www.sportcoachplus.org\/ro\/wp-json\/wp\/v2\/pages\/2360\/revisions"}],"predecessor-version":[{"id":2684,"href":"https:\/\/www.sportcoachplus.org\/ro\/wp-json\/wp\/v2\/pages\/2360\/revisions\/2684"}],"wp:attachment":[{"href":"https:\/\/www.sportcoachplus.org\/ro\/wp-json\/wp\/v2\/media?parent=2360"}],"curies":[{"name":"wp","href":"https:\/\/api.w.org\/{rel}","templated":true}]}}