{"id":2352,"date":"2024-05-02T10:24:37","date_gmt":"2024-05-02T08:24:37","guid":{"rendered":"https:\/\/www.sportcoachplus.org\/acasa\/"},"modified":"2025-01-10T10:35:43","modified_gmt":"2025-01-10T09:35:43","slug":"acasa","status":"publish","type":"page","link":"https:\/\/www.sportcoachplus.org\/ro\/","title":{"rendered":"Acas\u0103"},"content":{"rendered":"\n<section id=\"who-is-this-program-for\" class=\"wp-block-group mb-5\"><div class=\"wp-block-group__inner-container is-layout-constrained wp-block-group-is-layout-constrained\">\n<h2 class=\"wp-block-heading\">Pentru cine este Sport Coach+?<\/h2>\n\n\n\n<div class=\"wp-block-columns is-layout-flex wp-container-core-columns-is-layout-9d6595d7 wp-block-columns-is-layout-flex\">\n<div class=\"wp-block-column is-layout-flow wp-block-column-is-layout-flow\" style=\"flex-basis:50%\">\n<div class=\"wp-block-group box has-background\" style=\"background-color:#e9ecef\"><div class=\"wp-block-group__inner-container is-layout-constrained wp-block-group-is-layout-constrained\">\n<h3 class=\"wp-block-heading\">Sunte\u021bi antrenor sportiv?<\/h3>\n\n\n\n<ul class=\"wp-block-list\">\n<li>Explora\u021bi <a href=\"https:\/\/www.sportcoachplus.org\/ro\/manualul-sport-coach\/\" data-type=\"page\" data-id=\"188\">manualul<\/a> pentru a v\u0103 consolida sesiunile.<\/li>\n\n\n\n<li>R\u0103sfoi\u021bi pagina noastr\u0103 de <a href=\"https:\/\/www.sportcoachplus.org\/ro\/resurse\/\" data-type=\"page\" data-id=\"419\">resurse<\/a> cu acces liber.<\/li>\n\n\n\n<li>Salva\u021bi con\u021binutul principal al Sport Coach+ \u0219i utiliza\u021bi <a href=\"https:\/\/www.sportcoachplus.org\/ro\/articolele-dvs-marcate\/\" data-type=\"page\" data-id=\"667\">marcaje<\/a> pentru a-l accesa din nou cu u\u0219urin\u021b\u0103.<\/li>\n<\/ul>\n<\/div><\/div>\n<\/div>\n\n\n\n<div class=\"wp-block-column is-layout-flow wp-block-column-is-layout-flow\" style=\"flex-basis:50%\">\n<div class=\"wp-block-esab-accordion accordion-a3f4fbb7\" data-mode=\"global\"><div class=\"esab__container\">\n<div class=\"wp-block-esab-accordion-child bs__one\"><div class=\"esab__head\" role=\"button\" aria-expanded=\"false\"><div class=\"esab__heading_txt\"><h3 class=\"esab__heading_tag\">Oferi\u021bi formare pentru antrenorii sportivi?<\/h3><\/div><div class=\"esab__icon\"><div class=\"esab__collapse\"><svg version=\"1.1\" id=\"Layer_1\" x=\"0px\" y=\"0px\" viewBox=\"0 0 512 512\"><path d=\"M505.752,123.582c-8.331-8.331-21.839-8.331-30.17,0L256,343.163L36.418,123.582c-8.331-8.331-21.839-8.331-30.17,0 s-8.331,21.839,0,30.17l234.667,234.667c8.331,8.331,21.839,8.331,30.17,0l234.667-234.667 C514.083,145.42,514.083,131.913,505.752,123.582z\"><\/path><\/svg><\/div><div class=\"esab__expand\"><svg version=\"1.1\" id=\"Capa_1\" x=\"0px\" y=\"0px\" viewBox=\"0 0 47.255 47.255\"><path d=\"M46.255,35.941c-0.256,0-0.512-0.098-0.707-0.293l-21.921-21.92l-21.92,21.92c-0.391,0.391-1.023,0.391-1.414,0 c-0.391-0.391-0.391-1.023,0-1.414L22.92,11.607c0.391-0.391,1.023-0.391,1.414,0l22.627,22.627c0.391,0.391,0.391,1.023,0,1.414 C46.767,35.844,46.511,35.941,46.255,35.941z\"><\/path><\/svg><\/div><\/div><\/div><div class=\"esab__body\">\n<ul class=\"wp-block-list\">\n<li>Accesa\u021bi Sport Coach+ <a href=\"https:\/\/www.sportcoachplus.org\/ro\/resurse\/\" data-type=\"page\" data-id=\"419\">formare de competen\u021be<\/a> pentru a sprijini antrenorii sportivi.<\/li>\n<\/ul>\n<\/div><\/div>\n\n\n\n<div class=\"wp-block-esab-accordion-child bs__one\"><div class=\"esab__head\" role=\"button\" aria-expanded=\"false\"><div class=\"esab__heading_txt\"><h3 class=\"esab__heading_tag\">Sunte\u021bi coordonator de programe sportive?<\/h3><\/div><div class=\"esab__icon\"><div class=\"esab__collapse\"><svg version=\"1.1\" id=\"Layer_1\" x=\"0px\" y=\"0px\" viewBox=\"0 0 512 512\"><path d=\"M505.752,123.582c-8.331-8.331-21.839-8.331-30.17,0L256,343.163L36.418,123.582c-8.331-8.331-21.839-8.331-30.17,0 s-8.331,21.839,0,30.17l234.667,234.667c8.331,8.331,21.839,8.331,30.17,0l234.667-234.667 C514.083,145.42,514.083,131.913,505.752,123.582z\"><\/path><\/svg><\/div><div class=\"esab__expand\"><svg version=\"1.1\" id=\"Capa_1\" x=\"0px\" y=\"0px\" viewBox=\"0 0 47.255 47.255\"><path d=\"M46.255,35.941c-0.256,0-0.512-0.098-0.707-0.293l-21.921-21.92l-21.92,21.92c-0.391,0.391-1.023,0.391-1.414,0 c-0.391-0.391-0.391-1.023,0-1.414L22.92,11.607c0.391-0.391,1.023-0.391,1.414,0l22.627,22.627c0.391,0.391,0.391,1.023,0,1.414 C46.767,35.844,46.511,35.941,46.255,35.941z\"><\/path><\/svg><\/div><\/div><\/div><div class=\"esab__body\">\n<ul class=\"wp-block-list\">\n<li><a href=\"https:\/\/www.sportcoachplus.org\/ro\/alaturati-va-noua\/\" data-type=\"page\" data-id=\"58\">Contacta\u021bi-ne<\/a> pentru a avea un impact pozitiv \u00een comunitatea dumneavoastr\u0103.  <\/li>\n<\/ul>\n<\/div><\/div>\n\n\n\n<div class=\"wp-block-esab-accordion-child bs__one\"><div class=\"esab__head\" role=\"button\" aria-expanded=\"false\"><div class=\"esab__heading_txt\"><h3 class=\"esab__heading_tag\">Lucra\u021bi \u00een domeniul s\u0103n\u0103t\u0103\u021bii mintale \u0219i al asisten\u021bei psihosociale a tinerilor?<\/h3><\/div><div class=\"esab__icon\"><div class=\"esab__collapse\"><svg version=\"1.1\" id=\"Layer_1\" x=\"0px\" y=\"0px\" viewBox=\"0 0 512 512\"><path d=\"M505.752,123.582c-8.331-8.331-21.839-8.331-30.17,0L256,343.163L36.418,123.582c-8.331-8.331-21.839-8.331-30.17,0 s-8.331,21.839,0,30.17l234.667,234.667c8.331,8.331,21.839,8.331,30.17,0l234.667-234.667 C514.083,145.42,514.083,131.913,505.752,123.582z\"><\/path><\/svg><\/div><div class=\"esab__expand\"><svg version=\"1.1\" id=\"Capa_1\" x=\"0px\" y=\"0px\" viewBox=\"0 0 47.255 47.255\"><path d=\"M46.255,35.941c-0.256,0-0.512-0.098-0.707-0.293l-21.921-21.92l-21.92,21.92c-0.391,0.391-1.023,0.391-1.414,0 c-0.391-0.391-0.391-1.023,0-1.414L22.92,11.607c0.391-0.391,1.023-0.391,1.414,0l22.627,22.627c0.391,0.391,0.391,1.023,0,1.414 C46.767,35.844,46.511,35.941,46.255,35.941z\"><\/path><\/svg><\/div><\/div><\/div><div class=\"esab__body\">\n<ul class=\"wp-block-list\">\n<li>Afla\u021bi mai multe despre <a href=\"https:\/\/www.sportcoachplus.org\/ro\/ce-este-sport-coach\/\" data-type=\"page\" data-id=\"34\">ini\u021biativa<\/a> noastr\u0103.<\/li>\n\n\n\n<li>Explora\u021bi <a href=\"https:\/\/www.sportcoachplus.org\/ro\/manualul-sport-coach\/\" data-type=\"page\" data-id=\"188\">manualul<\/a> pentru a ob\u021bine o \u00een\u021belegere mai profund\u0103 a provoc\u0103rilor cu care se confrunt\u0103 tinerii care se confrunt\u0103 cu str\u0103mutarea \u0219i a modului \u00een care sportul \u00eei poate ajuta.<\/li>\n<\/ul>\n<\/div><\/div>\n<\/div><\/div>\n<\/div>\n<\/div>\n<\/div><\/section>\n\n<p><\/p>\n","protected":false},"excerpt":{"rendered":"<p>Pentru cine este Sport Coach+? Sunte\u021bi antrenor sportiv? [&#8230;]<\/p>\n<p><a class=\"btn btn-secondary understrap-read-more-link\" href=\"https:\/\/www.sportcoachplus.org\/ro\/\">Cite\u0219te mai mult&#8230;<span class=\"screen-reader-text\"> from Acas\u0103<\/span><\/a><\/p>\n","protected":false},"author":8,"featured_media":1524,"parent":0,"menu_order":0,"comment_status":"closed","ping_status":"closed","template":"","meta":{"_acf_changed":false,"inline_featured_image":false,"_monsterinsights_skip_tracking":false,"_monsterinsights_sitenote_active":false,"_monsterinsights_sitenote_note":"","_monsterinsights_sitenote_category":0,"footnotes":""},"class_list":["post-2352","page","type-page","status-publish","has-post-thumbnail","hentry"],"acf":[],"yoast_head":"<!-- This site is optimized with the Yoast SEO plugin v27.4 - https:\/\/yoast.com\/product\/yoast-seo-wordpress\/ -->\n<title>Acas\u0103 - Sport Coach+<\/title>\n<meta name=\"robots\" content=\"index, follow, max-snippet:-1, max-image-preview:large, max-video-preview:-1\" \/>\n<link rel=\"canonical\" href=\"https:\/\/www.sportcoachplus.org\/ro\/\" \/>\n<meta property=\"og:locale\" content=\"ro_RO\" \/>\n<meta property=\"og:type\" content=\"article\" \/>\n<meta property=\"og:title\" content=\"Acas\u0103 - Sport Coach+\" \/>\n<meta property=\"og:description\" content=\"Pentru cine este Sport Coach+? Sunte\u021bi antrenor sportiv? [...]Cite\u0219te mai mult... from Acas\u0103\" \/>\n<meta property=\"og:url\" content=\"https:\/\/www.sportcoachplus.org\/ro\/\" \/>\n<meta property=\"og:site_name\" content=\"Sport Coach+\" \/>\n<meta property=\"article:modified_time\" content=\"2025-01-10T09:35:43+00:00\" \/>\n<meta property=\"og:image\" content=\"https:\/\/www.sportcoachplus.org\/wp-content\/uploads\/2024\/05\/hero-homepage.jpg\" \/>\n\t<meta property=\"og:image:width\" content=\"2048\" \/>\n\t<meta property=\"og:image:height\" content=\"1366\" \/>\n\t<meta property=\"og:image:type\" content=\"image\/jpeg\" \/>\n<meta name=\"twitter:card\" content=\"summary_large_image\" \/>\n<meta name=\"twitter:label1\" content=\"Timp estimat pentru citire\" \/>\n\t<meta name=\"twitter:data1\" content=\"1 minut\" \/>\n<script type=\"application\/ld+json\" class=\"yoast-schema-graph\">{\"@context\":\"https:\\\/\\\/schema.org\",\"@graph\":[{\"@type\":\"WebPage\",\"@id\":\"https:\\\/\\\/www.sportcoachplus.org\\\/ro\\\/\",\"url\":\"https:\\\/\\\/www.sportcoachplus.org\\\/ro\\\/\",\"name\":\"Acas\u0103 - Sport Coach+\",\"isPartOf\":{\"@id\":\"https:\\\/\\\/www.sportcoachplus.org\\\/ro\\\/#website\"},\"primaryImageOfPage\":{\"@id\":\"https:\\\/\\\/www.sportcoachplus.org\\\/ro\\\/#primaryimage\"},\"image\":{\"@id\":\"https:\\\/\\\/www.sportcoachplus.org\\\/ro\\\/#primaryimage\"},\"thumbnailUrl\":\"https:\\\/\\\/www.sportcoachplus.org\\\/wp-content\\\/uploads\\\/2024\\\/05\\\/hero-homepage.jpg\",\"datePublished\":\"2024-05-02T08:24:37+00:00\",\"dateModified\":\"2025-01-10T09:35:43+00:00\",\"breadcrumb\":{\"@id\":\"https:\\\/\\\/www.sportcoachplus.org\\\/ro\\\/#breadcrumb\"},\"inLanguage\":\"ro-RO\",\"potentialAction\":[{\"@type\":\"ReadAction\",\"target\":[\"https:\\\/\\\/www.sportcoachplus.org\\\/ro\\\/\"]}]},{\"@type\":\"ImageObject\",\"inLanguage\":\"ro-RO\",\"@id\":\"https:\\\/\\\/www.sportcoachplus.org\\\/ro\\\/#primaryimage\",\"url\":\"https:\\\/\\\/www.sportcoachplus.org\\\/wp-content\\\/uploads\\\/2024\\\/05\\\/hero-homepage.jpg\",\"contentUrl\":\"https:\\\/\\\/www.sportcoachplus.org\\\/wp-content\\\/uploads\\\/2024\\\/05\\\/hero-homepage.jpg\",\"width\":2048,\"height\":1366},{\"@type\":\"BreadcrumbList\",\"@id\":\"https:\\\/\\\/www.sportcoachplus.org\\\/ro\\\/#breadcrumb\",\"itemListElement\":[{\"@type\":\"ListItem\",\"position\":1,\"name\":\"Home\",\"item\":\"https:\\\/\\\/www.sportcoachplus.org\\\/ro\\\/\"},{\"@type\":\"ListItem\",\"position\":2,\"name\":\"Acas\u0103\"}]},{\"@type\":\"WebSite\",\"@id\":\"https:\\\/\\\/www.sportcoachplus.org\\\/ro\\\/#website\",\"url\":\"https:\\\/\\\/www.sportcoachplus.org\\\/ro\\\/\",\"name\":\"Sport Coach+\",\"description\":\"Sport sigur \u0219i favorabil pentru promovarea s\u0103n\u0103t\u0103\u021bii mintale a tinerilor afecta\u021bi de deplasare\",\"publisher\":{\"@id\":\"https:\\\/\\\/www.sportcoachplus.org\\\/ro\\\/#organization\"},\"potentialAction\":[{\"@type\":\"SearchAction\",\"target\":{\"@type\":\"EntryPoint\",\"urlTemplate\":\"https:\\\/\\\/www.sportcoachplus.org\\\/ro\\\/?s={search_term_string}\"},\"query-input\":{\"@type\":\"PropertyValueSpecification\",\"valueRequired\":true,\"valueName\":\"search_term_string\"}}],\"inLanguage\":\"ro-RO\"},{\"@type\":\"Organization\",\"@id\":\"https:\\\/\\\/www.sportcoachplus.org\\\/ro\\\/#organization\",\"name\":\"Sport Coach+\",\"url\":\"https:\\\/\\\/www.sportcoachplus.org\\\/ro\\\/\",\"logo\":{\"@type\":\"ImageObject\",\"inLanguage\":\"ro-RO\",\"@id\":\"https:\\\/\\\/www.sportcoachplus.org\\\/ro\\\/#\\\/schema\\\/logo\\\/image\\\/\",\"url\":\"https:\\\/\\\/www.sportcoachplus.org\\\/wp-content\\\/uploads\\\/2024\\\/05\\\/SportCoach-logo.svg\",\"contentUrl\":\"https:\\\/\\\/www.sportcoachplus.org\\\/wp-content\\\/uploads\\\/2024\\\/05\\\/SportCoach-logo.svg\",\"width\":488,\"height\":194,\"caption\":\"Sport Coach+\"},\"image\":{\"@id\":\"https:\\\/\\\/www.sportcoachplus.org\\\/ro\\\/#\\\/schema\\\/logo\\\/image\\\/\"}}]}<\/script>\n<!-- \/ Yoast SEO plugin. -->","yoast_head_json":{"title":"Acas\u0103 - Sport Coach+","robots":{"index":"index","follow":"follow","max-snippet":"max-snippet:-1","max-image-preview":"max-image-preview:large","max-video-preview":"max-video-preview:-1"},"canonical":"https:\/\/www.sportcoachplus.org\/ro\/","og_locale":"ro_RO","og_type":"article","og_title":"Acas\u0103 - Sport Coach+","og_description":"Pentru cine este Sport Coach+? Sunte\u021bi antrenor sportiv? [...]Cite\u0219te mai mult... from Acas\u0103","og_url":"https:\/\/www.sportcoachplus.org\/ro\/","og_site_name":"Sport Coach+","article_modified_time":"2025-01-10T09:35:43+00:00","og_image":[{"width":2048,"height":1366,"url":"https:\/\/www.sportcoachplus.org\/wp-content\/uploads\/2024\/05\/hero-homepage.jpg","type":"image\/jpeg"}],"twitter_card":"summary_large_image","twitter_misc":{"Timp estimat pentru citire":"1 minut"},"schema":{"@context":"https:\/\/schema.org","@graph":[{"@type":"WebPage","@id":"https:\/\/www.sportcoachplus.org\/ro\/","url":"https:\/\/www.sportcoachplus.org\/ro\/","name":"Acas\u0103 - Sport Coach+","isPartOf":{"@id":"https:\/\/www.sportcoachplus.org\/ro\/#website"},"primaryImageOfPage":{"@id":"https:\/\/www.sportcoachplus.org\/ro\/#primaryimage"},"image":{"@id":"https:\/\/www.sportcoachplus.org\/ro\/#primaryimage"},"thumbnailUrl":"https:\/\/www.sportcoachplus.org\/wp-content\/uploads\/2024\/05\/hero-homepage.jpg","datePublished":"2024-05-02T08:24:37+00:00","dateModified":"2025-01-10T09:35:43+00:00","breadcrumb":{"@id":"https:\/\/www.sportcoachplus.org\/ro\/#breadcrumb"},"inLanguage":"ro-RO","potentialAction":[{"@type":"ReadAction","target":["https:\/\/www.sportcoachplus.org\/ro\/"]}]},{"@type":"ImageObject","inLanguage":"ro-RO","@id":"https:\/\/www.sportcoachplus.org\/ro\/#primaryimage","url":"https:\/\/www.sportcoachplus.org\/wp-content\/uploads\/2024\/05\/hero-homepage.jpg","contentUrl":"https:\/\/www.sportcoachplus.org\/wp-content\/uploads\/2024\/05\/hero-homepage.jpg","width":2048,"height":1366},{"@type":"BreadcrumbList","@id":"https:\/\/www.sportcoachplus.org\/ro\/#breadcrumb","itemListElement":[{"@type":"ListItem","position":1,"name":"Home","item":"https:\/\/www.sportcoachplus.org\/ro\/"},{"@type":"ListItem","position":2,"name":"Acas\u0103"}]},{"@type":"WebSite","@id":"https:\/\/www.sportcoachplus.org\/ro\/#website","url":"https:\/\/www.sportcoachplus.org\/ro\/","name":"Sport Coach+","description":"Sport sigur \u0219i favorabil pentru promovarea s\u0103n\u0103t\u0103\u021bii mintale a tinerilor afecta\u021bi de deplasare","publisher":{"@id":"https:\/\/www.sportcoachplus.org\/ro\/#organization"},"potentialAction":[{"@type":"SearchAction","target":{"@type":"EntryPoint","urlTemplate":"https:\/\/www.sportcoachplus.org\/ro\/?s={search_term_string}"},"query-input":{"@type":"PropertyValueSpecification","valueRequired":true,"valueName":"search_term_string"}}],"inLanguage":"ro-RO"},{"@type":"Organization","@id":"https:\/\/www.sportcoachplus.org\/ro\/#organization","name":"Sport Coach+","url":"https:\/\/www.sportcoachplus.org\/ro\/","logo":{"@type":"ImageObject","inLanguage":"ro-RO","@id":"https:\/\/www.sportcoachplus.org\/ro\/#\/schema\/logo\/image\/","url":"https:\/\/www.sportcoachplus.org\/wp-content\/uploads\/2024\/05\/SportCoach-logo.svg","contentUrl":"https:\/\/www.sportcoachplus.org\/wp-content\/uploads\/2024\/05\/SportCoach-logo.svg","width":488,"height":194,"caption":"Sport Coach+"},"image":{"@id":"https:\/\/www.sportcoachplus.org\/ro\/#\/schema\/logo\/image\/"}}]}},"_links":{"self":[{"href":"https:\/\/www.sportcoachplus.org\/ro\/wp-json\/wp\/v2\/pages\/2352","targetHints":{"allow":["GET"]}}],"collection":[{"href":"https:\/\/www.sportcoachplus.org\/ro\/wp-json\/wp\/v2\/pages"}],"about":[{"href":"https:\/\/www.sportcoachplus.org\/ro\/wp-json\/wp\/v2\/types\/page"}],"author":[{"embeddable":true,"href":"https:\/\/www.sportcoachplus.org\/ro\/wp-json\/wp\/v2\/users\/8"}],"replies":[{"embeddable":true,"href":"https:\/\/www.sportcoachplus.org\/ro\/wp-json\/wp\/v2\/comments?post=2352"}],"version-history":[{"count":4,"href":"https:\/\/www.sportcoachplus.org\/ro\/wp-json\/wp\/v2\/pages\/2352\/revisions"}],"predecessor-version":[{"id":5932,"href":"https:\/\/www.sportcoachplus.org\/ro\/wp-json\/wp\/v2\/pages\/2352\/revisions\/5932"}],"wp:featuredmedia":[{"embeddable":true,"href":"https:\/\/www.sportcoachplus.org\/ro\/wp-json\/wp\/v2\/media\/1524"}],"wp:attachment":[{"href":"https:\/\/www.sportcoachplus.org\/ro\/wp-json\/wp\/v2\/media?parent=2352"}],"curies":[{"name":"wp","href":"https:\/\/api.w.org\/{rel}","templated":true}]}}