{"id":6407,"date":"2024-03-26T14:52:58","date_gmt":"2024-03-26T13:52:58","guid":{"rendered":"https:\/\/www.sportcoachplus.org\/polityka-prywatnosci-i-nota-prawna\/"},"modified":"2025-08-19T13:39:26","modified_gmt":"2025-08-19T11:39:26","slug":"polityka-prywatnosci-i-nota-prawna","status":"publish","type":"page","link":"https:\/\/www.sportcoachplus.org\/pl\/polityka-prywatnosci-i-nota-prawna\/","title":{"rendered":"Polityka prywatno\u015bci i nota prawna"},"content":{"rendered":"\n<h2 class=\"wp-block-heading\">Zastrze\u017cenie<\/h2>\n\n\n\n<p>Wszystkie informacje zawarte na tej stronie internetowej s\u0105 chronione prawami autorskimi \u00a9 Red Cross Red Crescent Movement MHPSS Hub and Olympic Refuge Foundation. Wszelkie prawa zastrze\u017cone.<\/p>\n\n\n\n<h2 class=\"wp-block-heading\">Nasza polityka prywatno\u015bci<\/h2>\n\n\n\n<p>Niniejsza strona internetowa jest obs\u0142ugiwana przez Ruch Czerwonego Krzy\u017ca Czerwonego P\u00f3\u0142ksi\u0119\u017cyca MHPSS Hub, hostowany przez Du\u0144ski Czerwony Krzy\u017c i Olympic Refuge Foundation (&#8222;my&#8221;, &#8222;nas&#8221;, &#8222;nasz&#8221;, &#8222;strona internetowa&#8221;). Powa\u017cnie traktujemy prywatno\u015b\u0107 i bezpiecze\u0144stwo danych osobowych u\u017cytkownik\u00f3w, czyli wszelkich informacji dotycz\u0105cych zidentyfikowanych lub mo\u017cliwych do zidentyfikowania os\u00f3b. Prosimy o po\u015bwi\u0119cenie chwili na przeczytanie niniejszej Polityki prywatno\u015bci i zapoznanie si\u0119 z naszymi og\u00f3lnymi zasadami prywatno\u015bci i bezpiecze\u0144stwa informacji. Wszelkie zmiany niniejszej Polityki prywatno\u015bci b\u0119d\u0105 publikowane na tej stronie.<\/p>\n\n\n\n<h3 class=\"wp-block-heading\">A) Dane gromadzone podczas uzyskiwania dost\u0119pu do naszych witryn<\/h3>\n\n\n\n<h4 class=\"wp-block-heading\"><strong>1. Informacje podane przez u\u017cytkownika<\/strong><\/h4>\n\n\n\n<p>Na niekt\u00f3rych stronach internetowych mo\u017ce by\u0107 wymagane podanie danych osobowych. Na przyk\u0142ad konieczne jest uzyskanie adresu e-mail, imienia i nazwiska oraz innych danych w celu przes\u0142ania formularza kontaktowego. Nale\u017cy zauwa\u017cy\u0107, \u017ce niekt\u00f3re funkcje strony internetowej wymagaj\u0105 korzystania z us\u0142ug dostawc\u00f3w zewn\u0119trznych (wi\u0119cej szczeg\u00f3\u0142\u00f3w znajduje si\u0119 w sekcji F poni\u017cej).  <\/p>\n\n\n\n<h4 class=\"wp-block-heading\"><strong>2. Zbierane automatycznie lub rutynowo<\/strong><\/h4>\n\n\n\n<p>Samo odwiedzenie strony internetowej mo\u017ce powodowa\u0107 gromadzenie i przetwarzanie pewnych metadanych. Chocia\u017c starali\u015bmy si\u0119 zminimalizowa\u0107 gromadzenie danych, nast\u0119puj\u0105ce dane mog\u0105 by\u0107 gromadzone (i przetwarzane z powod\u00f3w okre\u015blonych w sekcji B niniejszej Polityki prywatno\u015bci): <\/p>\n\n\n\n<ul class=\"wp-block-list\">\n<li>adres protoko\u0142u internetowego (IP) (kt\u00f3ry mo\u017ce ujawni\u0107 przybli\u017con\u0105 lokalizacj\u0119 i stref\u0119 czasow\u0105 u\u017cytkownika)<\/li>\n\n\n\n<li>identyfikator urz\u0105dzenia (kt\u00f3ry wskazuje typ urz\u0105dzenia u\u017cywanego do uzyskania dost\u0119pu do platformy i mo\u017ce r\u00f3wnie\u017c ujawnia\u0107 u\u017cywany system operacyjny)<\/li>\n\n\n\n<li>daty i czas u\u017cytkowania<\/li>\n\n\n\n<li>\u017c\u0105dany adres URL<\/li>\n\n\n\n<li>u\u017cywany system operacyjny<\/li>\n<\/ul>\n\n\n\n<h4 class=\"wp-block-heading\"><strong>3. Korzystanie z plik\u00f3w cookie<\/strong><\/h4>\n\n\n\n<p>Na naszej stronie internetowej u\u017cywamy plik\u00f3w cookie. Aby dowiedzie\u0107 si\u0119 wi\u0119cej, odwied\u017a poni\u017cszy link: <a href=\"https:\/\/www.sportcoachplus.org\/pl\/polityka-dotyczaca-plikow-cookie\/\" data-type=\"page\" data-id=\"1312\">Polityka plik\u00f3w cookie<\/a>. <\/p>\n\n\n\n<h3 class=\"wp-block-heading\">B) W jaki spos\u00f3b wykorzystywane s\u0105 te informacje?<\/h3>\n\n\n\n<p>Informacje te s\u0105 wykorzystywane do ulepszania naszych us\u0142ug, tworzenia statystyk (w tym dotycz\u0105cych konsultacji) i komunikowania si\u0119 z u\u017cytkownikami. W szczeg\u00f3lno\u015bci s\u0105 one wykorzystywane: <\/p>\n\n\n\n<ul class=\"wp-block-list\">\n<li>udzielanie odpowiedzi na pro\u015bby o informacje<\/li>\n\n\n\n<li>umo\u017cliwienie korzystania z niekt\u00f3rych funkcji interaktywnych (np. pobieranie danych, zapisywanie zak\u0142adek)<\/li>\n\n\n\n<li>\u015bwiadczenie us\u0142ug lub udzielanie pomocy<\/li>\n\n\n\n<li>ulepszanie naszej strony internetowej, komunikacji, produkt\u00f3w i us\u0142ug; tworzenie statystyk dotycz\u0105cych konsultacji i zrozumienie, jakie tre\u015bci s\u0105 najwa\u017cniejsze dla spo\u0142eczno\u015bci<\/li>\n\n\n\n<li>utrzymanie bezpiecze\u0144stwa i integralno\u015bci<\/li>\n\n\n\n<li>aby zapewni\u0107, \u017ce tre\u015bci s\u0105 prezentowane w spos\u00f3b, kt\u00f3ry najbardziej Ci odpowiada<\/li>\n<\/ul>\n\n\n\n<h3 class=\"wp-block-heading\">C) Dost\u0119p do danych i ich udost\u0119pnianie<\/h3>\n\n\n\n<p>Zasadniczo nie ujawniamy \u017cadnych informacji identyfikuj\u0105cych u\u017cytkownika, chyba \u017ce u\u017cytkownik wyrazi na to zgod\u0119. Informacje, kt\u00f3re nam przekazujesz, nie b\u0119d\u0105 sprzedawane stronom trzecim ani wykorzystywane w spos\u00f3b niezgodny z celami witryny. <\/p>\n\n\n\n<p>Ponadto dane u\u017cytkownika b\u0119d\u0105 dost\u0119pne wy\u0142\u0105cznie dla tych pracownik\u00f3w (i innych upowa\u017cnionych os\u00f3b), kt\u00f3rzy maj\u0105 uzasadnion\u0105 potrzeb\u0119 uzyskania takiego dost\u0119pu.<\/p>\n\n\n\n<h3 class=\"wp-block-heading\">D) Przechowywanie, bezpiecze\u0144stwo, pytania dotycz\u0105ce danych u\u017cytkownika<\/h3>\n\n\n\n<p>Korzystamy z bezpiecznych system\u00f3w i wdra\u017camy odpowiednie \u015brodki techniczne i organizacyjne w celu zabezpieczenia danych osobowych u\u017cytkownika i ich ochrony przed nieuprawnionym lub niezgodnym z prawem przetwarzaniem, przypadkow\u0105 utrat\u0105, zniszczeniem lub uszkodzeniem. Chocia\u017c podejmujemy uzasadnione \u015brodki w celu ochrony danych osobowych u\u017cytkownika, nale\u017cy pami\u0119ta\u0107, \u017ce \u017caden system nie mo\u017ce zagwarantowa\u0107 100% bezpiecze\u0144stwa. <\/p>\n\n\n\n<p>W przypadku, gdy konieczne jest udost\u0119pnienie danych osobowych u\u017cytkownika stronom trzecim, podejmiemy uzasadnione \u015brodki w celu zapewnienia, \u017ce dane osobowe u\u017cytkownika b\u0119d\u0105 nadal traktowane w spos\u00f3b bezpieczny.<\/p>\n\n\n\n<p>\u015arodki te mog\u0105 stanowi\u0107 konkretne postanowienia umowne wymagaj\u0105ce od tych stron trzecich wdro\u017cenia \u015brodk\u00f3w bezpiecze\u0144stwa nie mniej r\u00f3wnowa\u017cnych ni\u017c nasze. Nale\u017cy o tym pami\u0119ta\u0107 podczas wysy\u0142ania jakichkolwiek wiadomo\u015bci. Nie mo\u017cemy (i nie gwarantujemy) ca\u0142kowitego bezpiecze\u0144stwa.  <\/p>\n\n\n\n<p>W pewnych okoliczno\u015bciach u\u017cytkownik mo\u017ce za\u017c\u0105da\u0107 wgl\u0105du do przechowywanych przez nas jego danych osobowych. U\u017cytkownik mo\u017ce r\u00f3wnie\u017c sprzeciwi\u0107 si\u0119 przetwarzaniu okre\u015blonych danych osobowych i\/lub za\u017c\u0105da\u0107 poprawienia lub usuni\u0119cia takich danych osobowych.   <\/p>\n\n\n\n<p>W przypadku pyta\u0144 dotycz\u0105cych danych osobowych prosimy o kontakt z nast\u0119puj\u0105cymi dzia\u0142ami:<\/p>\n\n\n\n<p><strong>MHPSS Hub:<\/strong> <a href=\"mailto:psychosocial.centre@ifrc.org\" target=\"_blank\" rel=\"noreferrer noopener\"><\/a><a href=\"mailto:mhpsshub@rodekors.dk\">mhpsshub@rodekors.dk<\/a><\/p>\n\n\n\n<p><strong>ORF:<\/strong> <a href=\"mailto:contact@olympicrefugefoundation.org\" target=\"_blank\" rel=\"noreferrer noopener\">contact@olympicrefugefoundation.org<\/a><\/p>\n\n\n\n<h3 class=\"wp-block-heading\">E) Przywileje i immunitety<\/h3>\n\n\n\n<p>\u017badne z postanowie\u0144 niniejszej Polityki Prywatno\u015bci lub niniejszej witryny nie mo\u017ce by\u0107 uznane za zrzeczenie si\u0119 jakichkolwiek przywilej\u00f3w i immunitet\u00f3w Federacji.<\/p>\n\n\n\n<h3 class=\"wp-block-heading\">F) Uwaga dotycz\u0105ca link\u00f3w do zewn\u0119trznych stron internetowych<\/h3>\n\n\n\n<p>Nale\u017cy pami\u0119ta\u0107, \u017ce niniejsza polityka prywatno\u015bci dotyczy wy\u0142\u0105cznie strony internetowej sportcoachplus.org. Nie ma ona zastosowania do stron hostowanych przez inne organizacje, w tym krajowe stowarzyszenia Czerwonego Krzy\u017ca i Czerwonego P\u00f3\u0142ksi\u0119\u017cyca oraz Mi\u0119dzynarodowy Komitet Czerwonego Krzy\u017ca, kt\u00f3re maj\u0105 w\u0142asne polityki prywatno\u015bci. <\/p>\n\n\n\n<p>Ponadto, niekt\u00f3re strony internetowe sportcoachplus.org mog\u0105: 1) zawiera\u0107 lub przekierowywa\u0107 do zewn\u0119trznych dostawc\u00f3w us\u0142ug oraz 2) zawiera\u0107 linki do stron internetowych os\u00f3b trzecich, takich jak na przyk\u0142ad Facebook, YouTube lub Twitter. Te strony os\u00f3b trzecich i strony zewn\u0119trzne (oraz wszelkie inne strony nieb\u0119d\u0105ce stronami sportcoachplus.org) b\u0119d\u0105 zazwyczaj mia\u0142y w\u0142asne polityki prywatno\u015bci i praktyki przetwarzania danych, kt\u00f3rych nie kontrolujemy. Zach\u0119camy do zapoznania si\u0119 z odpowiednimi politykami prywatno\u015bci.    <\/p>\n\n\n\n<div class=\"wp-block-group is-nowrap is-layout-flex wp-container-core-group-is-layout-ad2f72ca wp-block-group-is-layout-flex\">\n<p class=\"small has-gray-color has-text-color has-link-color wp-elements-e9cadb34e65c5100e8b684838e4850ab\">&#8211; Niniejsza wersja Zasad zosta\u0142a ostatnio zmodyfikowana w dniu:<\/p>\n\n\n<div class=\"wp-block-post-date__modified-date small wp-block-post-date\"><time datetime=\"2025-08-19T13:39:26+02:00\">19 sierpnia, 2025<\/time><\/div><\/div>\n","protected":false},"excerpt":{"rendered":"<p>Zastrze\u017cenie Wszystkie informacje zawarte na tej stronie internetowej s\u0105 chronione prawami autorskimi \u00a9 Red Cross Red Crescent Movement MHPSS Hub and Olympic Refuge Foundation. Wszelkie prawa zastrze\u017cone. Nasza polityka prywatno\u015bci Niniejsza strona internetowa jest obs\u0142ugiwana przez Ruch Czerwonego Krzy\u017ca Czerwonego P\u00f3\u0142ksi\u0119\u017cyca MHPSS Hub, hostowany przez Du\u0144ski Czerwony Krzy\u017c i Olympic Refuge Foundation (&#8222;my&#8221;, &#8222;nas&#8221;, &#8222;nasz&#8221;, [&#8230;]<\/p>\n<p><a class=\"btn btn-secondary understrap-read-more-link\" href=\"https:\/\/www.sportcoachplus.org\/pl\/polityka-prywatnosci-i-nota-prawna\/\">Czytaj dalej\u2026<span class=\"screen-reader-text\"> from Polityka prywatno\u015bci i nota prawna<\/span><\/a><\/p>\n","protected":false},"author":8,"featured_media":0,"parent":0,"menu_order":0,"comment_status":"closed","ping_status":"closed","template":"page-templates\/no-title.php","meta":{"_acf_changed":false,"inline_featured_image":false,"_monsterinsights_skip_tracking":false,"_monsterinsights_sitenote_active":false,"_monsterinsights_sitenote_note":"","_monsterinsights_sitenote_category":0,"footnotes":""},"class_list":["post-6407","page","type-page","status-publish","hentry"],"acf":[],"yoast_head":"<!-- This site is optimized with the Yoast SEO plugin v27.4 - https:\/\/yoast.com\/product\/yoast-seo-wordpress\/ -->\n<title>Polityka prywatno\u015bci i nota prawna - Sport Coach+<\/title>\n<meta name=\"robots\" content=\"index, follow, max-snippet:-1, max-image-preview:large, max-video-preview:-1\" \/>\n<link rel=\"canonical\" href=\"https:\/\/www.sportcoachplus.org\/pl\/polityka-prywatnosci-i-nota-prawna\/\" \/>\n<meta property=\"og:locale\" content=\"pl_PL\" \/>\n<meta property=\"og:type\" content=\"article\" \/>\n<meta property=\"og:title\" content=\"Polityka prywatno\u015bci i nota prawna - Sport Coach+\" \/>\n<meta property=\"og:description\" content=\"Zastrze\u017cenie Wszystkie informacje zawarte na tej stronie internetowej s\u0105 chronione prawami autorskimi \u00a9 Red Cross Red Crescent Movement MHPSS Hub and Olympic Refuge Foundation. Wszelkie prawa zastrze\u017cone. Nasza polityka prywatno\u015bci Niniejsza strona internetowa jest obs\u0142ugiwana przez Ruch Czerwonego Krzy\u017ca Czerwonego P\u00f3\u0142ksi\u0119\u017cyca MHPSS Hub, hostowany przez Du\u0144ski Czerwony Krzy\u017c i Olympic Refuge Foundation (&#8222;my&#8221;, &#8222;nas&#8221;, &#8222;nasz&#8221;, [...]Czytaj dalej\u2026 from Polityka prywatno\u015bci i nota prawna\" \/>\n<meta property=\"og:url\" content=\"https:\/\/www.sportcoachplus.org\/pl\/polityka-prywatnosci-i-nota-prawna\/\" \/>\n<meta property=\"og:site_name\" content=\"Sport Coach+\" \/>\n<meta property=\"article:modified_time\" content=\"2025-08-19T11:39:26+00:00\" \/>\n<meta name=\"twitter:card\" content=\"summary_large_image\" \/>\n<meta name=\"twitter:label1\" content=\"Szacowany czas czytania\" \/>\n\t<meta name=\"twitter:data1\" content=\"4 minuty\" \/>\n<script type=\"application\/ld+json\" class=\"yoast-schema-graph\">{\"@context\":\"https:\\\/\\\/schema.org\",\"@graph\":[{\"@type\":\"WebPage\",\"@id\":\"https:\\\/\\\/www.sportcoachplus.org\\\/pl\\\/polityka-prywatnosci-i-nota-prawna\\\/\",\"url\":\"https:\\\/\\\/www.sportcoachplus.org\\\/pl\\\/polityka-prywatnosci-i-nota-prawna\\\/\",\"name\":\"Polityka prywatno\u015bci i nota prawna - Sport Coach+\",\"isPartOf\":{\"@id\":\"https:\\\/\\\/www.sportcoachplus.org\\\/pl\\\/#website\"},\"datePublished\":\"2024-03-26T13:52:58+00:00\",\"dateModified\":\"2025-08-19T11:39:26+00:00\",\"breadcrumb\":{\"@id\":\"https:\\\/\\\/www.sportcoachplus.org\\\/pl\\\/polityka-prywatnosci-i-nota-prawna\\\/#breadcrumb\"},\"inLanguage\":\"pl-PL\",\"potentialAction\":[{\"@type\":\"ReadAction\",\"target\":[\"https:\\\/\\\/www.sportcoachplus.org\\\/pl\\\/polityka-prywatnosci-i-nota-prawna\\\/\"]}]},{\"@type\":\"BreadcrumbList\",\"@id\":\"https:\\\/\\\/www.sportcoachplus.org\\\/pl\\\/polityka-prywatnosci-i-nota-prawna\\\/#breadcrumb\",\"itemListElement\":[{\"@type\":\"ListItem\",\"position\":1,\"name\":\"Home\",\"item\":\"https:\\\/\\\/www.sportcoachplus.org\\\/pl\\\/\"},{\"@type\":\"ListItem\",\"position\":2,\"name\":\"Polityka prywatno\u015bci i nota prawna\"}]},{\"@type\":\"WebSite\",\"@id\":\"https:\\\/\\\/www.sportcoachplus.org\\\/pl\\\/#website\",\"url\":\"https:\\\/\\\/www.sportcoachplus.org\\\/pl\\\/\",\"name\":\"Sport Coach+\",\"description\":\"Bezpieczny i wspieraj\u0105cy sport promuj\u0105cy zdrowie psychiczne m\u0142odych ludzi dotkni\u0119tych wysiedleniami\",\"publisher\":{\"@id\":\"https:\\\/\\\/www.sportcoachplus.org\\\/pl\\\/#organization\"},\"potentialAction\":[{\"@type\":\"SearchAction\",\"target\":{\"@type\":\"EntryPoint\",\"urlTemplate\":\"https:\\\/\\\/www.sportcoachplus.org\\\/pl\\\/?s={search_term_string}\"},\"query-input\":{\"@type\":\"PropertyValueSpecification\",\"valueRequired\":true,\"valueName\":\"search_term_string\"}}],\"inLanguage\":\"pl-PL\"},{\"@type\":\"Organization\",\"@id\":\"https:\\\/\\\/www.sportcoachplus.org\\\/pl\\\/#organization\",\"name\":\"Sport Coach+\",\"url\":\"https:\\\/\\\/www.sportcoachplus.org\\\/pl\\\/\",\"logo\":{\"@type\":\"ImageObject\",\"inLanguage\":\"pl-PL\",\"@id\":\"https:\\\/\\\/www.sportcoachplus.org\\\/pl\\\/#\\\/schema\\\/logo\\\/image\\\/\",\"url\":\"https:\\\/\\\/www.sportcoachplus.org\\\/wp-content\\\/uploads\\\/2024\\\/05\\\/SportCoach-logo.svg\",\"contentUrl\":\"https:\\\/\\\/www.sportcoachplus.org\\\/wp-content\\\/uploads\\\/2024\\\/05\\\/SportCoach-logo.svg\",\"width\":488,\"height\":194,\"caption\":\"Sport Coach+\"},\"image\":{\"@id\":\"https:\\\/\\\/www.sportcoachplus.org\\\/pl\\\/#\\\/schema\\\/logo\\\/image\\\/\"}}]}<\/script>\n<!-- \/ Yoast SEO plugin. -->","yoast_head_json":{"title":"Polityka prywatno\u015bci i nota prawna - Sport Coach+","robots":{"index":"index","follow":"follow","max-snippet":"max-snippet:-1","max-image-preview":"max-image-preview:large","max-video-preview":"max-video-preview:-1"},"canonical":"https:\/\/www.sportcoachplus.org\/pl\/polityka-prywatnosci-i-nota-prawna\/","og_locale":"pl_PL","og_type":"article","og_title":"Polityka prywatno\u015bci i nota prawna - Sport Coach+","og_description":"Zastrze\u017cenie Wszystkie informacje zawarte na tej stronie internetowej s\u0105 chronione prawami autorskimi \u00a9 Red Cross Red Crescent Movement MHPSS Hub and Olympic Refuge Foundation. Wszelkie prawa zastrze\u017cone. Nasza polityka prywatno\u015bci Niniejsza strona internetowa jest obs\u0142ugiwana przez Ruch Czerwonego Krzy\u017ca Czerwonego P\u00f3\u0142ksi\u0119\u017cyca MHPSS Hub, hostowany przez Du\u0144ski Czerwony Krzy\u017c i Olympic Refuge Foundation (&#8222;my&#8221;, &#8222;nas&#8221;, &#8222;nasz&#8221;, [...]Czytaj dalej\u2026 from Polityka prywatno\u015bci i nota prawna","og_url":"https:\/\/www.sportcoachplus.org\/pl\/polityka-prywatnosci-i-nota-prawna\/","og_site_name":"Sport Coach+","article_modified_time":"2025-08-19T11:39:26+00:00","twitter_card":"summary_large_image","twitter_misc":{"Szacowany czas czytania":"4 minuty"},"schema":{"@context":"https:\/\/schema.org","@graph":[{"@type":"WebPage","@id":"https:\/\/www.sportcoachplus.org\/pl\/polityka-prywatnosci-i-nota-prawna\/","url":"https:\/\/www.sportcoachplus.org\/pl\/polityka-prywatnosci-i-nota-prawna\/","name":"Polityka prywatno\u015bci i nota prawna - Sport Coach+","isPartOf":{"@id":"https:\/\/www.sportcoachplus.org\/pl\/#website"},"datePublished":"2024-03-26T13:52:58+00:00","dateModified":"2025-08-19T11:39:26+00:00","breadcrumb":{"@id":"https:\/\/www.sportcoachplus.org\/pl\/polityka-prywatnosci-i-nota-prawna\/#breadcrumb"},"inLanguage":"pl-PL","potentialAction":[{"@type":"ReadAction","target":["https:\/\/www.sportcoachplus.org\/pl\/polityka-prywatnosci-i-nota-prawna\/"]}]},{"@type":"BreadcrumbList","@id":"https:\/\/www.sportcoachplus.org\/pl\/polityka-prywatnosci-i-nota-prawna\/#breadcrumb","itemListElement":[{"@type":"ListItem","position":1,"name":"Home","item":"https:\/\/www.sportcoachplus.org\/pl\/"},{"@type":"ListItem","position":2,"name":"Polityka prywatno\u015bci i nota prawna"}]},{"@type":"WebSite","@id":"https:\/\/www.sportcoachplus.org\/pl\/#website","url":"https:\/\/www.sportcoachplus.org\/pl\/","name":"Sport Coach+","description":"Bezpieczny i wspieraj\u0105cy sport promuj\u0105cy zdrowie psychiczne m\u0142odych ludzi dotkni\u0119tych wysiedleniami","publisher":{"@id":"https:\/\/www.sportcoachplus.org\/pl\/#organization"},"potentialAction":[{"@type":"SearchAction","target":{"@type":"EntryPoint","urlTemplate":"https:\/\/www.sportcoachplus.org\/pl\/?s={search_term_string}"},"query-input":{"@type":"PropertyValueSpecification","valueRequired":true,"valueName":"search_term_string"}}],"inLanguage":"pl-PL"},{"@type":"Organization","@id":"https:\/\/www.sportcoachplus.org\/pl\/#organization","name":"Sport Coach+","url":"https:\/\/www.sportcoachplus.org\/pl\/","logo":{"@type":"ImageObject","inLanguage":"pl-PL","@id":"https:\/\/www.sportcoachplus.org\/pl\/#\/schema\/logo\/image\/","url":"https:\/\/www.sportcoachplus.org\/wp-content\/uploads\/2024\/05\/SportCoach-logo.svg","contentUrl":"https:\/\/www.sportcoachplus.org\/wp-content\/uploads\/2024\/05\/SportCoach-logo.svg","width":488,"height":194,"caption":"Sport Coach+"},"image":{"@id":"https:\/\/www.sportcoachplus.org\/pl\/#\/schema\/logo\/image\/"}}]}},"_links":{"self":[{"href":"https:\/\/www.sportcoachplus.org\/pl\/wp-json\/wp\/v2\/pages\/6407","targetHints":{"allow":["GET"]}}],"collection":[{"href":"https:\/\/www.sportcoachplus.org\/pl\/wp-json\/wp\/v2\/pages"}],"about":[{"href":"https:\/\/www.sportcoachplus.org\/pl\/wp-json\/wp\/v2\/types\/page"}],"author":[{"embeddable":true,"href":"https:\/\/www.sportcoachplus.org\/pl\/wp-json\/wp\/v2\/users\/8"}],"replies":[{"embeddable":true,"href":"https:\/\/www.sportcoachplus.org\/pl\/wp-json\/wp\/v2\/comments?post=6407"}],"version-history":[{"count":3,"href":"https:\/\/www.sportcoachplus.org\/pl\/wp-json\/wp\/v2\/pages\/6407\/revisions"}],"predecessor-version":[{"id":6502,"href":"https:\/\/www.sportcoachplus.org\/pl\/wp-json\/wp\/v2\/pages\/6407\/revisions\/6502"}],"wp:attachment":[{"href":"https:\/\/www.sportcoachplus.org\/pl\/wp-json\/wp\/v2\/media?parent=6407"}],"curies":[{"name":"wp","href":"https:\/\/api.w.org\/{rel}","templated":true}]}}