{"id":2429,"date":"2024-10-21T13:05:26","date_gmt":"2024-10-21T11:05:26","guid":{"rendered":"https:\/\/www.sportcoachplus.org\/pobierz-podrecznik\/"},"modified":"2024-11-29T13:15:04","modified_gmt":"2024-11-29T12:15:04","slug":"pobierz-podrecznik","status":"publish","type":"page","link":"https:\/\/www.sportcoachplus.org\/pl\/pobierz-podrecznik\/","title":{"rendered":"Pobierz Podr\u0119cznik"},"content":{"rendered":"<style id=\"wpforms-css-vars-root\">\n\t\t\t\t:root {\n\t\t\t\t\t--wpforms-field-border-radius: 3px;\n--wpforms-field-border-style: solid;\n--wpforms-field-border-size: 1px;\n--wpforms-field-background-color: #ffffff;\n--wpforms-field-border-color: rgba( 0, 0, 0, 0.25 );\n--wpforms-field-border-color-spare: rgba( 0, 0, 0, 0.25 );\n--wpforms-field-text-color: rgba( 0, 0, 0, 0.7 );\n--wpforms-field-menu-color: #ffffff;\n--wpforms-label-color: rgba( 0, 0, 0, 0.85 );\n--wpforms-label-sublabel-color: rgba( 0, 0, 0, 0.55 );\n--wpforms-label-error-color: #d63637;\n--wpforms-button-border-radius: 3px;\n--wpforms-button-border-style: none;\n--wpforms-button-border-size: 1px;\n--wpforms-button-background-color: #066aab;\n--wpforms-button-border-color: #066aab;\n--wpforms-button-text-color: #ffffff;\n--wpforms-page-break-color: #066aab;\n--wpforms-background-image: none;\n--wpforms-background-position: center center;\n--wpforms-background-repeat: no-repeat;\n--wpforms-background-size: cover;\n--wpforms-background-width: 100px;\n--wpforms-background-height: 100px;\n--wpforms-background-color: rgba( 0, 0, 0, 0 );\n--wpforms-background-url: none;\n--wpforms-container-padding: 0px;\n--wpforms-container-border-style: none;\n--wpforms-container-border-width: 1px;\n--wpforms-container-border-color: #000000;\n--wpforms-container-border-radius: 3px;\n--wpforms-field-size-input-height: 43px;\n--wpforms-field-size-input-spacing: 15px;\n--wpforms-field-size-font-size: 16px;\n--wpforms-field-size-line-height: 19px;\n--wpforms-field-size-padding-h: 14px;\n--wpforms-field-size-checkbox-size: 16px;\n--wpforms-field-size-sublabel-spacing: 5px;\n--wpforms-field-size-icon-size: 1;\n--wpforms-label-size-font-size: 16px;\n--wpforms-label-size-line-height: 19px;\n--wpforms-label-size-sublabel-font-size: 14px;\n--wpforms-label-size-sublabel-line-height: 17px;\n--wpforms-button-size-font-size: 17px;\n--wpforms-button-size-height: 41px;\n--wpforms-button-size-padding-h: 15px;\n--wpforms-button-size-margin-top: 10px;\n--wpforms-container-shadow-size-box-shadow: none;\n\n\t\t\t\t}\n\t\t\t<\/style><div class=\"wpforms-container wpforms-container-full wpforms-block wpforms-block-90ca23de-772c-48bd-af37-ffae7301b50b wpforms-render-modern\" id=\"wpforms-2283\"><form id=\"wpforms-form-2283\" class=\"wpforms-validate wpforms-form\" data-formid=\"2283\" method=\"post\" enctype=\"multipart\/form-data\" action=\"\/pl\/wp-json\/wp\/v2\/pages\/2429\" data-token=\"5c48b067b63cb0c356d84efb5e859ead\" data-token-time=\"1776582269\"><div class=\"wpforms-head-container\"><div class=\"wpforms-description\">Dzi\u0119kujemy za zainteresowanie Sport Coach+! Po\u015bwi\u0119\u0107 kilka sekund, aby opowiedzie\u0107 nam wi\u0119cej o sobie, a poni\u017cej znajdziesz link do pobrania Podr\u0119cznika. <\/div><\/div><noscript class=\"wpforms-error-noscript\">Aby wype\u0142ni\u0107 ten formularz, w\u0142\u0105cz obs\u0142ug\u0119 JavaScript w przegl\u0105darce.<\/noscript><div class=\"wpforms-hidden\" id=\"wpforms-error-noscript\">Aby wype\u0142ni\u0107 ten formularz, w\u0142\u0105cz obs\u0142ug\u0119 JavaScript w przegl\u0105darce.<\/div><div class=\"wpforms-field-container\"><div id=\"wpforms-2283-field_9-container\" class=\"wpforms-field wpforms-field-layout\" data-field-id=\"9\"><div class=\"wpforms-field-layout-rows wpforms-field-large\"><div class=\"wpforms-layout-row\"><div class=\"wpforms-layout-column wpforms-layout-column-50\"><div id=\"wpforms-2283-field_2-container\" class=\"wpforms-field wpforms-field-select wpforms-field-select-style-modern\" data-field-id=\"2\"><label class=\"wpforms-field-label\" for=\"wpforms-2283-field_2\">W jakich regionach pracujesz?<\/label><select id=\"wpforms-2283-field_2\" class=\"wpforms-field-large choicesjs-select\" data-size-class=\"wpforms-field-row wpforms-field-large\" data-search-enabled=\"\" name=\"wpforms[fields][2][]\" multiple=\"multiple\"><option value=\"\" class=\"placeholder\" disabled >&#8211; Wybierz wszystkie, kt\u00f3re maj\u0105 zastosowanie &#8211;<\/option><option value=\"Europa i Azja \u015arodkowa\" >Europa i Azja \u015arodkowa<\/option><option value=\"Bliski Wsch\u00f3d i Afryka P\u00f3\u0142nocna\" >Bliski Wsch\u00f3d i Afryka P\u00f3\u0142nocna<\/option><option value=\"Afryka Subsaharyjska\" >Afryka Subsaharyjska<\/option><option value=\"Azja Wschodnia i Pacyfik\" >Azja Wschodnia i Pacyfik<\/option><option value=\"Azja Po\u0142udniowa\" >Azja Po\u0142udniowa<\/option><option value=\"Ameryka \u0141aci\u0144ska i Karaiby\" >Ameryka \u0141aci\u0144ska i Karaiby<\/option><option value=\"Ameryka P\u00f3\u0142nocna\" >Ameryka P\u00f3\u0142nocna<\/option><\/select><\/div><\/div><div class=\"wpforms-layout-column wpforms-layout-column-50\"><div id=\"wpforms-2283-field_3-container\" class=\"wpforms-field wpforms-field-select wpforms-field-select-style-modern\" data-field-id=\"3\"><label class=\"wpforms-field-label\" for=\"wpforms-2283-field_3\">Kt\u00f3re z poni\u017cszych stwierdze\u0144 najlepiej opisuje Twoj\u0105 bran\u017c\u0119 lub sektor?<\/label><select id=\"wpforms-2283-field_3\" class=\"wpforms-field-large choicesjs-select\" data-size-class=\"wpforms-field-row wpforms-field-large\" data-search-enabled=\"\" name=\"wpforms[fields][3][]\" multiple=\"multiple\"><option value=\"\" class=\"placeholder\" disabled >&#8211; Wybierz wszystkie, kt\u00f3re maj\u0105 zastosowanie &#8211;<\/option><option value=\"Zdrowie\" >Zdrowie<\/option><option value=\"Sport\" >Sport<\/option><option value=\"Wychowawca\/nauczyciel\" >Wychowawca\/nauczyciel<\/option><option value=\"Pracownik organizacji pozarz\u0105dowej\/non-profit\" >Pracownik organizacji pozarz\u0105dowej\/non-profit<\/option><option value=\"Sektor publiczny\" >Sektor publiczny<\/option><option value=\"Naukowiec\/Akademik\" >Naukowiec\/Akademik<\/option><option value=\"Inne\" >Inne<\/option><\/select><\/div><\/div><\/div><div class=\"wpforms-layout-row\"><div class=\"wpforms-layout-column wpforms-layout-column-50\"><div id=\"wpforms-2283-field_4-container\" class=\"wpforms-field wpforms-field-select wpforms-field-select-style-modern\" data-field-id=\"4\"><label class=\"wpforms-field-label\" for=\"wpforms-2283-field_4\">Jak zamierzasz korzysta\u0107 z zasob\u00f3w SportCoach+?<\/label><select id=\"wpforms-2283-field_4\" class=\"wpforms-field-large choicesjs-select\" data-size-class=\"wpforms-field-row wpforms-field-large\" data-search-enabled=\"\" name=\"wpforms[fields][4][]\" multiple=\"multiple\"><option value=\"\" class=\"placeholder\" disabled >&#8211; Wybierz wszystkie, kt\u00f3re maj\u0105 zastosowanie &#8211;<\/option><option value=\"Szkolenie trener\u00f3w i personelu\" >Szkolenie trener\u00f3w i personelu<\/option><option value=\"Realizacja programu\" >Realizacja programu<\/option><option value=\"Wiedza osobista\" >Wiedza osobista<\/option><option value=\"Badania\" >Badania<\/option><option value=\"Praca domowa\" >Praca domowa<\/option><option value=\"Inne\" >Inne<\/option><\/select><\/div><\/div><div class=\"wpforms-layout-column wpforms-layout-column-50\"><div id=\"wpforms-2283-field_5-container\" class=\"wpforms-field wpforms-field-select wpforms-conditional-trigger wpforms-field-select-style-modern\" data-field-id=\"5\"><label class=\"wpforms-field-label\" for=\"wpforms-2283-field_5\">Jak dowiedzia\u0142e\u015b si\u0119 o SportCoach+?<\/label><select id=\"wpforms-2283-field_5\" class=\"wpforms-field-large choicesjs-select\" data-size-class=\"wpforms-field-row wpforms-field-large\" data-search-enabled=\"\" name=\"wpforms[fields][5][]\" multiple=\"multiple\"><option value=\"\" class=\"placeholder\" disabled >&#8211; Wybierz wszystkie, kt\u00f3re maj\u0105 zastosowanie &#8211;<\/option><option value=\"Polecenie od wsp\u00f3\u0142pracownika\/znajomego\" >Polecenie od wsp\u00f3\u0142pracownika\/znajomego<\/option><option value=\"Wyszukiwanie online\" >Wyszukiwanie online<\/option><option value=\"Media spo\u0142eczno\u015bciowe\" >Media spo\u0142eczno\u015bciowe<\/option><option value=\"Za po\u015brednictwem partnera projektu lub wydarzenia\" >Za po\u015brednictwem partnera projektu lub wydarzenia<\/option><option value=\"Inne (okre\u015bli\u0107)\" >Inne (okre\u015bli\u0107)<\/option><\/select><\/div><\/div><\/div><div class=\"wpforms-layout-row\"><div class=\"wpforms-layout-column wpforms-layout-column-50\"><\/div><div class=\"wpforms-layout-column wpforms-layout-column-50\"><div id=\"wpforms-2283-field_6-container\" class=\"wpforms-field wpforms-field-text wpforms-conditional-field wpforms-conditional-show\" data-field-id=\"6\" style=\"display:none;\"><label class=\"wpforms-field-label wpforms-label-hide\" for=\"wpforms-2283-field_6\" aria-hidden=\"false\">Sk\u0105d dowiedzia\u0142e\u015b si\u0119 o SportCoach+?<\/label><input type=\"text\" id=\"wpforms-2283-field_6\" class=\"wpforms-field-large\" name=\"wpforms[fields][6]\" placeholder=\"Podaj, w jaki spos\u00f3b dowiedzia\u0142e\u015b si\u0119 o SportCoach+\" aria-errormessage=\"wpforms-2283-field_6-error\" ><\/div><\/div><\/div><\/div><\/div><div id=\"wpforms-2283-field_8-container\" class=\"wpforms-field wpforms-field-radio wpforms-list-inline\" data-field-id=\"8\"><fieldset><legend class=\"wpforms-field-label\">J\u0119zyk <span class=\"wpforms-required-label\" aria-hidden=\"true\">*<\/span><\/legend><ul id=\"wpforms-2283-field_8\" class=\"wpforms-field-required\"><li class=\"choice-8 depth-1\"><input type=\"radio\" id=\"wpforms-2283-field_8_8\" name=\"wpforms[fields][8]\" value=\"Arabic\" aria-errormessage=\"wpforms-2283-field_8_8-error\" required ><label class=\"wpforms-field-label-inline\" for=\"wpforms-2283-field_8_8\">Arabic<\/label><\/li><li class=\"choice-3 depth-1\"><input type=\"radio\" id=\"wpforms-2283-field_8_3\" name=\"wpforms[fields][8]\" value=\"Bu\u0142garski\" aria-errormessage=\"wpforms-2283-field_8_3-error\" required ><label class=\"wpforms-field-label-inline\" for=\"wpforms-2283-field_8_3\">Bu\u0142garski<\/label><\/li><li class=\"choice-6 depth-1\"><input type=\"radio\" id=\"wpforms-2283-field_8_6\" name=\"wpforms[fields][8]\" value=\"Czech\" aria-errormessage=\"wpforms-2283-field_8_6-error\" required ><label class=\"wpforms-field-label-inline\" for=\"wpforms-2283-field_8_6\">Czech<\/label><\/li><li class=\"choice-1 depth-1 wpforms-selected\"><input type=\"radio\" id=\"wpforms-2283-field_8_1\" name=\"wpforms[fields][8]\" value=\"Angielski\" aria-errormessage=\"wpforms-2283-field_8_1-error\" required  checked='checked'><label class=\"wpforms-field-label-inline\" for=\"wpforms-2283-field_8_1\">Angielski<\/label><\/li><li class=\"choice-12 depth-1\"><input type=\"radio\" id=\"wpforms-2283-field_8_12\" name=\"wpforms[fields][8]\" value=\"French\" aria-errormessage=\"wpforms-2283-field_8_12-error\" required ><label class=\"wpforms-field-label-inline\" for=\"wpforms-2283-field_8_12\">French<\/label><\/li><li class=\"choice-4 depth-1\"><input type=\"radio\" id=\"wpforms-2283-field_8_4\" name=\"wpforms[fields][8]\" value=\"Niemiecki\" aria-errormessage=\"wpforms-2283-field_8_4-error\" required ><label class=\"wpforms-field-label-inline\" for=\"wpforms-2283-field_8_4\">Niemiecki<\/label><\/li><li class=\"choice-7 depth-1\"><input type=\"radio\" id=\"wpforms-2283-field_8_7\" name=\"wpforms[fields][8]\" value=\"Polish\" aria-errormessage=\"wpforms-2283-field_8_7-error\" required ><label class=\"wpforms-field-label-inline\" for=\"wpforms-2283-field_8_7\">Polish<\/label><\/li><li class=\"choice-5 depth-1\"><input type=\"radio\" id=\"wpforms-2283-field_8_5\" name=\"wpforms[fields][8]\" value=\"Rumu\u0144ski\" aria-errormessage=\"wpforms-2283-field_8_5-error\" required ><label class=\"wpforms-field-label-inline\" for=\"wpforms-2283-field_8_5\">Rumu\u0144ski<\/label><\/li><li class=\"choice-10 depth-1\"><input type=\"radio\" id=\"wpforms-2283-field_8_10\" name=\"wpforms[fields][8]\" value=\"Spanish\" aria-errormessage=\"wpforms-2283-field_8_10-error\" required ><label class=\"wpforms-field-label-inline\" for=\"wpforms-2283-field_8_10\">Spanish<\/label><\/li><li class=\"choice-2 depth-1\"><input type=\"radio\" id=\"wpforms-2283-field_8_2\" name=\"wpforms[fields][8]\" value=\"Ukrai\u0144ski\" aria-errormessage=\"wpforms-2283-field_8_2-error\" required ><label class=\"wpforms-field-label-inline\" for=\"wpforms-2283-field_8_2\">Ukrai\u0144ski<\/label><\/li><li class=\"choice-11 depth-1\"><input type=\"radio\" id=\"wpforms-2283-field_8_11\" name=\"wpforms[fields][8]\" value=\"Russian\" aria-errormessage=\"wpforms-2283-field_8_11-error\" required ><label class=\"wpforms-field-label-inline\" for=\"wpforms-2283-field_8_11\">Russian<\/label><\/li><\/ul><\/fieldset><\/div><\/div><!-- .wpforms-field-container --><div class=\"wpforms-submit-container\" ><input type=\"hidden\" name=\"wpforms[id]\" value=\"2283\"><input type=\"hidden\" name=\"page_title\" value=\"\"><input type=\"hidden\" name=\"page_url\" value=\"https:\/\/www.sportcoachplus.org\/pl\/wp-json\/wp\/v2\/pages\/2429\"><button type=\"submit\" name=\"wpforms[submit]\" id=\"wpforms-submit-2283\" class=\"wpforms-submit\" data-alt-text=\"Pobieranie...\" data-submit-text=\"Pobierz\" aria-live=\"assertive\" value=\"wpforms-submit\">Pobierz<\/button><\/div><\/form><\/div>  <!-- .wpforms-container -->","protected":false},"excerpt":{"rendered":"<p> [&#8230;]<\/p>\n<p><a class=\"btn btn-secondary understrap-read-more-link\" href=\"https:\/\/www.sportcoachplus.org\/pl\/pobierz-podrecznik\/\">Czytaj dalej\u2026<span class=\"screen-reader-text\"> from Pobierz Podr\u0119cznik<\/span><\/a><\/p>\n","protected":false},"author":8,"featured_media":0,"parent":0,"menu_order":0,"comment_status":"closed","ping_status":"closed","template":"page-templates\/no-title.php","meta":{"_acf_changed":false,"inline_featured_image":false,"_monsterinsights_skip_tracking":false,"_monsterinsights_sitenote_active":false,"_monsterinsights_sitenote_note":"","_monsterinsights_sitenote_category":0,"footnotes":""},"class_list":["post-2429","page","type-page","status-publish","hentry"],"acf":[],"yoast_head":"<!-- This site is optimized with the Yoast SEO plugin v27.4 - https:\/\/yoast.com\/product\/yoast-seo-wordpress\/ -->\n<title>Pobierz Podr\u0119cznik - Sport Coach+<\/title>\n<meta name=\"robots\" content=\"index, follow, max-snippet:-1, max-image-preview:large, max-video-preview:-1\" \/>\n<link rel=\"canonical\" href=\"https:\/\/www.sportcoachplus.org\/pl\/pobierz-podrecznik\/\" \/>\n<meta property=\"og:locale\" content=\"pl_PL\" \/>\n<meta property=\"og:type\" content=\"article\" \/>\n<meta property=\"og:title\" content=\"Pobierz Podr\u0119cznik - Sport Coach+\" \/>\n<meta property=\"og:description\" content=\"[...]Czytaj dalej\u2026 from Pobierz Podr\u0119cznik\" \/>\n<meta property=\"og:url\" content=\"https:\/\/www.sportcoachplus.org\/pl\/pobierz-podrecznik\/\" \/>\n<meta property=\"og:site_name\" content=\"Sport Coach+\" \/>\n<meta property=\"article:modified_time\" content=\"2024-11-29T12:15:04+00:00\" \/>\n<meta name=\"twitter:card\" content=\"summary_large_image\" \/>\n<script type=\"application\/ld+json\" class=\"yoast-schema-graph\">{\"@context\":\"https:\\\/\\\/schema.org\",\"@graph\":[{\"@type\":\"WebPage\",\"@id\":\"https:\\\/\\\/www.sportcoachplus.org\\\/pl\\\/pobierz-podrecznik\\\/\",\"url\":\"https:\\\/\\\/www.sportcoachplus.org\\\/pl\\\/pobierz-podrecznik\\\/\",\"name\":\"Pobierz Podr\u0119cznik - Sport Coach+\",\"isPartOf\":{\"@id\":\"https:\\\/\\\/www.sportcoachplus.org\\\/pl\\\/#website\"},\"datePublished\":\"2024-10-21T11:05:26+00:00\",\"dateModified\":\"2024-11-29T12:15:04+00:00\",\"breadcrumb\":{\"@id\":\"https:\\\/\\\/www.sportcoachplus.org\\\/pl\\\/pobierz-podrecznik\\\/#breadcrumb\"},\"inLanguage\":\"pl-PL\",\"potentialAction\":[{\"@type\":\"ReadAction\",\"target\":[\"https:\\\/\\\/www.sportcoachplus.org\\\/pl\\\/pobierz-podrecznik\\\/\"]}]},{\"@type\":\"BreadcrumbList\",\"@id\":\"https:\\\/\\\/www.sportcoachplus.org\\\/pl\\\/pobierz-podrecznik\\\/#breadcrumb\",\"itemListElement\":[{\"@type\":\"ListItem\",\"position\":1,\"name\":\"Home\",\"item\":\"https:\\\/\\\/www.sportcoachplus.org\\\/pl\\\/\"},{\"@type\":\"ListItem\",\"position\":2,\"name\":\"Pobierz Podr\u0119cznik\"}]},{\"@type\":\"WebSite\",\"@id\":\"https:\\\/\\\/www.sportcoachplus.org\\\/pl\\\/#website\",\"url\":\"https:\\\/\\\/www.sportcoachplus.org\\\/pl\\\/\",\"name\":\"Sport Coach+\",\"description\":\"Bezpieczny i wspieraj\u0105cy sport promuj\u0105cy zdrowie psychiczne m\u0142odych ludzi dotkni\u0119tych wysiedleniami\",\"publisher\":{\"@id\":\"https:\\\/\\\/www.sportcoachplus.org\\\/pl\\\/#organization\"},\"potentialAction\":[{\"@type\":\"SearchAction\",\"target\":{\"@type\":\"EntryPoint\",\"urlTemplate\":\"https:\\\/\\\/www.sportcoachplus.org\\\/pl\\\/?s={search_term_string}\"},\"query-input\":{\"@type\":\"PropertyValueSpecification\",\"valueRequired\":true,\"valueName\":\"search_term_string\"}}],\"inLanguage\":\"pl-PL\"},{\"@type\":\"Organization\",\"@id\":\"https:\\\/\\\/www.sportcoachplus.org\\\/pl\\\/#organization\",\"name\":\"Sport Coach+\",\"url\":\"https:\\\/\\\/www.sportcoachplus.org\\\/pl\\\/\",\"logo\":{\"@type\":\"ImageObject\",\"inLanguage\":\"pl-PL\",\"@id\":\"https:\\\/\\\/www.sportcoachplus.org\\\/pl\\\/#\\\/schema\\\/logo\\\/image\\\/\",\"url\":\"https:\\\/\\\/www.sportcoachplus.org\\\/wp-content\\\/uploads\\\/2024\\\/05\\\/SportCoach-logo.svg\",\"contentUrl\":\"https:\\\/\\\/www.sportcoachplus.org\\\/wp-content\\\/uploads\\\/2024\\\/05\\\/SportCoach-logo.svg\",\"width\":488,\"height\":194,\"caption\":\"Sport Coach+\"},\"image\":{\"@id\":\"https:\\\/\\\/www.sportcoachplus.org\\\/pl\\\/#\\\/schema\\\/logo\\\/image\\\/\"}}]}<\/script>\n<!-- \/ Yoast SEO plugin. -->","yoast_head_json":{"title":"Pobierz Podr\u0119cznik - Sport Coach+","robots":{"index":"index","follow":"follow","max-snippet":"max-snippet:-1","max-image-preview":"max-image-preview:large","max-video-preview":"max-video-preview:-1"},"canonical":"https:\/\/www.sportcoachplus.org\/pl\/pobierz-podrecznik\/","og_locale":"pl_PL","og_type":"article","og_title":"Pobierz Podr\u0119cznik - Sport Coach+","og_description":"[...]Czytaj dalej\u2026 from Pobierz Podr\u0119cznik","og_url":"https:\/\/www.sportcoachplus.org\/pl\/pobierz-podrecznik\/","og_site_name":"Sport Coach+","article_modified_time":"2024-11-29T12:15:04+00:00","twitter_card":"summary_large_image","schema":{"@context":"https:\/\/schema.org","@graph":[{"@type":"WebPage","@id":"https:\/\/www.sportcoachplus.org\/pl\/pobierz-podrecznik\/","url":"https:\/\/www.sportcoachplus.org\/pl\/pobierz-podrecznik\/","name":"Pobierz Podr\u0119cznik - Sport Coach+","isPartOf":{"@id":"https:\/\/www.sportcoachplus.org\/pl\/#website"},"datePublished":"2024-10-21T11:05:26+00:00","dateModified":"2024-11-29T12:15:04+00:00","breadcrumb":{"@id":"https:\/\/www.sportcoachplus.org\/pl\/pobierz-podrecznik\/#breadcrumb"},"inLanguage":"pl-PL","potentialAction":[{"@type":"ReadAction","target":["https:\/\/www.sportcoachplus.org\/pl\/pobierz-podrecznik\/"]}]},{"@type":"BreadcrumbList","@id":"https:\/\/www.sportcoachplus.org\/pl\/pobierz-podrecznik\/#breadcrumb","itemListElement":[{"@type":"ListItem","position":1,"name":"Home","item":"https:\/\/www.sportcoachplus.org\/pl\/"},{"@type":"ListItem","position":2,"name":"Pobierz Podr\u0119cznik"}]},{"@type":"WebSite","@id":"https:\/\/www.sportcoachplus.org\/pl\/#website","url":"https:\/\/www.sportcoachplus.org\/pl\/","name":"Sport Coach+","description":"Bezpieczny i wspieraj\u0105cy sport promuj\u0105cy zdrowie psychiczne m\u0142odych ludzi dotkni\u0119tych wysiedleniami","publisher":{"@id":"https:\/\/www.sportcoachplus.org\/pl\/#organization"},"potentialAction":[{"@type":"SearchAction","target":{"@type":"EntryPoint","urlTemplate":"https:\/\/www.sportcoachplus.org\/pl\/?s={search_term_string}"},"query-input":{"@type":"PropertyValueSpecification","valueRequired":true,"valueName":"search_term_string"}}],"inLanguage":"pl-PL"},{"@type":"Organization","@id":"https:\/\/www.sportcoachplus.org\/pl\/#organization","name":"Sport Coach+","url":"https:\/\/www.sportcoachplus.org\/pl\/","logo":{"@type":"ImageObject","inLanguage":"pl-PL","@id":"https:\/\/www.sportcoachplus.org\/pl\/#\/schema\/logo\/image\/","url":"https:\/\/www.sportcoachplus.org\/wp-content\/uploads\/2024\/05\/SportCoach-logo.svg","contentUrl":"https:\/\/www.sportcoachplus.org\/wp-content\/uploads\/2024\/05\/SportCoach-logo.svg","width":488,"height":194,"caption":"Sport Coach+"},"image":{"@id":"https:\/\/www.sportcoachplus.org\/pl\/#\/schema\/logo\/image\/"}}]}},"_links":{"self":[{"href":"https:\/\/www.sportcoachplus.org\/pl\/wp-json\/wp\/v2\/pages\/2429","targetHints":{"allow":["GET"]}}],"collection":[{"href":"https:\/\/www.sportcoachplus.org\/pl\/wp-json\/wp\/v2\/pages"}],"about":[{"href":"https:\/\/www.sportcoachplus.org\/pl\/wp-json\/wp\/v2\/types\/page"}],"author":[{"embeddable":true,"href":"https:\/\/www.sportcoachplus.org\/pl\/wp-json\/wp\/v2\/users\/8"}],"replies":[{"embeddable":true,"href":"https:\/\/www.sportcoachplus.org\/pl\/wp-json\/wp\/v2\/comments?post=2429"}],"version-history":[{"count":1,"href":"https:\/\/www.sportcoachplus.org\/pl\/wp-json\/wp\/v2\/pages\/2429\/revisions"}],"predecessor-version":[{"id":2430,"href":"https:\/\/www.sportcoachplus.org\/pl\/wp-json\/wp\/v2\/pages\/2429\/revisions\/2430"}],"wp:attachment":[{"href":"https:\/\/www.sportcoachplus.org\/pl\/wp-json\/wp\/v2\/media?parent=2429"}],"curies":[{"name":"wp","href":"https:\/\/api.w.org\/{rel}","templated":true}]}}