{"id":2365,"date":"2024-05-09T13:38:05","date_gmt":"2024-05-09T11:38:05","guid":{"rendered":"https:\/\/www.sportcoachplus.org\/faq\/"},"modified":"2024-12-04T10:01:17","modified_gmt":"2024-12-04T09:01:17","slug":"faq","status":"publish","type":"page","link":"https:\/\/www.sportcoachplus.org\/pl\/faq\/","title":{"rendered":"FAQ"},"content":{"rendered":"\n<section id=\"general-questions\" class=\"wp-block-group mb-5\"><div class=\"wp-block-group__inner-container is-layout-constrained wp-block-group-is-layout-constrained\">\n<h3 class=\"wp-block-heading has-text-align-center\" style=\"text-transform:uppercase\">Pytania og\u00f3lne<\/h3>\n\n\n\n<div class=\"wp-block-esab-accordion accordion-37374420 esab__head--border-bottom\" data-mode=\"global\"><div class=\"esab__container\" style=\"row-gap:10px;margin:0px 0px 0px 0px\">\n<div class=\"wp-block-esab-accordion-child\" style=\"border:0px solid #E0E0E0\"><div class=\"esab__head\" style=\"padding:10px 10px 10px 10px;background-color:transparent\" role=\"button\" aria-expanded=\"false\"><div class=\"esab__heading_txt\"><h4 class=\"esab__heading_tag\">Dla kogo przeznaczony jest Sport Coach+?<\/h4><\/div><div class=\"esab__icon\"><div class=\"esab__collapse\"><svg version=\"1.2\" viewBox=\"0 0 24 24\" width=\"24\" height=\"24\"><path d=\"m11.3 3.6h1.4q0.2 0 0.2 0.1v16.6q0 0.1-0.2 0.1h-1.4q-0.2 0-0.2-0.2v-16.5q0-0.1 0.2-0.1z\"><\/path><path d=\"m4.1 11.1h15.8q0.2 0 0.2 0.2v1.4q0 0.2-0.2 0.2h-15.8q-0.2 0-0.2-0.2v-1.4q0-0.2 0.2-0.2z\"><\/path><\/svg><\/div><div class=\"esab__expand\"><svg version=\"1.2\" viewBox=\"0 0 24 24\" width=\"24\" height=\"24\"><path d=\"m3.4 11.1h17.2v1.8h-17.2z\"><\/path><\/svg><\/div><\/div><\/div><div class=\"esab__body\" style=\"border-top:1px solid #000000;padding:10px 10px 10px 10px;background-color:transparent\">\n<p>Sport Coach+ jest przeznaczony dla trener\u00f3w sportowych i trener\u00f3w trener\u00f3w, kt\u00f3rzy pracuj\u0105 &#8211; lub planuj\u0105 pracowa\u0107 &#8211; z m\u0142odymi lud\u017ami w wieku 10-24 lat w kontek\u015bcie migracji, w tym ze wszystkimi p\u0142ciami, kulturami, religiami i \u015brodowiskami spo\u0142ecznymi, kt\u00f3rzy stan\u0119li w obliczu relokacji i \/ lub innych form przeciwno\u015bci losu. Obejmuje to m\u0142odzie\u017c uchod\u017acz\u0105 lub wewn\u0119trznie przesiedlon\u0105, a tak\u017ce m\u0142odzie\u017c ze spo\u0142eczno\u015bci przyjmuj\u0105cych. <\/p>\n<\/div><\/div>\n\n\n\n<div class=\"wp-block-esab-accordion-child\" style=\"border:0px solid #E0E0E0\"><div class=\"esab__head\" style=\"padding:10px 10px 10px 10px;background-color:transparent\" role=\"button\" aria-expanded=\"false\"><div class=\"esab__heading_txt\"><h4 class=\"esab__heading_tag\">Co znajd\u0119?<\/h4><\/div><div class=\"esab__icon\"><div class=\"esab__collapse\"><svg version=\"1.2\" viewBox=\"0 0 24 24\" width=\"24\" height=\"24\"><path d=\"m11.3 3.6h1.4q0.2 0 0.2 0.1v16.6q0 0.1-0.2 0.1h-1.4q-0.2 0-0.2-0.2v-16.5q0-0.1 0.2-0.1z\"><\/path><path d=\"m4.1 11.1h15.8q0.2 0 0.2 0.2v1.4q0 0.2-0.2 0.2h-15.8q-0.2 0-0.2-0.2v-1.4q0-0.2 0.2-0.2z\"><\/path><\/svg><\/div><div class=\"esab__expand\"><svg version=\"1.2\" viewBox=\"0 0 24 24\" width=\"24\" height=\"24\"><path d=\"m3.4 11.1h17.2v1.8h-17.2z\"><\/path><\/svg><\/div><\/div><\/div><div class=\"esab__body\" style=\"border-top:1px solid #000000;padding:10px 10px 10px 10px;background-color:transparent\">\n<p>Dwa g\u0142\u00f3wne rodzaje zasob\u00f3w obejmuj\u0105 Sport Coach+:<\/p>\n\n\n\n<ul start=\"1\" class=\"wp-block-list\">\n<li><a href=\"https:\/\/www.sportcoachplus.org\/pl\/podrecznik-trenera-sportowego\/\" data-type=\"page\" data-id=\"188\">Podr\u0119cznik<\/a> zawiera informacje i spostrze\u017cenia na temat korzy\u015bci i potencjalnych szk\u00f3d zwi\u0105zanych z uprawianiem sportu oraz wp\u0142ywu stresu na m\u0142odych zawodnik\u00f3w w obliczu przesiedlenia. Zapewnia r\u00f3wnie\u017c praktyczne wskaz\u00f3wki dotycz\u0105ce wdra\u017cania bezpiecznego i wspieraj\u0105cego sportu. <br\/><\/li>\n\n\n\n<li>Na stronie <a href=\"https:\/\/www.sportcoachplus.org\/pl\/zasoby\/\" data-type=\"page\" data-id=\"419\">Zasoby<\/a> mo\u017cna znale\u017a\u0107 og\u00f3lnodost\u0119pn\u0105 kolekcj\u0119 materia\u0142\u00f3w przeznaczonych dla ka\u017cdego, kto pracuje nad promowaniem bezpiecznego i wspieraj\u0105cego \u015brodowiska sportowego. Strona oferuje praktyczne zasoby, w tym filmy i inne dost\u0119pne tre\u015bci oparte na rzeczywistych praktykach. <\/li>\n<\/ul>\n<\/div><\/div>\n\n\n\n<div class=\"wp-block-esab-accordion-child\" style=\"border:0px solid #E0E0E0\"><div class=\"esab__head\" style=\"padding:10px 10px 10px 10px;background-color:transparent\" role=\"button\" aria-expanded=\"false\"><div class=\"esab__heading_txt\"><h4 class=\"esab__heading_tag\">Jak mog\u0119 sta\u0107 si\u0119 cz\u0119\u015bci\u0105 tej inicjatywy?<\/h4><\/div><div class=\"esab__icon\"><div class=\"esab__collapse\"><svg version=\"1.2\" viewBox=\"0 0 24 24\" width=\"24\" height=\"24\"><path d=\"m11.3 3.6h1.4q0.2 0 0.2 0.1v16.6q0 0.1-0.2 0.1h-1.4q-0.2 0-0.2-0.2v-16.5q0-0.1 0.2-0.1z\"><\/path><path d=\"m4.1 11.1h15.8q0.2 0 0.2 0.2v1.4q0 0.2-0.2 0.2h-15.8q-0.2 0-0.2-0.2v-1.4q0-0.2 0.2-0.2z\"><\/path><\/svg><\/div><div class=\"esab__expand\"><svg version=\"1.2\" viewBox=\"0 0 24 24\" width=\"24\" height=\"24\"><path d=\"m3.4 11.1h17.2v1.8h-17.2z\"><\/path><\/svg><\/div><\/div><\/div><div class=\"esab__body\" style=\"border-top:1px solid #000000;padding:10px 10px 10px 10px;background-color:transparent\">\n<p>Je\u015bli chcesz do\u0142\u0105czy\u0107 do programu Sport Coach+, nie wahaj si\u0119 <a href=\"https:\/\/www.sportcoachplus.org\/pl\/dolacz-do-nas\/\" data-type=\"page\" data-id=\"58\">z nami skontaktowa\u0107<\/a>. Poszukujemy os\u00f3b, kt\u00f3re pomog\u0105 nam rozwin\u0105\u0107 projekt. <\/p>\n<\/div><\/div>\n<\/div><\/div>\n<\/div><\/section>\n\n<section id=\"for-sport-coaches\" class=\"wp-block-group mb-5\"><div class=\"wp-block-group__inner-container is-layout-constrained wp-block-group-is-layout-constrained\">\n<h3 class=\"wp-block-heading has-text-align-center\" style=\"text-transform:uppercase\">Dla trener\u00f3w sportowych<\/h3>\n\n\n\n<div class=\"wp-block-esab-accordion accordion-bb8e445c esab__head--border-bottom\" data-mode=\"global\"><div class=\"esab__container\" style=\"row-gap:10px;margin:0px 0px 0px 0px\">\n<div class=\"wp-block-esab-accordion-child\" style=\"border:0px solid #E0E0E0\"><div class=\"esab__head\" style=\"padding:10px 10px 10px 10px;background-color:transparent\" role=\"button\" aria-expanded=\"false\"><div class=\"esab__heading_txt\"><h4 class=\"esab__heading_tag\">Gdzie mog\u0119 uzyska\u0107 dost\u0119p do tre\u015bci Podr\u0119cznika?<\/h4><\/div><div class=\"esab__icon\"><div class=\"esab__collapse\"><svg version=\"1.2\" viewBox=\"0 0 24 24\" width=\"24\" height=\"24\"><path d=\"m11.3 3.6h1.4q0.2 0 0.2 0.1v16.6q0 0.1-0.2 0.1h-1.4q-0.2 0-0.2-0.2v-16.5q0-0.1 0.2-0.1z\"><\/path><path d=\"m4.1 11.1h15.8q0.2 0 0.2 0.2v1.4q0 0.2-0.2 0.2h-15.8q-0.2 0-0.2-0.2v-1.4q0-0.2 0.2-0.2z\"><\/path><\/svg><\/div><div class=\"esab__expand\"><svg version=\"1.2\" viewBox=\"0 0 24 24\" width=\"24\" height=\"24\"><path d=\"m3.4 11.1h17.2v1.8h-17.2z\"><\/path><\/svg><\/div><\/div><\/div><div class=\"esab__body\" style=\"border-top:1px solid #000000;padding:10px 10px 10px 10px;background-color:transparent\">\n<p>Dost\u0119p do zawarto\u015bci Podr\u0119cznika mo\u017cna uzyska\u0107 na dwa r\u00f3\u017cne sposoby:<\/p>\n\n\n\n<ul class=\"wp-block-list\">\n<li>Dost\u0119p do modelu podr\u0119cznika mo\u017cna uzyska\u0107, wchodz\u0105c w interakcj\u0119 ze schematem ko\u0142a na <a href=\"https:\/\/www.sportcoachplus.org\/pl\/podrecznik-trenera-sportowego\/\" data-type=\"page\" data-id=\"188\">stronie podr\u0119cznika<\/a>.<br\/><\/li>\n\n\n\n<li>Alternatywnie, Podr\u0119cznik mo\u017cna pobra\u0107 jako pojedynczy plik PDF tutaj.<\/li>\n<\/ul>\n<\/div><\/div>\n\n\n\n<div class=\"wp-block-esab-accordion-child\" style=\"border:0px solid #E0E0E0\"><div class=\"esab__head\" style=\"padding:10px 10px 10px 10px;background-color:transparent\" role=\"button\" aria-expanded=\"false\"><div class=\"esab__heading_txt\"><h4 class=\"esab__heading_tag\">Jak\u0105 wiedz\u0119 powinienem posiada\u0107 przed zastosowaniem Podr\u0119cznika?<\/h4><\/div><div class=\"esab__icon\"><div class=\"esab__collapse\"><svg version=\"1.2\" viewBox=\"0 0 24 24\" width=\"24\" height=\"24\"><path d=\"m11.3 3.6h1.4q0.2 0 0.2 0.1v16.6q0 0.1-0.2 0.1h-1.4q-0.2 0-0.2-0.2v-16.5q0-0.1 0.2-0.1z\"><\/path><path d=\"m4.1 11.1h15.8q0.2 0 0.2 0.2v1.4q0 0.2-0.2 0.2h-15.8q-0.2 0-0.2-0.2v-1.4q0-0.2 0.2-0.2z\"><\/path><\/svg><\/div><div class=\"esab__expand\"><svg version=\"1.2\" viewBox=\"0 0 24 24\" width=\"24\" height=\"24\"><path d=\"m3.4 11.1h17.2v1.8h-17.2z\"><\/path><\/svg><\/div><\/div><\/div><div class=\"esab__body\" style=\"border-top:1px solid #000000;padding:10px 10px 10px 10px;background-color:transparent\">\n<p>Posiadanie podstawowej wiedzy z zakresu psychologii sportu, wraz z do\u015bwiadczeniem trenerskim lub udzia\u0142em w sporcie, by\u0142oby korzystne.<\/p>\n\n\n\n<p>Znajomo\u015b\u0107 zasad bezpiecze\u0144stwa, integracji, godno\u015bci, r\u00f3\u017cnorodno\u015bci i zarz\u0105dzania konfliktami w \u015brodowiskach sportowych zwi\u0119kszy praktyczne zastosowanie zasob\u00f3w podr\u0119cznika.<\/p>\n<\/div><\/div>\n<\/div><\/div>\n<\/div><\/section>\n\n<section id=\"for-trainers\" class=\"wp-block-group mb-5\"><div class=\"wp-block-group__inner-container is-layout-constrained wp-block-group-is-layout-constrained\">\n<h3 class=\"wp-block-heading has-text-align-center\" style=\"text-transform:uppercase\">Dla trener\u00f3w<\/h3>\n\n\n\n<div class=\"wp-block-esab-accordion accordion-3bdb9801 esab__head--border-bottom\" data-mode=\"global\"><div class=\"esab__container\" style=\"row-gap:10px;margin:0px 0px 0px 0px\">\n<div class=\"wp-block-esab-accordion-child\" style=\"border:0px solid #E0E0E0\"><div class=\"esab__head\" style=\"padding:10px 10px 10px 10px;background-color:transparent\" role=\"button\" aria-expanded=\"false\"><div class=\"esab__heading_txt\"><h4 class=\"esab__heading_tag\">Kim s\u0105 trenerzy?<\/h4><\/div><div class=\"esab__icon\"><div class=\"esab__collapse\"><svg version=\"1.2\" viewBox=\"0 0 24 24\" width=\"24\" height=\"24\"><path d=\"m11.3 3.6h1.4q0.2 0 0.2 0.1v16.6q0 0.1-0.2 0.1h-1.4q-0.2 0-0.2-0.2v-16.5q0-0.1 0.2-0.1z\"><\/path><path d=\"m4.1 11.1h15.8q0.2 0 0.2 0.2v1.4q0 0.2-0.2 0.2h-15.8q-0.2 0-0.2-0.2v-1.4q0-0.2 0.2-0.2z\"><\/path><\/svg><\/div><div class=\"esab__expand\"><svg version=\"1.2\" viewBox=\"0 0 24 24\" width=\"24\" height=\"24\"><path d=\"m3.4 11.1h17.2v1.8h-17.2z\"><\/path><\/svg><\/div><\/div><\/div><div class=\"esab__body\" style=\"border-top:1px solid #000000;padding:10px 10px 10px 10px;background-color:transparent\">\n<p>Trenerzy maj\u0105 solidne zrozumienie wytycznych i do\u015bwiadczenie w prowadzeniu sesji szkoleniowych. Posiadaj\u0105 wiedz\u0119 zar\u00f3wno w zakresie sportu, jak i zdrowia psychicznego i wsparcia psychospo\u0142ecznego (MHPSS), zapewniaj\u0105c, \u017ce uczestnicy zdob\u0119d\u0105 praktyczne umiej\u0119tno\u015bci i spostrze\u017cenia. Trenerzy tworz\u0105 wspieraj\u0105ce \u015brodowisko uczenia si\u0119, pomagaj\u0105c uczestnikom zastosowa\u0107 te koncepcje w rzeczywistych sytuacjach.  <\/p>\n<\/div><\/div>\n\n\n\n<div class=\"wp-block-esab-accordion-child\" style=\"border:0px solid #E0E0E0\"><div class=\"esab__head\" style=\"padding:10px 10px 10px 10px;background-color:transparent\" role=\"button\" aria-expanded=\"false\"><div class=\"esab__heading_txt\"><h4 class=\"esab__heading_tag\"><strong>Jakie zasoby s\u0105 dost\u0119pne na szkolenia?<\/strong><\/h4><\/div><div class=\"esab__icon\"><div class=\"esab__collapse\"><svg version=\"1.2\" viewBox=\"0 0 24 24\" width=\"24\" height=\"24\"><path d=\"m11.3 3.6h1.4q0.2 0 0.2 0.1v16.6q0 0.1-0.2 0.1h-1.4q-0.2 0-0.2-0.2v-16.5q0-0.1 0.2-0.1z\"><\/path><path d=\"m4.1 11.1h15.8q0.2 0 0.2 0.2v1.4q0 0.2-0.2 0.2h-15.8q-0.2 0-0.2-0.2v-1.4q0-0.2 0.2-0.2z\"><\/path><\/svg><\/div><div class=\"esab__expand\"><svg version=\"1.2\" viewBox=\"0 0 24 24\" width=\"24\" height=\"24\"><path d=\"m3.4 11.1h17.2v1.8h-17.2z\"><\/path><\/svg><\/div><\/div><\/div><div class=\"esab__body\" style=\"border-top:1px solid #000000;padding:10px 10px 10px 10px;background-color:transparent\">\n<p>Istniej\u0105 3 g\u0142\u00f3wne rodzaje zasob\u00f3w szkoleniowych:<\/p>\n\n\n\n<ul class=\"wp-block-list\">\n<li>Podr\u0119cznik facylitacji jednodniowego szkolenia SC+ dla trener\u00f3w sportowych, w tym agenda, materia\u0142y informacyjne, \u0107wiczenia i wskaz\u00f3wki dotycz\u0105ce facylitacji.<\/li>\n\n\n\n<li>Train-the-Trainer to trzydniowe szkolenie, kt\u00f3rego celem jest przygotowanie trenera do opracowywania i wdra\u017cania lokalnych, aktywnych i opartych na do\u015bwiadczeniu szkole\u0144 odpowiednich dla trener\u00f3w sportowych. Dost\u0119pne na \u017cyczenie.   <\/li>\n<\/ul>\n<\/div><\/div>\n<\/div><\/div>\n<\/div><\/section>\n","protected":false},"excerpt":{"rendered":"<p>Pytania og\u00f3lne Dla trener\u00f3w sportowych Dla trener\u00f3w [&#8230;]<\/p>\n<p><a class=\"btn btn-secondary understrap-read-more-link\" href=\"https:\/\/www.sportcoachplus.org\/pl\/faq\/\">Czytaj dalej\u2026<span class=\"screen-reader-text\"> from FAQ<\/span><\/a><\/p>\n","protected":false},"author":8,"featured_media":0,"parent":0,"menu_order":0,"comment_status":"closed","ping_status":"closed","template":"page-templates\/no-title.php","meta":{"_acf_changed":false,"inline_featured_image":false,"_monsterinsights_skip_tracking":false,"_monsterinsights_sitenote_active":false,"_monsterinsights_sitenote_note":"","_monsterinsights_sitenote_category":0,"footnotes":""},"class_list":["post-2365","page","type-page","status-publish","hentry"],"acf":[],"yoast_head":"<!-- This site is optimized with the Yoast SEO plugin v27.5 - https:\/\/yoast.com\/product\/yoast-seo-wordpress\/ -->\n<title>FAQ - Sport Coach+<\/title>\n<meta name=\"robots\" content=\"index, follow, max-snippet:-1, max-image-preview:large, max-video-preview:-1\" \/>\n<link rel=\"canonical\" href=\"https:\/\/www.sportcoachplus.org\/pl\/faq\/\" \/>\n<meta property=\"og:locale\" content=\"pl_PL\" \/>\n<meta property=\"og:type\" content=\"article\" \/>\n<meta property=\"og:title\" content=\"FAQ - Sport Coach+\" \/>\n<meta property=\"og:description\" content=\"Pytania og\u00f3lne Dla trener\u00f3w sportowych Dla trener\u00f3w [...]Czytaj dalej\u2026 from FAQ\" \/>\n<meta property=\"og:url\" content=\"https:\/\/www.sportcoachplus.org\/pl\/faq\/\" \/>\n<meta property=\"og:site_name\" content=\"Sport Coach+\" \/>\n<meta property=\"article:modified_time\" content=\"2024-12-04T09:01:17+00:00\" \/>\n<meta name=\"twitter:card\" content=\"summary_large_image\" \/>\n<meta name=\"twitter:label1\" content=\"Szacowany czas czytania\" \/>\n\t<meta name=\"twitter:data1\" content=\"2 minuty\" \/>\n<script type=\"application\/ld+json\" class=\"yoast-schema-graph\">{\"@context\":\"https:\\\/\\\/schema.org\",\"@graph\":[{\"@type\":\"WebPage\",\"@id\":\"https:\\\/\\\/www.sportcoachplus.org\\\/pl\\\/faq\\\/\",\"url\":\"https:\\\/\\\/www.sportcoachplus.org\\\/pl\\\/faq\\\/\",\"name\":\"FAQ - Sport Coach+\",\"isPartOf\":{\"@id\":\"https:\\\/\\\/www.sportcoachplus.org\\\/pl\\\/#website\"},\"datePublished\":\"2024-05-09T11:38:05+00:00\",\"dateModified\":\"2024-12-04T09:01:17+00:00\",\"breadcrumb\":{\"@id\":\"https:\\\/\\\/www.sportcoachplus.org\\\/pl\\\/faq\\\/#breadcrumb\"},\"inLanguage\":\"pl-PL\",\"potentialAction\":[{\"@type\":\"ReadAction\",\"target\":[\"https:\\\/\\\/www.sportcoachplus.org\\\/pl\\\/faq\\\/\"]}]},{\"@type\":\"BreadcrumbList\",\"@id\":\"https:\\\/\\\/www.sportcoachplus.org\\\/pl\\\/faq\\\/#breadcrumb\",\"itemListElement\":[{\"@type\":\"ListItem\",\"position\":1,\"name\":\"Home\",\"item\":\"https:\\\/\\\/www.sportcoachplus.org\\\/pl\\\/\"},{\"@type\":\"ListItem\",\"position\":2,\"name\":\"FAQ\"}]},{\"@type\":\"WebSite\",\"@id\":\"https:\\\/\\\/www.sportcoachplus.org\\\/pl\\\/#website\",\"url\":\"https:\\\/\\\/www.sportcoachplus.org\\\/pl\\\/\",\"name\":\"Sport Coach+\",\"description\":\"Bezpieczny i wspieraj\u0105cy sport promuj\u0105cy zdrowie psychiczne m\u0142odych ludzi dotkni\u0119tych wysiedleniami\",\"publisher\":{\"@id\":\"https:\\\/\\\/www.sportcoachplus.org\\\/pl\\\/#organization\"},\"potentialAction\":[{\"@type\":\"SearchAction\",\"target\":{\"@type\":\"EntryPoint\",\"urlTemplate\":\"https:\\\/\\\/www.sportcoachplus.org\\\/pl\\\/?s={search_term_string}\"},\"query-input\":{\"@type\":\"PropertyValueSpecification\",\"valueRequired\":true,\"valueName\":\"search_term_string\"}}],\"inLanguage\":\"pl-PL\"},{\"@type\":\"Organization\",\"@id\":\"https:\\\/\\\/www.sportcoachplus.org\\\/pl\\\/#organization\",\"name\":\"Sport Coach+\",\"url\":\"https:\\\/\\\/www.sportcoachplus.org\\\/pl\\\/\",\"logo\":{\"@type\":\"ImageObject\",\"inLanguage\":\"pl-PL\",\"@id\":\"https:\\\/\\\/www.sportcoachplus.org\\\/pl\\\/#\\\/schema\\\/logo\\\/image\\\/\",\"url\":\"https:\\\/\\\/www.sportcoachplus.org\\\/wp-content\\\/uploads\\\/2024\\\/05\\\/SportCoach-logo.svg\",\"contentUrl\":\"https:\\\/\\\/www.sportcoachplus.org\\\/wp-content\\\/uploads\\\/2024\\\/05\\\/SportCoach-logo.svg\",\"width\":488,\"height\":194,\"caption\":\"Sport Coach+\"},\"image\":{\"@id\":\"https:\\\/\\\/www.sportcoachplus.org\\\/pl\\\/#\\\/schema\\\/logo\\\/image\\\/\"}}]}<\/script>\n<!-- \/ Yoast SEO plugin. -->","yoast_head_json":{"title":"FAQ - Sport Coach+","robots":{"index":"index","follow":"follow","max-snippet":"max-snippet:-1","max-image-preview":"max-image-preview:large","max-video-preview":"max-video-preview:-1"},"canonical":"https:\/\/www.sportcoachplus.org\/pl\/faq\/","og_locale":"pl_PL","og_type":"article","og_title":"FAQ - Sport Coach+","og_description":"Pytania og\u00f3lne Dla trener\u00f3w sportowych Dla trener\u00f3w [...]Czytaj dalej\u2026 from FAQ","og_url":"https:\/\/www.sportcoachplus.org\/pl\/faq\/","og_site_name":"Sport Coach+","article_modified_time":"2024-12-04T09:01:17+00:00","twitter_card":"summary_large_image","twitter_misc":{"Szacowany czas czytania":"2 minuty"},"schema":{"@context":"https:\/\/schema.org","@graph":[{"@type":"WebPage","@id":"https:\/\/www.sportcoachplus.org\/pl\/faq\/","url":"https:\/\/www.sportcoachplus.org\/pl\/faq\/","name":"FAQ - Sport Coach+","isPartOf":{"@id":"https:\/\/www.sportcoachplus.org\/pl\/#website"},"datePublished":"2024-05-09T11:38:05+00:00","dateModified":"2024-12-04T09:01:17+00:00","breadcrumb":{"@id":"https:\/\/www.sportcoachplus.org\/pl\/faq\/#breadcrumb"},"inLanguage":"pl-PL","potentialAction":[{"@type":"ReadAction","target":["https:\/\/www.sportcoachplus.org\/pl\/faq\/"]}]},{"@type":"BreadcrumbList","@id":"https:\/\/www.sportcoachplus.org\/pl\/faq\/#breadcrumb","itemListElement":[{"@type":"ListItem","position":1,"name":"Home","item":"https:\/\/www.sportcoachplus.org\/pl\/"},{"@type":"ListItem","position":2,"name":"FAQ"}]},{"@type":"WebSite","@id":"https:\/\/www.sportcoachplus.org\/pl\/#website","url":"https:\/\/www.sportcoachplus.org\/pl\/","name":"Sport Coach+","description":"Bezpieczny i wspieraj\u0105cy sport promuj\u0105cy zdrowie psychiczne m\u0142odych ludzi dotkni\u0119tych wysiedleniami","publisher":{"@id":"https:\/\/www.sportcoachplus.org\/pl\/#organization"},"potentialAction":[{"@type":"SearchAction","target":{"@type":"EntryPoint","urlTemplate":"https:\/\/www.sportcoachplus.org\/pl\/?s={search_term_string}"},"query-input":{"@type":"PropertyValueSpecification","valueRequired":true,"valueName":"search_term_string"}}],"inLanguage":"pl-PL"},{"@type":"Organization","@id":"https:\/\/www.sportcoachplus.org\/pl\/#organization","name":"Sport Coach+","url":"https:\/\/www.sportcoachplus.org\/pl\/","logo":{"@type":"ImageObject","inLanguage":"pl-PL","@id":"https:\/\/www.sportcoachplus.org\/pl\/#\/schema\/logo\/image\/","url":"https:\/\/www.sportcoachplus.org\/wp-content\/uploads\/2024\/05\/SportCoach-logo.svg","contentUrl":"https:\/\/www.sportcoachplus.org\/wp-content\/uploads\/2024\/05\/SportCoach-logo.svg","width":488,"height":194,"caption":"Sport Coach+"},"image":{"@id":"https:\/\/www.sportcoachplus.org\/pl\/#\/schema\/logo\/image\/"}}]}},"_links":{"self":[{"href":"https:\/\/www.sportcoachplus.org\/pl\/wp-json\/wp\/v2\/pages\/2365","targetHints":{"allow":["GET"]}}],"collection":[{"href":"https:\/\/www.sportcoachplus.org\/pl\/wp-json\/wp\/v2\/pages"}],"about":[{"href":"https:\/\/www.sportcoachplus.org\/pl\/wp-json\/wp\/v2\/types\/page"}],"author":[{"embeddable":true,"href":"https:\/\/www.sportcoachplus.org\/pl\/wp-json\/wp\/v2\/users\/8"}],"replies":[{"embeddable":true,"href":"https:\/\/www.sportcoachplus.org\/pl\/wp-json\/wp\/v2\/comments?post=2365"}],"version-history":[{"count":3,"href":"https:\/\/www.sportcoachplus.org\/pl\/wp-json\/wp\/v2\/pages\/2365\/revisions"}],"predecessor-version":[{"id":2683,"href":"https:\/\/www.sportcoachplus.org\/pl\/wp-json\/wp\/v2\/pages\/2365\/revisions\/2683"}],"wp:attachment":[{"href":"https:\/\/www.sportcoachplus.org\/pl\/wp-json\/wp\/v2\/media?parent=2365"}],"curies":[{"name":"wp","href":"https:\/\/api.w.org\/{rel}","templated":true}]}}