{"id":6405,"date":"2024-03-26T14:52:58","date_gmt":"2024-03-26T13:52:58","guid":{"rendered":"https:\/\/www.sportcoachplus.org\/politique-de-confidentialite-et-avis-juridique\/"},"modified":"2025-08-19T14:01:42","modified_gmt":"2025-08-19T12:01:42","slug":"politique-de-confidentialite-et-avis-juridique","status":"publish","type":"page","link":"https:\/\/www.sportcoachplus.org\/fr\/politique-de-confidentialite-et-avis-juridique\/","title":{"rendered":"Politique de confidentialit\u00e9 et avis juridique"},"content":{"rendered":"\n<h2 class=\"wp-block-heading\">Clause de non-responsabilit\u00e9<\/h2>\n\n\n\n<p>Toutes les informations contenues dans ce site web sont prot\u00e9g\u00e9es par copyright \u00a9 Red Cross Red Crescent Movement MHPSS Hub and Olympic Refuge Foundation. Tous droits r\u00e9serv\u00e9s.<\/p>\n\n\n\n<h2 class=\"wp-block-heading\">Notre politique de confidentialit\u00e9<\/h2>\n\n\n\n<p>Ce site web est g\u00e9r\u00e9 par le Centre de r\u00e9f\u00e9rence pour le soutien psychosocial de la F\u00e9d\u00e9ration internationale des Soci\u00e9t\u00e9s de la Croix-Rouge et du Croissant-Rouge, h\u00e9berg\u00e9 par la Croix-Rouge danoise, et Olympic Refuge Foundation (\u00ab\u00a0nous\u00a0\u00bb, \u00ab\u00a0notre\u00a0\u00bb, \u00ab\u00a0nos\u00a0\u00bb, \u00ab\u00a0le site web\u00a0\u00bb). Nous prenons au s\u00e9rieux votre vie priv\u00e9e et la s\u00e9curit\u00e9 de vos informations personnelles, c&rsquo;est-\u00e0-dire toute information relative \u00e0 une personne identifi\u00e9e ou identifiable. Veuillez prendre le temps de lire la pr\u00e9sente politique de confidentialit\u00e9 et de prendre connaissance de nos principes g\u00e9n\u00e9raux en mati\u00e8re de confidentialit\u00e9 et de s\u00e9curit\u00e9 de l&rsquo;information. Toute modification de cette politique de confidentialit\u00e9 sera publi\u00e9e sur cette page.   <\/p>\n\n\n\n<h3 class=\"wp-block-heading\">A) Donn\u00e9es collect\u00e9es en acc\u00e9dant \u00e0 nos sites<\/h3>\n\n\n\n<h4 class=\"wp-block-heading\"><strong>1. Informations que vous fournissez<\/strong><\/h4>\n\n\n\n<p>Sur certaines pages web, vos donn\u00e9es personnelles peuvent \u00eatre demand\u00e9es. Par exemple, il est n\u00e9cessaire d&rsquo;obtenir votre adresse \u00e9lectronique, votre nom et d&rsquo;autres donn\u00e9es pour soumettre un formulaire de contact. Il est important de noter que certaines fonctionnalit\u00e9s du site web n\u00e9cessitent l&rsquo;utilisation de fournisseurs tiers (veuillez consulter la section F ci-dessous pour plus de d\u00e9tails).  <\/p>\n\n\n\n<h4 class=\"wp-block-heading\"><strong>2. Collecte automatique ou syst\u00e9matique<\/strong><\/h4>\n\n\n\n<p>Le simple fait de visiter le site web peut n\u00e9anmoins entra\u00eener la collecte et le traitement de certaines m\u00e9tadonn\u00e9es. Bien que nous nous soyons efforc\u00e9s de minimiser la collecte de donn\u00e9es, les \u00e9l\u00e9ments suivants peuvent \u00eatre collect\u00e9s (et trait\u00e9s pour les raisons expos\u00e9es dans la section B de la pr\u00e9sente politique de protection de la vie priv\u00e9e) : <\/p>\n\n\n\n<ul class=\"wp-block-list\">\n<li>votre adresse de protocole Internet (IP) (qui peut r\u00e9v\u00e9ler votre emplacement approximatif et votre fuseau horaire)<\/li>\n\n\n\n<li>l&rsquo;identifiant de l&rsquo;appareil (qui indique le type d&rsquo;appareil utilis\u00e9 pour acc\u00e9der \u00e0 la plate-forme et peut \u00e9galement r\u00e9v\u00e9ler le syst\u00e8me d&rsquo;exploitation utilis\u00e9)<\/li>\n\n\n\n<li>les dates et heures d&rsquo;utilisation<\/li>\n\n\n\n<li>URL demand\u00e9e<\/li>\n\n\n\n<li>le syst\u00e8me d&rsquo;exploitation que vous utilisez<\/li>\n<\/ul>\n\n\n\n<h4 class=\"wp-block-heading\"><strong>3. Utilisation de cookies<\/strong><\/h4>\n\n\n\n<p>Nous utilisons des cookies sur notre site web. Veuillez consulter le lien suivant pour en savoir plus : <a href=\"https:\/\/www.sportcoachplus.org\/cookie-policy\/\" data-type=\"page\" data-id=\"1312\">Politique en mati\u00e8re de cookies<\/a>. <\/p>\n\n\n\n<h3 class=\"wp-block-heading\">B) Comment ces informations sont-elles utilis\u00e9es ?<\/h3>\n\n\n\n<p>Ces informations sont utilis\u00e9es pour am\u00e9liorer notre service, \u00e9tablir des statistiques (y compris sur la consultation) et communiquer avec vous. Plus pr\u00e9cis\u00e9ment, elles sont utilis\u00e9es : <\/p>\n\n\n\n<ul class=\"wp-block-list\">\n<li>r\u00e9pondre \u00e0 vos demandes d&rsquo;information<\/li>\n\n\n\n<li>pour vous permettre d&rsquo;utiliser certaines fonctions interactives (par exemple, t\u00e9l\u00e9charger des donn\u00e9es, enregistrer des signets)<\/li>\n\n\n\n<li>fournir des services ou de l&rsquo;aide<\/li>\n\n\n\n<li>pour am\u00e9liorer notre site web, notre communication, nos produits et nos services ; pour compiler des statistiques sur la consultation et pour comprendre quel contenu int\u00e9resse le plus la communaut\u00e9<\/li>\n\n\n\n<li>maintenir la s\u00e9curit\u00e9 et l&rsquo;int\u00e9grit\u00e9<\/li>\n\n\n\n<li>pour s&rsquo;assurer que le contenu est pr\u00e9sent\u00e9 de la mani\u00e8re qui vous convient le mieux<\/li>\n<\/ul>\n\n\n\n<h3 class=\"wp-block-heading\">C) Acc\u00e8s et partage des donn\u00e9es<\/h3>\n\n\n\n<p>En r\u00e8gle g\u00e9n\u00e9rale, nous ne divulguerons aucune information vous identifiant personnellement, sauf avec votre permission. Les informations que vous nous fournissez ne seront pas vendues \u00e0 des tiers ni utilis\u00e9es d&rsquo;une mani\u00e8re incompatible avec les objectifs du site web. <\/p>\n\n\n\n<p>En outre, vos donn\u00e9es ne seront accessibles qu&rsquo;aux membres du personnel (et autres personnes autoris\u00e9es) qui ont un besoin l\u00e9gitime d&rsquo;y acc\u00e9der.<\/p>\n\n\n\n<h3 class=\"wp-block-heading\">D) Stockage, s\u00e9curit\u00e9, questions sur vos donn\u00e9es<\/h3>\n\n\n\n<p>Nous utilisons des syst\u00e8mes s\u00e9curis\u00e9s et mettons en \u0153uvre des mesures techniques et organisationnelles appropri\u00e9es pour sauvegarder vos informations personnelles et les prot\u00e9ger contre le traitement non autoris\u00e9 ou ill\u00e9gal, la perte accidentelle, la destruction ou les dommages. Bien que nous prenions des mesures raisonnables pour prot\u00e9ger vos informations personnelles, sachez qu&rsquo;aucun syst\u00e8me ne peut garantir une s\u00e9curit\u00e9 \u00e0 100 %. <\/p>\n\n\n\n<p>Lorsqu&rsquo;il est n\u00e9cessaire de partager vos donn\u00e9es personnelles avec des tiers, nous prendrons des mesures raisonnables pour garantir que vos donn\u00e9es personnelles continuent d&rsquo;\u00eatre trait\u00e9es en toute s\u00e9curit\u00e9.<\/p>\n\n\n\n<p>Ces mesures peuvent prendre la forme de dispositions contractuelles sp\u00e9cifiques exigeant de ces tiers qu&rsquo;ils mettent en \u0153uvre des mesures de s\u00e9curit\u00e9 au moins \u00e9quivalentes aux n\u00f4tres. Veuillez en tenir compte lorsque vous envoyez des communications. Nous ne pouvons pas garantir (et ne garantissons pas) une s\u00e9curit\u00e9 absolue.  <\/p>\n\n\n\n<p>Dans certaines circonstances, vous pouvez demander \u00e0 consulter les informations personnelles que nous d\u00e9tenons \u00e0 votre sujet. Vous pouvez \u00e9galement vous opposer \u00e0 certains traitements de donn\u00e9es \u00e0 caract\u00e8re personnel et\/ou demander la correction ou la suppression de ces donn\u00e9es \u00e0 caract\u00e8re personnel.   <\/p>\n\n\n\n<p>Veuillez contacter les services suivants pour toute question relative aux donn\u00e9es personnelles :<\/p>\n\n\n\n<p><strong>MHPSS Hub:<\/strong>\u00a0<a href=\"mailto:psychosocial.centre@ifrc.org\" target=\"_blank\" rel=\"noreferrer noopener\"><\/a><a href=\"mailto:mhpsshub@rodekors.dk\">mhpsshub@rodekors.dk<\/a><\/p>\n\n\n\n<p><strong>ORF :<\/strong> <a href=\"mailto:contact@olympicrefugefoundation.org\" target=\"_blank\" rel=\"noreferrer noopener\">contact@olympicrefugefoundation.org<\/a><\/p>\n\n\n\n<h3 class=\"wp-block-heading\">E) Privil\u00e8ges et immunit\u00e9s<\/h3>\n\n\n\n<p>Rien dans ou en rapport avec cette politique de confidentialit\u00e9 ou ce site ne peut \u00eatre consid\u00e9r\u00e9 comme une renonciation aux privil\u00e8ges et immunit\u00e9s de la F\u00e9d\u00e9ration.<\/p>\n\n\n\n<h3 class=\"wp-block-heading\">F) Note sur les liens vers des sites web externes<\/h3>\n\n\n\n<p>Veuillez noter que cette politique de confidentialit\u00e9 ne s&rsquo;applique qu&rsquo;au site web sportcoachplus.org. Elle ne s&rsquo;applique pas aux pages h\u00e9berg\u00e9es par d&rsquo;autres organisations, notamment les Soci\u00e9t\u00e9s nationales de la Croix-Rouge et du Croissant-Rouge et le Comit\u00e9 international de la Croix-Rouge, qui disposent de leur propre politique de confidentialit\u00e9. <\/p>\n\n\n\n<p>En outre, certaines pages Web de sportcoachplus.org peuvent : 1) incorporer ou rediriger vers des fournisseurs de services tiers et 2) contenir des liens vers des sites tiers, tels que Facebook, YouTube ou Twitter, par exemple. Ces sites tiers et externes (et tout autre site n&rsquo;appartenant pas \u00e0 sportcoachplus.org) auront g\u00e9n\u00e9ralement leurs propres politiques de confidentialit\u00e9 et pratiques de traitement des donn\u00e9es que nous ne contr\u00f4lons pas. Nous vous encourageons vivement \u00e0 consulter ces politiques de confidentialit\u00e9.    <\/p>\n\n\n\n<div class=\"wp-block-group is-nowrap is-layout-flex wp-container-core-group-is-layout-ad2f72ca wp-block-group-is-layout-flex\">\n<p class=\"small has-gray-color has-text-color has-link-color wp-elements-71a18624e22d4ee87c11a3c304d6bbf4\">&#8211; Cette version de la politique a \u00e9t\u00e9 modifi\u00e9e pour la derni\u00e8re fois le :<\/p>\n\n\n<div class=\"wp-block-post-date__modified-date small wp-block-post-date\"><time datetime=\"2025-08-19T14:01:42+02:00\">ao\u00fbt 19, 2025<\/time><\/div><\/div>\n","protected":false},"excerpt":{"rendered":"<p>Clause de non-responsabilit\u00e9 Toutes les informations contenues dans ce site web sont prot\u00e9g\u00e9es par copyright \u00a9 Red Cross Red Crescent Movement MHPSS Hub and Olympic Refuge Foundation. Tous droits r\u00e9serv\u00e9s. Notre politique de confidentialit\u00e9 Ce site web est g\u00e9r\u00e9 par le Centre de r\u00e9f\u00e9rence pour le soutien psychosocial de la F\u00e9d\u00e9ration internationale des Soci\u00e9t\u00e9s de [&#8230;]<\/p>\n<p><a class=\"btn btn-secondary understrap-read-more-link\" href=\"https:\/\/www.sportcoachplus.org\/fr\/politique-de-confidentialite-et-avis-juridique\/\">Lire la suite\u2026<span class=\"screen-reader-text\"> from Politique de confidentialit\u00e9 et avis juridique<\/span><\/a><\/p>\n","protected":false},"author":8,"featured_media":0,"parent":0,"menu_order":0,"comment_status":"closed","ping_status":"closed","template":"page-templates\/no-title.php","meta":{"_acf_changed":false,"inline_featured_image":false,"_monsterinsights_skip_tracking":false,"_monsterinsights_sitenote_active":false,"_monsterinsights_sitenote_note":"","_monsterinsights_sitenote_category":0,"footnotes":""},"class_list":["post-6405","page","type-page","status-publish","hentry"],"acf":[],"yoast_head":"<!-- This site is optimized with the Yoast SEO plugin v27.4 - https:\/\/yoast.com\/product\/yoast-seo-wordpress\/ -->\n<title>Politique de confidentialit\u00e9 et avis juridique - Sport Coach+<\/title>\n<meta name=\"robots\" content=\"index, follow, max-snippet:-1, max-image-preview:large, max-video-preview:-1\" \/>\n<link rel=\"canonical\" href=\"https:\/\/www.sportcoachplus.org\/fr\/politique-de-confidentialite-et-avis-juridique\/\" \/>\n<meta property=\"og:locale\" content=\"fr_FR\" \/>\n<meta property=\"og:type\" content=\"article\" \/>\n<meta property=\"og:title\" content=\"Politique de confidentialit\u00e9 et avis juridique - Sport Coach+\" \/>\n<meta property=\"og:description\" content=\"Clause de non-responsabilit\u00e9 Toutes les informations contenues dans ce site web sont prot\u00e9g\u00e9es par copyright \u00a9 Red Cross Red Crescent Movement MHPSS Hub and Olympic Refuge Foundation. Tous droits r\u00e9serv\u00e9s. Notre politique de confidentialit\u00e9 Ce site web est g\u00e9r\u00e9 par le Centre de r\u00e9f\u00e9rence pour le soutien psychosocial de la F\u00e9d\u00e9ration internationale des Soci\u00e9t\u00e9s de [...]Lire la suite\u2026 from Politique de confidentialit\u00e9 et avis juridique\" \/>\n<meta property=\"og:url\" content=\"https:\/\/www.sportcoachplus.org\/fr\/politique-de-confidentialite-et-avis-juridique\/\" \/>\n<meta property=\"og:site_name\" content=\"Sport Coach+\" \/>\n<meta property=\"article:modified_time\" content=\"2025-08-19T12:01:42+00:00\" \/>\n<meta name=\"twitter:card\" content=\"summary_large_image\" \/>\n<meta name=\"twitter:label1\" content=\"Dur\u00e9e de lecture estim\u00e9e\" \/>\n\t<meta name=\"twitter:data1\" content=\"4 minutes\" \/>\n<script type=\"application\/ld+json\" class=\"yoast-schema-graph\">{\"@context\":\"https:\\\/\\\/schema.org\",\"@graph\":[{\"@type\":\"WebPage\",\"@id\":\"https:\\\/\\\/www.sportcoachplus.org\\\/fr\\\/politique-de-confidentialite-et-avis-juridique\\\/\",\"url\":\"https:\\\/\\\/www.sportcoachplus.org\\\/fr\\\/politique-de-confidentialite-et-avis-juridique\\\/\",\"name\":\"Politique de confidentialit\u00e9 et avis juridique - Sport Coach+\",\"isPartOf\":{\"@id\":\"https:\\\/\\\/www.sportcoachplus.org\\\/fr\\\/#website\"},\"datePublished\":\"2024-03-26T13:52:58+00:00\",\"dateModified\":\"2025-08-19T12:01:42+00:00\",\"breadcrumb\":{\"@id\":\"https:\\\/\\\/www.sportcoachplus.org\\\/fr\\\/politique-de-confidentialite-et-avis-juridique\\\/#breadcrumb\"},\"inLanguage\":\"fr-FR\",\"potentialAction\":[{\"@type\":\"ReadAction\",\"target\":[\"https:\\\/\\\/www.sportcoachplus.org\\\/fr\\\/politique-de-confidentialite-et-avis-juridique\\\/\"]}]},{\"@type\":\"BreadcrumbList\",\"@id\":\"https:\\\/\\\/www.sportcoachplus.org\\\/fr\\\/politique-de-confidentialite-et-avis-juridique\\\/#breadcrumb\",\"itemListElement\":[{\"@type\":\"ListItem\",\"position\":1,\"name\":\"Home\",\"item\":\"https:\\\/\\\/www.sportcoachplus.org\\\/fr\\\/\"},{\"@type\":\"ListItem\",\"position\":2,\"name\":\"Politique de confidentialit\u00e9 et avis juridique\"}]},{\"@type\":\"WebSite\",\"@id\":\"https:\\\/\\\/www.sportcoachplus.org\\\/fr\\\/#website\",\"url\":\"https:\\\/\\\/www.sportcoachplus.org\\\/fr\\\/\",\"name\":\"Sport Coach+\",\"description\":\"Un sport s\u00fbr et solidaire pour promouvoir la sant\u00e9 mentale des jeunes touch\u00e9s par le d\u00e9placement\",\"publisher\":{\"@id\":\"https:\\\/\\\/www.sportcoachplus.org\\\/fr\\\/#organization\"},\"potentialAction\":[{\"@type\":\"SearchAction\",\"target\":{\"@type\":\"EntryPoint\",\"urlTemplate\":\"https:\\\/\\\/www.sportcoachplus.org\\\/fr\\\/?s={search_term_string}\"},\"query-input\":{\"@type\":\"PropertyValueSpecification\",\"valueRequired\":true,\"valueName\":\"search_term_string\"}}],\"inLanguage\":\"fr-FR\"},{\"@type\":\"Organization\",\"@id\":\"https:\\\/\\\/www.sportcoachplus.org\\\/fr\\\/#organization\",\"name\":\"Sport Coach+\",\"url\":\"https:\\\/\\\/www.sportcoachplus.org\\\/fr\\\/\",\"logo\":{\"@type\":\"ImageObject\",\"inLanguage\":\"fr-FR\",\"@id\":\"https:\\\/\\\/www.sportcoachplus.org\\\/fr\\\/#\\\/schema\\\/logo\\\/image\\\/\",\"url\":\"https:\\\/\\\/www.sportcoachplus.org\\\/wp-content\\\/uploads\\\/2024\\\/05\\\/SportCoach-logo.svg\",\"contentUrl\":\"https:\\\/\\\/www.sportcoachplus.org\\\/wp-content\\\/uploads\\\/2024\\\/05\\\/SportCoach-logo.svg\",\"width\":488,\"height\":194,\"caption\":\"Sport Coach+\"},\"image\":{\"@id\":\"https:\\\/\\\/www.sportcoachplus.org\\\/fr\\\/#\\\/schema\\\/logo\\\/image\\\/\"}}]}<\/script>\n<!-- \/ Yoast SEO plugin. -->","yoast_head_json":{"title":"Politique de confidentialit\u00e9 et avis juridique - Sport Coach+","robots":{"index":"index","follow":"follow","max-snippet":"max-snippet:-1","max-image-preview":"max-image-preview:large","max-video-preview":"max-video-preview:-1"},"canonical":"https:\/\/www.sportcoachplus.org\/fr\/politique-de-confidentialite-et-avis-juridique\/","og_locale":"fr_FR","og_type":"article","og_title":"Politique de confidentialit\u00e9 et avis juridique - Sport Coach+","og_description":"Clause de non-responsabilit\u00e9 Toutes les informations contenues dans ce site web sont prot\u00e9g\u00e9es par copyright \u00a9 Red Cross Red Crescent Movement MHPSS Hub and Olympic Refuge Foundation. Tous droits r\u00e9serv\u00e9s. Notre politique de confidentialit\u00e9 Ce site web est g\u00e9r\u00e9 par le Centre de r\u00e9f\u00e9rence pour le soutien psychosocial de la F\u00e9d\u00e9ration internationale des Soci\u00e9t\u00e9s de [...]Lire la suite\u2026 from Politique de confidentialit\u00e9 et avis juridique","og_url":"https:\/\/www.sportcoachplus.org\/fr\/politique-de-confidentialite-et-avis-juridique\/","og_site_name":"Sport Coach+","article_modified_time":"2025-08-19T12:01:42+00:00","twitter_card":"summary_large_image","twitter_misc":{"Dur\u00e9e de lecture estim\u00e9e":"4 minutes"},"schema":{"@context":"https:\/\/schema.org","@graph":[{"@type":"WebPage","@id":"https:\/\/www.sportcoachplus.org\/fr\/politique-de-confidentialite-et-avis-juridique\/","url":"https:\/\/www.sportcoachplus.org\/fr\/politique-de-confidentialite-et-avis-juridique\/","name":"Politique de confidentialit\u00e9 et avis juridique - Sport Coach+","isPartOf":{"@id":"https:\/\/www.sportcoachplus.org\/fr\/#website"},"datePublished":"2024-03-26T13:52:58+00:00","dateModified":"2025-08-19T12:01:42+00:00","breadcrumb":{"@id":"https:\/\/www.sportcoachplus.org\/fr\/politique-de-confidentialite-et-avis-juridique\/#breadcrumb"},"inLanguage":"fr-FR","potentialAction":[{"@type":"ReadAction","target":["https:\/\/www.sportcoachplus.org\/fr\/politique-de-confidentialite-et-avis-juridique\/"]}]},{"@type":"BreadcrumbList","@id":"https:\/\/www.sportcoachplus.org\/fr\/politique-de-confidentialite-et-avis-juridique\/#breadcrumb","itemListElement":[{"@type":"ListItem","position":1,"name":"Home","item":"https:\/\/www.sportcoachplus.org\/fr\/"},{"@type":"ListItem","position":2,"name":"Politique de confidentialit\u00e9 et avis juridique"}]},{"@type":"WebSite","@id":"https:\/\/www.sportcoachplus.org\/fr\/#website","url":"https:\/\/www.sportcoachplus.org\/fr\/","name":"Sport Coach+","description":"Un sport s\u00fbr et solidaire pour promouvoir la sant\u00e9 mentale des jeunes touch\u00e9s par le d\u00e9placement","publisher":{"@id":"https:\/\/www.sportcoachplus.org\/fr\/#organization"},"potentialAction":[{"@type":"SearchAction","target":{"@type":"EntryPoint","urlTemplate":"https:\/\/www.sportcoachplus.org\/fr\/?s={search_term_string}"},"query-input":{"@type":"PropertyValueSpecification","valueRequired":true,"valueName":"search_term_string"}}],"inLanguage":"fr-FR"},{"@type":"Organization","@id":"https:\/\/www.sportcoachplus.org\/fr\/#organization","name":"Sport Coach+","url":"https:\/\/www.sportcoachplus.org\/fr\/","logo":{"@type":"ImageObject","inLanguage":"fr-FR","@id":"https:\/\/www.sportcoachplus.org\/fr\/#\/schema\/logo\/image\/","url":"https:\/\/www.sportcoachplus.org\/wp-content\/uploads\/2024\/05\/SportCoach-logo.svg","contentUrl":"https:\/\/www.sportcoachplus.org\/wp-content\/uploads\/2024\/05\/SportCoach-logo.svg","width":488,"height":194,"caption":"Sport Coach+"},"image":{"@id":"https:\/\/www.sportcoachplus.org\/fr\/#\/schema\/logo\/image\/"}}]}},"_links":{"self":[{"href":"https:\/\/www.sportcoachplus.org\/fr\/wp-json\/wp\/v2\/pages\/6405","targetHints":{"allow":["GET"]}}],"collection":[{"href":"https:\/\/www.sportcoachplus.org\/fr\/wp-json\/wp\/v2\/pages"}],"about":[{"href":"https:\/\/www.sportcoachplus.org\/fr\/wp-json\/wp\/v2\/types\/page"}],"author":[{"embeddable":true,"href":"https:\/\/www.sportcoachplus.org\/fr\/wp-json\/wp\/v2\/users\/8"}],"replies":[{"embeddable":true,"href":"https:\/\/www.sportcoachplus.org\/fr\/wp-json\/wp\/v2\/comments?post=6405"}],"version-history":[{"count":3,"href":"https:\/\/www.sportcoachplus.org\/fr\/wp-json\/wp\/v2\/pages\/6405\/revisions"}],"predecessor-version":[{"id":6507,"href":"https:\/\/www.sportcoachplus.org\/fr\/wp-json\/wp\/v2\/pages\/6405\/revisions\/6507"}],"wp:attachment":[{"href":"https:\/\/www.sportcoachplus.org\/fr\/wp-json\/wp\/v2\/media?parent=6405"}],"curies":[{"name":"wp","href":"https:\/\/api.w.org\/{rel}","templated":true}]}}