{"id":2727,"date":"2024-05-02T10:24:37","date_gmt":"2024-05-02T08:24:37","guid":{"rendered":"https:\/\/www.sportcoachplus.org\/accueil\/"},"modified":"2025-01-10T10:33:55","modified_gmt":"2025-01-10T09:33:55","slug":"accueil","status":"publish","type":"page","link":"https:\/\/www.sportcoachplus.org\/fr\/","title":{"rendered":"Accueil"},"content":{"rendered":"\n<section id=\"who-is-this-program-for\" class=\"wp-block-group mb-5\"><div class=\"wp-block-group__inner-container is-layout-constrained wp-block-group-is-layout-constrained\">\n<h2 class=\"wp-block-heading\">\u00c0 qui s&rsquo;adresse le site Sport Coach+?<\/h2>\n\n\n\n<div class=\"wp-block-columns is-layout-flex wp-container-core-columns-is-layout-9d6595d7 wp-block-columns-is-layout-flex\">\n<div class=\"wp-block-column is-layout-flow wp-block-column-is-layout-flow\" style=\"flex-basis:50%\">\n<div class=\"wp-block-group box has-background\" style=\"background-color:#e9ecef\"><div class=\"wp-block-group__inner-container is-layout-constrained wp-block-group-is-layout-constrained\">\n<h3 class=\"wp-block-heading\">Vous \u00eates entra\u00eeneur sportif ?<\/h3>\n\n\n\n<ul class=\"wp-block-list\">\n<li>Explorez le <a href=\"https:\/\/www.sportcoachplus.org\/fr\/le-manuel-sport-coach\/\" data-type=\"page\" data-id=\"188\">manuel<\/a> pour renforcer vos sessions.<\/li>\n\n\n\n<li>Consultez notre page de <a href=\"https:\/\/www.sportcoachplus.org\/fr\/ressources\/\" data-type=\"page\" data-id=\"419\">ressources<\/a> en libre acc\u00e8s.<\/li>\n\n\n\n<li>Sauvegardez le contenu principal de Sport Coach+ et utilisez des <a href=\"https:\/\/www.sportcoachplus.org\/fr\/vos-signets\/\" data-type=\"page\" data-id=\"667\">signets<\/a> pour y acc\u00e9der \u00e0 nouveau facilement.<\/li>\n<\/ul>\n<\/div><\/div>\n<\/div>\n\n\n\n<div class=\"wp-block-column is-layout-flow wp-block-column-is-layout-flow\" style=\"flex-basis:50%\">\n<div class=\"wp-block-esab-accordion accordion-a3f4fbb7\" data-mode=\"global\"><div class=\"esab__container\">\n<div class=\"wp-block-esab-accordion-child bs__one\"><div class=\"esab__head\" role=\"button\" aria-expanded=\"false\"><div class=\"esab__heading_txt\"><h3 class=\"esab__heading_tag\">Vous dispensez des formations pour les entra\u00eeneurs sportifs ?<\/h3><\/div><div class=\"esab__icon\"><div class=\"esab__collapse\"><svg version=\"1.1\" id=\"Layer_1\" x=\"0px\" y=\"0px\" viewBox=\"0 0 512 512\"><path d=\"M505.752,123.582c-8.331-8.331-21.839-8.331-30.17,0L256,343.163L36.418,123.582c-8.331-8.331-21.839-8.331-30.17,0 s-8.331,21.839,0,30.17l234.667,234.667c8.331,8.331,21.839,8.331,30.17,0l234.667-234.667 C514.083,145.42,514.083,131.913,505.752,123.582z\"><\/path><\/svg><\/div><div class=\"esab__expand\"><svg version=\"1.1\" id=\"Capa_1\" x=\"0px\" y=\"0px\" viewBox=\"0 0 47.255 47.255\"><path d=\"M46.255,35.941c-0.256,0-0.512-0.098-0.707-0.293l-21.921-21.92l-21.92,21.92c-0.391,0.391-1.023,0.391-1.414,0 c-0.391-0.391-0.391-1.023,0-1.414L22.92,11.607c0.391-0.391,1.023-0.391,1.414,0l22.627,22.627c0.391,0.391,0.391,1.023,0,1.414 C46.767,35.844,46.511,35.941,46.255,35.941z\"><\/path><\/svg><\/div><\/div><\/div><div class=\"esab__body\">\n<ul class=\"wp-block-list\">\n<li>Acc\u00e9dez au site Sport Coach+ pour suivre <a href=\"https:\/\/www.sportcoachplus.org\/fr\/ressources\/\" data-type=\"page\" data-id=\"419\">une formation en vue<\/a> de soutenir les entra\u00eeneurs sportifs.<\/li>\n<\/ul>\n<\/div><\/div>\n\n\n\n<div class=\"wp-block-esab-accordion-child bs__one\"><div class=\"esab__head\" role=\"button\" aria-expanded=\"false\"><div class=\"esab__heading_txt\"><h3 class=\"esab__heading_tag\">Vous \u00eates coordinateur de programmes sportifs ?<\/h3><\/div><div class=\"esab__icon\"><div class=\"esab__collapse\"><svg version=\"1.1\" id=\"Layer_1\" x=\"0px\" y=\"0px\" viewBox=\"0 0 512 512\"><path d=\"M505.752,123.582c-8.331-8.331-21.839-8.331-30.17,0L256,343.163L36.418,123.582c-8.331-8.331-21.839-8.331-30.17,0 s-8.331,21.839,0,30.17l234.667,234.667c8.331,8.331,21.839,8.331,30.17,0l234.667-234.667 C514.083,145.42,514.083,131.913,505.752,123.582z\"><\/path><\/svg><\/div><div class=\"esab__expand\"><svg version=\"1.1\" id=\"Capa_1\" x=\"0px\" y=\"0px\" viewBox=\"0 0 47.255 47.255\"><path d=\"M46.255,35.941c-0.256,0-0.512-0.098-0.707-0.293l-21.921-21.92l-21.92,21.92c-0.391,0.391-1.023,0.391-1.414,0 c-0.391-0.391-0.391-1.023,0-1.414L22.92,11.607c0.391-0.391,1.023-0.391,1.414,0l22.627,22.627c0.391,0.391,0.391,1.023,0,1.414 C46.767,35.844,46.511,35.941,46.255,35.941z\"><\/path><\/svg><\/div><\/div><\/div><div class=\"esab__body\">\n<ul class=\"wp-block-list\">\n<li><a href=\"https:\/\/www.sportcoachplus.org\/fr\/rejoignez-nous\/\" data-type=\"page\" data-id=\"58\">Contactez-nous<\/a> pour avoir un impact positif sur votre communaut\u00e9.  <\/li>\n<\/ul>\n<\/div><\/div>\n\n\n\n<div class=\"wp-block-esab-accordion-child bs__one\"><div class=\"esab__head\" role=\"button\" aria-expanded=\"false\"><div class=\"esab__heading_txt\"><h3 class=\"esab__heading_tag\">Vous travaillez dans le domaine de la sant\u00e9 mentale et du soutien psychosocial des jeunes ?<\/h3><\/div><div class=\"esab__icon\"><div class=\"esab__collapse\"><svg version=\"1.1\" id=\"Layer_1\" x=\"0px\" y=\"0px\" viewBox=\"0 0 512 512\"><path d=\"M505.752,123.582c-8.331-8.331-21.839-8.331-30.17,0L256,343.163L36.418,123.582c-8.331-8.331-21.839-8.331-30.17,0 s-8.331,21.839,0,30.17l234.667,234.667c8.331,8.331,21.839,8.331,30.17,0l234.667-234.667 C514.083,145.42,514.083,131.913,505.752,123.582z\"><\/path><\/svg><\/div><div class=\"esab__expand\"><svg version=\"1.1\" id=\"Capa_1\" x=\"0px\" y=\"0px\" viewBox=\"0 0 47.255 47.255\"><path d=\"M46.255,35.941c-0.256,0-0.512-0.098-0.707-0.293l-21.921-21.92l-21.92,21.92c-0.391,0.391-1.023,0.391-1.414,0 c-0.391-0.391-0.391-1.023,0-1.414L22.92,11.607c0.391-0.391,1.023-0.391,1.414,0l22.627,22.627c0.391,0.391,0.391,1.023,0,1.414 C46.767,35.844,46.511,35.941,46.255,35.941z\"><\/path><\/svg><\/div><\/div><\/div><div class=\"esab__body\">\n<ul class=\"wp-block-list\">\n<li>En savoir plus sur notre <a href=\"https:\/\/www.sportcoachplus.org\/fr\/quest-ce-que-sport-coach\/\" data-type=\"page\" data-id=\"34\">initiative<\/a>.<\/li>\n\n\n\n<li>Explorez le <a href=\"https:\/\/www.sportcoachplus.org\/fr\/le-manuel-sport-coach\/\" data-type=\"page\" data-id=\"188\">manuel<\/a> pour mieux comprendre les d\u00e9fis auxquels sont confront\u00e9s les jeunes en situation de d\u00e9placement et comment le sport peut les aider.<\/li>\n<\/ul>\n<\/div><\/div>\n<\/div><\/div>\n<\/div>\n<\/div>\n<\/div><\/section>\n\n<p><\/p>\n","protected":false},"excerpt":{"rendered":"<p>\u00c0 qui s&rsquo;adresse le site Sport Coach+? Vous \u00eates entra\u00eeneur sportif ? [&#8230;]<\/p>\n<p><a class=\"btn btn-secondary understrap-read-more-link\" href=\"https:\/\/www.sportcoachplus.org\/fr\/\">Lire la suite\u2026<span class=\"screen-reader-text\"> from Accueil<\/span><\/a><\/p>\n","protected":false},"author":8,"featured_media":2728,"parent":0,"menu_order":0,"comment_status":"closed","ping_status":"closed","template":"","meta":{"_acf_changed":false,"inline_featured_image":false,"_monsterinsights_skip_tracking":false,"_monsterinsights_sitenote_active":false,"_monsterinsights_sitenote_note":"","_monsterinsights_sitenote_category":0,"footnotes":""},"class_list":["post-2727","page","type-page","status-publish","has-post-thumbnail","hentry"],"acf":[],"yoast_head":"<!-- This site is optimized with the Yoast SEO plugin v27.4 - https:\/\/yoast.com\/product\/yoast-seo-wordpress\/ -->\n<title>Accueil - Sport Coach+<\/title>\n<meta name=\"robots\" content=\"index, follow, max-snippet:-1, max-image-preview:large, max-video-preview:-1\" \/>\n<link rel=\"canonical\" href=\"https:\/\/www.sportcoachplus.org\/fr\/\" \/>\n<meta property=\"og:locale\" content=\"fr_FR\" \/>\n<meta property=\"og:type\" content=\"article\" \/>\n<meta property=\"og:title\" content=\"Accueil - Sport Coach+\" \/>\n<meta property=\"og:description\" content=\"\u00c0 qui s&rsquo;adresse le site Sport Coach+? Vous \u00eates entra\u00eeneur sportif ? [...]Lire la suite\u2026 from Accueil\" \/>\n<meta property=\"og:url\" content=\"https:\/\/www.sportcoachplus.org\/fr\/\" \/>\n<meta property=\"og:site_name\" content=\"Sport Coach+\" \/>\n<meta property=\"article:modified_time\" content=\"2025-01-10T09:33:55+00:00\" \/>\n<meta property=\"og:image\" content=\"https:\/\/www.sportcoachplus.org\/wp-content\/uploads\/2024\/05\/hero-homepage.jpg\" \/>\n\t<meta property=\"og:image:width\" content=\"2048\" \/>\n\t<meta property=\"og:image:height\" content=\"1366\" \/>\n\t<meta property=\"og:image:type\" content=\"image\/jpeg\" \/>\n<meta name=\"twitter:card\" content=\"summary_large_image\" \/>\n<meta name=\"twitter:label1\" content=\"Dur\u00e9e de lecture estim\u00e9e\" \/>\n\t<meta name=\"twitter:data1\" content=\"1 minute\" \/>\n<script type=\"application\/ld+json\" class=\"yoast-schema-graph\">{\"@context\":\"https:\\\/\\\/schema.org\",\"@graph\":[{\"@type\":\"WebPage\",\"@id\":\"https:\\\/\\\/www.sportcoachplus.org\\\/fr\\\/\",\"url\":\"https:\\\/\\\/www.sportcoachplus.org\\\/fr\\\/\",\"name\":\"Accueil - Sport Coach+\",\"isPartOf\":{\"@id\":\"https:\\\/\\\/www.sportcoachplus.org\\\/fr\\\/#website\"},\"primaryImageOfPage\":{\"@id\":\"https:\\\/\\\/www.sportcoachplus.org\\\/fr\\\/#primaryimage\"},\"image\":{\"@id\":\"https:\\\/\\\/www.sportcoachplus.org\\\/fr\\\/#primaryimage\"},\"thumbnailUrl\":\"https:\\\/\\\/www.sportcoachplus.org\\\/wp-content\\\/uploads\\\/2024\\\/05\\\/hero-homepage.jpg\",\"datePublished\":\"2024-05-02T08:24:37+00:00\",\"dateModified\":\"2025-01-10T09:33:55+00:00\",\"breadcrumb\":{\"@id\":\"https:\\\/\\\/www.sportcoachplus.org\\\/fr\\\/#breadcrumb\"},\"inLanguage\":\"fr-FR\",\"potentialAction\":[{\"@type\":\"ReadAction\",\"target\":[\"https:\\\/\\\/www.sportcoachplus.org\\\/fr\\\/\"]}]},{\"@type\":\"ImageObject\",\"inLanguage\":\"fr-FR\",\"@id\":\"https:\\\/\\\/www.sportcoachplus.org\\\/fr\\\/#primaryimage\",\"url\":\"https:\\\/\\\/www.sportcoachplus.org\\\/wp-content\\\/uploads\\\/2024\\\/05\\\/hero-homepage.jpg\",\"contentUrl\":\"https:\\\/\\\/www.sportcoachplus.org\\\/wp-content\\\/uploads\\\/2024\\\/05\\\/hero-homepage.jpg\",\"width\":2048,\"height\":1366},{\"@type\":\"BreadcrumbList\",\"@id\":\"https:\\\/\\\/www.sportcoachplus.org\\\/fr\\\/#breadcrumb\",\"itemListElement\":[{\"@type\":\"ListItem\",\"position\":1,\"name\":\"Home\",\"item\":\"https:\\\/\\\/www.sportcoachplus.org\\\/fr\\\/\"},{\"@type\":\"ListItem\",\"position\":2,\"name\":\"Accueil\"}]},{\"@type\":\"WebSite\",\"@id\":\"https:\\\/\\\/www.sportcoachplus.org\\\/fr\\\/#website\",\"url\":\"https:\\\/\\\/www.sportcoachplus.org\\\/fr\\\/\",\"name\":\"Sport Coach+\",\"description\":\"Un sport s\u00fbr et solidaire pour promouvoir la sant\u00e9 mentale des jeunes touch\u00e9s par le d\u00e9placement\",\"publisher\":{\"@id\":\"https:\\\/\\\/www.sportcoachplus.org\\\/fr\\\/#organization\"},\"potentialAction\":[{\"@type\":\"SearchAction\",\"target\":{\"@type\":\"EntryPoint\",\"urlTemplate\":\"https:\\\/\\\/www.sportcoachplus.org\\\/fr\\\/?s={search_term_string}\"},\"query-input\":{\"@type\":\"PropertyValueSpecification\",\"valueRequired\":true,\"valueName\":\"search_term_string\"}}],\"inLanguage\":\"fr-FR\"},{\"@type\":\"Organization\",\"@id\":\"https:\\\/\\\/www.sportcoachplus.org\\\/fr\\\/#organization\",\"name\":\"Sport Coach+\",\"url\":\"https:\\\/\\\/www.sportcoachplus.org\\\/fr\\\/\",\"logo\":{\"@type\":\"ImageObject\",\"inLanguage\":\"fr-FR\",\"@id\":\"https:\\\/\\\/www.sportcoachplus.org\\\/fr\\\/#\\\/schema\\\/logo\\\/image\\\/\",\"url\":\"https:\\\/\\\/www.sportcoachplus.org\\\/wp-content\\\/uploads\\\/2024\\\/05\\\/SportCoach-logo.svg\",\"contentUrl\":\"https:\\\/\\\/www.sportcoachplus.org\\\/wp-content\\\/uploads\\\/2024\\\/05\\\/SportCoach-logo.svg\",\"width\":488,\"height\":194,\"caption\":\"Sport Coach+\"},\"image\":{\"@id\":\"https:\\\/\\\/www.sportcoachplus.org\\\/fr\\\/#\\\/schema\\\/logo\\\/image\\\/\"}}]}<\/script>\n<!-- \/ Yoast SEO plugin. -->","yoast_head_json":{"title":"Accueil - Sport Coach+","robots":{"index":"index","follow":"follow","max-snippet":"max-snippet:-1","max-image-preview":"max-image-preview:large","max-video-preview":"max-video-preview:-1"},"canonical":"https:\/\/www.sportcoachplus.org\/fr\/","og_locale":"fr_FR","og_type":"article","og_title":"Accueil - Sport Coach+","og_description":"\u00c0 qui s&rsquo;adresse le site Sport Coach+? Vous \u00eates entra\u00eeneur sportif ? [...]Lire la suite\u2026 from Accueil","og_url":"https:\/\/www.sportcoachplus.org\/fr\/","og_site_name":"Sport Coach+","article_modified_time":"2025-01-10T09:33:55+00:00","og_image":[{"width":2048,"height":1366,"url":"https:\/\/www.sportcoachplus.org\/wp-content\/uploads\/2024\/05\/hero-homepage.jpg","type":"image\/jpeg"}],"twitter_card":"summary_large_image","twitter_misc":{"Dur\u00e9e de lecture estim\u00e9e":"1 minute"},"schema":{"@context":"https:\/\/schema.org","@graph":[{"@type":"WebPage","@id":"https:\/\/www.sportcoachplus.org\/fr\/","url":"https:\/\/www.sportcoachplus.org\/fr\/","name":"Accueil - Sport Coach+","isPartOf":{"@id":"https:\/\/www.sportcoachplus.org\/fr\/#website"},"primaryImageOfPage":{"@id":"https:\/\/www.sportcoachplus.org\/fr\/#primaryimage"},"image":{"@id":"https:\/\/www.sportcoachplus.org\/fr\/#primaryimage"},"thumbnailUrl":"https:\/\/www.sportcoachplus.org\/wp-content\/uploads\/2024\/05\/hero-homepage.jpg","datePublished":"2024-05-02T08:24:37+00:00","dateModified":"2025-01-10T09:33:55+00:00","breadcrumb":{"@id":"https:\/\/www.sportcoachplus.org\/fr\/#breadcrumb"},"inLanguage":"fr-FR","potentialAction":[{"@type":"ReadAction","target":["https:\/\/www.sportcoachplus.org\/fr\/"]}]},{"@type":"ImageObject","inLanguage":"fr-FR","@id":"https:\/\/www.sportcoachplus.org\/fr\/#primaryimage","url":"https:\/\/www.sportcoachplus.org\/wp-content\/uploads\/2024\/05\/hero-homepage.jpg","contentUrl":"https:\/\/www.sportcoachplus.org\/wp-content\/uploads\/2024\/05\/hero-homepage.jpg","width":2048,"height":1366},{"@type":"BreadcrumbList","@id":"https:\/\/www.sportcoachplus.org\/fr\/#breadcrumb","itemListElement":[{"@type":"ListItem","position":1,"name":"Home","item":"https:\/\/www.sportcoachplus.org\/fr\/"},{"@type":"ListItem","position":2,"name":"Accueil"}]},{"@type":"WebSite","@id":"https:\/\/www.sportcoachplus.org\/fr\/#website","url":"https:\/\/www.sportcoachplus.org\/fr\/","name":"Sport Coach+","description":"Un sport s\u00fbr et solidaire pour promouvoir la sant\u00e9 mentale des jeunes touch\u00e9s par le d\u00e9placement","publisher":{"@id":"https:\/\/www.sportcoachplus.org\/fr\/#organization"},"potentialAction":[{"@type":"SearchAction","target":{"@type":"EntryPoint","urlTemplate":"https:\/\/www.sportcoachplus.org\/fr\/?s={search_term_string}"},"query-input":{"@type":"PropertyValueSpecification","valueRequired":true,"valueName":"search_term_string"}}],"inLanguage":"fr-FR"},{"@type":"Organization","@id":"https:\/\/www.sportcoachplus.org\/fr\/#organization","name":"Sport Coach+","url":"https:\/\/www.sportcoachplus.org\/fr\/","logo":{"@type":"ImageObject","inLanguage":"fr-FR","@id":"https:\/\/www.sportcoachplus.org\/fr\/#\/schema\/logo\/image\/","url":"https:\/\/www.sportcoachplus.org\/wp-content\/uploads\/2024\/05\/SportCoach-logo.svg","contentUrl":"https:\/\/www.sportcoachplus.org\/wp-content\/uploads\/2024\/05\/SportCoach-logo.svg","width":488,"height":194,"caption":"Sport Coach+"},"image":{"@id":"https:\/\/www.sportcoachplus.org\/fr\/#\/schema\/logo\/image\/"}}]}},"_links":{"self":[{"href":"https:\/\/www.sportcoachplus.org\/fr\/wp-json\/wp\/v2\/pages\/2727","targetHints":{"allow":["GET"]}}],"collection":[{"href":"https:\/\/www.sportcoachplus.org\/fr\/wp-json\/wp\/v2\/pages"}],"about":[{"href":"https:\/\/www.sportcoachplus.org\/fr\/wp-json\/wp\/v2\/types\/page"}],"author":[{"embeddable":true,"href":"https:\/\/www.sportcoachplus.org\/fr\/wp-json\/wp\/v2\/users\/8"}],"replies":[{"embeddable":true,"href":"https:\/\/www.sportcoachplus.org\/fr\/wp-json\/wp\/v2\/comments?post=2727"}],"version-history":[{"count":2,"href":"https:\/\/www.sportcoachplus.org\/fr\/wp-json\/wp\/v2\/pages\/2727\/revisions"}],"predecessor-version":[{"id":5929,"href":"https:\/\/www.sportcoachplus.org\/fr\/wp-json\/wp\/v2\/pages\/2727\/revisions\/5929"}],"wp:featuredmedia":[{"embeddable":true,"href":"https:\/\/www.sportcoachplus.org\/fr\/wp-json\/wp\/v2\/media\/2728"}],"wp:attachment":[{"href":"https:\/\/www.sportcoachplus.org\/fr\/wp-json\/wp\/v2\/media?parent=2727"}],"curies":[{"name":"wp","href":"https:\/\/api.w.org\/{rel}","templated":true}]}}