{"id":2725,"date":"2024-10-21T13:05:26","date_gmt":"2024-10-21T11:05:26","guid":{"rendered":"https:\/\/www.sportcoachplus.org\/telecharger-le-manuel\/"},"modified":"2024-12-04T13:31:12","modified_gmt":"2024-12-04T12:31:12","slug":"telecharger-le-manuel","status":"publish","type":"page","link":"https:\/\/www.sportcoachplus.org\/fr\/telecharger-le-manuel\/","title":{"rendered":"T\u00e9l\u00e9charger le manuel"},"content":{"rendered":"<style id=\"wpforms-css-vars-root\">\n\t\t\t\t:root {\n\t\t\t\t\t--wpforms-field-border-radius: 3px;\n--wpforms-field-border-style: solid;\n--wpforms-field-border-size: 1px;\n--wpforms-field-background-color: #ffffff;\n--wpforms-field-border-color: rgba( 0, 0, 0, 0.25 );\n--wpforms-field-border-color-spare: rgba( 0, 0, 0, 0.25 );\n--wpforms-field-text-color: rgba( 0, 0, 0, 0.7 );\n--wpforms-field-menu-color: #ffffff;\n--wpforms-label-color: rgba( 0, 0, 0, 0.85 );\n--wpforms-label-sublabel-color: rgba( 0, 0, 0, 0.55 );\n--wpforms-label-error-color: #d63637;\n--wpforms-button-border-radius: 3px;\n--wpforms-button-border-style: none;\n--wpforms-button-border-size: 1px;\n--wpforms-button-background-color: #066aab;\n--wpforms-button-border-color: #066aab;\n--wpforms-button-text-color: #ffffff;\n--wpforms-page-break-color: #066aab;\n--wpforms-background-image: none;\n--wpforms-background-position: center center;\n--wpforms-background-repeat: no-repeat;\n--wpforms-background-size: cover;\n--wpforms-background-width: 100px;\n--wpforms-background-height: 100px;\n--wpforms-background-color: rgba( 0, 0, 0, 0 );\n--wpforms-background-url: none;\n--wpforms-container-padding: 0px;\n--wpforms-container-border-style: none;\n--wpforms-container-border-width: 1px;\n--wpforms-container-border-color: #000000;\n--wpforms-container-border-radius: 3px;\n--wpforms-field-size-input-height: 43px;\n--wpforms-field-size-input-spacing: 15px;\n--wpforms-field-size-font-size: 16px;\n--wpforms-field-size-line-height: 19px;\n--wpforms-field-size-padding-h: 14px;\n--wpforms-field-size-checkbox-size: 16px;\n--wpforms-field-size-sublabel-spacing: 5px;\n--wpforms-field-size-icon-size: 1;\n--wpforms-label-size-font-size: 16px;\n--wpforms-label-size-line-height: 19px;\n--wpforms-label-size-sublabel-font-size: 14px;\n--wpforms-label-size-sublabel-line-height: 17px;\n--wpforms-button-size-font-size: 17px;\n--wpforms-button-size-height: 41px;\n--wpforms-button-size-padding-h: 15px;\n--wpforms-button-size-margin-top: 10px;\n--wpforms-container-shadow-size-box-shadow: none;\n\n\t\t\t\t}\n\t\t\t<\/style><div class=\"wpforms-container wpforms-container-full wpforms-block wpforms-block-90ca23de-772c-48bd-af37-ffae7301b50b wpforms-render-modern\" id=\"wpforms-2283\"><form id=\"wpforms-form-2283\" class=\"wpforms-validate wpforms-form\" data-formid=\"2283\" method=\"post\" enctype=\"multipart\/form-data\" action=\"\/fr\/wp-json\/wp\/v2\/pages\/2725\" data-token=\"5c48b067b63cb0c356d84efb5e859ead\" data-token-time=\"1776582270\"><div class=\"wpforms-head-container\"><div class=\"wpforms-description\">Nous vous remercions de l&rsquo;int\u00e9r\u00eat que vous portez \u00e0 Sport Coach+! Veuillez prendre quelques secondes pour nous en dire plus sur vous et trouver ci-dessous le lien pour t\u00e9l\u00e9charger le manuel. <\/div><\/div><noscript class=\"wpforms-error-noscript\">Veuillez activer JavaScript dans votre navigateur pour remplir ce formulaire.<\/noscript><div class=\"wpforms-hidden\" id=\"wpforms-error-noscript\">Veuillez activer JavaScript dans votre navigateur pour remplir ce formulaire.<\/div><div class=\"wpforms-field-container\"><div id=\"wpforms-2283-field_9-container\" class=\"wpforms-field wpforms-field-layout\" data-field-id=\"9\"><div class=\"wpforms-field-layout-rows wpforms-field-large\"><div class=\"wpforms-layout-row\"><div class=\"wpforms-layout-column wpforms-layout-column-50\"><div id=\"wpforms-2283-field_2-container\" class=\"wpforms-field wpforms-field-select wpforms-field-select-style-modern\" data-field-id=\"2\"><label class=\"wpforms-field-label\" for=\"wpforms-2283-field_2\">Dans quelles r\u00e9gions travaillez-vous ?<\/label><select id=\"wpforms-2283-field_2\" class=\"wpforms-field-large choicesjs-select\" data-size-class=\"wpforms-field-row wpforms-field-large\" data-search-enabled=\"\" name=\"wpforms[fields][2][]\" multiple=\"multiple\"><option value=\"\" class=\"placeholder\" disabled >&#8211; Cochez toutes les cases qui s&#039;appliquent &#8211;<\/option><option value=\"Europe et Asie centrale\" >Europe et Asie centrale<\/option><option value=\"Moyen-Orient et Afrique du Nord\" >Moyen-Orient et Afrique du Nord<\/option><option value=\"Afrique subsaharienne\" >Afrique subsaharienne<\/option><option value=\"Asie de l&#039;Est et Pacifique\" >Asie de l&#039;Est et Pacifique<\/option><option value=\"Asie du Sud\" >Asie du Sud<\/option><option value=\"Am\u00e9rique latine et Cara\u00efbes\" >Am\u00e9rique latine et Cara\u00efbes<\/option><option value=\"Am\u00e9rique du Nord\" >Am\u00e9rique du Nord<\/option><\/select><\/div><\/div><div class=\"wpforms-layout-column wpforms-layout-column-50\"><div id=\"wpforms-2283-field_3-container\" class=\"wpforms-field wpforms-field-select wpforms-field-select-style-modern\" data-field-id=\"3\"><label class=\"wpforms-field-label\" for=\"wpforms-2283-field_3\">Lequel des \u00e9nonc\u00e9s suivants d\u00e9crit le mieux votre industrie ou votre secteur ?<\/label><select id=\"wpforms-2283-field_3\" class=\"wpforms-field-large choicesjs-select\" data-size-class=\"wpforms-field-row wpforms-field-large\" data-search-enabled=\"\" name=\"wpforms[fields][3][]\" multiple=\"multiple\"><option value=\"\" class=\"placeholder\" disabled >&#8211; Cochez toutes les cases qui s&#039;appliquent &#8211;<\/option><option value=\"Sant\u00e9\" >Sant\u00e9<\/option><option value=\"Le sport\" >Le sport<\/option><option value=\"\u00c9ducateur\/enseignant\" >\u00c9ducateur\/enseignant<\/option><option value=\"ONG\/travailleur \u00e0 but non lucratif\" >ONG\/travailleur \u00e0 but non lucratif<\/option><option value=\"Secteur public\" >Secteur public<\/option><option value=\"Chercheur\/universitaire\" >Chercheur\/universitaire<\/option><option value=\"Autre\" >Autre<\/option><\/select><\/div><\/div><\/div><div class=\"wpforms-layout-row\"><div class=\"wpforms-layout-column wpforms-layout-column-50\"><div id=\"wpforms-2283-field_4-container\" class=\"wpforms-field wpforms-field-select wpforms-field-select-style-modern\" data-field-id=\"4\"><label class=\"wpforms-field-label\" for=\"wpforms-2283-field_4\">Comment comptez-vous utiliser les ressources SportCoach+ ?<\/label><select id=\"wpforms-2283-field_4\" class=\"wpforms-field-large choicesjs-select\" data-size-class=\"wpforms-field-row wpforms-field-large\" data-search-enabled=\"\" name=\"wpforms[fields][4][]\" multiple=\"multiple\"><option value=\"\" class=\"placeholder\" disabled >&#8211; Cochez toutes les cases qui s&#039;appliquent &#8211;<\/option><option value=\"Former les entra\u00eeneurs et le personnel\" >Former les entra\u00eeneurs et le personnel<\/option><option value=\"Mise en \u0153uvre du programme\" >Mise en \u0153uvre du programme<\/option><option value=\"Connaissances personnelles\" >Connaissances personnelles<\/option><option value=\"Recherche\" >Recherche<\/option><option value=\"Cousework\" >Cousework<\/option><option value=\"Autre\" >Autre<\/option><\/select><\/div><\/div><div class=\"wpforms-layout-column wpforms-layout-column-50\"><div id=\"wpforms-2283-field_5-container\" class=\"wpforms-field wpforms-field-select wpforms-conditional-trigger wpforms-field-select-style-modern\" data-field-id=\"5\"><label class=\"wpforms-field-label\" for=\"wpforms-2283-field_5\">Comment avez-vous entendu parler de SportCoach+ ?<\/label><select id=\"wpforms-2283-field_5\" class=\"wpforms-field-large choicesjs-select\" data-size-class=\"wpforms-field-row wpforms-field-large\" data-search-enabled=\"\" name=\"wpforms[fields][5][]\" multiple=\"multiple\"><option value=\"\" class=\"placeholder\" disabled >&#8211; Cochez toutes les cases qui s&#039;appliquent &#8211;<\/option><option value=\"Recommandation d&#039;un coll\u00e8gue\/ami\" >Recommandation d&#039;un coll\u00e8gue\/ami<\/option><option value=\"Recherche en ligne\" >Recherche en ligne<\/option><option value=\"M\u00e9dias sociaux\" >M\u00e9dias sociaux<\/option><option value=\"Par l&#039;interm\u00e9diaire d&#039;un partenaire de projet ou d&#039;un \u00e9v\u00e9nement\" >Par l&#039;interm\u00e9diaire d&#039;un partenaire de projet ou d&#039;un \u00e9v\u00e9nement<\/option><option value=\"Autre (pr\u00e9cisez)\" >Autre (pr\u00e9cisez)<\/option><\/select><\/div><\/div><\/div><div class=\"wpforms-layout-row\"><div class=\"wpforms-layout-column wpforms-layout-column-50\"><\/div><div class=\"wpforms-layout-column wpforms-layout-column-50\"><div id=\"wpforms-2283-field_6-container\" class=\"wpforms-field wpforms-field-text wpforms-conditional-field wpforms-conditional-show\" data-field-id=\"6\" style=\"display:none;\"><label class=\"wpforms-field-label wpforms-label-hide\" for=\"wpforms-2283-field_6\" aria-hidden=\"false\">Comment avez-vous entendu parler de SportCoach+ ?<\/label><input type=\"text\" id=\"wpforms-2283-field_6\" class=\"wpforms-field-large\" name=\"wpforms[fields][6]\" placeholder=\"Veuillez pr\u00e9ciser comment vous avez entendu parler de SportCoach+.\" aria-errormessage=\"wpforms-2283-field_6-error\" ><\/div><\/div><\/div><\/div><\/div><div id=\"wpforms-2283-field_8-container\" class=\"wpforms-field wpforms-field-radio wpforms-list-inline\" data-field-id=\"8\"><fieldset><legend class=\"wpforms-field-label\">Langue <span class=\"wpforms-required-label\" aria-hidden=\"true\">*<\/span><\/legend><ul id=\"wpforms-2283-field_8\" class=\"wpforms-field-required\"><li class=\"choice-8 depth-1\"><input type=\"radio\" id=\"wpforms-2283-field_8_8\" name=\"wpforms[fields][8]\" value=\"Arabic\" aria-errormessage=\"wpforms-2283-field_8_8-error\" required ><label class=\"wpforms-field-label-inline\" for=\"wpforms-2283-field_8_8\">Arabic<\/label><\/li><li class=\"choice-3 depth-1\"><input type=\"radio\" id=\"wpforms-2283-field_8_3\" name=\"wpforms[fields][8]\" value=\"Bulgare\" aria-errormessage=\"wpforms-2283-field_8_3-error\" required ><label class=\"wpforms-field-label-inline\" for=\"wpforms-2283-field_8_3\">Bulgare<\/label><\/li><li class=\"choice-6 depth-1\"><input type=\"radio\" id=\"wpforms-2283-field_8_6\" name=\"wpforms[fields][8]\" value=\"Czech\" aria-errormessage=\"wpforms-2283-field_8_6-error\" required ><label class=\"wpforms-field-label-inline\" for=\"wpforms-2283-field_8_6\">Czech<\/label><\/li><li class=\"choice-1 depth-1 wpforms-selected\"><input type=\"radio\" id=\"wpforms-2283-field_8_1\" name=\"wpforms[fields][8]\" value=\"Anglais\" aria-errormessage=\"wpforms-2283-field_8_1-error\" required  checked='checked'><label class=\"wpforms-field-label-inline\" for=\"wpforms-2283-field_8_1\">Anglais<\/label><\/li><li class=\"choice-12 depth-1\"><input type=\"radio\" id=\"wpforms-2283-field_8_12\" name=\"wpforms[fields][8]\" value=\"French\" aria-errormessage=\"wpforms-2283-field_8_12-error\" required ><label class=\"wpforms-field-label-inline\" for=\"wpforms-2283-field_8_12\">French<\/label><\/li><li class=\"choice-4 depth-1\"><input type=\"radio\" id=\"wpforms-2283-field_8_4\" name=\"wpforms[fields][8]\" value=\"Allemand\" aria-errormessage=\"wpforms-2283-field_8_4-error\" required ><label class=\"wpforms-field-label-inline\" for=\"wpforms-2283-field_8_4\">Allemand<\/label><\/li><li class=\"choice-7 depth-1\"><input type=\"radio\" id=\"wpforms-2283-field_8_7\" name=\"wpforms[fields][8]\" value=\"Polish\" aria-errormessage=\"wpforms-2283-field_8_7-error\" required ><label class=\"wpforms-field-label-inline\" for=\"wpforms-2283-field_8_7\">Polish<\/label><\/li><li class=\"choice-5 depth-1\"><input type=\"radio\" id=\"wpforms-2283-field_8_5\" name=\"wpforms[fields][8]\" value=\"Roumain\" aria-errormessage=\"wpforms-2283-field_8_5-error\" required ><label class=\"wpforms-field-label-inline\" for=\"wpforms-2283-field_8_5\">Roumain<\/label><\/li><li class=\"choice-10 depth-1\"><input type=\"radio\" id=\"wpforms-2283-field_8_10\" name=\"wpforms[fields][8]\" value=\"Spanish\" aria-errormessage=\"wpforms-2283-field_8_10-error\" required ><label class=\"wpforms-field-label-inline\" for=\"wpforms-2283-field_8_10\">Spanish<\/label><\/li><li class=\"choice-2 depth-1\"><input type=\"radio\" id=\"wpforms-2283-field_8_2\" name=\"wpforms[fields][8]\" value=\"Ukrainien\" aria-errormessage=\"wpforms-2283-field_8_2-error\" required ><label class=\"wpforms-field-label-inline\" for=\"wpforms-2283-field_8_2\">Ukrainien<\/label><\/li><li class=\"choice-11 depth-1\"><input type=\"radio\" id=\"wpforms-2283-field_8_11\" name=\"wpforms[fields][8]\" value=\"Russian\" aria-errormessage=\"wpforms-2283-field_8_11-error\" required ><label class=\"wpforms-field-label-inline\" for=\"wpforms-2283-field_8_11\">Russian<\/label><\/li><\/ul><\/fieldset><\/div><\/div><!-- .wpforms-field-container --><div class=\"wpforms-submit-container\" ><input type=\"hidden\" name=\"wpforms[id]\" value=\"2283\"><input type=\"hidden\" name=\"page_title\" value=\"\"><input type=\"hidden\" name=\"page_url\" value=\"https:\/\/www.sportcoachplus.org\/fr\/wp-json\/wp\/v2\/pages\/2725\"><button type=\"submit\" name=\"wpforms[submit]\" id=\"wpforms-submit-2283\" class=\"wpforms-submit\" data-alt-text=\"T\u00e9l\u00e9chargement...\" data-submit-text=\"T\u00e9l\u00e9charger\" aria-live=\"assertive\" value=\"wpforms-submit\">T\u00e9l\u00e9charger<\/button><\/div><\/form><\/div>  <!-- .wpforms-container -->","protected":false},"excerpt":{"rendered":"<p> [&#8230;]<\/p>\n<p><a class=\"btn btn-secondary understrap-read-more-link\" href=\"https:\/\/www.sportcoachplus.org\/fr\/telecharger-le-manuel\/\">Lire la suite\u2026<span class=\"screen-reader-text\"> from T\u00e9l\u00e9charger le manuel<\/span><\/a><\/p>\n","protected":false},"author":8,"featured_media":0,"parent":0,"menu_order":0,"comment_status":"closed","ping_status":"closed","template":"page-templates\/no-title.php","meta":{"_acf_changed":false,"inline_featured_image":false,"_monsterinsights_skip_tracking":false,"_monsterinsights_sitenote_active":false,"_monsterinsights_sitenote_note":"","_monsterinsights_sitenote_category":0,"footnotes":""},"class_list":["post-2725","page","type-page","status-publish","hentry"],"acf":[],"yoast_head":"<!-- This site is optimized with the Yoast SEO plugin v27.4 - https:\/\/yoast.com\/product\/yoast-seo-wordpress\/ -->\n<title>T\u00e9l\u00e9charger le manuel - Sport Coach+<\/title>\n<meta name=\"robots\" content=\"index, follow, max-snippet:-1, max-image-preview:large, max-video-preview:-1\" \/>\n<link rel=\"canonical\" href=\"https:\/\/www.sportcoachplus.org\/fr\/telecharger-le-manuel\/\" \/>\n<meta property=\"og:locale\" content=\"fr_FR\" \/>\n<meta property=\"og:type\" content=\"article\" \/>\n<meta property=\"og:title\" content=\"T\u00e9l\u00e9charger le manuel - Sport Coach+\" \/>\n<meta property=\"og:description\" content=\"[...]Lire la suite\u2026 from T\u00e9l\u00e9charger le manuel\" \/>\n<meta property=\"og:url\" content=\"https:\/\/www.sportcoachplus.org\/fr\/telecharger-le-manuel\/\" \/>\n<meta property=\"og:site_name\" content=\"Sport Coach+\" \/>\n<meta property=\"article:modified_time\" content=\"2024-12-04T12:31:12+00:00\" \/>\n<meta name=\"twitter:card\" content=\"summary_large_image\" \/>\n<script type=\"application\/ld+json\" class=\"yoast-schema-graph\">{\"@context\":\"https:\\\/\\\/schema.org\",\"@graph\":[{\"@type\":\"WebPage\",\"@id\":\"https:\\\/\\\/www.sportcoachplus.org\\\/fr\\\/telecharger-le-manuel\\\/\",\"url\":\"https:\\\/\\\/www.sportcoachplus.org\\\/fr\\\/telecharger-le-manuel\\\/\",\"name\":\"T\u00e9l\u00e9charger le manuel - Sport Coach+\",\"isPartOf\":{\"@id\":\"https:\\\/\\\/www.sportcoachplus.org\\\/fr\\\/#website\"},\"datePublished\":\"2024-10-21T11:05:26+00:00\",\"dateModified\":\"2024-12-04T12:31:12+00:00\",\"breadcrumb\":{\"@id\":\"https:\\\/\\\/www.sportcoachplus.org\\\/fr\\\/telecharger-le-manuel\\\/#breadcrumb\"},\"inLanguage\":\"fr-FR\",\"potentialAction\":[{\"@type\":\"ReadAction\",\"target\":[\"https:\\\/\\\/www.sportcoachplus.org\\\/fr\\\/telecharger-le-manuel\\\/\"]}]},{\"@type\":\"BreadcrumbList\",\"@id\":\"https:\\\/\\\/www.sportcoachplus.org\\\/fr\\\/telecharger-le-manuel\\\/#breadcrumb\",\"itemListElement\":[{\"@type\":\"ListItem\",\"position\":1,\"name\":\"Home\",\"item\":\"https:\\\/\\\/www.sportcoachplus.org\\\/fr\\\/\"},{\"@type\":\"ListItem\",\"position\":2,\"name\":\"T\u00e9l\u00e9charger le manuel\"}]},{\"@type\":\"WebSite\",\"@id\":\"https:\\\/\\\/www.sportcoachplus.org\\\/fr\\\/#website\",\"url\":\"https:\\\/\\\/www.sportcoachplus.org\\\/fr\\\/\",\"name\":\"Sport Coach+\",\"description\":\"Un sport s\u00fbr et solidaire pour promouvoir la sant\u00e9 mentale des jeunes touch\u00e9s par le d\u00e9placement\",\"publisher\":{\"@id\":\"https:\\\/\\\/www.sportcoachplus.org\\\/fr\\\/#organization\"},\"potentialAction\":[{\"@type\":\"SearchAction\",\"target\":{\"@type\":\"EntryPoint\",\"urlTemplate\":\"https:\\\/\\\/www.sportcoachplus.org\\\/fr\\\/?s={search_term_string}\"},\"query-input\":{\"@type\":\"PropertyValueSpecification\",\"valueRequired\":true,\"valueName\":\"search_term_string\"}}],\"inLanguage\":\"fr-FR\"},{\"@type\":\"Organization\",\"@id\":\"https:\\\/\\\/www.sportcoachplus.org\\\/fr\\\/#organization\",\"name\":\"Sport Coach+\",\"url\":\"https:\\\/\\\/www.sportcoachplus.org\\\/fr\\\/\",\"logo\":{\"@type\":\"ImageObject\",\"inLanguage\":\"fr-FR\",\"@id\":\"https:\\\/\\\/www.sportcoachplus.org\\\/fr\\\/#\\\/schema\\\/logo\\\/image\\\/\",\"url\":\"https:\\\/\\\/www.sportcoachplus.org\\\/wp-content\\\/uploads\\\/2024\\\/05\\\/SportCoach-logo.svg\",\"contentUrl\":\"https:\\\/\\\/www.sportcoachplus.org\\\/wp-content\\\/uploads\\\/2024\\\/05\\\/SportCoach-logo.svg\",\"width\":488,\"height\":194,\"caption\":\"Sport Coach+\"},\"image\":{\"@id\":\"https:\\\/\\\/www.sportcoachplus.org\\\/fr\\\/#\\\/schema\\\/logo\\\/image\\\/\"}}]}<\/script>\n<!-- \/ Yoast SEO plugin. -->","yoast_head_json":{"title":"T\u00e9l\u00e9charger le manuel - Sport Coach+","robots":{"index":"index","follow":"follow","max-snippet":"max-snippet:-1","max-image-preview":"max-image-preview:large","max-video-preview":"max-video-preview:-1"},"canonical":"https:\/\/www.sportcoachplus.org\/fr\/telecharger-le-manuel\/","og_locale":"fr_FR","og_type":"article","og_title":"T\u00e9l\u00e9charger le manuel - Sport Coach+","og_description":"[...]Lire la suite\u2026 from T\u00e9l\u00e9charger le manuel","og_url":"https:\/\/www.sportcoachplus.org\/fr\/telecharger-le-manuel\/","og_site_name":"Sport Coach+","article_modified_time":"2024-12-04T12:31:12+00:00","twitter_card":"summary_large_image","schema":{"@context":"https:\/\/schema.org","@graph":[{"@type":"WebPage","@id":"https:\/\/www.sportcoachplus.org\/fr\/telecharger-le-manuel\/","url":"https:\/\/www.sportcoachplus.org\/fr\/telecharger-le-manuel\/","name":"T\u00e9l\u00e9charger le manuel - Sport Coach+","isPartOf":{"@id":"https:\/\/www.sportcoachplus.org\/fr\/#website"},"datePublished":"2024-10-21T11:05:26+00:00","dateModified":"2024-12-04T12:31:12+00:00","breadcrumb":{"@id":"https:\/\/www.sportcoachplus.org\/fr\/telecharger-le-manuel\/#breadcrumb"},"inLanguage":"fr-FR","potentialAction":[{"@type":"ReadAction","target":["https:\/\/www.sportcoachplus.org\/fr\/telecharger-le-manuel\/"]}]},{"@type":"BreadcrumbList","@id":"https:\/\/www.sportcoachplus.org\/fr\/telecharger-le-manuel\/#breadcrumb","itemListElement":[{"@type":"ListItem","position":1,"name":"Home","item":"https:\/\/www.sportcoachplus.org\/fr\/"},{"@type":"ListItem","position":2,"name":"T\u00e9l\u00e9charger le manuel"}]},{"@type":"WebSite","@id":"https:\/\/www.sportcoachplus.org\/fr\/#website","url":"https:\/\/www.sportcoachplus.org\/fr\/","name":"Sport Coach+","description":"Un sport s\u00fbr et solidaire pour promouvoir la sant\u00e9 mentale des jeunes touch\u00e9s par le d\u00e9placement","publisher":{"@id":"https:\/\/www.sportcoachplus.org\/fr\/#organization"},"potentialAction":[{"@type":"SearchAction","target":{"@type":"EntryPoint","urlTemplate":"https:\/\/www.sportcoachplus.org\/fr\/?s={search_term_string}"},"query-input":{"@type":"PropertyValueSpecification","valueRequired":true,"valueName":"search_term_string"}}],"inLanguage":"fr-FR"},{"@type":"Organization","@id":"https:\/\/www.sportcoachplus.org\/fr\/#organization","name":"Sport Coach+","url":"https:\/\/www.sportcoachplus.org\/fr\/","logo":{"@type":"ImageObject","inLanguage":"fr-FR","@id":"https:\/\/www.sportcoachplus.org\/fr\/#\/schema\/logo\/image\/","url":"https:\/\/www.sportcoachplus.org\/wp-content\/uploads\/2024\/05\/SportCoach-logo.svg","contentUrl":"https:\/\/www.sportcoachplus.org\/wp-content\/uploads\/2024\/05\/SportCoach-logo.svg","width":488,"height":194,"caption":"Sport Coach+"},"image":{"@id":"https:\/\/www.sportcoachplus.org\/fr\/#\/schema\/logo\/image\/"}}]}},"_links":{"self":[{"href":"https:\/\/www.sportcoachplus.org\/fr\/wp-json\/wp\/v2\/pages\/2725","targetHints":{"allow":["GET"]}}],"collection":[{"href":"https:\/\/www.sportcoachplus.org\/fr\/wp-json\/wp\/v2\/pages"}],"about":[{"href":"https:\/\/www.sportcoachplus.org\/fr\/wp-json\/wp\/v2\/types\/page"}],"author":[{"embeddable":true,"href":"https:\/\/www.sportcoachplus.org\/fr\/wp-json\/wp\/v2\/users\/8"}],"replies":[{"embeddable":true,"href":"https:\/\/www.sportcoachplus.org\/fr\/wp-json\/wp\/v2\/comments?post=2725"}],"version-history":[{"count":1,"href":"https:\/\/www.sportcoachplus.org\/fr\/wp-json\/wp\/v2\/pages\/2725\/revisions"}],"predecessor-version":[{"id":2726,"href":"https:\/\/www.sportcoachplus.org\/fr\/wp-json\/wp\/v2\/pages\/2725\/revisions\/2726"}],"wp:attachment":[{"href":"https:\/\/www.sportcoachplus.org\/fr\/wp-json\/wp\/v2\/media?parent=2725"}],"curies":[{"name":"wp","href":"https:\/\/api.w.org\/{rel}","templated":true}]}}