{"id":2691,"date":"2024-05-09T13:38:05","date_gmt":"2024-05-09T11:38:05","guid":{"rendered":"https:\/\/www.sportcoachplus.org\/faq\/"},"modified":"2024-12-04T13:31:02","modified_gmt":"2024-12-04T12:31:02","slug":"faq","status":"publish","type":"page","link":"https:\/\/www.sportcoachplus.org\/fr\/faq\/","title":{"rendered":"FAQ"},"content":{"rendered":"\n<section id=\"general-questions\" class=\"wp-block-group mb-5\"><div class=\"wp-block-group__inner-container is-layout-constrained wp-block-group-is-layout-constrained\">\n<h3 class=\"wp-block-heading has-text-align-center\" style=\"text-transform:uppercase\">Questions g\u00e9n\u00e9rales<\/h3>\n\n\n\n<div class=\"wp-block-esab-accordion accordion-37374420 esab__head--border-bottom\" data-mode=\"global\"><div class=\"esab__container\" style=\"row-gap:10px;margin:0px 0px 0px 0px\">\n<div class=\"wp-block-esab-accordion-child\" style=\"border:0px solid #E0E0E0\"><div class=\"esab__head\" style=\"padding:10px 10px 10px 10px;background-color:transparent\" role=\"button\" aria-expanded=\"false\"><div class=\"esab__heading_txt\"><h4 class=\"esab__heading_tag\">\u00c0 qui s&rsquo;adresse le site Sport Coach+?<\/h4><\/div><div class=\"esab__icon\"><div class=\"esab__collapse\"><svg version=\"1.2\" viewBox=\"0 0 24 24\" width=\"24\" height=\"24\"><path d=\"m11.3 3.6h1.4q0.2 0 0.2 0.1v16.6q0 0.1-0.2 0.1h-1.4q-0.2 0-0.2-0.2v-16.5q0-0.1 0.2-0.1z\"><\/path><path d=\"m4.1 11.1h15.8q0.2 0 0.2 0.2v1.4q0 0.2-0.2 0.2h-15.8q-0.2 0-0.2-0.2v-1.4q0-0.2 0.2-0.2z\"><\/path><\/svg><\/div><div class=\"esab__expand\"><svg version=\"1.2\" viewBox=\"0 0 24 24\" width=\"24\" height=\"24\"><path d=\"m3.4 11.1h17.2v1.8h-17.2z\"><\/path><\/svg><\/div><\/div><\/div><div class=\"esab__body\" style=\"border-top:1px solid #000000;padding:10px 10px 10px 10px;background-color:transparent\">\n<p>Sport Coach+ s&rsquo;adresse aux entra\u00eeneurs sportifs et aux formateurs d&rsquo;entra\u00eeneurs qui travaillent &#8211; ou pr\u00e9voient de travailler &#8211; avec des jeunes \u00e2g\u00e9s de 10 \u00e0 24 ans dans des contextes de migration, quel que soit leur sexe, leur culture, leur religion et leur milieu social, et qui ont \u00e9t\u00e9 confront\u00e9s \u00e0 la d\u00e9localisation et\/ou \u00e0 d&rsquo;autres formes d&rsquo;adversit\u00e9. Cela inclut les jeunes r\u00e9fugi\u00e9s ou d\u00e9plac\u00e9s \u00e0 l&rsquo;int\u00e9rieur du pays, ainsi que les jeunes des communaut\u00e9s d&rsquo;accueil. <\/p>\n<\/div><\/div>\n\n\n\n<div class=\"wp-block-esab-accordion-child\" style=\"border:0px solid #E0E0E0\"><div class=\"esab__head\" style=\"padding:10px 10px 10px 10px;background-color:transparent\" role=\"button\" aria-expanded=\"false\"><div class=\"esab__heading_txt\"><h4 class=\"esab__heading_tag\">Que vais-je trouver ?<\/h4><\/div><div class=\"esab__icon\"><div class=\"esab__collapse\"><svg version=\"1.2\" viewBox=\"0 0 24 24\" width=\"24\" height=\"24\"><path d=\"m11.3 3.6h1.4q0.2 0 0.2 0.1v16.6q0 0.1-0.2 0.1h-1.4q-0.2 0-0.2-0.2v-16.5q0-0.1 0.2-0.1z\"><\/path><path d=\"m4.1 11.1h15.8q0.2 0 0.2 0.2v1.4q0 0.2-0.2 0.2h-15.8q-0.2 0-0.2-0.2v-1.4q0-0.2 0.2-0.2z\"><\/path><\/svg><\/div><div class=\"esab__expand\"><svg version=\"1.2\" viewBox=\"0 0 24 24\" width=\"24\" height=\"24\"><path d=\"m3.4 11.1h17.2v1.8h-17.2z\"><\/path><\/svg><\/div><\/div><\/div><div class=\"esab__body\" style=\"border-top:1px solid #000000;padding:10px 10px 10px 10px;background-color:transparent\">\n<p>Deux types principaux de ressources composent Sport Coach+:<\/p>\n\n\n\n<ul start=\"1\" class=\"wp-block-list\">\n<li>Ce <a href=\"https:\/\/www.sportcoachplus.org\/handbook\/\" data-type=\"page\" data-id=\"188\">manuel<\/a> contient des informations et des r\u00e9flexions sur les avantages et les inconv\u00e9nients potentiels du sport, ainsi que sur l&rsquo;impact du stress sur les jeunes joueurs confront\u00e9s au d\u00e9placement. Il fournit \u00e9galement des conseils pratiques sur la mani\u00e8re de mettre en \u0153uvre un sport s\u00fbr et favorable. <br\/><\/li>\n\n\n\n<li>Sur la page <a href=\"https:\/\/www.sportcoachplus.org\/resources\/\" data-type=\"page\" data-id=\"419\">Ressources<\/a>, vous trouverez une collection en libre acc\u00e8s de documents destin\u00e9s \u00e0 toute personne travaillant \u00e0 la promotion d&rsquo;environnements sportifs s\u00fbrs et favorables. Cette page propose des ressources pratiques, notamment des vid\u00e9os et d&rsquo;autres contenus accessibles fond\u00e9s sur des pratiques concr\u00e8tes. <\/li>\n<\/ul>\n<\/div><\/div>\n\n\n\n<div class=\"wp-block-esab-accordion-child\" style=\"border:0px solid #E0E0E0\"><div class=\"esab__head\" style=\"padding:10px 10px 10px 10px;background-color:transparent\" role=\"button\" aria-expanded=\"false\"><div class=\"esab__heading_txt\"><h4 class=\"esab__heading_tag\">Comment puis-je participer \u00e0 l&rsquo;initiative ?<\/h4><\/div><div class=\"esab__icon\"><div class=\"esab__collapse\"><svg version=\"1.2\" viewBox=\"0 0 24 24\" width=\"24\" height=\"24\"><path d=\"m11.3 3.6h1.4q0.2 0 0.2 0.1v16.6q0 0.1-0.2 0.1h-1.4q-0.2 0-0.2-0.2v-16.5q0-0.1 0.2-0.1z\"><\/path><path d=\"m4.1 11.1h15.8q0.2 0 0.2 0.2v1.4q0 0.2-0.2 0.2h-15.8q-0.2 0-0.2-0.2v-1.4q0-0.2 0.2-0.2z\"><\/path><\/svg><\/div><div class=\"esab__expand\"><svg version=\"1.2\" viewBox=\"0 0 24 24\" width=\"24\" height=\"24\"><path d=\"m3.4 11.1h17.2v1.8h-17.2z\"><\/path><\/svg><\/div><\/div><\/div><div class=\"esab__body\" style=\"border-top:1px solid #000000;padding:10px 10px 10px 10px;background-color:transparent\">\n<p>Si vous souhaitez rejoindre le programme Sport Coach+, n&rsquo;h\u00e9sitez pas \u00e0 <a href=\"https:\/\/www.sportcoachplus.org\/join\/\" data-type=\"page\" data-id=\"58\">nous contacter.<\/a> Nous recherchons des personnes pour nous aider \u00e0 d\u00e9velopper le projet. <\/p>\n<\/div><\/div>\n<\/div><\/div>\n<\/div><\/section>\n\n<section id=\"for-sport-coaches\" class=\"wp-block-group mb-5\"><div class=\"wp-block-group__inner-container is-layout-constrained wp-block-group-is-layout-constrained\">\n<h3 class=\"wp-block-heading has-text-align-center\" style=\"text-transform:uppercase\">Pour les entra\u00eeneurs sportifs<\/h3>\n\n\n\n<div class=\"wp-block-esab-accordion accordion-bb8e445c esab__head--border-bottom\" data-mode=\"global\"><div class=\"esab__container\" style=\"row-gap:10px;margin:0px 0px 0px 0px\">\n<div class=\"wp-block-esab-accordion-child\" style=\"border:0px solid #E0E0E0\"><div class=\"esab__head\" style=\"padding:10px 10px 10px 10px;background-color:transparent\" role=\"button\" aria-expanded=\"false\"><div class=\"esab__heading_txt\"><h4 class=\"esab__heading_tag\">O\u00f9 puis-je acc\u00e9der au contenu du manuel ?<\/h4><\/div><div class=\"esab__icon\"><div class=\"esab__collapse\"><svg version=\"1.2\" viewBox=\"0 0 24 24\" width=\"24\" height=\"24\"><path d=\"m11.3 3.6h1.4q0.2 0 0.2 0.1v16.6q0 0.1-0.2 0.1h-1.4q-0.2 0-0.2-0.2v-16.5q0-0.1 0.2-0.1z\"><\/path><path d=\"m4.1 11.1h15.8q0.2 0 0.2 0.2v1.4q0 0.2-0.2 0.2h-15.8q-0.2 0-0.2-0.2v-1.4q0-0.2 0.2-0.2z\"><\/path><\/svg><\/div><div class=\"esab__expand\"><svg version=\"1.2\" viewBox=\"0 0 24 24\" width=\"24\" height=\"24\"><path d=\"m3.4 11.1h17.2v1.8h-17.2z\"><\/path><\/svg><\/div><\/div><\/div><div class=\"esab__body\" style=\"border-top:1px solid #000000;padding:10px 10px 10px 10px;background-color:transparent\">\n<p>Vous pouvez acc\u00e9der au contenu du manuel de deux mani\u00e8res diff\u00e9rentes :<\/p>\n\n\n\n<ul class=\"wp-block-list\">\n<li>Vous pouvez acc\u00e9der au mod\u00e8le du manuel en interagissant avec le diagramme de la roue sur la <a href=\"https:\/\/www.sportcoachplus.org\/handbook\/\" data-type=\"page\" data-id=\"188\">page du manuel.<\/a><br\/><\/li>\n\n\n\n<li>Le manuel peut \u00e9galement \u00eatre t\u00e9l\u00e9charg\u00e9 sous la forme d&rsquo;un fichier PDF unique en cliquant ici.<\/li>\n<\/ul>\n<\/div><\/div>\n\n\n\n<div class=\"wp-block-esab-accordion-child\" style=\"border:0px solid #E0E0E0\"><div class=\"esab__head\" style=\"padding:10px 10px 10px 10px;background-color:transparent\" role=\"button\" aria-expanded=\"false\"><div class=\"esab__heading_txt\"><h4 class=\"esab__heading_tag\">Quelles connaissances dois-je avoir avant d&rsquo;appliquer le manuel ?<\/h4><\/div><div class=\"esab__icon\"><div class=\"esab__collapse\"><svg version=\"1.2\" viewBox=\"0 0 24 24\" width=\"24\" height=\"24\"><path d=\"m11.3 3.6h1.4q0.2 0 0.2 0.1v16.6q0 0.1-0.2 0.1h-1.4q-0.2 0-0.2-0.2v-16.5q0-0.1 0.2-0.1z\"><\/path><path d=\"m4.1 11.1h15.8q0.2 0 0.2 0.2v1.4q0 0.2-0.2 0.2h-15.8q-0.2 0-0.2-0.2v-1.4q0-0.2 0.2-0.2z\"><\/path><\/svg><\/div><div class=\"esab__expand\"><svg version=\"1.2\" viewBox=\"0 0 24 24\" width=\"24\" height=\"24\"><path d=\"m3.4 11.1h17.2v1.8h-17.2z\"><\/path><\/svg><\/div><\/div><\/div><div class=\"esab__body\" style=\"border-top:1px solid #000000;padding:10px 10px 10px 10px;background-color:transparent\">\n<p>Des connaissances de base en psychologie du sport, ainsi qu&rsquo;une exp\u00e9rience d&rsquo;entra\u00eeneur ou une participation \u00e0 des activit\u00e9s sportives seraient utiles.<\/p>\n\n\n\n<p>La connaissance des principes de s\u00e9curit\u00e9, d&rsquo;inclusion, de dignit\u00e9, de diversit\u00e9 et de gestion des conflits dans les environnements sportifs am\u00e9liorera l&rsquo;application pratique des ressources du manuel.<\/p>\n<\/div><\/div>\n<\/div><\/div>\n<\/div><\/section>\n\n<section id=\"for-trainers\" class=\"wp-block-group mb-5\"><div class=\"wp-block-group__inner-container is-layout-constrained wp-block-group-is-layout-constrained\">\n<h3 class=\"wp-block-heading has-text-align-center\" style=\"text-transform:uppercase\">Pour les formateurs<\/h3>\n\n\n\n<div class=\"wp-block-esab-accordion accordion-3bdb9801 esab__head--border-bottom\" data-mode=\"global\"><div class=\"esab__container\" style=\"row-gap:10px;margin:0px 0px 0px 0px\">\n<div class=\"wp-block-esab-accordion-child\" style=\"border:0px solid #E0E0E0\"><div class=\"esab__head\" style=\"padding:10px 10px 10px 10px;background-color:transparent\" role=\"button\" aria-expanded=\"false\"><div class=\"esab__heading_txt\"><h4 class=\"esab__heading_tag\">Qui sont les formateurs ?<\/h4><\/div><div class=\"esab__icon\"><div class=\"esab__collapse\"><svg version=\"1.2\" viewBox=\"0 0 24 24\" width=\"24\" height=\"24\"><path d=\"m11.3 3.6h1.4q0.2 0 0.2 0.1v16.6q0 0.1-0.2 0.1h-1.4q-0.2 0-0.2-0.2v-16.5q0-0.1 0.2-0.1z\"><\/path><path d=\"m4.1 11.1h15.8q0.2 0 0.2 0.2v1.4q0 0.2-0.2 0.2h-15.8q-0.2 0-0.2-0.2v-1.4q0-0.2 0.2-0.2z\"><\/path><\/svg><\/div><div class=\"esab__expand\"><svg version=\"1.2\" viewBox=\"0 0 24 24\" width=\"24\" height=\"24\"><path d=\"m3.4 11.1h17.2v1.8h-17.2z\"><\/path><\/svg><\/div><\/div><\/div><div class=\"esab__body\" style=\"border-top:1px solid #000000;padding:10px 10px 10px 10px;background-color:transparent\">\n<p>Les formateurs ont une solide compr\u00e9hension du document d&rsquo;orientation et une exp\u00e9rience dans l&rsquo;organisation de sessions de formation. Ils connaissent bien le sport et la sant\u00e9 mentale et le soutien psychosocial (SMSPS), ce qui permet aux participants d&rsquo;acqu\u00e9rir des comp\u00e9tences et des connaissances pratiques. Les formateurs cr\u00e9ent un environnement d&rsquo;apprentissage favorable, aidant les participants \u00e0 appliquer ces concepts dans des situations r\u00e9elles.  <\/p>\n<\/div><\/div>\n\n\n\n<div class=\"wp-block-esab-accordion-child\" style=\"border:0px solid #E0E0E0\"><div class=\"esab__head\" style=\"padding:10px 10px 10px 10px;background-color:transparent\" role=\"button\" aria-expanded=\"false\"><div class=\"esab__heading_txt\"><h4 class=\"esab__heading_tag\"><strong>Quelles sont les ressources disponibles pour la formation ?<\/strong><\/h4><\/div><div class=\"esab__icon\"><div class=\"esab__collapse\"><svg version=\"1.2\" viewBox=\"0 0 24 24\" width=\"24\" height=\"24\"><path d=\"m11.3 3.6h1.4q0.2 0 0.2 0.1v16.6q0 0.1-0.2 0.1h-1.4q-0.2 0-0.2-0.2v-16.5q0-0.1 0.2-0.1z\"><\/path><path d=\"m4.1 11.1h15.8q0.2 0 0.2 0.2v1.4q0 0.2-0.2 0.2h-15.8q-0.2 0-0.2-0.2v-1.4q0-0.2 0.2-0.2z\"><\/path><\/svg><\/div><div class=\"esab__expand\"><svg version=\"1.2\" viewBox=\"0 0 24 24\" width=\"24\" height=\"24\"><path d=\"m3.4 11.1h17.2v1.8h-17.2z\"><\/path><\/svg><\/div><\/div><\/div><div class=\"esab__body\" style=\"border-top:1px solid #000000;padding:10px 10px 10px 10px;background-color:transparent\">\n<p>Il existe trois grands types de ressources de formation :<\/p>\n\n\n\n<ul class=\"wp-block-list\">\n<li>Manuel d&rsquo;animation pour la formation SC+ d&rsquo;une journ\u00e9e pour les entra\u00eeneurs sportifs, comprenant l&rsquo;ordre du jour, les documents \u00e0 distribuer, les exercices et les conseils d&rsquo;animation.<\/li>\n\n\n\n<li>La formation des formateurs est une formation de trois jours qui vise \u00e0 pr\u00e9parer le formateur \u00e0 d\u00e9velopper et \u00e0 mettre en \u0153uvre des formations actives et exp\u00e9rientielles, contextualis\u00e9es localement, adapt\u00e9es aux entra\u00eeneurs sportifs. Disponible sur demande.   <\/li>\n<\/ul>\n<\/div><\/div>\n<\/div><\/div>\n<\/div><\/section>\n","protected":false},"excerpt":{"rendered":"<p>Questions g\u00e9n\u00e9rales Pour les entra\u00eeneurs sportifs Pour les formateurs [&#8230;]<\/p>\n<p><a class=\"btn btn-secondary understrap-read-more-link\" href=\"https:\/\/www.sportcoachplus.org\/fr\/faq\/\">Lire la suite\u2026<span class=\"screen-reader-text\"> from FAQ<\/span><\/a><\/p>\n","protected":false},"author":8,"featured_media":0,"parent":0,"menu_order":0,"comment_status":"closed","ping_status":"closed","template":"page-templates\/no-title.php","meta":{"_acf_changed":false,"inline_featured_image":false,"_monsterinsights_skip_tracking":false,"_monsterinsights_sitenote_active":false,"_monsterinsights_sitenote_note":"","_monsterinsights_sitenote_category":0,"footnotes":""},"class_list":["post-2691","page","type-page","status-publish","hentry"],"acf":[],"yoast_head":"<!-- This site is optimized with the Yoast SEO plugin v27.4 - https:\/\/yoast.com\/product\/yoast-seo-wordpress\/ -->\n<title>FAQ - Sport Coach+<\/title>\n<meta name=\"robots\" content=\"index, follow, max-snippet:-1, max-image-preview:large, max-video-preview:-1\" \/>\n<link rel=\"canonical\" href=\"https:\/\/www.sportcoachplus.org\/fr\/faq\/\" \/>\n<meta property=\"og:locale\" content=\"fr_FR\" \/>\n<meta property=\"og:type\" content=\"article\" \/>\n<meta property=\"og:title\" content=\"FAQ - Sport Coach+\" \/>\n<meta property=\"og:description\" content=\"Questions g\u00e9n\u00e9rales Pour les entra\u00eeneurs sportifs Pour les formateurs [...]Lire la suite\u2026 from FAQ\" \/>\n<meta property=\"og:url\" content=\"https:\/\/www.sportcoachplus.org\/fr\/faq\/\" \/>\n<meta property=\"og:site_name\" content=\"Sport Coach+\" \/>\n<meta property=\"article:modified_time\" content=\"2024-12-04T12:31:02+00:00\" \/>\n<meta name=\"twitter:card\" content=\"summary_large_image\" \/>\n<meta name=\"twitter:label1\" content=\"Dur\u00e9e de lecture estim\u00e9e\" \/>\n\t<meta name=\"twitter:data1\" content=\"3 minutes\" \/>\n<script type=\"application\/ld+json\" class=\"yoast-schema-graph\">{\"@context\":\"https:\\\/\\\/schema.org\",\"@graph\":[{\"@type\":\"WebPage\",\"@id\":\"https:\\\/\\\/www.sportcoachplus.org\\\/fr\\\/faq\\\/\",\"url\":\"https:\\\/\\\/www.sportcoachplus.org\\\/fr\\\/faq\\\/\",\"name\":\"FAQ - Sport Coach+\",\"isPartOf\":{\"@id\":\"https:\\\/\\\/www.sportcoachplus.org\\\/fr\\\/#website\"},\"datePublished\":\"2024-05-09T11:38:05+00:00\",\"dateModified\":\"2024-12-04T12:31:02+00:00\",\"breadcrumb\":{\"@id\":\"https:\\\/\\\/www.sportcoachplus.org\\\/fr\\\/faq\\\/#breadcrumb\"},\"inLanguage\":\"fr-FR\",\"potentialAction\":[{\"@type\":\"ReadAction\",\"target\":[\"https:\\\/\\\/www.sportcoachplus.org\\\/fr\\\/faq\\\/\"]}]},{\"@type\":\"BreadcrumbList\",\"@id\":\"https:\\\/\\\/www.sportcoachplus.org\\\/fr\\\/faq\\\/#breadcrumb\",\"itemListElement\":[{\"@type\":\"ListItem\",\"position\":1,\"name\":\"Home\",\"item\":\"https:\\\/\\\/www.sportcoachplus.org\\\/fr\\\/\"},{\"@type\":\"ListItem\",\"position\":2,\"name\":\"FAQ\"}]},{\"@type\":\"WebSite\",\"@id\":\"https:\\\/\\\/www.sportcoachplus.org\\\/fr\\\/#website\",\"url\":\"https:\\\/\\\/www.sportcoachplus.org\\\/fr\\\/\",\"name\":\"Sport Coach+\",\"description\":\"Un sport s\u00fbr et solidaire pour promouvoir la sant\u00e9 mentale des jeunes touch\u00e9s par le d\u00e9placement\",\"publisher\":{\"@id\":\"https:\\\/\\\/www.sportcoachplus.org\\\/fr\\\/#organization\"},\"potentialAction\":[{\"@type\":\"SearchAction\",\"target\":{\"@type\":\"EntryPoint\",\"urlTemplate\":\"https:\\\/\\\/www.sportcoachplus.org\\\/fr\\\/?s={search_term_string}\"},\"query-input\":{\"@type\":\"PropertyValueSpecification\",\"valueRequired\":true,\"valueName\":\"search_term_string\"}}],\"inLanguage\":\"fr-FR\"},{\"@type\":\"Organization\",\"@id\":\"https:\\\/\\\/www.sportcoachplus.org\\\/fr\\\/#organization\",\"name\":\"Sport Coach+\",\"url\":\"https:\\\/\\\/www.sportcoachplus.org\\\/fr\\\/\",\"logo\":{\"@type\":\"ImageObject\",\"inLanguage\":\"fr-FR\",\"@id\":\"https:\\\/\\\/www.sportcoachplus.org\\\/fr\\\/#\\\/schema\\\/logo\\\/image\\\/\",\"url\":\"https:\\\/\\\/www.sportcoachplus.org\\\/wp-content\\\/uploads\\\/2024\\\/05\\\/SportCoach-logo.svg\",\"contentUrl\":\"https:\\\/\\\/www.sportcoachplus.org\\\/wp-content\\\/uploads\\\/2024\\\/05\\\/SportCoach-logo.svg\",\"width\":488,\"height\":194,\"caption\":\"Sport Coach+\"},\"image\":{\"@id\":\"https:\\\/\\\/www.sportcoachplus.org\\\/fr\\\/#\\\/schema\\\/logo\\\/image\\\/\"}}]}<\/script>\n<!-- \/ Yoast SEO plugin. -->","yoast_head_json":{"title":"FAQ - Sport Coach+","robots":{"index":"index","follow":"follow","max-snippet":"max-snippet:-1","max-image-preview":"max-image-preview:large","max-video-preview":"max-video-preview:-1"},"canonical":"https:\/\/www.sportcoachplus.org\/fr\/faq\/","og_locale":"fr_FR","og_type":"article","og_title":"FAQ - Sport Coach+","og_description":"Questions g\u00e9n\u00e9rales Pour les entra\u00eeneurs sportifs Pour les formateurs [...]Lire la suite\u2026 from FAQ","og_url":"https:\/\/www.sportcoachplus.org\/fr\/faq\/","og_site_name":"Sport Coach+","article_modified_time":"2024-12-04T12:31:02+00:00","twitter_card":"summary_large_image","twitter_misc":{"Dur\u00e9e de lecture estim\u00e9e":"3 minutes"},"schema":{"@context":"https:\/\/schema.org","@graph":[{"@type":"WebPage","@id":"https:\/\/www.sportcoachplus.org\/fr\/faq\/","url":"https:\/\/www.sportcoachplus.org\/fr\/faq\/","name":"FAQ - Sport Coach+","isPartOf":{"@id":"https:\/\/www.sportcoachplus.org\/fr\/#website"},"datePublished":"2024-05-09T11:38:05+00:00","dateModified":"2024-12-04T12:31:02+00:00","breadcrumb":{"@id":"https:\/\/www.sportcoachplus.org\/fr\/faq\/#breadcrumb"},"inLanguage":"fr-FR","potentialAction":[{"@type":"ReadAction","target":["https:\/\/www.sportcoachplus.org\/fr\/faq\/"]}]},{"@type":"BreadcrumbList","@id":"https:\/\/www.sportcoachplus.org\/fr\/faq\/#breadcrumb","itemListElement":[{"@type":"ListItem","position":1,"name":"Home","item":"https:\/\/www.sportcoachplus.org\/fr\/"},{"@type":"ListItem","position":2,"name":"FAQ"}]},{"@type":"WebSite","@id":"https:\/\/www.sportcoachplus.org\/fr\/#website","url":"https:\/\/www.sportcoachplus.org\/fr\/","name":"Sport Coach+","description":"Un sport s\u00fbr et solidaire pour promouvoir la sant\u00e9 mentale des jeunes touch\u00e9s par le d\u00e9placement","publisher":{"@id":"https:\/\/www.sportcoachplus.org\/fr\/#organization"},"potentialAction":[{"@type":"SearchAction","target":{"@type":"EntryPoint","urlTemplate":"https:\/\/www.sportcoachplus.org\/fr\/?s={search_term_string}"},"query-input":{"@type":"PropertyValueSpecification","valueRequired":true,"valueName":"search_term_string"}}],"inLanguage":"fr-FR"},{"@type":"Organization","@id":"https:\/\/www.sportcoachplus.org\/fr\/#organization","name":"Sport Coach+","url":"https:\/\/www.sportcoachplus.org\/fr\/","logo":{"@type":"ImageObject","inLanguage":"fr-FR","@id":"https:\/\/www.sportcoachplus.org\/fr\/#\/schema\/logo\/image\/","url":"https:\/\/www.sportcoachplus.org\/wp-content\/uploads\/2024\/05\/SportCoach-logo.svg","contentUrl":"https:\/\/www.sportcoachplus.org\/wp-content\/uploads\/2024\/05\/SportCoach-logo.svg","width":488,"height":194,"caption":"Sport Coach+"},"image":{"@id":"https:\/\/www.sportcoachplus.org\/fr\/#\/schema\/logo\/image\/"}}]}},"_links":{"self":[{"href":"https:\/\/www.sportcoachplus.org\/fr\/wp-json\/wp\/v2\/pages\/2691","targetHints":{"allow":["GET"]}}],"collection":[{"href":"https:\/\/www.sportcoachplus.org\/fr\/wp-json\/wp\/v2\/pages"}],"about":[{"href":"https:\/\/www.sportcoachplus.org\/fr\/wp-json\/wp\/v2\/types\/page"}],"author":[{"embeddable":true,"href":"https:\/\/www.sportcoachplus.org\/fr\/wp-json\/wp\/v2\/users\/8"}],"replies":[{"embeddable":true,"href":"https:\/\/www.sportcoachplus.org\/fr\/wp-json\/wp\/v2\/comments?post=2691"}],"version-history":[{"count":1,"href":"https:\/\/www.sportcoachplus.org\/fr\/wp-json\/wp\/v2\/pages\/2691\/revisions"}],"predecessor-version":[{"id":2692,"href":"https:\/\/www.sportcoachplus.org\/fr\/wp-json\/wp\/v2\/pages\/2691\/revisions\/2692"}],"wp:attachment":[{"href":"https:\/\/www.sportcoachplus.org\/fr\/wp-json\/wp\/v2\/media?parent=2691"}],"curies":[{"name":"wp","href":"https:\/\/api.w.org\/{rel}","templated":true}]}}