{"id":6415,"date":"2024-03-26T14:52:58","date_gmt":"2024-03-26T13:52:58","guid":{"rendered":"https:\/\/www.sportcoachplus.org\/politica-de-privacidad-y-aviso-legal\/"},"modified":"2025-08-19T14:03:43","modified_gmt":"2025-08-19T12:03:43","slug":"politica-de-privacidad-y-aviso-legal","status":"publish","type":"page","link":"https:\/\/www.sportcoachplus.org\/es\/politica-de-privacidad-y-aviso-legal\/","title":{"rendered":"Pol\u00edtica de privacidad y Aviso legal"},"content":{"rendered":"\n<h2 class=\"wp-block-heading\">Descargo de responsabilidad<\/h2>\n\n\n\n<p>Toda la informaci\u00f3n contenida en este sitio web es Copyright\u00a9 Red Cross Red Crescent Movement MHPSS Hub y Olympic Refuge Foundation. Todos los derechos reservados.<\/p>\n\n\n\n<h2 class=\"wp-block-heading\">Nuestra pol\u00edtica de privacidad<\/h2>\n\n\n\n<p>Este sitio web est\u00e1 gestionado por el Centro de Referencia de Apoyo Psicosocial de la Federaci\u00f3n Internacional de Sociedades de la Cruz Roja y de la Media Luna Roja, albergado por la Cruz Roja Danesa, y Olympic Refuge Foundation (\u00abnosotros\u00bb, \u00abnos\u00bb, \u00abnuestro\u00bb, \u00abel sitio web\u00bb). Nos tomamos muy en serio tu privacidad y la seguridad de tu informaci\u00f3n personal, es decir, cualquier informaci\u00f3n relativa a una persona identificada o identificable. T\u00f3mate un momento para leer esta Pol\u00edtica de privacidad y conocer nuestros principios generales de privacidad y seguridad de la informaci\u00f3n. Cualquier cambio en esta Pol\u00edtica de Privacidad se publicar\u00e1 en esta p\u00e1gina.   <\/p>\n\n\n\n<h3 class=\"wp-block-heading\">A) Datos recogidos al acceder a nuestros sitios<\/h3>\n\n\n\n<h4 class=\"wp-block-heading\"><strong>1. Informaci\u00f3n que facilitas<\/strong><\/h4>\n\n\n\n<p>En determinadas p\u00e1ginas web, pueden solicitarse tus datos personales. Por ejemplo, es necesario obtener tu direcci\u00f3n de correo electr\u00f3nico, nombre y otros datos para enviar un formulario de contacto. Es importante tener en cuenta que algunas de las funciones del sitio web requieren el uso de proveedores externos (para m\u00e1s detalles, consulta la Secci\u00f3n F).  <\/p>\n\n\n\n<h4 class=\"wp-block-heading\"><strong>2. Recogida autom\u00e1tica o rutinaria<\/strong><\/h4>\n\n\n\n<p>Por el mero hecho de visitar el sitio web, es posible que se recojan y procesen ciertos metadatos. Aunque hemos trabajado para minimizar la recogida de datos, se pueden recoger los siguientes (y procesar por las razones expuestas en la Secci\u00f3n B de esta Pol\u00edtica de Privacidad): <\/p>\n\n\n\n<ul class=\"wp-block-list\">\n<li>tu direcci\u00f3n de protocolo de Internet (IP) (que puede revelar tu ubicaci\u00f3n aproximada y tu zona horaria)<\/li>\n\n\n\n<li>ID del dispositivo (que indica el tipo de dispositivo que se utiliza para acceder a la plataforma y tambi\u00e9n puede revelar el sistema operativo utilizado)<\/li>\n\n\n\n<li>fechas y hora de uso<\/li>\n\n\n\n<li>URL solicitada<\/li>\n\n\n\n<li>sistema operativo que utilizas<\/li>\n<\/ul>\n\n\n\n<h4 class=\"wp-block-heading\"><strong>3. Uso de cookies<\/strong><\/h4>\n\n\n\n<p>Utilizamos cookies en nuestro sitio web. Por favor, visita el siguiente enlace para obtener m\u00e1s informaci\u00f3n: <a href=\"https:\/\/www.sportcoachplus.org\/cookie-policy\/\" data-type=\"page\" data-id=\"1312\">Pol\u00edtica de cookies<\/a>. <\/p>\n\n\n\n<h3 class=\"wp-block-heading\">B) \u00bfC\u00f3mo se utiliza esta informaci\u00f3n?<\/h3>\n\n\n\n<p>Esta informaci\u00f3n se utiliza para mejorar nuestro servicio, elaborar estad\u00edsticas (incluidas las de consulta) y comunicarnos contigo. M\u00e1s concretamente, se utiliza: <\/p>\n\n\n\n<ul class=\"wp-block-list\">\n<li>responder a tus solicitudes de informaci\u00f3n<\/li>\n\n\n\n<li>para permitirte utilizar determinadas funciones interactivas (por ejemplo, descargar datos, guardar favoritos)<\/li>\n\n\n\n<li>prestar servicios o prestar ayuda<\/li>\n\n\n\n<li>para mejorar nuestro sitio web, la comunicaci\u00f3n, los productos y los servicios; para elaborar estad\u00edsticas sobre las consultas, y para comprender qu\u00e9 contenidos interesan m\u00e1s a la comunidad<\/li>\n\n\n\n<li>mantener la seguridad e integridad<\/li>\n\n\n\n<li>para que los contenidos se presenten de la forma que m\u00e1s te convenga<\/li>\n<\/ul>\n\n\n\n<h3 class=\"wp-block-heading\">C) Acceso e intercambio de datos<\/h3>\n\n\n\n<p>Como norma general, no revelaremos ninguna informaci\u00f3n que te identifique personalmente, salvo con tu permiso. La informaci\u00f3n que nos proporciones no se vender\u00e1 a terceros ni se utilizar\u00e1 de forma incompatible con los objetivos del sitio web. <\/p>\n\n\n\n<p>Adem\u00e1s, tus datos s\u00f3lo ser\u00e1n accesibles para el personal (y otras personas autorizadas) que tengan una necesidad leg\u00edtima de tener dicho acceso.<\/p>\n\n\n\n<h3 class=\"wp-block-heading\">D) Almacenamiento, seguridad, preguntas sobre tus datos<\/h3>\n\n\n\n<p>Utilizamos sistemas seguros y aplicamos medidas t\u00e9cnicas y organizativas adecuadas para salvaguardar tu informaci\u00f3n personal y protegerla contra el tratamiento no autorizado o ilegal, la p\u00e9rdida accidental, la destrucci\u00f3n o el da\u00f1o. Aunque tomamos medidas razonables para proteger tu informaci\u00f3n personal, ten en cuenta que ning\u00fan sistema puede garantizar una seguridad del 100%. <\/p>\n\n\n\n<p>Cuando sea necesario compartir tus datos personales con terceros, tomaremos medidas razonables para garantizar que tus datos personales sigan siendo tratados de forma segura.<\/p>\n\n\n\n<p>Estas medidas pueden consistir en disposiciones contractuales espec\u00edficas que obliguen a esos terceros a aplicar medidas de seguridad no menos equivalentes que las nuestras. Tenlo en cuenta al enviar cualquier comunicaci\u00f3n. No podemos garantizar (ni garantizamos) una seguridad absoluta.  <\/p>\n\n\n\n<p>En determinadas circunstancias, puedes solicitar revisar los datos personales que tenemos sobre ti. Tambi\u00e9n puedes oponerte al tratamiento de determinados datos personales y\/o solicitar la correcci\u00f3n o supresi\u00f3n de dichos datos personales.   <\/p>\n\n\n\n<p>Ponte en contacto con los siguientes departamentos para preguntas sobre datos personales relacionadas con:<\/p>\n\n\n\n<p><strong>MHPSS Hub:<\/strong>\u00a0<a href=\"mailto:psychosocial.centre@ifrc.org\" target=\"_blank\" rel=\"noreferrer noopener\"><\/a><a href=\"mailto:mhpsshub@rodekors.dk\">mhpsshub@rodekors.dk<\/a><\/p>\n\n\n\n<p><strong>ORF:<\/strong> <a href=\"mailto:contact@olympicrefugefoundation.org\" target=\"_blank\" rel=\"noreferrer noopener\">contact@olympicrefugefoundation.org<\/a><\/p>\n\n\n\n<h3 class=\"wp-block-heading\">E) Privilegios e inmunidades<\/h3>\n\n\n\n<p>Nada de lo contenido en esta Pol\u00edtica de Privacidad o en este sitio, o relacionado con ellos, se considerar\u00e1 una renuncia a cualquiera de los privilegios e inmunidades de la Federaci\u00f3n.<\/p>\n\n\n\n<h3 class=\"wp-block-heading\">F) Nota sobre enlaces a sitios web externos<\/h3>\n\n\n\n<p>Ten en cuenta que esta pol\u00edtica de privacidad s\u00f3lo se aplica al sitio web sportcoachplus.org. No se aplica a las p\u00e1ginas alojadas por otras organizaciones, incluidas las Sociedades Nacionales de la Cruz Roja y de la Media Luna Roja y el Comit\u00e9 Internacional de la Cruz Roja, que tienen sus propias pol\u00edticas de privacidad. <\/p>\n\n\n\n<p>Adem\u00e1s, algunas p\u00e1ginas web de sportcoachplus.org pueden: 1) incorporar o redirigir a proveedores de servicios de terceros y 2) contener enlaces a sitios de terceros, como Facebook, YouTube o Twitter, por ejemplo. Estos sitios de terceros y externos (y cualquier otro sitio que no sea de sportcoachplus.org) tendr\u00e1n normalmente sus propias pol\u00edticas de privacidad y pr\u00e1cticas de tratamiento de datos que nosotros no controlamos. Te recomendamos encarecidamente que revises dichas pol\u00edticas de privacidad.    <\/p>\n\n\n\n<div class=\"wp-block-group is-nowrap is-layout-flex wp-container-core-group-is-layout-ad2f72ca wp-block-group-is-layout-flex\">\n<p class=\"small has-gray-color has-text-color has-link-color wp-elements-3c47a245bf21002f2442a348b0510c08\">&#8211; Esta versi\u00f3n de la Pol\u00edtica fue modificada por \u00faltima vez el:<\/p>\n\n\n<div class=\"wp-block-post-date__modified-date small wp-block-post-date\"><time datetime=\"2025-08-19T14:03:43+02:00\">agosto 19, 2025<\/time><\/div><\/div>\n","protected":false},"excerpt":{"rendered":"<p>Descargo de responsabilidad Toda la informaci\u00f3n contenida en este sitio web es Copyright\u00a9 Red Cross Red Crescent Movement MHPSS Hub y Olympic Refuge Foundation. Todos los derechos reservados. Nuestra pol\u00edtica de privacidad Este sitio web est\u00e1 gestionado por el Centro de Referencia de Apoyo Psicosocial de la Federaci\u00f3n Internacional de Sociedades de la Cruz Roja [&#8230;]<\/p>\n<p><a class=\"btn btn-secondary understrap-read-more-link\" href=\"https:\/\/www.sportcoachplus.org\/es\/politica-de-privacidad-y-aviso-legal\/\">Leer m\u00e1s&#8230;<span class=\"screen-reader-text\"> from Pol\u00edtica de privacidad y Aviso legal<\/span><\/a><\/p>\n","protected":false},"author":8,"featured_media":0,"parent":0,"menu_order":0,"comment_status":"closed","ping_status":"closed","template":"page-templates\/no-title.php","meta":{"_acf_changed":false,"inline_featured_image":false,"_monsterinsights_skip_tracking":false,"_monsterinsights_sitenote_active":false,"_monsterinsights_sitenote_note":"","_monsterinsights_sitenote_category":0,"footnotes":""},"class_list":["post-6415","page","type-page","status-publish","hentry"],"acf":[],"yoast_head":"<!-- This site is optimized with the Yoast SEO plugin v27.4 - https:\/\/yoast.com\/product\/yoast-seo-wordpress\/ -->\n<title>Pol\u00edtica de privacidad y Aviso legal - Sport Coach+<\/title>\n<meta name=\"robots\" content=\"index, follow, max-snippet:-1, max-image-preview:large, max-video-preview:-1\" \/>\n<link rel=\"canonical\" href=\"https:\/\/www.sportcoachplus.org\/es\/politica-de-privacidad-y-aviso-legal\/\" \/>\n<meta property=\"og:locale\" content=\"es_ES\" \/>\n<meta property=\"og:type\" content=\"article\" \/>\n<meta property=\"og:title\" content=\"Pol\u00edtica de privacidad y Aviso legal - Sport Coach+\" \/>\n<meta property=\"og:description\" content=\"Descargo de responsabilidad Toda la informaci\u00f3n contenida en este sitio web es Copyright\u00a9 Red Cross Red Crescent Movement MHPSS Hub y Olympic Refuge Foundation. Todos los derechos reservados. Nuestra pol\u00edtica de privacidad Este sitio web est\u00e1 gestionado por el Centro de Referencia de Apoyo Psicosocial de la Federaci\u00f3n Internacional de Sociedades de la Cruz Roja [...]Leer m\u00e1s... from Pol\u00edtica de privacidad y Aviso legal\" \/>\n<meta property=\"og:url\" content=\"https:\/\/www.sportcoachplus.org\/es\/politica-de-privacidad-y-aviso-legal\/\" \/>\n<meta property=\"og:site_name\" content=\"Sport Coach+\" \/>\n<meta property=\"article:modified_time\" content=\"2025-08-19T12:03:43+00:00\" \/>\n<meta name=\"twitter:card\" content=\"summary_large_image\" \/>\n<meta name=\"twitter:label1\" content=\"Tiempo de lectura\" \/>\n\t<meta name=\"twitter:data1\" content=\"4 minutos\" \/>\n<script type=\"application\/ld+json\" class=\"yoast-schema-graph\">{\"@context\":\"https:\\\/\\\/schema.org\",\"@graph\":[{\"@type\":\"WebPage\",\"@id\":\"https:\\\/\\\/www.sportcoachplus.org\\\/es\\\/politica-de-privacidad-y-aviso-legal\\\/\",\"url\":\"https:\\\/\\\/www.sportcoachplus.org\\\/es\\\/politica-de-privacidad-y-aviso-legal\\\/\",\"name\":\"Pol\u00edtica de privacidad y Aviso legal - Sport Coach+\",\"isPartOf\":{\"@id\":\"https:\\\/\\\/www.sportcoachplus.org\\\/es\\\/#website\"},\"datePublished\":\"2024-03-26T13:52:58+00:00\",\"dateModified\":\"2025-08-19T12:03:43+00:00\",\"breadcrumb\":{\"@id\":\"https:\\\/\\\/www.sportcoachplus.org\\\/es\\\/politica-de-privacidad-y-aviso-legal\\\/#breadcrumb\"},\"inLanguage\":\"es\",\"potentialAction\":[{\"@type\":\"ReadAction\",\"target\":[\"https:\\\/\\\/www.sportcoachplus.org\\\/es\\\/politica-de-privacidad-y-aviso-legal\\\/\"]}]},{\"@type\":\"BreadcrumbList\",\"@id\":\"https:\\\/\\\/www.sportcoachplus.org\\\/es\\\/politica-de-privacidad-y-aviso-legal\\\/#breadcrumb\",\"itemListElement\":[{\"@type\":\"ListItem\",\"position\":1,\"name\":\"Home\",\"item\":\"https:\\\/\\\/www.sportcoachplus.org\\\/es\\\/\"},{\"@type\":\"ListItem\",\"position\":2,\"name\":\"Pol\u00edtica de privacidad y Aviso legal\"}]},{\"@type\":\"WebSite\",\"@id\":\"https:\\\/\\\/www.sportcoachplus.org\\\/es\\\/#website\",\"url\":\"https:\\\/\\\/www.sportcoachplus.org\\\/es\\\/\",\"name\":\"Sport Coach+\",\"description\":\"Deporte seguro y solidario para promover la salud mental de los j\u00f3venes afectados por el desplazamiento\",\"publisher\":{\"@id\":\"https:\\\/\\\/www.sportcoachplus.org\\\/es\\\/#organization\"},\"potentialAction\":[{\"@type\":\"SearchAction\",\"target\":{\"@type\":\"EntryPoint\",\"urlTemplate\":\"https:\\\/\\\/www.sportcoachplus.org\\\/es\\\/?s={search_term_string}\"},\"query-input\":{\"@type\":\"PropertyValueSpecification\",\"valueRequired\":true,\"valueName\":\"search_term_string\"}}],\"inLanguage\":\"es\"},{\"@type\":\"Organization\",\"@id\":\"https:\\\/\\\/www.sportcoachplus.org\\\/es\\\/#organization\",\"name\":\"Sport Coach+\",\"url\":\"https:\\\/\\\/www.sportcoachplus.org\\\/es\\\/\",\"logo\":{\"@type\":\"ImageObject\",\"inLanguage\":\"es\",\"@id\":\"https:\\\/\\\/www.sportcoachplus.org\\\/es\\\/#\\\/schema\\\/logo\\\/image\\\/\",\"url\":\"https:\\\/\\\/www.sportcoachplus.org\\\/wp-content\\\/uploads\\\/2024\\\/05\\\/SportCoach-logo.svg\",\"contentUrl\":\"https:\\\/\\\/www.sportcoachplus.org\\\/wp-content\\\/uploads\\\/2024\\\/05\\\/SportCoach-logo.svg\",\"width\":488,\"height\":194,\"caption\":\"Sport Coach+\"},\"image\":{\"@id\":\"https:\\\/\\\/www.sportcoachplus.org\\\/es\\\/#\\\/schema\\\/logo\\\/image\\\/\"}}]}<\/script>\n<!-- \/ Yoast SEO plugin. -->","yoast_head_json":{"title":"Pol\u00edtica de privacidad y Aviso legal - Sport Coach+","robots":{"index":"index","follow":"follow","max-snippet":"max-snippet:-1","max-image-preview":"max-image-preview:large","max-video-preview":"max-video-preview:-1"},"canonical":"https:\/\/www.sportcoachplus.org\/es\/politica-de-privacidad-y-aviso-legal\/","og_locale":"es_ES","og_type":"article","og_title":"Pol\u00edtica de privacidad y Aviso legal - Sport Coach+","og_description":"Descargo de responsabilidad Toda la informaci\u00f3n contenida en este sitio web es Copyright\u00a9 Red Cross Red Crescent Movement MHPSS Hub y Olympic Refuge Foundation. Todos los derechos reservados. Nuestra pol\u00edtica de privacidad Este sitio web est\u00e1 gestionado por el Centro de Referencia de Apoyo Psicosocial de la Federaci\u00f3n Internacional de Sociedades de la Cruz Roja [...]Leer m\u00e1s... from Pol\u00edtica de privacidad y Aviso legal","og_url":"https:\/\/www.sportcoachplus.org\/es\/politica-de-privacidad-y-aviso-legal\/","og_site_name":"Sport Coach+","article_modified_time":"2025-08-19T12:03:43+00:00","twitter_card":"summary_large_image","twitter_misc":{"Tiempo de lectura":"4 minutos"},"schema":{"@context":"https:\/\/schema.org","@graph":[{"@type":"WebPage","@id":"https:\/\/www.sportcoachplus.org\/es\/politica-de-privacidad-y-aviso-legal\/","url":"https:\/\/www.sportcoachplus.org\/es\/politica-de-privacidad-y-aviso-legal\/","name":"Pol\u00edtica de privacidad y Aviso legal - Sport Coach+","isPartOf":{"@id":"https:\/\/www.sportcoachplus.org\/es\/#website"},"datePublished":"2024-03-26T13:52:58+00:00","dateModified":"2025-08-19T12:03:43+00:00","breadcrumb":{"@id":"https:\/\/www.sportcoachplus.org\/es\/politica-de-privacidad-y-aviso-legal\/#breadcrumb"},"inLanguage":"es","potentialAction":[{"@type":"ReadAction","target":["https:\/\/www.sportcoachplus.org\/es\/politica-de-privacidad-y-aviso-legal\/"]}]},{"@type":"BreadcrumbList","@id":"https:\/\/www.sportcoachplus.org\/es\/politica-de-privacidad-y-aviso-legal\/#breadcrumb","itemListElement":[{"@type":"ListItem","position":1,"name":"Home","item":"https:\/\/www.sportcoachplus.org\/es\/"},{"@type":"ListItem","position":2,"name":"Pol\u00edtica de privacidad y Aviso legal"}]},{"@type":"WebSite","@id":"https:\/\/www.sportcoachplus.org\/es\/#website","url":"https:\/\/www.sportcoachplus.org\/es\/","name":"Sport Coach+","description":"Deporte seguro y solidario para promover la salud mental de los j\u00f3venes afectados por el desplazamiento","publisher":{"@id":"https:\/\/www.sportcoachplus.org\/es\/#organization"},"potentialAction":[{"@type":"SearchAction","target":{"@type":"EntryPoint","urlTemplate":"https:\/\/www.sportcoachplus.org\/es\/?s={search_term_string}"},"query-input":{"@type":"PropertyValueSpecification","valueRequired":true,"valueName":"search_term_string"}}],"inLanguage":"es"},{"@type":"Organization","@id":"https:\/\/www.sportcoachplus.org\/es\/#organization","name":"Sport Coach+","url":"https:\/\/www.sportcoachplus.org\/es\/","logo":{"@type":"ImageObject","inLanguage":"es","@id":"https:\/\/www.sportcoachplus.org\/es\/#\/schema\/logo\/image\/","url":"https:\/\/www.sportcoachplus.org\/wp-content\/uploads\/2024\/05\/SportCoach-logo.svg","contentUrl":"https:\/\/www.sportcoachplus.org\/wp-content\/uploads\/2024\/05\/SportCoach-logo.svg","width":488,"height":194,"caption":"Sport Coach+"},"image":{"@id":"https:\/\/www.sportcoachplus.org\/es\/#\/schema\/logo\/image\/"}}]}},"_links":{"self":[{"href":"https:\/\/www.sportcoachplus.org\/es\/wp-json\/wp\/v2\/pages\/6415","targetHints":{"allow":["GET"]}}],"collection":[{"href":"https:\/\/www.sportcoachplus.org\/es\/wp-json\/wp\/v2\/pages"}],"about":[{"href":"https:\/\/www.sportcoachplus.org\/es\/wp-json\/wp\/v2\/types\/page"}],"author":[{"embeddable":true,"href":"https:\/\/www.sportcoachplus.org\/es\/wp-json\/wp\/v2\/users\/8"}],"replies":[{"embeddable":true,"href":"https:\/\/www.sportcoachplus.org\/es\/wp-json\/wp\/v2\/comments?post=6415"}],"version-history":[{"count":3,"href":"https:\/\/www.sportcoachplus.org\/es\/wp-json\/wp\/v2\/pages\/6415\/revisions"}],"predecessor-version":[{"id":6510,"href":"https:\/\/www.sportcoachplus.org\/es\/wp-json\/wp\/v2\/pages\/6415\/revisions\/6510"}],"wp:attachment":[{"href":"https:\/\/www.sportcoachplus.org\/es\/wp-json\/wp\/v2\/media?parent=6415"}],"curies":[{"name":"wp","href":"https:\/\/api.w.org\/{rel}","templated":true}]}}