{"id":6419,"date":"2024-03-26T14:52:58","date_gmt":"2024-03-26T13:52:58","guid":{"rendered":"https:\/\/www.sportcoachplus.org\/datenschutz-rechtliche-hinweise\/"},"modified":"2025-08-19T14:02:26","modified_gmt":"2025-08-19T12:02:26","slug":"datenschutz-rechtliche-hinweise","status":"publish","type":"page","link":"https:\/\/www.sportcoachplus.org\/de\/datenschutz-rechtliche-hinweise\/","title":{"rendered":"Datenschutz &amp; Rechtliche Hinweise"},"content":{"rendered":"\n<h2 class=\"wp-block-heading\">Haftungsausschluss<\/h2>\n\n\n\n<p>Alle auf dieser Website enthaltenen Informationen sind Copyright \u00a9 Red Cross Red Crescent Movement MHPSS Hub und Olympic Refuge Foundation. Alle Rechte vorbehalten.<\/p>\n\n\n\n<h2 class=\"wp-block-heading\">Unsere Datenschutzrichtlinie<\/h2>\n\n\n\n<p>Diese Website wird vom Referenzzentrum f\u00fcr psychosoziale Unterst\u00fctzung der Internationalen F\u00f6deration der Rotkreuz- und Rothalbmondgesellschaften, das vom D\u00e4nischen Roten Kreuz betrieben wird, und der Olympic Refuge Foundation (&#8222;wir&#8220;, &#8222;uns&#8220;, &#8222;unser&#8220;, &#8222;die Website&#8220;) betrieben. Wir nehmen Ihre Privatsph\u00e4re und die Sicherheit Ihrer pers\u00f6nlichen Daten &#8211; d.h. alle Informationen, die sich auf eine identifizierte oder identifizierbare Person beziehen &#8211; sehr ernst. Bitte nehmen Sie sich einen Moment Zeit, um diese Datenschutzrichtlinie zu lesen und sich \u00fcber unsere allgemeinen Grunds\u00e4tze zum Datenschutz und zur Informationssicherheit zu informieren. Alle \u00c4nderungen an dieser Datenschutzrichtlinie werden auf dieser Seite ver\u00f6ffentlicht.   <\/p>\n\n\n\n<h3 class=\"wp-block-heading\">A) Durch den Zugriff auf unsere Websites erfasste Daten<\/h3>\n\n\n\n<h4 class=\"wp-block-heading\"><strong>1. Informationen, die Sie bereitstellen<\/strong><\/h4>\n\n\n\n<p>Auf bestimmten Webseiten k\u00f6nnen Ihre pers\u00f6nlichen Daten abgefragt werden. Zum Beispiel ist es notwendig, Ihre E-Mail-Adresse, Ihren Namen und andere Daten zu erfragen, um ein Kontaktformular auszuf\u00fcllen. Es ist wichtig zu beachten, dass einige der Funktionen auf der Website die Nutzung von Drittanbietern erfordern (siehe Abschnitt F unten f\u00fcr weitere Einzelheiten).  <\/p>\n\n\n\n<h4 class=\"wp-block-heading\"><strong>2. Automatisch oder routinem\u00e4\u00dfig erfasst<\/strong><\/h4>\n\n\n\n<p>Allein durch den Besuch der Website k\u00f6nnen dennoch bestimmte Metadaten erfasst und verarbeitet werden. Obwohl wir uns bem\u00fcht haben, die Datenerfassung so gering wie m\u00f6glich zu halten, k\u00f6nnen die folgenden Daten erfasst (und aus den in Abschnitt B dieser Datenschutzrichtlinie genannten Gr\u00fcnden verarbeitet) werden: <\/p>\n\n\n\n<ul class=\"wp-block-list\">\n<li>Ihre Internetprotokoll (IP)-Adresse (die Ihren ungef\u00e4hren Standort und Ihre Zeitzone verraten kann)<\/li>\n\n\n\n<li>Ger\u00e4te-ID (die den Typ des Ger\u00e4ts angibt, das f\u00fcr den Zugriff auf die Plattform verwendet wird, und m\u00f6glicherweise auch das verwendete Betriebssystem verr\u00e4t)<\/li>\n\n\n\n<li>Daten und Uhrzeit der Nutzung<\/li>\n\n\n\n<li>angeforderte URL<\/li>\n\n\n\n<li>das von Ihnen verwendete Betriebssystem<\/li>\n<\/ul>\n\n\n\n<h4 class=\"wp-block-heading\"><strong>3. Verwendung von Cookies<\/strong><\/h4>\n\n\n\n<p>Wir verwenden Cookies auf unserer Website. Bitte besuchen Sie den folgenden Link, um mehr zu erfahren: <a href=\"https:\/\/www.sportcoachplus.org\/cookie-policy\/\" data-type=\"page\" data-id=\"1312\">Cookie-Richtlinie<\/a>. <\/p>\n\n\n\n<h3 class=\"wp-block-heading\">B) Wie werden diese Informationen verwendet?<\/h3>\n\n\n\n<p>Diese Informationen werden verwendet, um unseren Service zu verbessern, Statistiken zu erstellen (auch \u00fcber Konsultationen) und um mit Ihnen zu kommunizieren. Genauer gesagt, werden sie verwendet: <\/p>\n\n\n\n<ul class=\"wp-block-list\">\n<li>um Ihre Informationsanfragen zu beantworten<\/li>\n\n\n\n<li>um Ihnen die Nutzung bestimmter interaktiver Funktionen zu erm\u00f6glichen (z.B. Daten herunterladen, Lesezeichen speichern)<\/li>\n\n\n\n<li>Dienstleistungen anbieten oder Hilfe leisten<\/li>\n\n\n\n<li>um unsere Website, Kommunikation, Produkte und Dienstleistungen zu verbessern; um Statistiken \u00fcber die Konsultation zu erstellen und um zu verstehen, welche Inhalte f\u00fcr die Community am wichtigsten sind<\/li>\n\n\n\n<li>um die Sicherheit und Integrit\u00e4t zu wahren<\/li>\n\n\n\n<li>um sicherzustellen, dass die Inhalte in der f\u00fcr Sie am besten geeigneten Form pr\u00e4sentiert werden<\/li>\n<\/ul>\n\n\n\n<h3 class=\"wp-block-heading\">C) Zugang und gemeinsame Nutzung von Daten<\/h3>\n\n\n\n<p>In der Regel geben wir keine Informationen weiter, die Sie pers\u00f6nlich identifizieren, es sei denn, Sie haben Ihre Zustimmung erteilt. Informationen, die Sie uns zur Verf\u00fcgung stellen, werden nicht an Dritte verkauft oder in einer Weise verwendet, die mit den Zielen der Website nicht vereinbar ist. <\/p>\n\n\n\n<p>Dar\u00fcber hinaus werden Ihre Daten nur denjenigen Mitarbeitern (und anderen autorisierten Personen) zug\u00e4nglich gemacht, die ein legitimes Bed\u00fcrfnis f\u00fcr einen solchen Zugriff haben.<\/p>\n\n\n\n<h3 class=\"wp-block-heading\">D) Speicherung, Sicherheit, Fragen zu Ihren Daten<\/h3>\n\n\n\n<p>Wir verwenden sichere Systeme und setzen angemessene technische und organisatorische Ma\u00dfnahmen ein, um Ihre pers\u00f6nlichen Daten zu sichern und sie vor unbefugter oder unrechtm\u00e4\u00dfiger Verarbeitung, versehentlichem Verlust, Zerst\u00f6rung oder Besch\u00e4digung zu sch\u00fctzen. Obwohl wir angemessene Ma\u00dfnahmen zum Schutz Ihrer pers\u00f6nlichen Daten ergreifen, sollten Sie sich dar\u00fcber im Klaren sein, dass kein System eine 100%ige Sicherheit garantieren kann. <\/p>\n\n\n\n<p>Wenn es notwendig ist, dass Ihre pers\u00f6nlichen Daten an Dritte weitergegeben werden, werden wir angemessene Ma\u00dfnahmen ergreifen, um sicherzustellen, dass Ihre pers\u00f6nlichen Daten weiterhin sicher behandelt werden.<\/p>\n\n\n\n<p>Bei diesen Ma\u00dfnahmen kann es sich um spezifische vertragliche Bestimmungen handeln, die diese Dritten dazu verpflichten, nicht weniger gleichwertige Sicherheitsma\u00dfnahmen als die unseren zu ergreifen. Bitte beachten Sie dies, wenn Sie Mitteilungen versenden. Wir k\u00f6nnen keine absolute Sicherheit garantieren (und tun dies auch nicht).  <\/p>\n\n\n\n<p>Unter bestimmten Umst\u00e4nden k\u00f6nnen Sie Einsicht in die von uns \u00fcber Sie gespeicherten personenbezogenen Daten verlangen. Sie k\u00f6nnen auch der Verarbeitung bestimmter personenbezogener Daten widersprechen und\/oder die Berichtigung oder L\u00f6schung dieser personenbezogenen Daten verlangen.   <\/p>\n\n\n\n<p>Bei Fragen zu pers\u00f6nlichen Daten wenden Sie sich bitte an die folgenden Abteilungen:<\/p>\n\n\n\n<p><strong>MHPSS Hub:<\/strong>\u00a0<a href=\"mailto:psychosocial.centre@ifrc.org\" target=\"_blank\" rel=\"noreferrer noopener\"><\/a><a href=\"mailto:mhpsshub@rodekors.dk\">mhpsshub@rodekors.dk<\/a><\/p>\n\n\n\n<p><strong>ORF:<\/strong> <a href=\"mailto:contact@olympicrefugefoundation.org\" target=\"_blank\" rel=\"noreferrer noopener\">contact@olympicrefugefoundation.org<\/a><\/p>\n\n\n\n<h3 class=\"wp-block-heading\">E) Vorrechte und Immunit\u00e4ten<\/h3>\n\n\n\n<p>Nichts in oder im Zusammenhang mit dieser Datenschutzrichtlinie oder dieser Website kann als Verzicht auf die Vorrechte und Immunit\u00e4ten der F\u00f6deration angesehen werden.<\/p>\n\n\n\n<h3 class=\"wp-block-heading\">F) Hinweis auf Links zu externen Websites<\/h3>\n\n\n\n<p>Bitte beachten Sie, dass diese Datenschutzrichtlinie nur f\u00fcr die Website sportcoachplus.org gilt. Sie gilt nicht f\u00fcr Seiten, die von anderen Organisationen gehostet werden, einschlie\u00dflich der nationalen Rotkreuz- und Rothalbmond-Gesellschaften und des Internationalen Komitees vom Roten Kreuz, die ihre eigenen Datenschutzrichtlinien haben. <\/p>\n\n\n\n<p>Au\u00dferdem k\u00f6nnen einige sportcoachplus.org-Webseiten: 1) Drittanbieter einbeziehen oder zu diesen weiterleiten und 2) Links zu Websites von Drittanbietern enthalten, wie z.B. Facebook, YouTube oder Twitter. Diese Drittanbieter- und externen Websites (und alle anderen Websites, die nicht von sportcoachplus.org stammen) haben in der Regel ihre eigenen Datenschutzrichtlinien und Datenverarbeitungspraktiken, auf die wir keinen Einfluss haben. Wir empfehlen Ihnen dringend, die entsprechenden Datenschutzrichtlinien zu lesen.    <\/p>\n\n\n\n<div class=\"wp-block-group is-nowrap is-layout-flex wp-container-core-group-is-layout-ad2f72ca wp-block-group-is-layout-flex\">\n<p class=\"small has-gray-color has-text-color has-link-color wp-elements-a81116b3a99108b05a894770bc48b850\">&#8211; Diese Version der Richtlinie wurde zuletzt ge\u00e4ndert am:<\/p>\n\n\n<div class=\"wp-block-post-date__modified-date small wp-block-post-date\"><time datetime=\"2025-08-19T14:02:26+02:00\">August 19, 2025<\/time><\/div><\/div>\n","protected":false},"excerpt":{"rendered":"<p>Haftungsausschluss Alle auf dieser Website enthaltenen Informationen sind Copyright \u00a9 Red Cross Red Crescent Movement MHPSS Hub und Olympic Refuge Foundation. Alle Rechte vorbehalten. Unsere Datenschutzrichtlinie Diese Website wird vom Referenzzentrum f\u00fcr psychosoziale Unterst\u00fctzung der Internationalen F\u00f6deration der Rotkreuz- und Rothalbmondgesellschaften, das vom D\u00e4nischen Roten Kreuz betrieben wird, und der Olympic Refuge Foundation (&#8222;wir&#8220;, &#8222;uns&#8220;, [&#8230;]<\/p>\n<p><a class=\"btn btn-secondary understrap-read-more-link\" href=\"https:\/\/www.sportcoachplus.org\/de\/datenschutz-rechtliche-hinweise\/\">Weiterlesen\u00a0\u2026<span class=\"screen-reader-text\"> from Datenschutz &amp; Rechtliche Hinweise<\/span><\/a><\/p>\n","protected":false},"author":8,"featured_media":0,"parent":0,"menu_order":0,"comment_status":"closed","ping_status":"closed","template":"page-templates\/no-title.php","meta":{"_acf_changed":false,"inline_featured_image":false,"_monsterinsights_skip_tracking":false,"_monsterinsights_sitenote_active":false,"_monsterinsights_sitenote_note":"","_monsterinsights_sitenote_category":0,"footnotes":""},"class_list":["post-6419","page","type-page","status-publish","hentry"],"acf":[],"yoast_head":"<!-- This site is optimized with the Yoast SEO plugin v27.5 - https:\/\/yoast.com\/product\/yoast-seo-wordpress\/ -->\n<title>Datenschutz &amp; Rechtliche Hinweise - Sport Coach+<\/title>\n<meta name=\"robots\" content=\"index, follow, max-snippet:-1, max-image-preview:large, max-video-preview:-1\" \/>\n<link rel=\"canonical\" href=\"https:\/\/www.sportcoachplus.org\/de\/datenschutz-rechtliche-hinweise\/\" \/>\n<meta property=\"og:locale\" content=\"de_DE\" \/>\n<meta property=\"og:type\" content=\"article\" \/>\n<meta property=\"og:title\" content=\"Datenschutz &amp; Rechtliche Hinweise - Sport Coach+\" \/>\n<meta property=\"og:description\" content=\"Haftungsausschluss Alle auf dieser Website enthaltenen Informationen sind Copyright \u00a9 Red Cross Red Crescent Movement MHPSS Hub und Olympic Refuge Foundation. Alle Rechte vorbehalten. Unsere Datenschutzrichtlinie Diese Website wird vom Referenzzentrum f\u00fcr psychosoziale Unterst\u00fctzung der Internationalen F\u00f6deration der Rotkreuz- und Rothalbmondgesellschaften, das vom D\u00e4nischen Roten Kreuz betrieben wird, und der Olympic Refuge Foundation (&#8222;wir&#8220;, &#8222;uns&#8220;, [...]Weiterlesen\u00a0\u2026 from Datenschutz &amp; Rechtliche Hinweise\" \/>\n<meta property=\"og:url\" content=\"https:\/\/www.sportcoachplus.org\/de\/datenschutz-rechtliche-hinweise\/\" \/>\n<meta property=\"og:site_name\" content=\"Sport Coach+\" \/>\n<meta property=\"article:modified_time\" content=\"2025-08-19T12:02:26+00:00\" \/>\n<meta name=\"twitter:card\" content=\"summary_large_image\" \/>\n<meta name=\"twitter:label1\" content=\"Gesch\u00e4tzte Lesezeit\" \/>\n\t<meta name=\"twitter:data1\" content=\"4\u00a0Minuten\" \/>\n<script type=\"application\/ld+json\" class=\"yoast-schema-graph\">{\"@context\":\"https:\\\/\\\/schema.org\",\"@graph\":[{\"@type\":\"WebPage\",\"@id\":\"https:\\\/\\\/www.sportcoachplus.org\\\/de\\\/datenschutz-rechtliche-hinweise\\\/\",\"url\":\"https:\\\/\\\/www.sportcoachplus.org\\\/de\\\/datenschutz-rechtliche-hinweise\\\/\",\"name\":\"Datenschutz &amp; Rechtliche Hinweise - Sport Coach+\",\"isPartOf\":{\"@id\":\"https:\\\/\\\/www.sportcoachplus.org\\\/de\\\/#website\"},\"datePublished\":\"2024-03-26T13:52:58+00:00\",\"dateModified\":\"2025-08-19T12:02:26+00:00\",\"breadcrumb\":{\"@id\":\"https:\\\/\\\/www.sportcoachplus.org\\\/de\\\/datenschutz-rechtliche-hinweise\\\/#breadcrumb\"},\"inLanguage\":\"de\",\"potentialAction\":[{\"@type\":\"ReadAction\",\"target\":[\"https:\\\/\\\/www.sportcoachplus.org\\\/de\\\/datenschutz-rechtliche-hinweise\\\/\"]}]},{\"@type\":\"BreadcrumbList\",\"@id\":\"https:\\\/\\\/www.sportcoachplus.org\\\/de\\\/datenschutz-rechtliche-hinweise\\\/#breadcrumb\",\"itemListElement\":[{\"@type\":\"ListItem\",\"position\":1,\"name\":\"Home\",\"item\":\"https:\\\/\\\/www.sportcoachplus.org\\\/de\\\/\"},{\"@type\":\"ListItem\",\"position\":2,\"name\":\"Datenschutz &amp; Rechtliche Hinweise\"}]},{\"@type\":\"WebSite\",\"@id\":\"https:\\\/\\\/www.sportcoachplus.org\\\/de\\\/#website\",\"url\":\"https:\\\/\\\/www.sportcoachplus.org\\\/de\\\/\",\"name\":\"Sport Coach+\",\"description\":\"Sicherer und unterst\u00fctzender Sport zur F\u00f6rderung der psychischen Gesundheit von jungen Menschen, die von Vertreibung betroffen sind\",\"publisher\":{\"@id\":\"https:\\\/\\\/www.sportcoachplus.org\\\/de\\\/#organization\"},\"potentialAction\":[{\"@type\":\"SearchAction\",\"target\":{\"@type\":\"EntryPoint\",\"urlTemplate\":\"https:\\\/\\\/www.sportcoachplus.org\\\/de\\\/?s={search_term_string}\"},\"query-input\":{\"@type\":\"PropertyValueSpecification\",\"valueRequired\":true,\"valueName\":\"search_term_string\"}}],\"inLanguage\":\"de\"},{\"@type\":\"Organization\",\"@id\":\"https:\\\/\\\/www.sportcoachplus.org\\\/de\\\/#organization\",\"name\":\"Sport Coach+\",\"url\":\"https:\\\/\\\/www.sportcoachplus.org\\\/de\\\/\",\"logo\":{\"@type\":\"ImageObject\",\"inLanguage\":\"de\",\"@id\":\"https:\\\/\\\/www.sportcoachplus.org\\\/de\\\/#\\\/schema\\\/logo\\\/image\\\/\",\"url\":\"https:\\\/\\\/www.sportcoachplus.org\\\/wp-content\\\/uploads\\\/2024\\\/05\\\/SportCoach-logo.svg\",\"contentUrl\":\"https:\\\/\\\/www.sportcoachplus.org\\\/wp-content\\\/uploads\\\/2024\\\/05\\\/SportCoach-logo.svg\",\"width\":488,\"height\":194,\"caption\":\"Sport Coach+\"},\"image\":{\"@id\":\"https:\\\/\\\/www.sportcoachplus.org\\\/de\\\/#\\\/schema\\\/logo\\\/image\\\/\"}}]}<\/script>\n<!-- \/ Yoast SEO plugin. -->","yoast_head_json":{"title":"Datenschutz &amp; Rechtliche Hinweise - Sport Coach+","robots":{"index":"index","follow":"follow","max-snippet":"max-snippet:-1","max-image-preview":"max-image-preview:large","max-video-preview":"max-video-preview:-1"},"canonical":"https:\/\/www.sportcoachplus.org\/de\/datenschutz-rechtliche-hinweise\/","og_locale":"de_DE","og_type":"article","og_title":"Datenschutz &amp; Rechtliche Hinweise - Sport Coach+","og_description":"Haftungsausschluss Alle auf dieser Website enthaltenen Informationen sind Copyright \u00a9 Red Cross Red Crescent Movement MHPSS Hub und Olympic Refuge Foundation. Alle Rechte vorbehalten. Unsere Datenschutzrichtlinie Diese Website wird vom Referenzzentrum f\u00fcr psychosoziale Unterst\u00fctzung der Internationalen F\u00f6deration der Rotkreuz- und Rothalbmondgesellschaften, das vom D\u00e4nischen Roten Kreuz betrieben wird, und der Olympic Refuge Foundation (&#8222;wir&#8220;, &#8222;uns&#8220;, [...]Weiterlesen\u00a0\u2026 from Datenschutz &amp; Rechtliche Hinweise","og_url":"https:\/\/www.sportcoachplus.org\/de\/datenschutz-rechtliche-hinweise\/","og_site_name":"Sport Coach+","article_modified_time":"2025-08-19T12:02:26+00:00","twitter_card":"summary_large_image","twitter_misc":{"Gesch\u00e4tzte Lesezeit":"4\u00a0Minuten"},"schema":{"@context":"https:\/\/schema.org","@graph":[{"@type":"WebPage","@id":"https:\/\/www.sportcoachplus.org\/de\/datenschutz-rechtliche-hinweise\/","url":"https:\/\/www.sportcoachplus.org\/de\/datenschutz-rechtliche-hinweise\/","name":"Datenschutz &amp; Rechtliche Hinweise - Sport Coach+","isPartOf":{"@id":"https:\/\/www.sportcoachplus.org\/de\/#website"},"datePublished":"2024-03-26T13:52:58+00:00","dateModified":"2025-08-19T12:02:26+00:00","breadcrumb":{"@id":"https:\/\/www.sportcoachplus.org\/de\/datenschutz-rechtliche-hinweise\/#breadcrumb"},"inLanguage":"de","potentialAction":[{"@type":"ReadAction","target":["https:\/\/www.sportcoachplus.org\/de\/datenschutz-rechtliche-hinweise\/"]}]},{"@type":"BreadcrumbList","@id":"https:\/\/www.sportcoachplus.org\/de\/datenschutz-rechtliche-hinweise\/#breadcrumb","itemListElement":[{"@type":"ListItem","position":1,"name":"Home","item":"https:\/\/www.sportcoachplus.org\/de\/"},{"@type":"ListItem","position":2,"name":"Datenschutz &amp; Rechtliche Hinweise"}]},{"@type":"WebSite","@id":"https:\/\/www.sportcoachplus.org\/de\/#website","url":"https:\/\/www.sportcoachplus.org\/de\/","name":"Sport Coach+","description":"Sicherer und unterst\u00fctzender Sport zur F\u00f6rderung der psychischen Gesundheit von jungen Menschen, die von Vertreibung betroffen sind","publisher":{"@id":"https:\/\/www.sportcoachplus.org\/de\/#organization"},"potentialAction":[{"@type":"SearchAction","target":{"@type":"EntryPoint","urlTemplate":"https:\/\/www.sportcoachplus.org\/de\/?s={search_term_string}"},"query-input":{"@type":"PropertyValueSpecification","valueRequired":true,"valueName":"search_term_string"}}],"inLanguage":"de"},{"@type":"Organization","@id":"https:\/\/www.sportcoachplus.org\/de\/#organization","name":"Sport Coach+","url":"https:\/\/www.sportcoachplus.org\/de\/","logo":{"@type":"ImageObject","inLanguage":"de","@id":"https:\/\/www.sportcoachplus.org\/de\/#\/schema\/logo\/image\/","url":"https:\/\/www.sportcoachplus.org\/wp-content\/uploads\/2024\/05\/SportCoach-logo.svg","contentUrl":"https:\/\/www.sportcoachplus.org\/wp-content\/uploads\/2024\/05\/SportCoach-logo.svg","width":488,"height":194,"caption":"Sport Coach+"},"image":{"@id":"https:\/\/www.sportcoachplus.org\/de\/#\/schema\/logo\/image\/"}}]}},"_links":{"self":[{"href":"https:\/\/www.sportcoachplus.org\/de\/wp-json\/wp\/v2\/pages\/6419","targetHints":{"allow":["GET"]}}],"collection":[{"href":"https:\/\/www.sportcoachplus.org\/de\/wp-json\/wp\/v2\/pages"}],"about":[{"href":"https:\/\/www.sportcoachplus.org\/de\/wp-json\/wp\/v2\/types\/page"}],"author":[{"embeddable":true,"href":"https:\/\/www.sportcoachplus.org\/de\/wp-json\/wp\/v2\/users\/8"}],"replies":[{"embeddable":true,"href":"https:\/\/www.sportcoachplus.org\/de\/wp-json\/wp\/v2\/comments?post=6419"}],"version-history":[{"count":3,"href":"https:\/\/www.sportcoachplus.org\/de\/wp-json\/wp\/v2\/pages\/6419\/revisions"}],"predecessor-version":[{"id":6508,"href":"https:\/\/www.sportcoachplus.org\/de\/wp-json\/wp\/v2\/pages\/6419\/revisions\/6508"}],"wp:attachment":[{"href":"https:\/\/www.sportcoachplus.org\/de\/wp-json\/wp\/v2\/media?parent=6419"}],"curies":[{"name":"wp","href":"https:\/\/api.w.org\/{rel}","templated":true}]}}