{"id":2686,"date":"2024-05-09T13:38:05","date_gmt":"2024-05-09T11:38:05","guid":{"rendered":"https:\/\/www.sportcoachplus.org\/faq\/"},"modified":"2024-12-04T13:31:02","modified_gmt":"2024-12-04T12:31:02","slug":"faq","status":"publish","type":"page","link":"https:\/\/www.sportcoachplus.org\/de\/faq\/","title":{"rendered":"FAQ"},"content":{"rendered":"\n<section id=\"general-questions\" class=\"wp-block-group mb-5\"><div class=\"wp-block-group__inner-container is-layout-constrained wp-block-group-is-layout-constrained\">\n<h3 class=\"wp-block-heading has-text-align-center\" style=\"text-transform:uppercase\">Allgemeine Fragen<\/h3>\n\n\n\n<div class=\"wp-block-esab-accordion accordion-37374420 esab__head--border-bottom\" data-mode=\"global\"><div class=\"esab__container\" style=\"row-gap:10px;margin:0px 0px 0px 0px\">\n<div class=\"wp-block-esab-accordion-child\" style=\"border:0px solid #E0E0E0\"><div class=\"esab__head\" style=\"padding:10px 10px 10px 10px;background-color:transparent\" role=\"button\" aria-expanded=\"false\"><div class=\"esab__heading_txt\"><h4 class=\"esab__heading_tag\">F\u00fcr wen ist Sport Coach+?<\/h4><\/div><div class=\"esab__icon\"><div class=\"esab__collapse\"><svg version=\"1.2\" viewBox=\"0 0 24 24\" width=\"24\" height=\"24\"><path d=\"m11.3 3.6h1.4q0.2 0 0.2 0.1v16.6q0 0.1-0.2 0.1h-1.4q-0.2 0-0.2-0.2v-16.5q0-0.1 0.2-0.1z\"><\/path><path d=\"m4.1 11.1h15.8q0.2 0 0.2 0.2v1.4q0 0.2-0.2 0.2h-15.8q-0.2 0-0.2-0.2v-1.4q0-0.2 0.2-0.2z\"><\/path><\/svg><\/div><div class=\"esab__expand\"><svg version=\"1.2\" viewBox=\"0 0 24 24\" width=\"24\" height=\"24\"><path d=\"m3.4 11.1h17.2v1.8h-17.2z\"><\/path><\/svg><\/div><\/div><\/div><div class=\"esab__body\" style=\"border-top:1px solid #000000;padding:10px 10px 10px 10px;background-color:transparent\">\n<p>Sport Coach+ richtet sich an Sporttrainer und Trainer von Trainern, die mit jungen Menschen im Alter von 10 bis 24 Jahren im Kontext von Migration arbeiten oder dies planen, einschlie\u00dflich aller Geschlechter, Kulturen, Religionen und sozialen Hintergr\u00fcnde, und die mit Umsiedlung und\/oder anderen Formen von Widrigkeiten konfrontiert waren. Dazu geh\u00f6ren gefl\u00fcchtete oder intern vertriebene Jugendliche ebenso wie junge Menschen aus den Aufnahmegemeinschaften. <\/p>\n<\/div><\/div>\n\n\n\n<div class=\"wp-block-esab-accordion-child\" style=\"border:0px solid #E0E0E0\"><div class=\"esab__head\" style=\"padding:10px 10px 10px 10px;background-color:transparent\" role=\"button\" aria-expanded=\"false\"><div class=\"esab__heading_txt\"><h4 class=\"esab__heading_tag\">Was werde ich finden?<\/h4><\/div><div class=\"esab__icon\"><div class=\"esab__collapse\"><svg version=\"1.2\" viewBox=\"0 0 24 24\" width=\"24\" height=\"24\"><path d=\"m11.3 3.6h1.4q0.2 0 0.2 0.1v16.6q0 0.1-0.2 0.1h-1.4q-0.2 0-0.2-0.2v-16.5q0-0.1 0.2-0.1z\"><\/path><path d=\"m4.1 11.1h15.8q0.2 0 0.2 0.2v1.4q0 0.2-0.2 0.2h-15.8q-0.2 0-0.2-0.2v-1.4q0-0.2 0.2-0.2z\"><\/path><\/svg><\/div><div class=\"esab__expand\"><svg version=\"1.2\" viewBox=\"0 0 24 24\" width=\"24\" height=\"24\"><path d=\"m3.4 11.1h17.2v1.8h-17.2z\"><\/path><\/svg><\/div><\/div><\/div><div class=\"esab__body\" style=\"border-top:1px solid #000000;padding:10px 10px 10px 10px;background-color:transparent\">\n<p>Es gibt zwei Hauptarten von Ressourcen: Sport Coach+:<\/p>\n\n\n\n<ul start=\"1\" class=\"wp-block-list\">\n<li>Das <a href=\"https:\/\/www.sportcoachplus.org\/handbook\/\" data-type=\"page\" data-id=\"188\">Handbuch<\/a> enth\u00e4lt Informationen und Erkenntnisse \u00fcber den Nutzen und die m\u00f6glichen Sch\u00e4den des Sports sowie \u00fcber die Auswirkungen von Stress auf junge Spieler, die mit einer Versetzung konfrontiert sind. Es bietet auch praktische Anleitungen, wie man sicheren und unterst\u00fctzenden Sport betreibt. <br\/><\/li>\n\n\n\n<li>Auf der Seite <a href=\"https:\/\/www.sportcoachplus.org\/resources\/\" data-type=\"page\" data-id=\"419\">Ressourcen<\/a> finden Sie eine frei zug\u00e4ngliche Sammlung von Materialien f\u00fcr alle, die sich f\u00fcr ein sicheres und unterst\u00fctzendes Sportumfeld einsetzen. Die Seite bietet praktische Ressourcen, darunter Videos und andere zug\u00e4ngliche Inhalte, die auf realen Praktiken beruhen. <\/li>\n<\/ul>\n<\/div><\/div>\n\n\n\n<div class=\"wp-block-esab-accordion-child\" style=\"border:0px solid #E0E0E0\"><div class=\"esab__head\" style=\"padding:10px 10px 10px 10px;background-color:transparent\" role=\"button\" aria-expanded=\"false\"><div class=\"esab__heading_txt\"><h4 class=\"esab__heading_tag\">Wie kann ich mich an der Initiative beteiligen?<\/h4><\/div><div class=\"esab__icon\"><div class=\"esab__collapse\"><svg version=\"1.2\" viewBox=\"0 0 24 24\" width=\"24\" height=\"24\"><path d=\"m11.3 3.6h1.4q0.2 0 0.2 0.1v16.6q0 0.1-0.2 0.1h-1.4q-0.2 0-0.2-0.2v-16.5q0-0.1 0.2-0.1z\"><\/path><path d=\"m4.1 11.1h15.8q0.2 0 0.2 0.2v1.4q0 0.2-0.2 0.2h-15.8q-0.2 0-0.2-0.2v-1.4q0-0.2 0.2-0.2z\"><\/path><\/svg><\/div><div class=\"esab__expand\"><svg version=\"1.2\" viewBox=\"0 0 24 24\" width=\"24\" height=\"24\"><path d=\"m3.4 11.1h17.2v1.8h-17.2z\"><\/path><\/svg><\/div><\/div><\/div><div class=\"esab__body\" style=\"border-top:1px solid #000000;padding:10px 10px 10px 10px;background-color:transparent\">\n<p>Wenn Sie an dem Programm Sport Coach+ teilnehmen m\u00f6chten, z\u00f6gern Sie nicht, <a href=\"https:\/\/www.sportcoachplus.org\/join\/\" data-type=\"page\" data-id=\"58\">uns zu kontaktieren<\/a>. Wir suchen Leute, die uns helfen, das Projekt zu erweitern. <\/p>\n<\/div><\/div>\n<\/div><\/div>\n<\/div><\/section>\n\n<section id=\"for-sport-coaches\" class=\"wp-block-group mb-5\"><div class=\"wp-block-group__inner-container is-layout-constrained wp-block-group-is-layout-constrained\">\n<h3 class=\"wp-block-heading has-text-align-center\" style=\"text-transform:uppercase\">F\u00fcr Sporttrainer<\/h3>\n\n\n\n<div class=\"wp-block-esab-accordion accordion-bb8e445c esab__head--border-bottom\" data-mode=\"global\"><div class=\"esab__container\" style=\"row-gap:10px;margin:0px 0px 0px 0px\">\n<div class=\"wp-block-esab-accordion-child\" style=\"border:0px solid #E0E0E0\"><div class=\"esab__head\" style=\"padding:10px 10px 10px 10px;background-color:transparent\" role=\"button\" aria-expanded=\"false\"><div class=\"esab__heading_txt\"><h4 class=\"esab__heading_tag\">Wo kann ich auf den Inhalt des Handbuchs zugreifen?<\/h4><\/div><div class=\"esab__icon\"><div class=\"esab__collapse\"><svg version=\"1.2\" viewBox=\"0 0 24 24\" width=\"24\" height=\"24\"><path d=\"m11.3 3.6h1.4q0.2 0 0.2 0.1v16.6q0 0.1-0.2 0.1h-1.4q-0.2 0-0.2-0.2v-16.5q0-0.1 0.2-0.1z\"><\/path><path d=\"m4.1 11.1h15.8q0.2 0 0.2 0.2v1.4q0 0.2-0.2 0.2h-15.8q-0.2 0-0.2-0.2v-1.4q0-0.2 0.2-0.2z\"><\/path><\/svg><\/div><div class=\"esab__expand\"><svg version=\"1.2\" viewBox=\"0 0 24 24\" width=\"24\" height=\"24\"><path d=\"m3.4 11.1h17.2v1.8h-17.2z\"><\/path><\/svg><\/div><\/div><\/div><div class=\"esab__body\" style=\"border-top:1px solid #000000;padding:10px 10px 10px 10px;background-color:transparent\">\n<p>Sie k\u00f6nnen auf den Inhalt des Handbuchs auf zwei verschiedene Arten zugreifen:<\/p>\n\n\n\n<ul class=\"wp-block-list\">\n<li>Auf das Handbuchmodell k\u00f6nnen Sie durch Interaktion mit dem Raddiagramm auf der <a href=\"https:\/\/www.sportcoachplus.org\/handbook\/\" data-type=\"page\" data-id=\"188\">Seite Handbuch<\/a> zugreifen.<br\/><\/li>\n\n\n\n<li>Alternativ k\u00f6nnen Sie das Handbuch auch als einzelne PDF-Datei hier herunterladen.<\/li>\n<\/ul>\n<\/div><\/div>\n\n\n\n<div class=\"wp-block-esab-accordion-child\" style=\"border:0px solid #E0E0E0\"><div class=\"esab__head\" style=\"padding:10px 10px 10px 10px;background-color:transparent\" role=\"button\" aria-expanded=\"false\"><div class=\"esab__heading_txt\"><h4 class=\"esab__heading_tag\">Welche Kenntnisse sollte ich haben, bevor ich das Handbuch anwende?<\/h4><\/div><div class=\"esab__icon\"><div class=\"esab__collapse\"><svg version=\"1.2\" viewBox=\"0 0 24 24\" width=\"24\" height=\"24\"><path d=\"m11.3 3.6h1.4q0.2 0 0.2 0.1v16.6q0 0.1-0.2 0.1h-1.4q-0.2 0-0.2-0.2v-16.5q0-0.1 0.2-0.1z\"><\/path><path d=\"m4.1 11.1h15.8q0.2 0 0.2 0.2v1.4q0 0.2-0.2 0.2h-15.8q-0.2 0-0.2-0.2v-1.4q0-0.2 0.2-0.2z\"><\/path><\/svg><\/div><div class=\"esab__expand\"><svg version=\"1.2\" viewBox=\"0 0 24 24\" width=\"24\" height=\"24\"><path d=\"m3.4 11.1h17.2v1.8h-17.2z\"><\/path><\/svg><\/div><\/div><\/div><div class=\"esab__body\" style=\"border-top:1px solid #000000;padding:10px 10px 10px 10px;background-color:transparent\">\n<p>Grundlegende Kenntnisse der Sportpsychologie sowie Trainererfahrung oder die Teilnahme an Sportveranstaltungen w\u00e4ren von Vorteil.<\/p>\n\n\n\n<p>Die Vertrautheit mit den Grunds\u00e4tzen der Sicherheit, der Integration, der W\u00fcrde, der Vielfalt und des Konfliktmanagements im Sportumfeld wird die praktische Anwendung der Ressourcen des Handbuchs verbessern.<\/p>\n<\/div><\/div>\n<\/div><\/div>\n<\/div><\/section>\n\n<section id=\"for-trainers\" class=\"wp-block-group mb-5\"><div class=\"wp-block-group__inner-container is-layout-constrained wp-block-group-is-layout-constrained\">\n<h3 class=\"wp-block-heading has-text-align-center\" style=\"text-transform:uppercase\">F\u00fcr Trainer<\/h3>\n\n\n\n<div class=\"wp-block-esab-accordion accordion-3bdb9801 esab__head--border-bottom\" data-mode=\"global\"><div class=\"esab__container\" style=\"row-gap:10px;margin:0px 0px 0px 0px\">\n<div class=\"wp-block-esab-accordion-child\" style=\"border:0px solid #E0E0E0\"><div class=\"esab__head\" style=\"padding:10px 10px 10px 10px;background-color:transparent\" role=\"button\" aria-expanded=\"false\"><div class=\"esab__heading_txt\"><h4 class=\"esab__heading_tag\">Wer sind die Ausbilder?<\/h4><\/div><div class=\"esab__icon\"><div class=\"esab__collapse\"><svg version=\"1.2\" viewBox=\"0 0 24 24\" width=\"24\" height=\"24\"><path d=\"m11.3 3.6h1.4q0.2 0 0.2 0.1v16.6q0 0.1-0.2 0.1h-1.4q-0.2 0-0.2-0.2v-16.5q0-0.1 0.2-0.1z\"><\/path><path d=\"m4.1 11.1h15.8q0.2 0 0.2 0.2v1.4q0 0.2-0.2 0.2h-15.8q-0.2 0-0.2-0.2v-1.4q0-0.2 0.2-0.2z\"><\/path><\/svg><\/div><div class=\"esab__expand\"><svg version=\"1.2\" viewBox=\"0 0 24 24\" width=\"24\" height=\"24\"><path d=\"m3.4 11.1h17.2v1.8h-17.2z\"><\/path><\/svg><\/div><\/div><\/div><div class=\"esab__body\" style=\"border-top:1px solid #000000;padding:10px 10px 10px 10px;background-color:transparent\">\n<p>Die Trainer haben ein solides Verst\u00e4ndnis des Leitfadens und Erfahrung in der Durchf\u00fchrung von Schulungen. Sie kennen sich sowohl im Sport als auch im Bereich der psychischen Gesundheit und der psychosozialen Unterst\u00fctzung (MHPSS) aus und sorgen daf\u00fcr, dass die Teilnehmer praktische F\u00e4higkeiten und Erkenntnisse erwerben. Die Trainer schaffen ein unterst\u00fctzendes Lernumfeld und helfen den Teilnehmern, diese Konzepte in der Praxis anzuwenden.  <\/p>\n<\/div><\/div>\n\n\n\n<div class=\"wp-block-esab-accordion-child\" style=\"border:0px solid #E0E0E0\"><div class=\"esab__head\" style=\"padding:10px 10px 10px 10px;background-color:transparent\" role=\"button\" aria-expanded=\"false\"><div class=\"esab__heading_txt\"><h4 class=\"esab__heading_tag\"><strong>Welche Ressourcen stehen f\u00fcr Schulungen zur Verf\u00fcgung?<\/strong><\/h4><\/div><div class=\"esab__icon\"><div class=\"esab__collapse\"><svg version=\"1.2\" viewBox=\"0 0 24 24\" width=\"24\" height=\"24\"><path d=\"m11.3 3.6h1.4q0.2 0 0.2 0.1v16.6q0 0.1-0.2 0.1h-1.4q-0.2 0-0.2-0.2v-16.5q0-0.1 0.2-0.1z\"><\/path><path d=\"m4.1 11.1h15.8q0.2 0 0.2 0.2v1.4q0 0.2-0.2 0.2h-15.8q-0.2 0-0.2-0.2v-1.4q0-0.2 0.2-0.2z\"><\/path><\/svg><\/div><div class=\"esab__expand\"><svg version=\"1.2\" viewBox=\"0 0 24 24\" width=\"24\" height=\"24\"><path d=\"m3.4 11.1h17.2v1.8h-17.2z\"><\/path><\/svg><\/div><\/div><\/div><div class=\"esab__body\" style=\"border-top:1px solid #000000;padding:10px 10px 10px 10px;background-color:transparent\">\n<p>Es gibt 3 Haupttypen von Schulungsressourcen:<\/p>\n\n\n\n<ul class=\"wp-block-list\">\n<li>Moderationshandbuch f\u00fcr die eint\u00e4gige SC+ Schulung f\u00fcr Sporttrainer, einschlie\u00dflich Agenda, Handouts, \u00dcbungen und Moderationstipps.<\/li>\n\n\n\n<li>Das Train-the-Trainer-Training ist ein dreit\u00e4giges Training, das den Trainer darauf vorbereitet, lokal kontextualisierte, aktive und erlebnisorientierte Trainings f\u00fcr Sporttrainer zu entwickeln und durchzuf\u00fchren. Verf\u00fcgbar auf Anfrage.   <\/li>\n<\/ul>\n<\/div><\/div>\n<\/div><\/div>\n<\/div><\/section>\n","protected":false},"excerpt":{"rendered":"<p>Allgemeine Fragen F\u00fcr Sporttrainer F\u00fcr Trainer [&#8230;]<\/p>\n<p><a class=\"btn btn-secondary understrap-read-more-link\" href=\"https:\/\/www.sportcoachplus.org\/de\/faq\/\">Weiterlesen\u00a0\u2026<span class=\"screen-reader-text\"> from FAQ<\/span><\/a><\/p>\n","protected":false},"author":8,"featured_media":0,"parent":0,"menu_order":0,"comment_status":"closed","ping_status":"closed","template":"page-templates\/no-title.php","meta":{"_acf_changed":false,"inline_featured_image":false,"_monsterinsights_skip_tracking":false,"_monsterinsights_sitenote_active":false,"_monsterinsights_sitenote_note":"","_monsterinsights_sitenote_category":0,"footnotes":""},"class_list":["post-2686","page","type-page","status-publish","hentry"],"acf":[],"yoast_head":"<!-- This site is optimized with the Yoast SEO plugin v27.4 - https:\/\/yoast.com\/product\/yoast-seo-wordpress\/ -->\n<title>FAQ - Sport Coach+<\/title>\n<meta name=\"robots\" content=\"index, follow, max-snippet:-1, max-image-preview:large, max-video-preview:-1\" \/>\n<link rel=\"canonical\" href=\"https:\/\/www.sportcoachplus.org\/de\/faq\/\" \/>\n<meta property=\"og:locale\" content=\"de_DE\" \/>\n<meta property=\"og:type\" content=\"article\" \/>\n<meta property=\"og:title\" content=\"FAQ - Sport Coach+\" \/>\n<meta property=\"og:description\" content=\"Allgemeine Fragen F\u00fcr Sporttrainer F\u00fcr Trainer [...]Weiterlesen\u00a0\u2026 from FAQ\" \/>\n<meta property=\"og:url\" content=\"https:\/\/www.sportcoachplus.org\/de\/faq\/\" \/>\n<meta property=\"og:site_name\" content=\"Sport Coach+\" \/>\n<meta property=\"article:modified_time\" content=\"2024-12-04T12:31:02+00:00\" \/>\n<meta name=\"twitter:card\" content=\"summary_large_image\" \/>\n<meta name=\"twitter:label1\" content=\"Gesch\u00e4tzte Lesezeit\" \/>\n\t<meta name=\"twitter:data1\" content=\"2\u00a0Minuten\" \/>\n<script type=\"application\/ld+json\" class=\"yoast-schema-graph\">{\"@context\":\"https:\\\/\\\/schema.org\",\"@graph\":[{\"@type\":\"WebPage\",\"@id\":\"https:\\\/\\\/www.sportcoachplus.org\\\/de\\\/faq\\\/\",\"url\":\"https:\\\/\\\/www.sportcoachplus.org\\\/de\\\/faq\\\/\",\"name\":\"FAQ - Sport Coach+\",\"isPartOf\":{\"@id\":\"https:\\\/\\\/www.sportcoachplus.org\\\/de\\\/#website\"},\"datePublished\":\"2024-05-09T11:38:05+00:00\",\"dateModified\":\"2024-12-04T12:31:02+00:00\",\"breadcrumb\":{\"@id\":\"https:\\\/\\\/www.sportcoachplus.org\\\/de\\\/faq\\\/#breadcrumb\"},\"inLanguage\":\"de\",\"potentialAction\":[{\"@type\":\"ReadAction\",\"target\":[\"https:\\\/\\\/www.sportcoachplus.org\\\/de\\\/faq\\\/\"]}]},{\"@type\":\"BreadcrumbList\",\"@id\":\"https:\\\/\\\/www.sportcoachplus.org\\\/de\\\/faq\\\/#breadcrumb\",\"itemListElement\":[{\"@type\":\"ListItem\",\"position\":1,\"name\":\"Home\",\"item\":\"https:\\\/\\\/www.sportcoachplus.org\\\/de\\\/\"},{\"@type\":\"ListItem\",\"position\":2,\"name\":\"FAQ\"}]},{\"@type\":\"WebSite\",\"@id\":\"https:\\\/\\\/www.sportcoachplus.org\\\/de\\\/#website\",\"url\":\"https:\\\/\\\/www.sportcoachplus.org\\\/de\\\/\",\"name\":\"Sport Coach+\",\"description\":\"Sicherer und unterst\u00fctzender Sport zur F\u00f6rderung der psychischen Gesundheit von jungen Menschen, die von Vertreibung betroffen sind\",\"publisher\":{\"@id\":\"https:\\\/\\\/www.sportcoachplus.org\\\/de\\\/#organization\"},\"potentialAction\":[{\"@type\":\"SearchAction\",\"target\":{\"@type\":\"EntryPoint\",\"urlTemplate\":\"https:\\\/\\\/www.sportcoachplus.org\\\/de\\\/?s={search_term_string}\"},\"query-input\":{\"@type\":\"PropertyValueSpecification\",\"valueRequired\":true,\"valueName\":\"search_term_string\"}}],\"inLanguage\":\"de\"},{\"@type\":\"Organization\",\"@id\":\"https:\\\/\\\/www.sportcoachplus.org\\\/de\\\/#organization\",\"name\":\"Sport Coach+\",\"url\":\"https:\\\/\\\/www.sportcoachplus.org\\\/de\\\/\",\"logo\":{\"@type\":\"ImageObject\",\"inLanguage\":\"de\",\"@id\":\"https:\\\/\\\/www.sportcoachplus.org\\\/de\\\/#\\\/schema\\\/logo\\\/image\\\/\",\"url\":\"https:\\\/\\\/www.sportcoachplus.org\\\/wp-content\\\/uploads\\\/2024\\\/05\\\/SportCoach-logo.svg\",\"contentUrl\":\"https:\\\/\\\/www.sportcoachplus.org\\\/wp-content\\\/uploads\\\/2024\\\/05\\\/SportCoach-logo.svg\",\"width\":488,\"height\":194,\"caption\":\"Sport Coach+\"},\"image\":{\"@id\":\"https:\\\/\\\/www.sportcoachplus.org\\\/de\\\/#\\\/schema\\\/logo\\\/image\\\/\"}}]}<\/script>\n<!-- \/ Yoast SEO plugin. -->","yoast_head_json":{"title":"FAQ - Sport Coach+","robots":{"index":"index","follow":"follow","max-snippet":"max-snippet:-1","max-image-preview":"max-image-preview:large","max-video-preview":"max-video-preview:-1"},"canonical":"https:\/\/www.sportcoachplus.org\/de\/faq\/","og_locale":"de_DE","og_type":"article","og_title":"FAQ - Sport Coach+","og_description":"Allgemeine Fragen F\u00fcr Sporttrainer F\u00fcr Trainer [...]Weiterlesen\u00a0\u2026 from FAQ","og_url":"https:\/\/www.sportcoachplus.org\/de\/faq\/","og_site_name":"Sport Coach+","article_modified_time":"2024-12-04T12:31:02+00:00","twitter_card":"summary_large_image","twitter_misc":{"Gesch\u00e4tzte Lesezeit":"2\u00a0Minuten"},"schema":{"@context":"https:\/\/schema.org","@graph":[{"@type":"WebPage","@id":"https:\/\/www.sportcoachplus.org\/de\/faq\/","url":"https:\/\/www.sportcoachplus.org\/de\/faq\/","name":"FAQ - Sport Coach+","isPartOf":{"@id":"https:\/\/www.sportcoachplus.org\/de\/#website"},"datePublished":"2024-05-09T11:38:05+00:00","dateModified":"2024-12-04T12:31:02+00:00","breadcrumb":{"@id":"https:\/\/www.sportcoachplus.org\/de\/faq\/#breadcrumb"},"inLanguage":"de","potentialAction":[{"@type":"ReadAction","target":["https:\/\/www.sportcoachplus.org\/de\/faq\/"]}]},{"@type":"BreadcrumbList","@id":"https:\/\/www.sportcoachplus.org\/de\/faq\/#breadcrumb","itemListElement":[{"@type":"ListItem","position":1,"name":"Home","item":"https:\/\/www.sportcoachplus.org\/de\/"},{"@type":"ListItem","position":2,"name":"FAQ"}]},{"@type":"WebSite","@id":"https:\/\/www.sportcoachplus.org\/de\/#website","url":"https:\/\/www.sportcoachplus.org\/de\/","name":"Sport Coach+","description":"Sicherer und unterst\u00fctzender Sport zur F\u00f6rderung der psychischen Gesundheit von jungen Menschen, die von Vertreibung betroffen sind","publisher":{"@id":"https:\/\/www.sportcoachplus.org\/de\/#organization"},"potentialAction":[{"@type":"SearchAction","target":{"@type":"EntryPoint","urlTemplate":"https:\/\/www.sportcoachplus.org\/de\/?s={search_term_string}"},"query-input":{"@type":"PropertyValueSpecification","valueRequired":true,"valueName":"search_term_string"}}],"inLanguage":"de"},{"@type":"Organization","@id":"https:\/\/www.sportcoachplus.org\/de\/#organization","name":"Sport Coach+","url":"https:\/\/www.sportcoachplus.org\/de\/","logo":{"@type":"ImageObject","inLanguage":"de","@id":"https:\/\/www.sportcoachplus.org\/de\/#\/schema\/logo\/image\/","url":"https:\/\/www.sportcoachplus.org\/wp-content\/uploads\/2024\/05\/SportCoach-logo.svg","contentUrl":"https:\/\/www.sportcoachplus.org\/wp-content\/uploads\/2024\/05\/SportCoach-logo.svg","width":488,"height":194,"caption":"Sport Coach+"},"image":{"@id":"https:\/\/www.sportcoachplus.org\/de\/#\/schema\/logo\/image\/"}}]}},"_links":{"self":[{"href":"https:\/\/www.sportcoachplus.org\/de\/wp-json\/wp\/v2\/pages\/2686","targetHints":{"allow":["GET"]}}],"collection":[{"href":"https:\/\/www.sportcoachplus.org\/de\/wp-json\/wp\/v2\/pages"}],"about":[{"href":"https:\/\/www.sportcoachplus.org\/de\/wp-json\/wp\/v2\/types\/page"}],"author":[{"embeddable":true,"href":"https:\/\/www.sportcoachplus.org\/de\/wp-json\/wp\/v2\/users\/8"}],"replies":[{"embeddable":true,"href":"https:\/\/www.sportcoachplus.org\/de\/wp-json\/wp\/v2\/comments?post=2686"}],"version-history":[{"count":1,"href":"https:\/\/www.sportcoachplus.org\/de\/wp-json\/wp\/v2\/pages\/2686\/revisions"}],"predecessor-version":[{"id":2687,"href":"https:\/\/www.sportcoachplus.org\/de\/wp-json\/wp\/v2\/pages\/2686\/revisions\/2687"}],"wp:attachment":[{"href":"https:\/\/www.sportcoachplus.org\/de\/wp-json\/wp\/v2\/media?parent=2686"}],"curies":[{"name":"wp","href":"https:\/\/api.w.org\/{rel}","templated":true}]}}