{"id":6403,"date":"2024-03-26T14:52:58","date_gmt":"2024-03-26T13:52:58","guid":{"rendered":"https:\/\/www.sportcoachplus.org\/fortrolighedspolitik-og-juridisk-meddelelse\/"},"modified":"2025-08-19T14:04:29","modified_gmt":"2025-08-19T12:04:29","slug":"fortrolighedspolitik-og-juridisk-meddelelse","status":"publish","type":"page","link":"https:\/\/www.sportcoachplus.org\/da\/fortrolighedspolitik-og-juridisk-meddelelse\/","title":{"rendered":"Fortrolighedspolitik og juridisk meddelelse"},"content":{"rendered":"\n<h2 class=\"wp-block-heading\">Ansvarsfraskrivelse<\/h2>\n\n\n\n<p>Alle oplysninger p\u00e5 dette websted er copyright \u00a9 Red Cross Red Crescent Movement MHPSS Hub og Olympic Refuge Foundation. Alle rettigheder forbeholdes.<\/p>\n\n\n\n<h2 class=\"wp-block-heading\">Vores privatlivspolitik<\/h2>\n\n\n\n<p>Denne hjemmeside drives af International Federation of Red Cross and Red Crescent Societies Reference Centre for Psychosocial Support, hostet af Dansk R\u00f8de Kors, og Olympic Refuge Foundation (&#8220;vi&#8221;, &#8220;os&#8221;, &#8220;vores&#8221;, &#8220;hjemmesiden&#8221;). Vi tager dit privatliv og sikkerheden af dine personlige oplysninger &#8211; hvilket betyder alle oplysninger, der vedr\u00f8rer en identificeret eller identificerbar person &#8211; alvorligt. Brug et \u00f8jeblik p\u00e5 at l\u00e6se denne fortrolighedspolitik og l\u00e6r om vores generelle principper for fortrolighed og informationssikkerhed. Eventuelle \u00e6ndringer af denne privatlivspolitik vil blive offentliggjort p\u00e5 denne side.   <\/p>\n\n\n\n<h3 class=\"wp-block-heading\">A) Data indsamlet ved adgang til vores websteder<\/h3>\n\n\n\n<h4 class=\"wp-block-heading\"><strong>1. Oplysninger, du giver<\/strong><\/h4>\n\n\n\n<p>P\u00e5 visse websider kan der blive anmodet om dine personlige data. For eksempel er det n\u00f8dvendigt at f\u00e5 din e-mailadresse, dit navn og andre data for at indsende en kontaktformular. Det er vigtigt at bem\u00e6rke, at nogle af funktionerne p\u00e5 webstedet kr\u00e6ver brug af tredjepartsudbydere (se afsnit F nedenfor for flere detaljer).  <\/p>\n\n\n\n<h4 class=\"wp-block-heading\"><strong>2. Automatisk eller rutinem\u00e6ssigt indsamlet<\/strong><\/h4>\n\n\n\n<p>Bare ved at bes\u00f8ge hjemmesiden kan visse metadata stadig blive indsamlet og behandlet. Selv om vi har arbejdet p\u00e5 at minimere dataindsamlingen, kan f\u00f8lgende indsamles (og behandles af de grunde, der er angivet i afsnit B i denne privatlivspolitik): <\/p>\n\n\n\n<ul class=\"wp-block-list\">\n<li>din internetprotokol (IP)-adresse (som kan afsl\u00f8re din omtrentlige placering og tidszone)<\/li>\n\n\n\n<li>Enheds-ID (som angiver den type enhed, der bruges til at f\u00e5 adgang til platformen, og som ogs\u00e5 kan afsl\u00f8re det anvendte operativsystem)<\/li>\n\n\n\n<li>datoer og tidspunkt for brug<\/li>\n\n\n\n<li>Anmodet URL<\/li>\n\n\n\n<li>det operativsystem, du bruger<\/li>\n<\/ul>\n\n\n\n<h4 class=\"wp-block-heading\"><strong>3. Brug af cookies<\/strong><\/h4>\n\n\n\n<p>Vi bruger cookies p\u00e5 vores hjemmeside. Bes\u00f8g venligst f\u00f8lgende link for at f\u00e5 mere at vide: <a href=\"https:\/\/www.sportcoachplus.org\/cookie-policy\/\" data-type=\"page\" data-id=\"1312\">Cookiepolitik<\/a>. <\/p>\n\n\n\n<h3 class=\"wp-block-heading\">B) Hvordan bruges denne information?<\/h3>\n\n\n\n<p>Disse oplysninger bruges til at forbedre vores service, udarbejde statistikker (herunder om h\u00f8ring) og til at kommunikere med dig. Mere specifikt bruges det: <\/p>\n\n\n\n<ul class=\"wp-block-list\">\n<li>at svare p\u00e5 dine anmodninger om information<\/li>\n\n\n\n<li>for at give dig mulighed for at bruge visse interaktive funktioner (f.eks. downloade data, gemme bogm\u00e6rker)<\/li>\n\n\n\n<li>at levere tjenester eller give hj\u00e6lp<\/li>\n\n\n\n<li>for at forbedre vores hjemmeside, kommunikation, produkter og tjenester; for at udarbejde statistikker over konsultationer og for at forst\u00e5, hvilket indhold der betyder mest for f\u00e6llesskabet<\/li>\n\n\n\n<li>for at opretholde sikkerheden og integriteten<\/li>\n\n\n\n<li>for at sikre, at indholdet pr\u00e6senteres p\u00e5 den m\u00e5de, der passer dig bedst<\/li>\n<\/ul>\n\n\n\n<h3 class=\"wp-block-heading\">C) Adgang til og deling af data<\/h3>\n\n\n\n<p>Som hovedregel videregiver vi ikke oplysninger, der kan identificere dig personligt, medmindre du har givet tilladelse til det. De oplysninger, du giver os, vil ikke blive solgt til tredjeparter eller brugt p\u00e5 en m\u00e5de, der er uforenelig med hjemmesidens form\u00e5l. <\/p>\n\n\n\n<p>Desuden vil dine data kun v\u00e6re tilg\u00e6ngelige for de medarbejdere (og andre autoriserede personer), der har et legitimt behov for at have en s\u00e5dan adgang.<\/p>\n\n\n\n<h3 class=\"wp-block-heading\">D) Opbevaring, sikkerhed, sp\u00f8rgsm\u00e5l om dine data<\/h3>\n\n\n\n<p>Vi bruger sikre systemer og implementerer passende tekniske og organisatoriske foranstaltninger for at sikre dine personlige oplysninger og beskytte dem mod uautoriseret eller ulovlig behandling, utilsigtet tab, \u00f8del\u00e6ggelse eller skade. Selv om vi tr\u00e6ffer rimelige foranstaltninger for at beskytte dine personlige oplysninger, skal du v\u00e6re opm\u00e6rksom p\u00e5, at intet system kan garantere 100 % sikkerhed. <\/p>\n\n\n\n<p>Hvis det er n\u00f8dvendigt at dele dine personlige data med tredjeparter, tr\u00e6ffer vi rimelige foranstaltninger for at sikre, at dine personlige data fortsat behandles sikkert.<\/p>\n\n\n\n<p>Disse foranstaltninger kan v\u00e6re specifikke kontraktlige bestemmelser, der kr\u00e6ver, at disse tredjeparter implementerer sikkerhedsforanstaltninger, der er mindst lige s\u00e5 gode som vores. V\u00e6r opm\u00e6rksom p\u00e5 dette, n\u00e5r du sender kommunikation. Vi kan ikke (og vil ikke) garantere absolut sikkerhed.  <\/p>\n\n\n\n<p>Under visse omst\u00e6ndigheder kan du anmode om at gennemg\u00e5 de personoplysninger, vi har om dig. Du kan ogs\u00e5 g\u00f8re indsigelse mod visse former for behandling af personoplysninger og\/eller anmode om rettelse eller sletning af s\u00e5danne personoplysninger.   <\/p>\n\n\n\n<p>Kontakt venligst f\u00f8lgende afdelinger for sp\u00f8rgsm\u00e5l om persondata relateret til:<\/p>\n\n\n\n<p><strong>MHPSS Hub:<\/strong>\u00a0<a href=\"mailto:psychosocial.centre@ifrc.org\" target=\"_blank\" rel=\"noreferrer noopener\"><\/a><a href=\"mailto:mhpsshub@rodekors.dk\">mhpsshub@rodekors.dk<\/a><\/p>\n\n\n\n<p><strong>ORF:<\/strong> <a href=\"mailto:contact@olympicrefugefoundation.org\" target=\"_blank\" rel=\"noreferrer noopener\">contact@olympicrefugefoundation.org<\/a><\/p>\n\n\n\n<h3 class=\"wp-block-heading\">E) Privilegier og immuniteter<\/h3>\n\n\n\n<p>Intet i eller i forbindelse med denne fortrolighedspolitik eller dette websted skal anses for at v\u00e6re et afkald p\u00e5 nogen af forbundets privilegier og immuniteter.<\/p>\n\n\n\n<h3 class=\"wp-block-heading\">F) Note om links til eksterne hjemmesider<\/h3>\n\n\n\n<p>Bem\u00e6rk venligst, at denne privatlivspolitik kun g\u00e6lder for sportcoachplus.org-webstedet. Den g\u00e6lder ikke for sider, der hostes af andre organisationer, herunder nationale R\u00f8de Kors- og R\u00f8de Halvm\u00e5ne-selskaber og Den Internationale R\u00f8de Kors Komit\u00e9, som har deres egne privatlivspolitikker. <\/p>\n\n\n\n<p>Derudover kan nogle sportcoachplus.org-websider: 1) inkorporere eller omdirigere til tredjepartsudbydere og 2) indeholde links til tredjepartswebsteder, s\u00e5som Facebook, YouTube eller Twitter, for eksempel. Disse tredjepartswebsteder og eksterne websteder (og andre ikke-sportcoachplus.org-websteder) vil typisk have deres egne privatlivspolitikker og datah\u00e5ndteringspraksisser, som vi ikke kontrollerer. Du opfordres kraftigt til at gennemg\u00e5 disse relevante privatlivspolitikker.    <\/p>\n\n\n\n<div class=\"wp-block-group is-nowrap is-layout-flex wp-container-core-group-is-layout-ad2f72ca wp-block-group-is-layout-flex\">\n<p class=\"small has-gray-color has-text-color has-link-color wp-elements-55cb5dc23ed6176ac299baa9e205ae8e\">&#8211; Denne version af politikken blev sidst \u00e6ndret den:<\/p>\n\n\n<div class=\"wp-block-post-date__modified-date small wp-block-post-date\"><time datetime=\"2025-08-19T14:04:29+02:00\">august 19, 2025<\/time><\/div><\/div>\n","protected":false},"excerpt":{"rendered":"<p>Ansvarsfraskrivelse Alle oplysninger p\u00e5 dette websted er copyright \u00a9 Red Cross Red Crescent Movement MHPSS Hub og Olympic Refuge Foundation. Alle rettigheder forbeholdes. Vores privatlivspolitik Denne hjemmeside drives af International Federation of Red Cross and Red Crescent Societies Reference Centre for Psychosocial Support, hostet af Dansk R\u00f8de Kors, og Olympic Refuge Foundation (&#8220;vi&#8221;, &#8220;os&#8221;, &#8220;vores&#8221;, [&#8230;]<\/p>\n<p><a class=\"btn btn-secondary understrap-read-more-link\" href=\"https:\/\/www.sportcoachplus.org\/da\/fortrolighedspolitik-og-juridisk-meddelelse\/\">L\u00e6s mere&#8230;<span class=\"screen-reader-text\"> from Fortrolighedspolitik og juridisk meddelelse<\/span><\/a><\/p>\n","protected":false},"author":8,"featured_media":0,"parent":0,"menu_order":0,"comment_status":"closed","ping_status":"closed","template":"page-templates\/no-title.php","meta":{"_acf_changed":false,"inline_featured_image":false,"_monsterinsights_skip_tracking":false,"_monsterinsights_sitenote_active":false,"_monsterinsights_sitenote_note":"","_monsterinsights_sitenote_category":0,"footnotes":""},"class_list":["post-6403","page","type-page","status-publish","hentry"],"acf":[],"yoast_head":"<!-- This site is optimized with the Yoast SEO plugin v27.4 - https:\/\/yoast.com\/product\/yoast-seo-wordpress\/ -->\n<title>Fortrolighedspolitik og juridisk meddelelse - Sport Coach+<\/title>\n<meta name=\"robots\" content=\"index, follow, max-snippet:-1, max-image-preview:large, max-video-preview:-1\" \/>\n<link rel=\"canonical\" href=\"https:\/\/www.sportcoachplus.org\/da\/fortrolighedspolitik-og-juridisk-meddelelse\/\" \/>\n<meta property=\"og:locale\" content=\"da_DK\" \/>\n<meta property=\"og:type\" content=\"article\" \/>\n<meta property=\"og:title\" content=\"Fortrolighedspolitik og juridisk meddelelse - Sport Coach+\" \/>\n<meta property=\"og:description\" content=\"Ansvarsfraskrivelse Alle oplysninger p\u00e5 dette websted er copyright \u00a9 Red Cross Red Crescent Movement MHPSS Hub og Olympic Refuge Foundation. Alle rettigheder forbeholdes. Vores privatlivspolitik Denne hjemmeside drives af International Federation of Red Cross and Red Crescent Societies Reference Centre for Psychosocial Support, hostet af Dansk R\u00f8de Kors, og Olympic Refuge Foundation (&#8220;vi&#8221;, &#8220;os&#8221;, &#8220;vores&#8221;, [...]L\u00e6s mere... from Fortrolighedspolitik og juridisk meddelelse\" \/>\n<meta property=\"og:url\" content=\"https:\/\/www.sportcoachplus.org\/da\/fortrolighedspolitik-og-juridisk-meddelelse\/\" \/>\n<meta property=\"og:site_name\" content=\"Sport Coach+\" \/>\n<meta property=\"article:modified_time\" content=\"2025-08-19T12:04:29+00:00\" \/>\n<meta name=\"twitter:card\" content=\"summary_large_image\" \/>\n<meta name=\"twitter:label1\" content=\"Estimeret l\u00e6setid\" \/>\n\t<meta name=\"twitter:data1\" content=\"4 minutter\" \/>\n<script type=\"application\/ld+json\" class=\"yoast-schema-graph\">{\"@context\":\"https:\\\/\\\/schema.org\",\"@graph\":[{\"@type\":\"WebPage\",\"@id\":\"https:\\\/\\\/www.sportcoachplus.org\\\/da\\\/fortrolighedspolitik-og-juridisk-meddelelse\\\/\",\"url\":\"https:\\\/\\\/www.sportcoachplus.org\\\/da\\\/fortrolighedspolitik-og-juridisk-meddelelse\\\/\",\"name\":\"Fortrolighedspolitik og juridisk meddelelse - Sport Coach+\",\"isPartOf\":{\"@id\":\"https:\\\/\\\/www.sportcoachplus.org\\\/da\\\/#website\"},\"datePublished\":\"2024-03-26T13:52:58+00:00\",\"dateModified\":\"2025-08-19T12:04:29+00:00\",\"breadcrumb\":{\"@id\":\"https:\\\/\\\/www.sportcoachplus.org\\\/da\\\/fortrolighedspolitik-og-juridisk-meddelelse\\\/#breadcrumb\"},\"inLanguage\":\"da-DK\",\"potentialAction\":[{\"@type\":\"ReadAction\",\"target\":[\"https:\\\/\\\/www.sportcoachplus.org\\\/da\\\/fortrolighedspolitik-og-juridisk-meddelelse\\\/\"]}]},{\"@type\":\"BreadcrumbList\",\"@id\":\"https:\\\/\\\/www.sportcoachplus.org\\\/da\\\/fortrolighedspolitik-og-juridisk-meddelelse\\\/#breadcrumb\",\"itemListElement\":[{\"@type\":\"ListItem\",\"position\":1,\"name\":\"Home\",\"item\":\"https:\\\/\\\/www.sportcoachplus.org\\\/da\\\/hjem\\\/\"},{\"@type\":\"ListItem\",\"position\":2,\"name\":\"Fortrolighedspolitik og juridisk meddelelse\"}]},{\"@type\":\"WebSite\",\"@id\":\"https:\\\/\\\/www.sportcoachplus.org\\\/da\\\/#website\",\"url\":\"https:\\\/\\\/www.sportcoachplus.org\\\/da\\\/\",\"name\":\"Sport Coach+\",\"description\":\"Safe and supportive sport to promote the mental health of young people affected by displacement\",\"publisher\":{\"@id\":\"https:\\\/\\\/www.sportcoachplus.org\\\/da\\\/#organization\"},\"potentialAction\":[{\"@type\":\"SearchAction\",\"target\":{\"@type\":\"EntryPoint\",\"urlTemplate\":\"https:\\\/\\\/www.sportcoachplus.org\\\/da\\\/?s={search_term_string}\"},\"query-input\":{\"@type\":\"PropertyValueSpecification\",\"valueRequired\":true,\"valueName\":\"search_term_string\"}}],\"inLanguage\":\"da-DK\"},{\"@type\":\"Organization\",\"@id\":\"https:\\\/\\\/www.sportcoachplus.org\\\/da\\\/#organization\",\"name\":\"Sport Coach+\",\"url\":\"https:\\\/\\\/www.sportcoachplus.org\\\/da\\\/\",\"logo\":{\"@type\":\"ImageObject\",\"inLanguage\":\"da-DK\",\"@id\":\"https:\\\/\\\/www.sportcoachplus.org\\\/da\\\/#\\\/schema\\\/logo\\\/image\\\/\",\"url\":\"https:\\\/\\\/www.sportcoachplus.org\\\/wp-content\\\/uploads\\\/2024\\\/05\\\/SportCoach-logo.svg\",\"contentUrl\":\"https:\\\/\\\/www.sportcoachplus.org\\\/wp-content\\\/uploads\\\/2024\\\/05\\\/SportCoach-logo.svg\",\"width\":488,\"height\":194,\"caption\":\"Sport Coach+\"},\"image\":{\"@id\":\"https:\\\/\\\/www.sportcoachplus.org\\\/da\\\/#\\\/schema\\\/logo\\\/image\\\/\"}}]}<\/script>\n<!-- \/ Yoast SEO plugin. -->","yoast_head_json":{"title":"Fortrolighedspolitik og juridisk meddelelse - Sport Coach+","robots":{"index":"index","follow":"follow","max-snippet":"max-snippet:-1","max-image-preview":"max-image-preview:large","max-video-preview":"max-video-preview:-1"},"canonical":"https:\/\/www.sportcoachplus.org\/da\/fortrolighedspolitik-og-juridisk-meddelelse\/","og_locale":"da_DK","og_type":"article","og_title":"Fortrolighedspolitik og juridisk meddelelse - Sport Coach+","og_description":"Ansvarsfraskrivelse Alle oplysninger p\u00e5 dette websted er copyright \u00a9 Red Cross Red Crescent Movement MHPSS Hub og Olympic Refuge Foundation. Alle rettigheder forbeholdes. Vores privatlivspolitik Denne hjemmeside drives af International Federation of Red Cross and Red Crescent Societies Reference Centre for Psychosocial Support, hostet af Dansk R\u00f8de Kors, og Olympic Refuge Foundation (&#8220;vi&#8221;, &#8220;os&#8221;, &#8220;vores&#8221;, [...]L\u00e6s mere... from Fortrolighedspolitik og juridisk meddelelse","og_url":"https:\/\/www.sportcoachplus.org\/da\/fortrolighedspolitik-og-juridisk-meddelelse\/","og_site_name":"Sport Coach+","article_modified_time":"2025-08-19T12:04:29+00:00","twitter_card":"summary_large_image","twitter_misc":{"Estimeret l\u00e6setid":"4 minutter"},"schema":{"@context":"https:\/\/schema.org","@graph":[{"@type":"WebPage","@id":"https:\/\/www.sportcoachplus.org\/da\/fortrolighedspolitik-og-juridisk-meddelelse\/","url":"https:\/\/www.sportcoachplus.org\/da\/fortrolighedspolitik-og-juridisk-meddelelse\/","name":"Fortrolighedspolitik og juridisk meddelelse - Sport Coach+","isPartOf":{"@id":"https:\/\/www.sportcoachplus.org\/da\/#website"},"datePublished":"2024-03-26T13:52:58+00:00","dateModified":"2025-08-19T12:04:29+00:00","breadcrumb":{"@id":"https:\/\/www.sportcoachplus.org\/da\/fortrolighedspolitik-og-juridisk-meddelelse\/#breadcrumb"},"inLanguage":"da-DK","potentialAction":[{"@type":"ReadAction","target":["https:\/\/www.sportcoachplus.org\/da\/fortrolighedspolitik-og-juridisk-meddelelse\/"]}]},{"@type":"BreadcrumbList","@id":"https:\/\/www.sportcoachplus.org\/da\/fortrolighedspolitik-og-juridisk-meddelelse\/#breadcrumb","itemListElement":[{"@type":"ListItem","position":1,"name":"Home","item":"https:\/\/www.sportcoachplus.org\/da\/hjem\/"},{"@type":"ListItem","position":2,"name":"Fortrolighedspolitik og juridisk meddelelse"}]},{"@type":"WebSite","@id":"https:\/\/www.sportcoachplus.org\/da\/#website","url":"https:\/\/www.sportcoachplus.org\/da\/","name":"Sport Coach+","description":"Safe and supportive sport to promote the mental health of young people affected by displacement","publisher":{"@id":"https:\/\/www.sportcoachplus.org\/da\/#organization"},"potentialAction":[{"@type":"SearchAction","target":{"@type":"EntryPoint","urlTemplate":"https:\/\/www.sportcoachplus.org\/da\/?s={search_term_string}"},"query-input":{"@type":"PropertyValueSpecification","valueRequired":true,"valueName":"search_term_string"}}],"inLanguage":"da-DK"},{"@type":"Organization","@id":"https:\/\/www.sportcoachplus.org\/da\/#organization","name":"Sport Coach+","url":"https:\/\/www.sportcoachplus.org\/da\/","logo":{"@type":"ImageObject","inLanguage":"da-DK","@id":"https:\/\/www.sportcoachplus.org\/da\/#\/schema\/logo\/image\/","url":"https:\/\/www.sportcoachplus.org\/wp-content\/uploads\/2024\/05\/SportCoach-logo.svg","contentUrl":"https:\/\/www.sportcoachplus.org\/wp-content\/uploads\/2024\/05\/SportCoach-logo.svg","width":488,"height":194,"caption":"Sport Coach+"},"image":{"@id":"https:\/\/www.sportcoachplus.org\/da\/#\/schema\/logo\/image\/"}}]}},"_links":{"self":[{"href":"https:\/\/www.sportcoachplus.org\/da\/wp-json\/wp\/v2\/pages\/6403","targetHints":{"allow":["GET"]}}],"collection":[{"href":"https:\/\/www.sportcoachplus.org\/da\/wp-json\/wp\/v2\/pages"}],"about":[{"href":"https:\/\/www.sportcoachplus.org\/da\/wp-json\/wp\/v2\/types\/page"}],"author":[{"embeddable":true,"href":"https:\/\/www.sportcoachplus.org\/da\/wp-json\/wp\/v2\/users\/8"}],"replies":[{"embeddable":true,"href":"https:\/\/www.sportcoachplus.org\/da\/wp-json\/wp\/v2\/comments?post=6403"}],"version-history":[{"count":3,"href":"https:\/\/www.sportcoachplus.org\/da\/wp-json\/wp\/v2\/pages\/6403\/revisions"}],"predecessor-version":[{"id":6511,"href":"https:\/\/www.sportcoachplus.org\/da\/wp-json\/wp\/v2\/pages\/6403\/revisions\/6511"}],"wp:attachment":[{"href":"https:\/\/www.sportcoachplus.org\/da\/wp-json\/wp\/v2\/media?parent=6403"}],"curies":[{"name":"wp","href":"https:\/\/api.w.org\/{rel}","templated":true}]}}