{"id":6117,"date":"2024-10-21T13:05:26","date_gmt":"2024-10-21T11:05:26","guid":{"rendered":"https:\/\/www.sportcoachplus.org\/download-haandbog\/"},"modified":"2025-01-15T08:55:42","modified_gmt":"2025-01-15T07:55:42","slug":"download-haandbog","status":"publish","type":"page","link":"https:\/\/www.sportcoachplus.org\/da\/download-haandbog\/","title":{"rendered":"Download h\u00e5ndbog"},"content":{"rendered":"<style id=\"wpforms-css-vars-root\">\n\t\t\t\t:root {\n\t\t\t\t\t--wpforms-field-border-radius: 3px;\n--wpforms-field-border-style: solid;\n--wpforms-field-border-size: 1px;\n--wpforms-field-background-color: #ffffff;\n--wpforms-field-border-color: rgba( 0, 0, 0, 0.25 );\n--wpforms-field-border-color-spare: rgba( 0, 0, 0, 0.25 );\n--wpforms-field-text-color: rgba( 0, 0, 0, 0.7 );\n--wpforms-field-menu-color: #ffffff;\n--wpforms-label-color: rgba( 0, 0, 0, 0.85 );\n--wpforms-label-sublabel-color: rgba( 0, 0, 0, 0.55 );\n--wpforms-label-error-color: #d63637;\n--wpforms-button-border-radius: 3px;\n--wpforms-button-border-style: none;\n--wpforms-button-border-size: 1px;\n--wpforms-button-background-color: #066aab;\n--wpforms-button-border-color: #066aab;\n--wpforms-button-text-color: #ffffff;\n--wpforms-page-break-color: #066aab;\n--wpforms-background-image: none;\n--wpforms-background-position: center center;\n--wpforms-background-repeat: no-repeat;\n--wpforms-background-size: cover;\n--wpforms-background-width: 100px;\n--wpforms-background-height: 100px;\n--wpforms-background-color: rgba( 0, 0, 0, 0 );\n--wpforms-background-url: none;\n--wpforms-container-padding: 0px;\n--wpforms-container-border-style: none;\n--wpforms-container-border-width: 1px;\n--wpforms-container-border-color: #000000;\n--wpforms-container-border-radius: 3px;\n--wpforms-field-size-input-height: 43px;\n--wpforms-field-size-input-spacing: 15px;\n--wpforms-field-size-font-size: 16px;\n--wpforms-field-size-line-height: 19px;\n--wpforms-field-size-padding-h: 14px;\n--wpforms-field-size-checkbox-size: 16px;\n--wpforms-field-size-sublabel-spacing: 5px;\n--wpforms-field-size-icon-size: 1;\n--wpforms-label-size-font-size: 16px;\n--wpforms-label-size-line-height: 19px;\n--wpforms-label-size-sublabel-font-size: 14px;\n--wpforms-label-size-sublabel-line-height: 17px;\n--wpforms-button-size-font-size: 17px;\n--wpforms-button-size-height: 41px;\n--wpforms-button-size-padding-h: 15px;\n--wpforms-button-size-margin-top: 10px;\n--wpforms-container-shadow-size-box-shadow: none;\n\n\t\t\t\t}\n\t\t\t<\/style><div class=\"wpforms-container wpforms-container-full wpforms-block wpforms-block-90ca23de-772c-48bd-af37-ffae7301b50b wpforms-render-modern\" id=\"wpforms-2283\"><form id=\"wpforms-form-2283\" class=\"wpforms-validate wpforms-form\" data-formid=\"2283\" method=\"post\" enctype=\"multipart\/form-data\" action=\"\/da\/wp-json\/wp\/v2\/pages\/6117\" data-token=\"c17a383ff8eb0485cb972513b9932c0f\" data-token-time=\"1777530704\"><div class=\"wpforms-head-container\"><div class=\"wpforms-description\">Tak for din interesse i Sport Coach+! Brug et par sekunder p\u00e5 at fort\u00e6lle os mere om dig selv, og find linket til at downloade h\u00e5ndbogen nedenfor. <\/div><\/div><noscript class=\"wpforms-error-noscript\">Please enable JavaScript in your browser to complete this form.<\/noscript><div class=\"wpforms-hidden\" id=\"wpforms-error-noscript\">Please enable JavaScript in your browser to complete this form.<\/div><div class=\"wpforms-field-container\"><div id=\"wpforms-2283-field_9-container\" class=\"wpforms-field wpforms-field-layout\" data-field-id=\"9\"><div class=\"wpforms-field-layout-rows wpforms-field-large\"><div class=\"wpforms-layout-row\"><div class=\"wpforms-layout-column wpforms-layout-column-50\"><div id=\"wpforms-2283-field_2-container\" class=\"wpforms-field wpforms-field-select wpforms-field-select-style-modern\" data-field-id=\"2\"><label class=\"wpforms-field-label\" for=\"wpforms-2283-field_2\">I hvilke regioner arbejder du?<\/label><select id=\"wpforms-2283-field_2\" class=\"wpforms-field-large choicesjs-select\" data-size-class=\"wpforms-field-row wpforms-field-large\" data-search-enabled=\"\" name=\"wpforms[fields][2][]\" multiple=\"multiple\"><option value=\"\" class=\"placeholder\" disabled >&#8211; V\u00e6lg alt, hvad der g\u00e6lder &#8211;<\/option><option value=\"Europa og Centralasien\" >Europa og Centralasien<\/option><option value=\"Mellem\u00f8sten og Nordafrika\" >Mellem\u00f8sten og Nordafrika<\/option><option value=\"Afrika syd for Sahara\" >Afrika syd for Sahara<\/option><option value=\"\u00d8stasien og Stillehavet\" >\u00d8stasien og Stillehavet<\/option><option value=\"Sydasien\" >Sydasien<\/option><option value=\"Latinamerika og Caribien\" >Latinamerika og Caribien<\/option><option value=\"Nordamerika\" >Nordamerika<\/option><\/select><\/div><\/div><div class=\"wpforms-layout-column wpforms-layout-column-50\"><div id=\"wpforms-2283-field_3-container\" class=\"wpforms-field wpforms-field-select wpforms-field-select-style-modern\" data-field-id=\"3\"><label class=\"wpforms-field-label\" for=\"wpforms-2283-field_3\">Hvilket af f\u00f8lgende beskriver bedst din branche eller sektor?<\/label><select id=\"wpforms-2283-field_3\" class=\"wpforms-field-large choicesjs-select\" data-size-class=\"wpforms-field-row wpforms-field-large\" data-search-enabled=\"\" name=\"wpforms[fields][3][]\" multiple=\"multiple\"><option value=\"\" class=\"placeholder\" disabled >&#8211; V\u00e6lg alt, hvad der g\u00e6lder.<\/option><option value=\"Sundhed\" >Sundhed<\/option><option value=\"Sport\" >Sport<\/option><option value=\"P\u00e6dagog\/l\u00e6rer\" >P\u00e6dagog\/l\u00e6rer<\/option><option value=\"NGO\/Non-profit-medarbejder\" >NGO\/Non-profit-medarbejder<\/option><option value=\"Den offentlige sektor\" >Den offentlige sektor<\/option><option value=\"Forsker\/Akademiker\" >Forsker\/Akademiker<\/option><option value=\"Andet\" >Andet<\/option><\/select><\/div><\/div><\/div><div class=\"wpforms-layout-row\"><div class=\"wpforms-layout-column wpforms-layout-column-50\"><div id=\"wpforms-2283-field_4-container\" class=\"wpforms-field wpforms-field-select wpforms-field-select-style-modern\" data-field-id=\"4\"><label class=\"wpforms-field-label\" for=\"wpforms-2283-field_4\">Hvordan har du t\u00e6nkt dig at bruge SportCoach+-ressourcerne?<\/label><select id=\"wpforms-2283-field_4\" class=\"wpforms-field-large choicesjs-select\" data-size-class=\"wpforms-field-row wpforms-field-large\" data-search-enabled=\"\" name=\"wpforms[fields][4][]\" multiple=\"multiple\"><option value=\"\" class=\"placeholder\" disabled >&#8211; V\u00e6lg alt, hvad der g\u00e6lder &#8211;<\/option><option value=\"Tr\u00e6n tr\u00e6nere og personale\" >Tr\u00e6n tr\u00e6nere og personale<\/option><option value=\"Implementering af programmet\" >Implementering af programmet<\/option><option value=\"Personlig viden\" >Personlig viden<\/option><option value=\"Forskning\" >Forskning<\/option><option value=\"Husarbejde\" >Husarbejde<\/option><option value=\"Andet\" >Andet<\/option><\/select><\/div><\/div><div class=\"wpforms-layout-column wpforms-layout-column-50\"><div id=\"wpforms-2283-field_5-container\" class=\"wpforms-field wpforms-field-select wpforms-conditional-trigger wpforms-field-select-style-modern\" data-field-id=\"5\"><label class=\"wpforms-field-label\" for=\"wpforms-2283-field_5\">Hvordan h\u00f8rte du om SportCoach+?<\/label><select id=\"wpforms-2283-field_5\" class=\"wpforms-field-large choicesjs-select\" data-size-class=\"wpforms-field-row wpforms-field-large\" data-search-enabled=\"\" name=\"wpforms[fields][5][]\" multiple=\"multiple\"><option value=\"\" class=\"placeholder\" disabled >&#8211; V\u00e6lg alt, hvad der g\u00e6lder &#8211;<\/option><option value=\"Henvisning fra en kollega\/ven\" >Henvisning fra en kollega\/ven<\/option><option value=\"S\u00f8gning p\u00e5 nettet\" >S\u00f8gning p\u00e5 nettet<\/option><option value=\"Sociale medier\" >Sociale medier<\/option><option value=\"Gennem en projektpartner eller et arrangement\" >Gennem en projektpartner eller et arrangement<\/option><option value=\"Andet (specificer)\" >Andet (specificer)<\/option><\/select><\/div><\/div><\/div><div class=\"wpforms-layout-row\"><div class=\"wpforms-layout-column wpforms-layout-column-50\"><\/div><div class=\"wpforms-layout-column wpforms-layout-column-50\"><div id=\"wpforms-2283-field_6-container\" class=\"wpforms-field wpforms-field-text wpforms-conditional-field wpforms-conditional-show\" data-field-id=\"6\" style=\"display:none;\"><label class=\"wpforms-field-label wpforms-label-hide\" for=\"wpforms-2283-field_6\" aria-hidden=\"false\">Hvordan h\u00f8rte du om SportCoach+?<\/label><input type=\"text\" id=\"wpforms-2283-field_6\" class=\"wpforms-field-large\" name=\"wpforms[fields][6]\" placeholder=\"Angiv venligst, hvordan du h\u00f8rte om SportCoach+\" aria-errormessage=\"wpforms-2283-field_6-error\" ><\/div><\/div><\/div><\/div><\/div><div id=\"wpforms-2283-field_8-container\" class=\"wpforms-field wpforms-field-radio wpforms-list-inline\" data-field-id=\"8\"><fieldset><legend class=\"wpforms-field-label\">Sprog <span class=\"wpforms-required-label\" aria-hidden=\"true\">*<\/span><\/legend><ul id=\"wpforms-2283-field_8\" class=\"wpforms-field-required\"><li class=\"choice-8 depth-1\"><input type=\"radio\" id=\"wpforms-2283-field_8_8\" name=\"wpforms[fields][8]\" value=\"Arabic\" aria-errormessage=\"wpforms-2283-field_8_8-error\" required ><label class=\"wpforms-field-label-inline\" for=\"wpforms-2283-field_8_8\">Arabic<\/label><\/li><li class=\"choice-3 depth-1\"><input type=\"radio\" id=\"wpforms-2283-field_8_3\" name=\"wpforms[fields][8]\" value=\"Bulgarsk\" aria-errormessage=\"wpforms-2283-field_8_3-error\" required ><label class=\"wpforms-field-label-inline\" for=\"wpforms-2283-field_8_3\">Bulgarsk<\/label><\/li><li class=\"choice-6 depth-1\"><input type=\"radio\" id=\"wpforms-2283-field_8_6\" name=\"wpforms[fields][8]\" value=\"Czech\" aria-errormessage=\"wpforms-2283-field_8_6-error\" required ><label class=\"wpforms-field-label-inline\" for=\"wpforms-2283-field_8_6\">Czech<\/label><\/li><li class=\"choice-1 depth-1 wpforms-selected\"><input type=\"radio\" id=\"wpforms-2283-field_8_1\" name=\"wpforms[fields][8]\" value=\"Engelsk\" aria-errormessage=\"wpforms-2283-field_8_1-error\" required  checked='checked'><label class=\"wpforms-field-label-inline\" for=\"wpforms-2283-field_8_1\">Engelsk<\/label><\/li><li class=\"choice-12 depth-1\"><input type=\"radio\" id=\"wpforms-2283-field_8_12\" name=\"wpforms[fields][8]\" value=\"French\" aria-errormessage=\"wpforms-2283-field_8_12-error\" required ><label class=\"wpforms-field-label-inline\" for=\"wpforms-2283-field_8_12\">French<\/label><\/li><li class=\"choice-4 depth-1\"><input type=\"radio\" id=\"wpforms-2283-field_8_4\" name=\"wpforms[fields][8]\" value=\"Tysk\" aria-errormessage=\"wpforms-2283-field_8_4-error\" required ><label class=\"wpforms-field-label-inline\" for=\"wpforms-2283-field_8_4\">Tysk<\/label><\/li><li class=\"choice-7 depth-1\"><input type=\"radio\" id=\"wpforms-2283-field_8_7\" name=\"wpforms[fields][8]\" value=\"Polish\" aria-errormessage=\"wpforms-2283-field_8_7-error\" required ><label class=\"wpforms-field-label-inline\" for=\"wpforms-2283-field_8_7\">Polish<\/label><\/li><li class=\"choice-5 depth-1\"><input type=\"radio\" id=\"wpforms-2283-field_8_5\" name=\"wpforms[fields][8]\" value=\"Rum\u00e6nsk\" aria-errormessage=\"wpforms-2283-field_8_5-error\" required ><label class=\"wpforms-field-label-inline\" for=\"wpforms-2283-field_8_5\">Rum\u00e6nsk<\/label><\/li><li class=\"choice-10 depth-1\"><input type=\"radio\" id=\"wpforms-2283-field_8_10\" name=\"wpforms[fields][8]\" value=\"Spanish\" aria-errormessage=\"wpforms-2283-field_8_10-error\" required ><label class=\"wpforms-field-label-inline\" for=\"wpforms-2283-field_8_10\">Spanish<\/label><\/li><li class=\"choice-2 depth-1\"><input type=\"radio\" id=\"wpforms-2283-field_8_2\" name=\"wpforms[fields][8]\" value=\"Ukrainsk\" aria-errormessage=\"wpforms-2283-field_8_2-error\" required ><label class=\"wpforms-field-label-inline\" for=\"wpforms-2283-field_8_2\">Ukrainsk<\/label><\/li><li class=\"choice-11 depth-1\"><input type=\"radio\" id=\"wpforms-2283-field_8_11\" name=\"wpforms[fields][8]\" value=\"Russian\" aria-errormessage=\"wpforms-2283-field_8_11-error\" required ><label class=\"wpforms-field-label-inline\" for=\"wpforms-2283-field_8_11\">Russian<\/label><\/li><\/ul><\/fieldset><\/div><\/div><!-- .wpforms-field-container --><div class=\"wpforms-submit-container\" ><input type=\"hidden\" name=\"wpforms[id]\" value=\"2283\"><input type=\"hidden\" name=\"page_title\" value=\"\"><input type=\"hidden\" name=\"page_url\" value=\"https:\/\/www.sportcoachplus.org\/da\/wp-json\/wp\/v2\/pages\/6117\"><button type=\"submit\" name=\"wpforms[submit]\" id=\"wpforms-submit-2283\" class=\"wpforms-submit\" data-alt-text=\"Downloading...\" data-submit-text=\"Download\" aria-live=\"assertive\" value=\"wpforms-submit\">Download<\/button><\/div><\/form><\/div>  <!-- .wpforms-container -->","protected":false},"excerpt":{"rendered":"<p> [&#8230;]<\/p>\n<p><a class=\"btn btn-secondary understrap-read-more-link\" href=\"https:\/\/www.sportcoachplus.org\/da\/download-haandbog\/\">L\u00e6s mere&#8230;<span class=\"screen-reader-text\"> from Download h\u00e5ndbog<\/span><\/a><\/p>\n","protected":false},"author":8,"featured_media":0,"parent":0,"menu_order":0,"comment_status":"closed","ping_status":"closed","template":"page-templates\/no-title.php","meta":{"_acf_changed":false,"inline_featured_image":false,"_monsterinsights_skip_tracking":false,"_monsterinsights_sitenote_active":false,"_monsterinsights_sitenote_note":"","_monsterinsights_sitenote_category":0,"footnotes":""},"class_list":["post-6117","page","type-page","status-publish","hentry"],"acf":[],"yoast_head":"<!-- This site is optimized with the Yoast SEO plugin v27.5 - https:\/\/yoast.com\/product\/yoast-seo-wordpress\/ -->\n<title>Download h\u00e5ndbog - Sport Coach+<\/title>\n<meta name=\"robots\" content=\"index, follow, max-snippet:-1, max-image-preview:large, max-video-preview:-1\" \/>\n<link rel=\"canonical\" href=\"https:\/\/www.sportcoachplus.org\/da\/download-haandbog\/\" \/>\n<meta property=\"og:locale\" content=\"da_DK\" \/>\n<meta property=\"og:type\" content=\"article\" \/>\n<meta property=\"og:title\" content=\"Download h\u00e5ndbog - Sport Coach+\" \/>\n<meta property=\"og:description\" content=\"[...]L\u00e6s mere... from Download h\u00e5ndbog\" \/>\n<meta property=\"og:url\" content=\"https:\/\/www.sportcoachplus.org\/da\/download-haandbog\/\" \/>\n<meta property=\"og:site_name\" content=\"Sport Coach+\" \/>\n<meta property=\"article:modified_time\" content=\"2025-01-15T07:55:42+00:00\" \/>\n<meta name=\"twitter:card\" content=\"summary_large_image\" \/>\n<script type=\"application\/ld+json\" class=\"yoast-schema-graph\">{\"@context\":\"https:\\\/\\\/schema.org\",\"@graph\":[{\"@type\":\"WebPage\",\"@id\":\"https:\\\/\\\/www.sportcoachplus.org\\\/da\\\/download-haandbog\\\/\",\"url\":\"https:\\\/\\\/www.sportcoachplus.org\\\/da\\\/download-haandbog\\\/\",\"name\":\"Download h\u00e5ndbog - Sport Coach+\",\"isPartOf\":{\"@id\":\"https:\\\/\\\/www.sportcoachplus.org\\\/da\\\/#website\"},\"datePublished\":\"2024-10-21T11:05:26+00:00\",\"dateModified\":\"2025-01-15T07:55:42+00:00\",\"breadcrumb\":{\"@id\":\"https:\\\/\\\/www.sportcoachplus.org\\\/da\\\/download-haandbog\\\/#breadcrumb\"},\"inLanguage\":\"da-DK\",\"potentialAction\":[{\"@type\":\"ReadAction\",\"target\":[\"https:\\\/\\\/www.sportcoachplus.org\\\/da\\\/download-haandbog\\\/\"]}]},{\"@type\":\"BreadcrumbList\",\"@id\":\"https:\\\/\\\/www.sportcoachplus.org\\\/da\\\/download-haandbog\\\/#breadcrumb\",\"itemListElement\":[{\"@type\":\"ListItem\",\"position\":1,\"name\":\"Home\",\"item\":\"https:\\\/\\\/www.sportcoachplus.org\\\/da\\\/hjem\\\/\"},{\"@type\":\"ListItem\",\"position\":2,\"name\":\"Download h\u00e5ndbog\"}]},{\"@type\":\"WebSite\",\"@id\":\"https:\\\/\\\/www.sportcoachplus.org\\\/da\\\/#website\",\"url\":\"https:\\\/\\\/www.sportcoachplus.org\\\/da\\\/\",\"name\":\"Sport Coach+\",\"description\":\"Safe and supportive sport to promote the mental health of young people affected by displacement\",\"publisher\":{\"@id\":\"https:\\\/\\\/www.sportcoachplus.org\\\/da\\\/#organization\"},\"potentialAction\":[{\"@type\":\"SearchAction\",\"target\":{\"@type\":\"EntryPoint\",\"urlTemplate\":\"https:\\\/\\\/www.sportcoachplus.org\\\/da\\\/?s={search_term_string}\"},\"query-input\":{\"@type\":\"PropertyValueSpecification\",\"valueRequired\":true,\"valueName\":\"search_term_string\"}}],\"inLanguage\":\"da-DK\"},{\"@type\":\"Organization\",\"@id\":\"https:\\\/\\\/www.sportcoachplus.org\\\/da\\\/#organization\",\"name\":\"Sport Coach+\",\"url\":\"https:\\\/\\\/www.sportcoachplus.org\\\/da\\\/\",\"logo\":{\"@type\":\"ImageObject\",\"inLanguage\":\"da-DK\",\"@id\":\"https:\\\/\\\/www.sportcoachplus.org\\\/da\\\/#\\\/schema\\\/logo\\\/image\\\/\",\"url\":\"https:\\\/\\\/www.sportcoachplus.org\\\/wp-content\\\/uploads\\\/2024\\\/05\\\/SportCoach-logo.svg\",\"contentUrl\":\"https:\\\/\\\/www.sportcoachplus.org\\\/wp-content\\\/uploads\\\/2024\\\/05\\\/SportCoach-logo.svg\",\"width\":488,\"height\":194,\"caption\":\"Sport Coach+\"},\"image\":{\"@id\":\"https:\\\/\\\/www.sportcoachplus.org\\\/da\\\/#\\\/schema\\\/logo\\\/image\\\/\"}}]}<\/script>\n<!-- \/ Yoast SEO plugin. -->","yoast_head_json":{"title":"Download h\u00e5ndbog - Sport Coach+","robots":{"index":"index","follow":"follow","max-snippet":"max-snippet:-1","max-image-preview":"max-image-preview:large","max-video-preview":"max-video-preview:-1"},"canonical":"https:\/\/www.sportcoachplus.org\/da\/download-haandbog\/","og_locale":"da_DK","og_type":"article","og_title":"Download h\u00e5ndbog - Sport Coach+","og_description":"[...]L\u00e6s mere... from Download h\u00e5ndbog","og_url":"https:\/\/www.sportcoachplus.org\/da\/download-haandbog\/","og_site_name":"Sport Coach+","article_modified_time":"2025-01-15T07:55:42+00:00","twitter_card":"summary_large_image","schema":{"@context":"https:\/\/schema.org","@graph":[{"@type":"WebPage","@id":"https:\/\/www.sportcoachplus.org\/da\/download-haandbog\/","url":"https:\/\/www.sportcoachplus.org\/da\/download-haandbog\/","name":"Download h\u00e5ndbog - Sport Coach+","isPartOf":{"@id":"https:\/\/www.sportcoachplus.org\/da\/#website"},"datePublished":"2024-10-21T11:05:26+00:00","dateModified":"2025-01-15T07:55:42+00:00","breadcrumb":{"@id":"https:\/\/www.sportcoachplus.org\/da\/download-haandbog\/#breadcrumb"},"inLanguage":"da-DK","potentialAction":[{"@type":"ReadAction","target":["https:\/\/www.sportcoachplus.org\/da\/download-haandbog\/"]}]},{"@type":"BreadcrumbList","@id":"https:\/\/www.sportcoachplus.org\/da\/download-haandbog\/#breadcrumb","itemListElement":[{"@type":"ListItem","position":1,"name":"Home","item":"https:\/\/www.sportcoachplus.org\/da\/hjem\/"},{"@type":"ListItem","position":2,"name":"Download h\u00e5ndbog"}]},{"@type":"WebSite","@id":"https:\/\/www.sportcoachplus.org\/da\/#website","url":"https:\/\/www.sportcoachplus.org\/da\/","name":"Sport Coach+","description":"Safe and supportive sport to promote the mental health of young people affected by displacement","publisher":{"@id":"https:\/\/www.sportcoachplus.org\/da\/#organization"},"potentialAction":[{"@type":"SearchAction","target":{"@type":"EntryPoint","urlTemplate":"https:\/\/www.sportcoachplus.org\/da\/?s={search_term_string}"},"query-input":{"@type":"PropertyValueSpecification","valueRequired":true,"valueName":"search_term_string"}}],"inLanguage":"da-DK"},{"@type":"Organization","@id":"https:\/\/www.sportcoachplus.org\/da\/#organization","name":"Sport Coach+","url":"https:\/\/www.sportcoachplus.org\/da\/","logo":{"@type":"ImageObject","inLanguage":"da-DK","@id":"https:\/\/www.sportcoachplus.org\/da\/#\/schema\/logo\/image\/","url":"https:\/\/www.sportcoachplus.org\/wp-content\/uploads\/2024\/05\/SportCoach-logo.svg","contentUrl":"https:\/\/www.sportcoachplus.org\/wp-content\/uploads\/2024\/05\/SportCoach-logo.svg","width":488,"height":194,"caption":"Sport Coach+"},"image":{"@id":"https:\/\/www.sportcoachplus.org\/da\/#\/schema\/logo\/image\/"}}]}},"_links":{"self":[{"href":"https:\/\/www.sportcoachplus.org\/da\/wp-json\/wp\/v2\/pages\/6117","targetHints":{"allow":["GET"]}}],"collection":[{"href":"https:\/\/www.sportcoachplus.org\/da\/wp-json\/wp\/v2\/pages"}],"about":[{"href":"https:\/\/www.sportcoachplus.org\/da\/wp-json\/wp\/v2\/types\/page"}],"author":[{"embeddable":true,"href":"https:\/\/www.sportcoachplus.org\/da\/wp-json\/wp\/v2\/users\/8"}],"replies":[{"embeddable":true,"href":"https:\/\/www.sportcoachplus.org\/da\/wp-json\/wp\/v2\/comments?post=6117"}],"version-history":[{"count":1,"href":"https:\/\/www.sportcoachplus.org\/da\/wp-json\/wp\/v2\/pages\/6117\/revisions"}],"predecessor-version":[{"id":6118,"href":"https:\/\/www.sportcoachplus.org\/da\/wp-json\/wp\/v2\/pages\/6117\/revisions\/6118"}],"wp:attachment":[{"href":"https:\/\/www.sportcoachplus.org\/da\/wp-json\/wp\/v2\/media?parent=6117"}],"curies":[{"name":"wp","href":"https:\/\/api.w.org\/{rel}","templated":true}]}}