{"id":6028,"date":"2024-05-06T12:14:27","date_gmt":"2024-05-06T10:14:27","guid":{"rendered":"https:\/\/www.sportcoachplus.org\/hvad-er-sport-coach\/"},"modified":"2025-08-04T12:40:04","modified_gmt":"2025-08-04T10:40:04","slug":"hvad-er-sport-coach","status":"publish","type":"page","link":"https:\/\/www.sportcoachplus.org\/da\/hvad-er-sport-coach\/","title":{"rendered":"Hvad er Sport Coach+?"},"content":{"rendered":"\n<section id=\"the-potential-of-safe-and-supportive-sport\" class=\"wp-block-group\"><div class=\"wp-block-group__inner-container is-layout-constrained wp-block-group-is-layout-constrained\">\n<h2 class=\"wp-block-heading\">Hvorfor Sport Coach+ fokuserer p\u00e5 fordrivelse og anden modgang<\/h2>\n\n\n\n<div class=\"wp-block-columns is-layout-flex wp-container-core-columns-is-layout-9d6595d7 wp-block-columns-is-layout-flex\">\n<div class=\"wp-block-column is-layout-flow wp-block-column-is-layout-flow\">\n<figure class=\"wp-block-image size-full is-style-default wow fadeInSlideRight\"><img loading=\"lazy\" decoding=\"async\" width=\"1024\" height=\"683\" src=\"https:\/\/www.sportcoachplus.org\/wp-content\/uploads\/2024\/05\/KYCSiSW-image.jpg\" alt=\"\" class=\"wp-image-35\" srcset=\"https:\/\/www.sportcoachplus.org\/wp-content\/uploads\/2024\/05\/KYCSiSW-image.jpg 1024w, https:\/\/www.sportcoachplus.org\/wp-content\/uploads\/2024\/05\/KYCSiSW-image-300x200.jpg 300w, https:\/\/www.sportcoachplus.org\/wp-content\/uploads\/2024\/05\/KYCSiSW-image-768x512.jpg 768w\" sizes=\"auto, (max-width: 1024px) 100vw, 1024px\" \/><\/figure>\n<\/div>\n\n\n\n<div class=\"wp-block-column is-layout-flow wp-block-column-is-layout-flow\">\n<p class=\"wow fadeInSlideUp\">Tvungen fordrivelse p\u00e5 grund af krig, forf\u00f8lgelse, vold og menneskerettighedskr\u00e6nkelser ber\u00f8rer i \u00f8jeblikket over 120 millioner mennesker p\u00e5 verdensplan<a href=\"https:\/\/www.unhcr.org\/global-trends\">(Global Trends UNHCR<\/a>). Det ansl\u00e5s, at 40 % af dem er unge under 18 \u00e5r, som er blevet fordrevet fra deres hjem, lokalsamfund, venner og levevis og v\u00e6k fra f\u00f8lelsen af sikkerhed og tilh\u00f8rsforhold. Alvorlige belastninger tidligt i livet, som f.eks. fordrivelse og anden modgang, kan p\u00e5virke unges fysiske, mentale og f\u00f8lelsesm\u00e6ssige velbefindende p\u00e5 et tidspunkt, hvor deres hjerner og kroppe udvikler sig p\u00e5 vigtige m\u00e5der.  <\/p>\n\n\n\n<p class=\"wow fadeInSlideUp\">Sportstr\u00e6nere er i en unik position til at engagere unge mennesker, der er ber\u00f8rt af fordrivelse, p\u00e5 traumeinformerede og helbredende m\u00e5der og til at v\u00e6re positive mentorer i deres liv. Sikker og st\u00f8ttende sport kan hj\u00e6lpe unge mennesker med at overvinde de negative virkninger af fordrivelse og anden modgang og st\u00f8tte deres evne til at l\u00e6re, vokse, danne sunde relationer og f\u00e5 f\u00e6rdigheder til effektivt at navigere i livets udfordringer i fremtiden. <\/p>\n<\/div>\n<\/div>\n<\/div><\/section>\n\n<section id=\"sport-coach-partners\" class=\"wp-block-group my-5\"><div class=\"wp-block-group__inner-container is-layout-constrained wp-block-group-is-layout-constrained\">\n<h2 class=\"wp-block-heading\">Sport Coach+ partnere<\/h2>\n\n\n\n<p>Sport Coach+ er resultatet af et partnerskab mellem Olympic Refuge Foundation (ORF) og R\u00f8de Kors og R\u00f8de Halvm\u00e5ne-bev\u00e6gelsens MHPSS Hub (MHPSS Hub).<\/p>\n\n\n\n<div class=\"wp-block-columns alignwide is-layout-flex wp-container-core-columns-is-layout-9d6595d7 wp-block-columns-is-layout-flex\">\n<div class=\"wp-block-column is-vertically-aligned-top is-layout-flow wp-block-column-is-layout-flow\">\n<article id=\"IFRC-Psychosocial-Centre\" class=\"wp-block-group box wow fadeInSlideUp has-background is-vertical is-layout-flex wp-container-core-group-is-layout-b7faace9 wp-block-group-is-layout-flex\" style=\"background-color:#dee2e6\">\n<figure class=\"wp-block-image size-medium is-resized is-style-default wp-container-content-9cfa9a5a\"><img loading=\"lazy\" decoding=\"async\" width=\"300\" height=\"82\" src=\"https:\/\/www.sportcoachplus.org\/wp-content\/uploads\/2025\/02\/mhpss_movement_hub_logo-300x82.png\" alt=\"\" class=\"wp-image-6190\" style=\"width:162px;height:auto\" title=\"IFRC's psykosociale center\" srcset=\"https:\/\/www.sportcoachplus.org\/wp-content\/uploads\/2025\/02\/mhpss_movement_hub_logo-300x82.png 300w, https:\/\/www.sportcoachplus.org\/wp-content\/uploads\/2025\/02\/mhpss_movement_hub_logo-768x210.png 768w, https:\/\/www.sportcoachplus.org\/wp-content\/uploads\/2025\/02\/mhpss_movement_hub_logo.png 955w\" sizes=\"auto, (max-width: 300px) 100vw, 300px\" \/><\/figure>\n\n\n\n<h3 class=\"wp-block-heading h4\">R\u00f8de Kors og R\u00f8de Halvm\u00e5ne-bev\u00e6gelsen MHPSS Hub<\/h3>\n\n\n\n<p>R\u00f8de Kors&#8217; MHPSS Hub (MHPSS Hub) bidrager med viden og yder service til R\u00f8de Kors&#8217; R\u00f8de Halvm\u00e5ne-bev\u00e6gelse.<\/p>\n\n\n\n<p>Det hj\u00e6lper med at fremme mental sundhed og psykosocial st\u00f8tte, fremmer psykosocial trivsel for ber\u00f8rte grupper, medarbejdere og frivillige og \u00f8ger bevidstheden om psykologiske reaktioner i tider med krise eller sociale forstyrrelser.<\/p>\n\n\n\n<div class=\"wp-block-buttons mt-3 is-layout-flex wp-block-buttons-is-layout-flex\">\n<div class=\"wp-block-button\"><a class=\"wp-block-button__link wp-element-button\" href=\"https:\/\/mhpsshub.org\/\" target=\"_blank\" rel=\"noreferrer noopener\">Bes\u00f8g hjemmesiden<\/a><\/div>\n<\/div>\n<\/article>\n<\/div>\n\n\n\n<div class=\"wp-block-column is-layout-flow wp-block-column-is-layout-flow\">\n<article id=\"Olympic-Refuge-Foundation\" class=\"wp-block-group box wow fadeInSlideUp animate__delay-1s animate__delay-quarter has-background is-vertical is-layout-flex wp-container-core-group-is-layout-b7faace9 wp-block-group-is-layout-flex\" style=\"background-color:#dee2e6\">\n<figure class=\"wp-block-image size-medium is-resized blend-multiply\"><img loading=\"lazy\" decoding=\"async\" width=\"300\" height=\"300\" src=\"https:\/\/www.sportcoachplus.org\/wp-content\/uploads\/2024\/05\/olympic_refuge_foundation-logo-300x300.png\" alt=\"Olympic Refuge Foundation\" class=\"wp-image-39\" style=\"object-fit:cover;width:85px;height:85px\" title=\"Olympic Refuge Foundation\" srcset=\"https:\/\/www.sportcoachplus.org\/wp-content\/uploads\/2024\/05\/olympic_refuge_foundation-logo-300x300.png 300w, https:\/\/www.sportcoachplus.org\/wp-content\/uploads\/2024\/05\/olympic_refuge_foundation-logo-150x150.png 150w, https:\/\/www.sportcoachplus.org\/wp-content\/uploads\/2024\/05\/olympic_refuge_foundation-logo.png 630w\" sizes=\"auto, (max-width: 300px) 100vw, 300px\" \/><\/figure>\n\n\n\n<h3 class=\"wp-block-heading h4\">Olympic Refuge Foundation<\/h3>\n\n\n\n<p>Olympic Refuge Foundation (ORF) er en ikke-statslig organisation, der blev grundlagt i 2017 af <a href=\"https:\/\/olympics.com\/ioc\" data-type=\"link\" data-id=\"https:\/\/olympics.com\/ioc\" target=\"_blank\" rel=\"noreferrer noopener\">Den Internationale Olympiske Komit\u00e9<\/a>. <a href=\"https:\/\/www.youtube.com\/watch?v=qtKk_LH2HVw\" target=\"_blank\" rel=\"noreferrer noopener\">ORF<\/a> tror p\u00e5 et samfund, hvor alle h\u00f8rer til, gennem sport, og arbejder p\u00e5 at skabe en bev\u00e6gelse, der sikrer, at unge mennesker, der er ber\u00f8rt af fordrivelse, trives gennem sport. <\/p>\n\n\n\n<div class=\"wp-block-buttons mt-3 is-layout-flex wp-block-buttons-is-layout-flex\">\n<div class=\"wp-block-button\"><a class=\"wp-block-button__link wp-element-button\" href=\"https:\/\/olympics.com\/en\/olympic-refuge-foundation\/\" target=\"_blank\" rel=\"noreferrer noopener\">Bes\u00f8g hjemmesiden<\/a><\/div>\n<\/div>\n<\/article>\n<\/div>\n<\/div>\n\n\n\n<div style=\"height:100px\" aria-hidden=\"true\" class=\"wp-block-spacer\"><\/div>\n\n\n\n<h3 class=\"wp-block-heading\"><span style=\"text-decoration: underline;\">Skrivende team<\/span><\/h3>\n\n\n\n<p>Leslie Snider (Olympic Refuge Foundation, Think Tank), Melanie Powell (MHPSS Hub) og Megan Bartlett (Center for Healing and Justice through Sport (CHJS)).<\/p>\n\n\n\n<h3 class=\"wp-block-heading\"><span style=\"text-decoration: underline;\">Redaktionelt team<\/span><\/h3>\n\n\n\n<p>Anna Tarsetti, Pia Tingsted Blum og Wendy Ager (MHPSS Hub); Jeroen Carrin, Sabine Hazboun, Andi Jacobs og Kathleen Latimer (ORF).<\/p>\n\n\n\n<h3 class=\"wp-block-heading\"><span style=\"text-decoration: underline;\">Anmeldere og bidragydere<\/span><\/h3>\n\n\n\n<p>Teamet er hele tiden blevet st\u00f8ttet af en teknisk referencegruppe best\u00e5ende af medlemmer af Olympic Refuge Foundations t\u00e6nketank, R\u00f8de Kors&#8217; og R\u00f8de Halvm\u00e5nes MHPSS Hub, Olympic Refuge Foundations implementeringspartnere og samarbejdspartnere.<\/p>\n\n\n\n<h4 class=\"wp-block-heading h6\">Fra t\u00e6nketanken Olympic Refuge Foundation:<\/h4>\n\n\n\n<p>Alastair Ager, Ajwang Warria, Simon Rosenbaum, Sabrina Hermosilla, Davy Vancampfort, Holly Collison-Randall, Anna Farello, Maria Bray, Jadranka Stikovac-Clark og Grace Gatera.  <\/p>\n\n\n\n<h4 class=\"wp-block-heading h6\">Fra MHPSS Hub:<\/h4>\n\n\n\n<p>Sarah Harrison.<\/p>\n\n\n\n<h4 class=\"wp-block-heading h6\">Fra vores f\u00e6llesskab af tr\u00e6nere og ekspertpartnere:<\/h4>\n\n\n\n<p>Anne M\u00e9aux (Play International), Simon\u00e9 Etna (Kabubu), Julia Lambrecht og Lea Hinnen (Scort Foundation), Cristina Vasilianov og Zalina Marghieva (Moldovas nationale olympiske komit\u00e9), Dorota Bandurska (Instytut Sportu &#8211; PiB), Iulia Durlestean (Moldovas squashforbund), Scott Sloan og Tine Vertommen (Den Internationale Olympiske Komit\u00e9), Sven Spannekrebs (Yusra Mardini Foundation).<\/p>\n<\/div><\/section>\n\n<section id=\"gallery\" class=\"my-5\">\n\n\t<header class=\"d-flex justify-content-between align-items-center mb-3\">\n\t\t<h2 class=\"section-title fs-1\">Galleri<\/h2>\n\t\t<a href=\"https:\/\/www.sportcoachplus.org\/da\/gallery\/\" class=\"btn btn-secondary wow animate__zoomIn\"\n\t\t\tdata-wow-delay=\"0.5s\">Se alle<\/a>\n\t<\/header>\n\n\t<div class=\"gallery-items slider\">\n\n\t\t\n\t<\/div>\n\n<\/section>\n\n","protected":false},"excerpt":{"rendered":"<p>Hvorfor Sport Coach+ fokuserer p\u00e5 fordrivelse og anden modgang Tvungen fordrivelse p\u00e5 grund af krig, forf\u00f8lgelse, vold og menneskerettighedskr\u00e6nkelser ber\u00f8rer i \u00f8jeblikket over 120 millioner mennesker p\u00e5 verdensplan(Global Trends UNHCR). Det ansl\u00e5s, at 40 % af dem er unge under 18 \u00e5r, som er blevet fordrevet fra deres hjem, lokalsamfund, venner og levevis og v\u00e6k [&#8230;]<\/p>\n<p><a class=\"btn btn-secondary understrap-read-more-link\" href=\"https:\/\/www.sportcoachplus.org\/da\/hvad-er-sport-coach\/\">L\u00e6s mere&#8230;<span class=\"screen-reader-text\"> from Hvad er Sport Coach+?<\/span><\/a><\/p>\n","protected":false},"author":8,"featured_media":0,"parent":0,"menu_order":0,"comment_status":"closed","ping_status":"closed","template":"page-templates\/no-title.php","meta":{"_acf_changed":false,"inline_featured_image":false,"_monsterinsights_skip_tracking":false,"_monsterinsights_sitenote_active":false,"_monsterinsights_sitenote_note":"","_monsterinsights_sitenote_category":0,"footnotes":""},"class_list":["post-6028","page","type-page","status-publish","hentry"],"acf":[],"yoast_head":"<!-- This site is optimized with the Yoast SEO plugin v27.5 - https:\/\/yoast.com\/product\/yoast-seo-wordpress\/ -->\n<title>Hvad er Sport Coach+? - Sport Coach+<\/title>\n<meta name=\"robots\" content=\"index, follow, max-snippet:-1, max-image-preview:large, max-video-preview:-1\" \/>\n<link rel=\"canonical\" href=\"https:\/\/www.sportcoachplus.org\/da\/hvad-er-sport-coach\/\" \/>\n<meta property=\"og:locale\" content=\"da_DK\" \/>\n<meta property=\"og:type\" content=\"article\" \/>\n<meta property=\"og:title\" content=\"Hvad er Sport Coach+? - Sport Coach+\" \/>\n<meta property=\"og:description\" content=\"Hvorfor Sport Coach+ fokuserer p\u00e5 fordrivelse og anden modgang Tvungen fordrivelse p\u00e5 grund af krig, forf\u00f8lgelse, vold og menneskerettighedskr\u00e6nkelser ber\u00f8rer i \u00f8jeblikket over 120 millioner mennesker p\u00e5 verdensplan(Global Trends UNHCR). Det ansl\u00e5s, at 40 % af dem er unge under 18 \u00e5r, som er blevet fordrevet fra deres hjem, lokalsamfund, venner og levevis og v\u00e6k [...]L\u00e6s mere... from Hvad er Sport Coach+?\" \/>\n<meta property=\"og:url\" content=\"https:\/\/www.sportcoachplus.org\/da\/hvad-er-sport-coach\/\" \/>\n<meta property=\"og:site_name\" content=\"Sport Coach+\" \/>\n<meta property=\"article:modified_time\" content=\"2025-08-04T10:40:04+00:00\" \/>\n<meta property=\"og:image\" content=\"https:\/\/www.sportcoachplus.org\/wp-content\/uploads\/2024\/09\/tinywow_day_2-0228_65289243-300x200.webp\" \/>\n<meta name=\"twitter:card\" content=\"summary_large_image\" \/>\n<meta name=\"twitter:label1\" content=\"Estimeret l\u00e6setid\" \/>\n\t<meta name=\"twitter:data1\" content=\"3 minutter\" \/>\n<script type=\"application\/ld+json\" class=\"yoast-schema-graph\">{\"@context\":\"https:\\\/\\\/schema.org\",\"@graph\":[{\"@type\":\"WebPage\",\"@id\":\"https:\\\/\\\/www.sportcoachplus.org\\\/da\\\/hvad-er-sport-coach\\\/\",\"url\":\"https:\\\/\\\/www.sportcoachplus.org\\\/da\\\/hvad-er-sport-coach\\\/\",\"name\":\"Hvad er Sport Coach+? - Sport Coach+\",\"isPartOf\":{\"@id\":\"https:\\\/\\\/www.sportcoachplus.org\\\/da\\\/#website\"},\"primaryImageOfPage\":{\"@id\":\"https:\\\/\\\/www.sportcoachplus.org\\\/da\\\/hvad-er-sport-coach\\\/#primaryimage\"},\"image\":{\"@id\":\"https:\\\/\\\/www.sportcoachplus.org\\\/da\\\/hvad-er-sport-coach\\\/#primaryimage\"},\"thumbnailUrl\":\"https:\\\/\\\/www.sportcoachplus.org\\\/wp-content\\\/uploads\\\/2024\\\/05\\\/KYCSiSW-image.jpg\",\"datePublished\":\"2024-05-06T10:14:27+00:00\",\"dateModified\":\"2025-08-04T10:40:04+00:00\",\"breadcrumb\":{\"@id\":\"https:\\\/\\\/www.sportcoachplus.org\\\/da\\\/hvad-er-sport-coach\\\/#breadcrumb\"},\"inLanguage\":\"da-DK\",\"potentialAction\":[{\"@type\":\"ReadAction\",\"target\":[\"https:\\\/\\\/www.sportcoachplus.org\\\/da\\\/hvad-er-sport-coach\\\/\"]}]},{\"@type\":\"ImageObject\",\"inLanguage\":\"da-DK\",\"@id\":\"https:\\\/\\\/www.sportcoachplus.org\\\/da\\\/hvad-er-sport-coach\\\/#primaryimage\",\"url\":\"https:\\\/\\\/www.sportcoachplus.org\\\/wp-content\\\/uploads\\\/2024\\\/05\\\/KYCSiSW-image.jpg\",\"contentUrl\":\"https:\\\/\\\/www.sportcoachplus.org\\\/wp-content\\\/uploads\\\/2024\\\/05\\\/KYCSiSW-image.jpg\"},{\"@type\":\"BreadcrumbList\",\"@id\":\"https:\\\/\\\/www.sportcoachplus.org\\\/da\\\/hvad-er-sport-coach\\\/#breadcrumb\",\"itemListElement\":[{\"@type\":\"ListItem\",\"position\":1,\"name\":\"Home\",\"item\":\"https:\\\/\\\/www.sportcoachplus.org\\\/da\\\/hjem\\\/\"},{\"@type\":\"ListItem\",\"position\":2,\"name\":\"Hvad er Sport Coach+?\"}]},{\"@type\":\"WebSite\",\"@id\":\"https:\\\/\\\/www.sportcoachplus.org\\\/da\\\/#website\",\"url\":\"https:\\\/\\\/www.sportcoachplus.org\\\/da\\\/\",\"name\":\"Sport Coach+\",\"description\":\"Safe and supportive sport to promote the mental health of young people affected by displacement\",\"publisher\":{\"@id\":\"https:\\\/\\\/www.sportcoachplus.org\\\/da\\\/#organization\"},\"potentialAction\":[{\"@type\":\"SearchAction\",\"target\":{\"@type\":\"EntryPoint\",\"urlTemplate\":\"https:\\\/\\\/www.sportcoachplus.org\\\/da\\\/?s={search_term_string}\"},\"query-input\":{\"@type\":\"PropertyValueSpecification\",\"valueRequired\":true,\"valueName\":\"search_term_string\"}}],\"inLanguage\":\"da-DK\"},{\"@type\":\"Organization\",\"@id\":\"https:\\\/\\\/www.sportcoachplus.org\\\/da\\\/#organization\",\"name\":\"Sport Coach+\",\"url\":\"https:\\\/\\\/www.sportcoachplus.org\\\/da\\\/\",\"logo\":{\"@type\":\"ImageObject\",\"inLanguage\":\"da-DK\",\"@id\":\"https:\\\/\\\/www.sportcoachplus.org\\\/da\\\/#\\\/schema\\\/logo\\\/image\\\/\",\"url\":\"https:\\\/\\\/www.sportcoachplus.org\\\/wp-content\\\/uploads\\\/2024\\\/05\\\/SportCoach-logo.svg\",\"contentUrl\":\"https:\\\/\\\/www.sportcoachplus.org\\\/wp-content\\\/uploads\\\/2024\\\/05\\\/SportCoach-logo.svg\",\"width\":488,\"height\":194,\"caption\":\"Sport Coach+\"},\"image\":{\"@id\":\"https:\\\/\\\/www.sportcoachplus.org\\\/da\\\/#\\\/schema\\\/logo\\\/image\\\/\"}}]}<\/script>\n<!-- \/ Yoast SEO plugin. -->","yoast_head_json":{"title":"Hvad er Sport Coach+? - Sport Coach+","robots":{"index":"index","follow":"follow","max-snippet":"max-snippet:-1","max-image-preview":"max-image-preview:large","max-video-preview":"max-video-preview:-1"},"canonical":"https:\/\/www.sportcoachplus.org\/da\/hvad-er-sport-coach\/","og_locale":"da_DK","og_type":"article","og_title":"Hvad er Sport Coach+? - Sport Coach+","og_description":"Hvorfor Sport Coach+ fokuserer p\u00e5 fordrivelse og anden modgang Tvungen fordrivelse p\u00e5 grund af krig, forf\u00f8lgelse, vold og menneskerettighedskr\u00e6nkelser ber\u00f8rer i \u00f8jeblikket over 120 millioner mennesker p\u00e5 verdensplan(Global Trends UNHCR). Det ansl\u00e5s, at 40 % af dem er unge under 18 \u00e5r, som er blevet fordrevet fra deres hjem, lokalsamfund, venner og levevis og v\u00e6k [...]L\u00e6s mere... from Hvad er Sport Coach+?","og_url":"https:\/\/www.sportcoachplus.org\/da\/hvad-er-sport-coach\/","og_site_name":"Sport Coach+","article_modified_time":"2025-08-04T10:40:04+00:00","og_image":[{"url":"https:\/\/www.sportcoachplus.org\/wp-content\/uploads\/2024\/09\/tinywow_day_2-0228_65289243-300x200.webp","type":"","width":"","height":""}],"twitter_card":"summary_large_image","twitter_misc":{"Estimeret l\u00e6setid":"3 minutter"},"schema":{"@context":"https:\/\/schema.org","@graph":[{"@type":"WebPage","@id":"https:\/\/www.sportcoachplus.org\/da\/hvad-er-sport-coach\/","url":"https:\/\/www.sportcoachplus.org\/da\/hvad-er-sport-coach\/","name":"Hvad er Sport Coach+? - Sport Coach+","isPartOf":{"@id":"https:\/\/www.sportcoachplus.org\/da\/#website"},"primaryImageOfPage":{"@id":"https:\/\/www.sportcoachplus.org\/da\/hvad-er-sport-coach\/#primaryimage"},"image":{"@id":"https:\/\/www.sportcoachplus.org\/da\/hvad-er-sport-coach\/#primaryimage"},"thumbnailUrl":"https:\/\/www.sportcoachplus.org\/wp-content\/uploads\/2024\/05\/KYCSiSW-image.jpg","datePublished":"2024-05-06T10:14:27+00:00","dateModified":"2025-08-04T10:40:04+00:00","breadcrumb":{"@id":"https:\/\/www.sportcoachplus.org\/da\/hvad-er-sport-coach\/#breadcrumb"},"inLanguage":"da-DK","potentialAction":[{"@type":"ReadAction","target":["https:\/\/www.sportcoachplus.org\/da\/hvad-er-sport-coach\/"]}]},{"@type":"ImageObject","inLanguage":"da-DK","@id":"https:\/\/www.sportcoachplus.org\/da\/hvad-er-sport-coach\/#primaryimage","url":"https:\/\/www.sportcoachplus.org\/wp-content\/uploads\/2024\/05\/KYCSiSW-image.jpg","contentUrl":"https:\/\/www.sportcoachplus.org\/wp-content\/uploads\/2024\/05\/KYCSiSW-image.jpg"},{"@type":"BreadcrumbList","@id":"https:\/\/www.sportcoachplus.org\/da\/hvad-er-sport-coach\/#breadcrumb","itemListElement":[{"@type":"ListItem","position":1,"name":"Home","item":"https:\/\/www.sportcoachplus.org\/da\/hjem\/"},{"@type":"ListItem","position":2,"name":"Hvad er Sport Coach+?"}]},{"@type":"WebSite","@id":"https:\/\/www.sportcoachplus.org\/da\/#website","url":"https:\/\/www.sportcoachplus.org\/da\/","name":"Sport Coach+","description":"Safe and supportive sport to promote the mental health of young people affected by displacement","publisher":{"@id":"https:\/\/www.sportcoachplus.org\/da\/#organization"},"potentialAction":[{"@type":"SearchAction","target":{"@type":"EntryPoint","urlTemplate":"https:\/\/www.sportcoachplus.org\/da\/?s={search_term_string}"},"query-input":{"@type":"PropertyValueSpecification","valueRequired":true,"valueName":"search_term_string"}}],"inLanguage":"da-DK"},{"@type":"Organization","@id":"https:\/\/www.sportcoachplus.org\/da\/#organization","name":"Sport Coach+","url":"https:\/\/www.sportcoachplus.org\/da\/","logo":{"@type":"ImageObject","inLanguage":"da-DK","@id":"https:\/\/www.sportcoachplus.org\/da\/#\/schema\/logo\/image\/","url":"https:\/\/www.sportcoachplus.org\/wp-content\/uploads\/2024\/05\/SportCoach-logo.svg","contentUrl":"https:\/\/www.sportcoachplus.org\/wp-content\/uploads\/2024\/05\/SportCoach-logo.svg","width":488,"height":194,"caption":"Sport Coach+"},"image":{"@id":"https:\/\/www.sportcoachplus.org\/da\/#\/schema\/logo\/image\/"}}]}},"_links":{"self":[{"href":"https:\/\/www.sportcoachplus.org\/da\/wp-json\/wp\/v2\/pages\/6028","targetHints":{"allow":["GET"]}}],"collection":[{"href":"https:\/\/www.sportcoachplus.org\/da\/wp-json\/wp\/v2\/pages"}],"about":[{"href":"https:\/\/www.sportcoachplus.org\/da\/wp-json\/wp\/v2\/types\/page"}],"author":[{"embeddable":true,"href":"https:\/\/www.sportcoachplus.org\/da\/wp-json\/wp\/v2\/users\/8"}],"replies":[{"embeddable":true,"href":"https:\/\/www.sportcoachplus.org\/da\/wp-json\/wp\/v2\/comments?post=6028"}],"version-history":[{"count":3,"href":"https:\/\/www.sportcoachplus.org\/da\/wp-json\/wp\/v2\/pages\/6028\/revisions"}],"predecessor-version":[{"id":6335,"href":"https:\/\/www.sportcoachplus.org\/da\/wp-json\/wp\/v2\/pages\/6028\/revisions\/6335"}],"wp:attachment":[{"href":"https:\/\/www.sportcoachplus.org\/da\/wp-json\/wp\/v2\/media?parent=6028"}],"curies":[{"name":"wp","href":"https:\/\/api.w.org\/{rel}","templated":true}]}}