{"id":6022,"date":"2024-05-02T10:24:37","date_gmt":"2024-05-02T08:24:37","guid":{"rendered":"https:\/\/www.sportcoachplus.org\/hjem\/"},"modified":"2025-01-15T08:54:43","modified_gmt":"2025-01-15T07:54:43","slug":"hjem","status":"publish","type":"page","link":"https:\/\/www.sportcoachplus.org\/da\/","title":{"rendered":"Hjem"},"content":{"rendered":"\n<section id=\"who-is-this-program-for\" class=\"wp-block-group mb-5\"><div class=\"wp-block-group__inner-container is-layout-constrained wp-block-group-is-layout-constrained\">\n<h2 class=\"wp-block-heading\">Hvem er Sport Coach+ til?<\/h2>\n\n\n\n<div class=\"wp-block-columns is-layout-flex wp-container-core-columns-is-layout-9d6595d7 wp-block-columns-is-layout-flex\">\n<div class=\"wp-block-column is-layout-flow wp-block-column-is-layout-flow\" style=\"flex-basis:50%\">\n<div class=\"wp-block-group box has-background\" style=\"background-color:#e9ecef\"><div class=\"wp-block-group__inner-container is-layout-constrained wp-block-group-is-layout-constrained\">\n<h3 class=\"wp-block-heading\">Er du sportstr\u00e6ner?<\/h3>\n\n\n\n<ul class=\"wp-block-list\">\n<li>Udforsk <a href=\"https:\/\/www.sportcoachplus.org\/handbook\/\" data-type=\"page\" data-id=\"188\">h\u00e5ndbogen<\/a> for at styrke dine sessioner.<\/li>\n\n\n\n<li>Gennemse vores side med \u00e5ben adgang til <a href=\"https:\/\/www.sportcoachplus.org\/resources\/\" data-type=\"page\" data-id=\"419\">ressourcer.<\/a> <\/li>\n\n\n\n<li>Gem kerneindholdet i Sport Coach+, og brug <a href=\"https:\/\/www.sportcoachplus.org\/bookmarks\/\" data-type=\"page\" data-id=\"667\">bogm\u00e6rker<\/a> til nemt at f\u00e5 adgang til det igen.<\/li>\n<\/ul>\n<\/div><\/div>\n<\/div>\n\n\n\n<div class=\"wp-block-column is-layout-flow wp-block-column-is-layout-flow\" style=\"flex-basis:50%\">\n<div class=\"wp-block-esab-accordion accordion-a3f4fbb7\" data-mode=\"global\"><div class=\"esab__container\">\n<div class=\"wp-block-esab-accordion-child bs__one\"><div class=\"esab__head\" role=\"button\" aria-expanded=\"false\"><div class=\"esab__heading_txt\"><h3 class=\"esab__heading_tag\">Leverer du tr\u00e6ning til sportstr\u00e6nere?<\/h3><\/div><div class=\"esab__icon\"><div class=\"esab__collapse\"><svg version=\"1.1\" id=\"Layer_1\" x=\"0px\" y=\"0px\" viewBox=\"0 0 512 512\"><path d=\"M505.752,123.582c-8.331-8.331-21.839-8.331-30.17,0L256,343.163L36.418,123.582c-8.331-8.331-21.839-8.331-30.17,0 s-8.331,21.839,0,30.17l234.667,234.667c8.331,8.331,21.839,8.331,30.17,0l234.667-234.667 C514.083,145.42,514.083,131.913,505.752,123.582z\"><\/path><\/svg><\/div><div class=\"esab__expand\"><svg version=\"1.1\" id=\"Capa_1\" x=\"0px\" y=\"0px\" viewBox=\"0 0 47.255 47.255\"><path d=\"M46.255,35.941c-0.256,0-0.512-0.098-0.707-0.293l-21.921-21.92l-21.92,21.92c-0.391,0.391-1.023,0.391-1.414,0 c-0.391-0.391-0.391-1.023,0-1.414L22.92,11.607c0.391-0.391,1.023-0.391,1.414,0l22.627,22.627c0.391,0.391,0.391,1.023,0,1.414 C46.767,35.844,46.511,35.941,46.255,35.941z\"><\/path><\/svg><\/div><\/div><\/div><div class=\"esab__body\">\n<ul class=\"wp-block-list\">\n<li>F\u00e5 adgang til Sport Coach+ <a href=\"https:\/\/www.sportcoachplus.org\/resources\/\" data-type=\"page\" data-id=\"419\">f\u00e6rdighedstr\u00e6ning<\/a> for at st\u00f8tte sportstr\u00e6nere.<\/li>\n<\/ul>\n<\/div><\/div>\n\n\n\n<div class=\"wp-block-esab-accordion-child bs__one\"><div class=\"esab__head\" role=\"button\" aria-expanded=\"false\"><div class=\"esab__heading_txt\"><h3 class=\"esab__heading_tag\">Er du koordinator for et sportsprogram?<\/h3><\/div><div class=\"esab__icon\"><div class=\"esab__collapse\"><svg version=\"1.1\" id=\"Layer_1\" x=\"0px\" y=\"0px\" viewBox=\"0 0 512 512\"><path d=\"M505.752,123.582c-8.331-8.331-21.839-8.331-30.17,0L256,343.163L36.418,123.582c-8.331-8.331-21.839-8.331-30.17,0 s-8.331,21.839,0,30.17l234.667,234.667c8.331,8.331,21.839,8.331,30.17,0l234.667-234.667 C514.083,145.42,514.083,131.913,505.752,123.582z\"><\/path><\/svg><\/div><div class=\"esab__expand\"><svg version=\"1.1\" id=\"Capa_1\" x=\"0px\" y=\"0px\" viewBox=\"0 0 47.255 47.255\"><path d=\"M46.255,35.941c-0.256,0-0.512-0.098-0.707-0.293l-21.921-21.92l-21.92,21.92c-0.391,0.391-1.023,0.391-1.414,0 c-0.391-0.391-0.391-1.023,0-1.414L22.92,11.607c0.391-0.391,1.023-0.391,1.414,0l22.627,22.627c0.391,0.391,0.391,1.023,0,1.414 C46.767,35.844,46.511,35.941,46.255,35.941z\"><\/path><\/svg><\/div><\/div><\/div><div class=\"esab__body\">\n<ul class=\"wp-block-list\">\n<li><a href=\"https:\/\/www.sportcoachplus.org\/join\/\" data-type=\"page\" data-id=\"58\">Kontakt os<\/a> for at g\u00f8re en positiv forskel i dit lokalsamfund.  <\/li>\n<\/ul>\n<\/div><\/div>\n\n\n\n<div class=\"wp-block-esab-accordion-child bs__one\"><div class=\"esab__head\" role=\"button\" aria-expanded=\"false\"><div class=\"esab__heading_txt\"><h3 class=\"esab__heading_tag\">Arbejder du med mental sundhed og psykosocial st\u00f8tte til unge mennesker?<\/h3><\/div><div class=\"esab__icon\"><div class=\"esab__collapse\"><svg version=\"1.1\" id=\"Layer_1\" x=\"0px\" y=\"0px\" viewBox=\"0 0 512 512\"><path d=\"M505.752,123.582c-8.331-8.331-21.839-8.331-30.17,0L256,343.163L36.418,123.582c-8.331-8.331-21.839-8.331-30.17,0 s-8.331,21.839,0,30.17l234.667,234.667c8.331,8.331,21.839,8.331,30.17,0l234.667-234.667 C514.083,145.42,514.083,131.913,505.752,123.582z\"><\/path><\/svg><\/div><div class=\"esab__expand\"><svg version=\"1.1\" id=\"Capa_1\" x=\"0px\" y=\"0px\" viewBox=\"0 0 47.255 47.255\"><path d=\"M46.255,35.941c-0.256,0-0.512-0.098-0.707-0.293l-21.921-21.92l-21.92,21.92c-0.391,0.391-1.023,0.391-1.414,0 c-0.391-0.391-0.391-1.023,0-1.414L22.92,11.607c0.391-0.391,1.023-0.391,1.414,0l22.627,22.627c0.391,0.391,0.391,1.023,0,1.414 C46.767,35.844,46.511,35.941,46.255,35.941z\"><\/path><\/svg><\/div><\/div><\/div><div class=\"esab__body\">\n<ul class=\"wp-block-list\">\n<li>L\u00e6s mere om vores <a href=\"https:\/\/www.sportcoachplus.org\/project\/\" data-type=\"page\" data-id=\"34\">initiativ<\/a>.<\/li>\n\n\n\n<li>G\u00e5 p\u00e5 opdagelse i <a href=\"https:\/\/www.sportcoachplus.org\/handbook\/\" data-type=\"page\" data-id=\"188\">h\u00e5ndbogen<\/a> for at f\u00e5 en dybere forst\u00e5else af de udfordringer, som unge mennesker p\u00e5 flugt st\u00e5r over for, og hvordan sport kan hj\u00e6lpe.<\/li>\n<\/ul>\n<\/div><\/div>\n<\/div><\/div>\n<\/div>\n<\/div>\n<\/div><\/section>\n\n<p><\/p>\n","protected":false},"excerpt":{"rendered":"<p>Hvem er Sport Coach+ til? Er du sportstr\u00e6ner? [&#8230;]<\/p>\n<p><a class=\"btn btn-secondary understrap-read-more-link\" href=\"https:\/\/www.sportcoachplus.org\/da\/\">L\u00e6s mere&#8230;<span class=\"screen-reader-text\"> from Hjem<\/span><\/a><\/p>\n","protected":false},"author":8,"featured_media":6023,"parent":0,"menu_order":0,"comment_status":"closed","ping_status":"closed","template":"","meta":{"_acf_changed":false,"inline_featured_image":false,"_monsterinsights_skip_tracking":false,"_monsterinsights_sitenote_active":false,"_monsterinsights_sitenote_note":"","_monsterinsights_sitenote_category":0,"footnotes":""},"class_list":["post-6022","page","type-page","status-publish","has-post-thumbnail","hentry"],"acf":[],"yoast_head":"<!-- This site is optimized with the Yoast SEO plugin v27.4 - https:\/\/yoast.com\/product\/yoast-seo-wordpress\/ -->\n<title>Hjem - Sport Coach+<\/title>\n<meta name=\"robots\" content=\"index, follow, max-snippet:-1, max-image-preview:large, max-video-preview:-1\" \/>\n<link rel=\"canonical\" href=\"https:\/\/www.sportcoachplus.org\/da\/\" \/>\n<meta property=\"og:locale\" content=\"da_DK\" \/>\n<meta property=\"og:type\" content=\"article\" \/>\n<meta property=\"og:title\" content=\"Hjem - Sport Coach+\" \/>\n<meta property=\"og:description\" content=\"Hvem er Sport Coach+ til? Er du sportstr\u00e6ner? [...]L\u00e6s mere... from Hjem\" \/>\n<meta property=\"og:url\" content=\"https:\/\/www.sportcoachplus.org\/da\/\" \/>\n<meta property=\"og:site_name\" content=\"Sport Coach+\" \/>\n<meta property=\"article:modified_time\" content=\"2025-01-15T07:54:43+00:00\" \/>\n<meta property=\"og:image\" content=\"https:\/\/www.sportcoachplus.org\/wp-content\/uploads\/2024\/05\/hero-homepage.jpg\" \/>\n\t<meta property=\"og:image:width\" content=\"2048\" \/>\n\t<meta property=\"og:image:height\" content=\"1366\" \/>\n\t<meta property=\"og:image:type\" content=\"image\/jpeg\" \/>\n<meta name=\"twitter:card\" content=\"summary_large_image\" \/>\n<meta name=\"twitter:label1\" content=\"Estimeret l\u00e6setid\" \/>\n\t<meta name=\"twitter:data1\" content=\"1 minut\" \/>\n<script type=\"application\/ld+json\" class=\"yoast-schema-graph\">{\"@context\":\"https:\\\/\\\/schema.org\",\"@graph\":[{\"@type\":\"WebPage\",\"@id\":\"https:\\\/\\\/www.sportcoachplus.org\\\/da\\\/\",\"url\":\"https:\\\/\\\/www.sportcoachplus.org\\\/da\\\/\",\"name\":\"Hjem - Sport Coach+\",\"isPartOf\":{\"@id\":\"https:\\\/\\\/www.sportcoachplus.org\\\/da\\\/#website\"},\"primaryImageOfPage\":{\"@id\":\"https:\\\/\\\/www.sportcoachplus.org\\\/da\\\/#primaryimage\"},\"image\":{\"@id\":\"https:\\\/\\\/www.sportcoachplus.org\\\/da\\\/#primaryimage\"},\"thumbnailUrl\":\"https:\\\/\\\/www.sportcoachplus.org\\\/wp-content\\\/uploads\\\/2024\\\/05\\\/hero-homepage.jpg\",\"datePublished\":\"2024-05-02T08:24:37+00:00\",\"dateModified\":\"2025-01-15T07:54:43+00:00\",\"breadcrumb\":{\"@id\":\"https:\\\/\\\/www.sportcoachplus.org\\\/da\\\/#breadcrumb\"},\"inLanguage\":\"da-DK\",\"potentialAction\":[{\"@type\":\"ReadAction\",\"target\":[\"https:\\\/\\\/www.sportcoachplus.org\\\/da\\\/\"]}]},{\"@type\":\"ImageObject\",\"inLanguage\":\"da-DK\",\"@id\":\"https:\\\/\\\/www.sportcoachplus.org\\\/da\\\/#primaryimage\",\"url\":\"https:\\\/\\\/www.sportcoachplus.org\\\/wp-content\\\/uploads\\\/2024\\\/05\\\/hero-homepage.jpg\",\"contentUrl\":\"https:\\\/\\\/www.sportcoachplus.org\\\/wp-content\\\/uploads\\\/2024\\\/05\\\/hero-homepage.jpg\",\"width\":2048,\"height\":1366},{\"@type\":\"BreadcrumbList\",\"@id\":\"https:\\\/\\\/www.sportcoachplus.org\\\/da\\\/#breadcrumb\",\"itemListElement\":[{\"@type\":\"ListItem\",\"position\":1,\"name\":\"Home\",\"item\":\"https:\\\/\\\/www.sportcoachplus.org\\\/da\\\/hjem\\\/\"},{\"@type\":\"ListItem\",\"position\":2,\"name\":\"Hjem\"}]},{\"@type\":\"WebSite\",\"@id\":\"https:\\\/\\\/www.sportcoachplus.org\\\/da\\\/#website\",\"url\":\"https:\\\/\\\/www.sportcoachplus.org\\\/da\\\/\",\"name\":\"Sport Coach+\",\"description\":\"Safe and supportive sport to promote the mental health of young people affected by displacement\",\"publisher\":{\"@id\":\"https:\\\/\\\/www.sportcoachplus.org\\\/da\\\/#organization\"},\"potentialAction\":[{\"@type\":\"SearchAction\",\"target\":{\"@type\":\"EntryPoint\",\"urlTemplate\":\"https:\\\/\\\/www.sportcoachplus.org\\\/da\\\/?s={search_term_string}\"},\"query-input\":{\"@type\":\"PropertyValueSpecification\",\"valueRequired\":true,\"valueName\":\"search_term_string\"}}],\"inLanguage\":\"da-DK\"},{\"@type\":\"Organization\",\"@id\":\"https:\\\/\\\/www.sportcoachplus.org\\\/da\\\/#organization\",\"name\":\"Sport Coach+\",\"url\":\"https:\\\/\\\/www.sportcoachplus.org\\\/da\\\/\",\"logo\":{\"@type\":\"ImageObject\",\"inLanguage\":\"da-DK\",\"@id\":\"https:\\\/\\\/www.sportcoachplus.org\\\/da\\\/#\\\/schema\\\/logo\\\/image\\\/\",\"url\":\"https:\\\/\\\/www.sportcoachplus.org\\\/wp-content\\\/uploads\\\/2024\\\/05\\\/SportCoach-logo.svg\",\"contentUrl\":\"https:\\\/\\\/www.sportcoachplus.org\\\/wp-content\\\/uploads\\\/2024\\\/05\\\/SportCoach-logo.svg\",\"width\":488,\"height\":194,\"caption\":\"Sport Coach+\"},\"image\":{\"@id\":\"https:\\\/\\\/www.sportcoachplus.org\\\/da\\\/#\\\/schema\\\/logo\\\/image\\\/\"}}]}<\/script>\n<!-- \/ Yoast SEO plugin. -->","yoast_head_json":{"title":"Hjem - Sport Coach+","robots":{"index":"index","follow":"follow","max-snippet":"max-snippet:-1","max-image-preview":"max-image-preview:large","max-video-preview":"max-video-preview:-1"},"canonical":"https:\/\/www.sportcoachplus.org\/da\/","og_locale":"da_DK","og_type":"article","og_title":"Hjem - Sport Coach+","og_description":"Hvem er Sport Coach+ til? Er du sportstr\u00e6ner? [...]L\u00e6s mere... from Hjem","og_url":"https:\/\/www.sportcoachplus.org\/da\/","og_site_name":"Sport Coach+","article_modified_time":"2025-01-15T07:54:43+00:00","og_image":[{"width":2048,"height":1366,"url":"https:\/\/www.sportcoachplus.org\/wp-content\/uploads\/2024\/05\/hero-homepage.jpg","type":"image\/jpeg"}],"twitter_card":"summary_large_image","twitter_misc":{"Estimeret l\u00e6setid":"1 minut"},"schema":{"@context":"https:\/\/schema.org","@graph":[{"@type":"WebPage","@id":"https:\/\/www.sportcoachplus.org\/da\/","url":"https:\/\/www.sportcoachplus.org\/da\/","name":"Hjem - Sport Coach+","isPartOf":{"@id":"https:\/\/www.sportcoachplus.org\/da\/#website"},"primaryImageOfPage":{"@id":"https:\/\/www.sportcoachplus.org\/da\/#primaryimage"},"image":{"@id":"https:\/\/www.sportcoachplus.org\/da\/#primaryimage"},"thumbnailUrl":"https:\/\/www.sportcoachplus.org\/wp-content\/uploads\/2024\/05\/hero-homepage.jpg","datePublished":"2024-05-02T08:24:37+00:00","dateModified":"2025-01-15T07:54:43+00:00","breadcrumb":{"@id":"https:\/\/www.sportcoachplus.org\/da\/#breadcrumb"},"inLanguage":"da-DK","potentialAction":[{"@type":"ReadAction","target":["https:\/\/www.sportcoachplus.org\/da\/"]}]},{"@type":"ImageObject","inLanguage":"da-DK","@id":"https:\/\/www.sportcoachplus.org\/da\/#primaryimage","url":"https:\/\/www.sportcoachplus.org\/wp-content\/uploads\/2024\/05\/hero-homepage.jpg","contentUrl":"https:\/\/www.sportcoachplus.org\/wp-content\/uploads\/2024\/05\/hero-homepage.jpg","width":2048,"height":1366},{"@type":"BreadcrumbList","@id":"https:\/\/www.sportcoachplus.org\/da\/#breadcrumb","itemListElement":[{"@type":"ListItem","position":1,"name":"Home","item":"https:\/\/www.sportcoachplus.org\/da\/hjem\/"},{"@type":"ListItem","position":2,"name":"Hjem"}]},{"@type":"WebSite","@id":"https:\/\/www.sportcoachplus.org\/da\/#website","url":"https:\/\/www.sportcoachplus.org\/da\/","name":"Sport Coach+","description":"Safe and supportive sport to promote the mental health of young people affected by displacement","publisher":{"@id":"https:\/\/www.sportcoachplus.org\/da\/#organization"},"potentialAction":[{"@type":"SearchAction","target":{"@type":"EntryPoint","urlTemplate":"https:\/\/www.sportcoachplus.org\/da\/?s={search_term_string}"},"query-input":{"@type":"PropertyValueSpecification","valueRequired":true,"valueName":"search_term_string"}}],"inLanguage":"da-DK"},{"@type":"Organization","@id":"https:\/\/www.sportcoachplus.org\/da\/#organization","name":"Sport Coach+","url":"https:\/\/www.sportcoachplus.org\/da\/","logo":{"@type":"ImageObject","inLanguage":"da-DK","@id":"https:\/\/www.sportcoachplus.org\/da\/#\/schema\/logo\/image\/","url":"https:\/\/www.sportcoachplus.org\/wp-content\/uploads\/2024\/05\/SportCoach-logo.svg","contentUrl":"https:\/\/www.sportcoachplus.org\/wp-content\/uploads\/2024\/05\/SportCoach-logo.svg","width":488,"height":194,"caption":"Sport Coach+"},"image":{"@id":"https:\/\/www.sportcoachplus.org\/da\/#\/schema\/logo\/image\/"}}]}},"_links":{"self":[{"href":"https:\/\/www.sportcoachplus.org\/da\/wp-json\/wp\/v2\/pages\/6022","targetHints":{"allow":["GET"]}}],"collection":[{"href":"https:\/\/www.sportcoachplus.org\/da\/wp-json\/wp\/v2\/pages"}],"about":[{"href":"https:\/\/www.sportcoachplus.org\/da\/wp-json\/wp\/v2\/types\/page"}],"author":[{"embeddable":true,"href":"https:\/\/www.sportcoachplus.org\/da\/wp-json\/wp\/v2\/users\/8"}],"replies":[{"embeddable":true,"href":"https:\/\/www.sportcoachplus.org\/da\/wp-json\/wp\/v2\/comments?post=6022"}],"version-history":[{"count":1,"href":"https:\/\/www.sportcoachplus.org\/da\/wp-json\/wp\/v2\/pages\/6022\/revisions"}],"predecessor-version":[{"id":6026,"href":"https:\/\/www.sportcoachplus.org\/da\/wp-json\/wp\/v2\/pages\/6022\/revisions\/6026"}],"wp:featuredmedia":[{"embeddable":true,"href":"https:\/\/www.sportcoachplus.org\/da\/wp-json\/wp\/v2\/media\/6023"}],"wp:attachment":[{"href":"https:\/\/www.sportcoachplus.org\/da\/wp-json\/wp\/v2\/media?parent=6022"}],"curies":[{"name":"wp","href":"https:\/\/api.w.org\/{rel}","templated":true}]}}