{"id":6401,"date":"2024-03-26T14:52:58","date_gmt":"2024-03-26T13:52:58","guid":{"rendered":"https:\/\/www.sportcoachplus.org\/zasady-ochrany-osobnich-udaju-a-pravni-upozorneni\/"},"modified":"2025-08-19T13:59:03","modified_gmt":"2025-08-19T11:59:03","slug":"zasady-ochrany-osobnich-udaju-a-pravni-upozorneni","status":"publish","type":"page","link":"https:\/\/www.sportcoachplus.org\/cs\/zasady-ochrany-osobnich-udaju-a-pravni-upozorneni\/","title":{"rendered":"Z\u00e1sady ochrany osobn\u00edch \u00fadaj\u016f a pr\u00e1vn\u00ed upozorn\u011bn\u00ed"},"content":{"rendered":"\n<h2 class=\"wp-block-heading\">Odm\u00edtnut\u00ed odpov\u011bdnosti<\/h2>\n\n\n\n<p>V\u0161echny informace obsa\u017een\u00e9 na t\u011bchto webov\u00fdch str\u00e1nk\u00e1ch jsou chr\u00e1n\u011bny autorsk\u00fdmi pr\u00e1vy \u00a9 Red Cross Red Crescent Movement MHPSS Hub and Olympic Refuge Foundation. V\u0161echna pr\u00e1va vyhrazena.<\/p>\n\n\n\n<h2 class=\"wp-block-heading\">Na\u0161e z\u00e1sady ochrany osobn\u00edch \u00fadaj\u016f<\/h2>\n\n\n\n<p>Tyto webov\u00e9 str\u00e1nky provozuje Hnut\u00ed \u010cerven\u00e9ho k\u0159\u00ed\u017ee a \u010cerven\u00e9ho p\u016flm\u011bs\u00edce MHPSS Hub, jeho\u017e hostitelem je D\u00e1nsk\u00fd \u010derven\u00fd k\u0159\u00ed\u017e, a Olympic Refuge Foundation (d\u00e1le jen &#8222;my&#8220;, &#8222;n\u00e1s&#8220;, &#8222;na\u0161e&#8220;, &#8222;webov\u00e9 str\u00e1nky&#8220;). Va\u0161e soukrom\u00ed a bezpe\u010dnost va\u0161ich osobn\u00edch \u00fadaj\u016f &#8211; tedy jak\u00fdchkoli informac\u00ed t\u00fdkaj\u00edc\u00edch se identifikovan\u00e9 nebo identifikovateln\u00e9 osoby &#8211; bereme v\u00e1\u017en\u011b. V\u011bnujte pros\u00edm chv\u00edli p\u0159e\u010dten\u00ed t\u011bchto Z\u00e1sad ochrany osobn\u00edch \u00fadaj\u016f a seznamte se s na\u0161imi obecn\u00fdmi z\u00e1sadami ochrany osobn\u00edch \u00fadaj\u016f a zabezpe\u010den\u00ed informac\u00ed. Ve\u0161ker\u00e9 zm\u011bny t\u011bchto z\u00e1sad ochrany osobn\u00edch \u00fadaj\u016f budou zve\u0159ejn\u011bny na t\u00e9to str\u00e1nce.<\/p>\n\n\n\n<h3 class=\"wp-block-heading\">A) \u00dadaje shrom\u00e1\u017ed\u011bn\u00e9 p\u0159i p\u0159\u00edstupu na na\u0161e str\u00e1nky<\/h3>\n\n\n\n<h4 class=\"wp-block-heading\"><strong>1. Informace, kter\u00e9 poskytujete<\/strong><\/h4>\n\n\n\n<p>Na n\u011bkter\u00fdch webov\u00fdch str\u00e1nk\u00e1ch mohou b\u00fdt vy\u017eadov\u00e1ny va\u0161e osobn\u00ed \u00fadaje. Nap\u0159\u00edklad pro odesl\u00e1n\u00ed kontaktn\u00edho formul\u00e1\u0159e je nutn\u00e9 z\u00edskat va\u0161i e-mailovou adresu, jm\u00e9no a dal\u0161\u00ed \u00fadaje. Je d\u016fle\u017eit\u00e9 si uv\u011bdomit, \u017ee n\u011bkter\u00e9 funkce na webov\u00fdch str\u00e1nk\u00e1ch vy\u017eaduj\u00ed vyu\u017eit\u00ed poskytovatel\u016f t\u0159et\u00edch stran (podrobn\u011bj\u0161\u00ed informace naleznete v \u010d\u00e1sti F n\u00ed\u017ee).  <\/p>\n\n\n\n<h4 class=\"wp-block-heading\"><strong>2. Automaticky nebo rutinn\u011b sb\u00edran\u00e9<\/strong><\/h4>\n\n\n\n<p>Pouhou n\u00e1v\u0161t\u011bvou webov\u00e9 str\u00e1nky mohou b\u00fdt st\u00e1le shroma\u017e\u010fov\u00e1na a zpracov\u00e1v\u00e1na ur\u010dit\u00e1 metadata. P\u0159esto\u017ee jsme se sna\u017eili minimalizovat shroma\u017e\u010fov\u00e1n\u00ed \u00fadaj\u016f, mohou b\u00fdt shroma\u017e\u010fov\u00e1ny (a zpracov\u00e1v\u00e1ny z d\u016fvod\u016f uveden\u00fdch v \u010d\u00e1sti B t\u011bchto Z\u00e1sad ochrany osobn\u00edch \u00fadaj\u016f) n\u00e1sleduj\u00edc\u00ed \u00fadaje: <\/p>\n\n\n\n<ul class=\"wp-block-list\">\n<li>adresu internetov\u00e9ho protokolu (IP) (kter\u00e1 m\u016f\u017ee odhalit va\u0161i p\u0159ibli\u017enou polohu a \u010dasov\u00e9 p\u00e1smo).<\/li>\n\n\n\n<li>ID za\u0159\u00edzen\u00ed (kter\u00e9 ozna\u010duje typ za\u0159\u00edzen\u00ed pou\u017e\u00edvan\u00e9ho pro p\u0159\u00edstup k platform\u011b a m\u016f\u017ee tak\u00e9 odhalit pou\u017eit\u00fd opera\u010dn\u00ed syst\u00e9m).<\/li>\n\n\n\n<li>data a \u010das pou\u017eit\u00ed<\/li>\n\n\n\n<li>po\u017eadovan\u00e1 adresa URL<\/li>\n\n\n\n<li>opera\u010dn\u00ed syst\u00e9m, kter\u00fd pou\u017e\u00edv\u00e1te<\/li>\n<\/ul>\n\n\n\n<h4 class=\"wp-block-heading\"><strong>3. Pou\u017e\u00edv\u00e1n\u00ed soubor\u016f cookie<\/strong><\/h4>\n\n\n\n<p>Na na\u0161ich webov\u00fdch str\u00e1nk\u00e1ch pou\u017e\u00edv\u00e1me soubory cookie. V\u00edce informac\u00ed se dozv\u00edte na n\u00e1sleduj\u00edc\u00edm odkazu: <a href=\"https:\/\/www.sportcoachplus.org\/cs\/zasady-pouzivani-souboru-cookie\/\" data-type=\"page\" data-id=\"1312\">Z\u00e1sady pou\u017e\u00edv\u00e1n\u00ed soubor\u016f cookie.<\/a> <\/p>\n\n\n\n<h3 class=\"wp-block-heading\">B) Jak se tyto informace pou\u017e\u00edvaj\u00ed?<\/h3>\n\n\n\n<p>Tyto informace slou\u017e\u00ed ke zlep\u0161ov\u00e1n\u00ed na\u0161ich slu\u017eeb, sestavov\u00e1n\u00ed statistik (v\u010detn\u011b konzultac\u00ed) a ke komunikaci s v\u00e1mi. Konkr\u00e9tn\u011b se pou\u017e\u00edvaj\u00ed: <\/p>\n\n\n\n<ul class=\"wp-block-list\">\n<li>odpov\u00eddat na va\u0161e \u017e\u00e1dosti o informace<\/li>\n\n\n\n<li>abyste mohli pou\u017e\u00edvat ur\u010dit\u00e9 interaktivn\u00ed funkce (nap\u0159. stahov\u00e1n\u00ed dat, ukl\u00e1d\u00e1n\u00ed z\u00e1lo\u017eek).<\/li>\n\n\n\n<li>poskytovat slu\u017eby nebo pomoc<\/li>\n\n\n\n<li>zlep\u0161ovat na\u0161e webov\u00e9 str\u00e1nky, komunikaci, produkty a slu\u017eby; sestavovat statistiky konzultac\u00ed a pochopit, jak\u00fd obsah je pro komunitu nejd\u016fle\u017eit\u011bj\u0161\u00ed.<\/li>\n\n\n\n<li>zachovat bezpe\u010dnost a integritu<\/li>\n\n\n\n<li>zajistit, aby byl obsah prezentov\u00e1n zp\u016fsobem, kter\u00fd v\u00e1m nejl\u00e9pe vyhovuje.<\/li>\n<\/ul>\n\n\n\n<h3 class=\"wp-block-heading\">C) P\u0159\u00edstup k dat\u016fm a jejich sd\u00edlen\u00ed<\/h3>\n\n\n\n<p>Obecn\u011b plat\u00ed, \u017ee nezve\u0159ej\u0148ujeme \u017e\u00e1dn\u00e9 informace, kter\u00e9 by v\u00e1s identifikovaly, s v\u00fdjimkou p\u0159\u00edpad\u016f, kdy k tomu d\u00e1te souhlas. Informace, kter\u00e9 n\u00e1m poskytnete, nebudou prod\u00e1ny t\u0159et\u00edm stran\u00e1m ani pou\u017eity zp\u016fsobem, kter\u00fd by byl v rozporu s c\u00edli t\u011bchto webov\u00fdch str\u00e1nek. <\/p>\n\n\n\n<p>D\u00e1le budou va\u0161e \u00fadaje p\u0159\u00edstupn\u00e9 pouze t\u011bm zam\u011bstnanc\u016fm (a dal\u0161\u00edm opr\u00e1vn\u011bn\u00fdm osob\u00e1m), kte\u0159\u00ed maj\u00ed opr\u00e1vn\u011bnou pot\u0159ebu m\u00edt takov\u00fd p\u0159\u00edstup.<\/p>\n\n\n\n<h3 class=\"wp-block-heading\">D) Ukl\u00e1d\u00e1n\u00ed, zabezpe\u010den\u00ed, ot\u00e1zky t\u00fdkaj\u00edc\u00ed se va\u0161ich dat<\/h3>\n\n\n\n<p>Pou\u017e\u00edv\u00e1me bezpe\u010dn\u00e9 syst\u00e9my a uplat\u0148ujeme vhodn\u00e1 technick\u00e1 a organiza\u010dn\u00ed opat\u0159en\u00ed k zabezpe\u010den\u00ed va\u0161ich osobn\u00edch \u00fadaj\u016f a jejich ochran\u011b p\u0159ed neopr\u00e1vn\u011bn\u00fdm nebo nez\u00e1konn\u00fdm zpracov\u00e1n\u00edm, n\u00e1hodnou ztr\u00e1tou, zni\u010den\u00edm nebo po\u0161kozen\u00edm. P\u0159esto\u017ee p\u0159ij\u00edm\u00e1me p\u0159im\u011b\u0159en\u00e1 opat\u0159en\u00ed k ochran\u011b va\u0161ich osobn\u00edch \u00fadaj\u016f, m\u011bjte pros\u00edm na pam\u011bti, \u017ee \u017e\u00e1dn\u00fd syst\u00e9m nem\u016f\u017ee zaru\u010dit 100% bezpe\u010dnost. <\/p>\n\n\n\n<p>Pokud je nutn\u00e9, aby va\u0161e osobn\u00ed \u00fadaje byly sd\u00edleny s t\u0159et\u00edmi stranami, p\u0159ijmeme p\u0159im\u011b\u0159en\u00e1 opat\u0159en\u00ed, abychom zajistili, \u017ee s va\u0161imi osobn\u00edmi \u00fadaji bude i nad\u00e1le zach\u00e1zeno bezpe\u010dn\u011b.<\/p>\n\n\n\n<p>Tato opat\u0159en\u00ed mohou m\u00edt podobu zvl\u00e1\u0161tn\u00edch smluvn\u00edch ustanoven\u00ed, kter\u00e1 vy\u017eaduj\u00ed, aby tyto t\u0159et\u00ed strany zavedly nem\u00e9n\u011b rovnocenn\u00e1 bezpe\u010dnostn\u00ed opat\u0159en\u00ed, ne\u017e jsou ta na\u0161e. P\u0159i zas\u00edl\u00e1n\u00ed jak\u00e9koli komunikace si toho pros\u00edm bu\u010fte v\u011bdomi. Nem\u016f\u017eeme zaru\u010dit (a nezaru\u010dujeme) absolutn\u00ed bezpe\u010dnost.  <\/p>\n\n\n\n<p>Za ur\u010dit\u00fdch okolnost\u00ed m\u016f\u017eete po\u017e\u00e1dat o nahl\u00e9dnut\u00ed do osobn\u00edch \u00fadaj\u016f, kter\u00e9 o v\u00e1s uchov\u00e1v\u00e1me. M\u016f\u017eete tak\u00e9 vzn\u00e9st n\u00e1mitku proti zpracov\u00e1n\u00ed ur\u010dit\u00fdch osobn\u00edch \u00fadaj\u016f a\/nebo po\u017e\u00e1dat o opravu nebo vymaz\u00e1n\u00ed t\u011bchto osobn\u00edch \u00fadaj\u016f.   <\/p>\n\n\n\n<p>S dotazy t\u00fdkaj\u00edc\u00edmi se osobn\u00edch \u00fadaj\u016f se obracejte na n\u00e1sleduj\u00edc\u00ed odd\u011blen\u00ed:<\/p>\n\n\n\n<p><strong>MHPSS Hub:<\/strong> <a href=\"mailto:psychosocial.centre@ifrc.org\" target=\"_blank\" rel=\"noreferrer noopener\"><\/a><a href=\"mailto:mhpsshub@rodekors.dk\">mhpsshub@rodekors.dk<\/a><\/p>\n\n\n\n<p><strong>ORF:<\/strong> <a href=\"mailto:contact@olympicrefugefoundation.org\" target=\"_blank\" rel=\"noreferrer noopener\">contact@olympicrefugefoundation.org<\/a><\/p>\n\n\n\n<h3 class=\"wp-block-heading\">E) V\u00fdsady a imunity<\/h3>\n\n\n\n<p>Nic v t\u011bchto Z\u00e1sad\u00e1ch ochrany osobn\u00edch \u00fadaj\u016f nebo v souvislosti s t\u011bmito str\u00e1nkami se nepova\u017euje za vzd\u00e1n\u00ed se v\u00fdsad a imunit Federace.<\/p>\n\n\n\n<h3 class=\"wp-block-heading\">F) Pozn\u00e1mka k odkaz\u016fm na extern\u00ed webov\u00e9 str\u00e1nky<\/h3>\n\n\n\n<p>Upozor\u0148ujeme, \u017ee tyto z\u00e1sady ochrany osobn\u00edch \u00fadaj\u016f se vztahuj\u00ed pouze na webov\u00e9 str\u00e1nky sportcoachplus.org. Nevztahuje se na str\u00e1nky hostovan\u00e9 jin\u00fdmi organizacemi, v\u010detn\u011b n\u00e1rodn\u00edch spole\u010dnost\u00ed \u010cerven\u00e9ho k\u0159\u00ed\u017ee a \u010cerven\u00e9ho p\u016flm\u011bs\u00edce a Mezin\u00e1rodn\u00edho v\u00fdboru \u010cerven\u00e9ho k\u0159\u00ed\u017ee, kter\u00e9 maj\u00ed vlastn\u00ed z\u00e1sady ochrany osobn\u00edch \u00fadaj\u016f. <\/p>\n\n\n\n<p>N\u011bkter\u00e9 webov\u00e9 str\u00e1nky sportcoachplus.org mohou nav\u00edc: mohou obsahovat odkazy na str\u00e1nky t\u0159et\u00edch stran, jako je nap\u0159\u00edklad Facebook, YouTube nebo Twitter. 1) obsahovat nebo p\u0159esm\u011brov\u00e1vat na poskytovatele slu\u017eeb t\u0159et\u00edch stran a 2) obsahovat odkazy na str\u00e1nky t\u0159et\u00edch stran, jako je nap\u0159\u00edklad Facebook, YouTube nebo Twitter. Tyto str\u00e1nky t\u0159et\u00edch stran a extern\u00ed str\u00e1nky (a jak\u00e9koli jin\u00e9 str\u00e1nky, kter\u00e9 nejsou sou\u010d\u00e1st\u00ed webu sportcoachplus.org) maj\u00ed obvykle vlastn\u00ed z\u00e1sady ochrany osobn\u00edch \u00fadaj\u016f a postupy nakl\u00e1d\u00e1n\u00ed s \u00fadaji, kter\u00e9 nem\u00e1me pod kontrolou. Doporu\u010dujeme v\u00e1m, abyste si tyto p\u0159\u00edslu\u0161n\u00e9 z\u00e1sady ochrany osobn\u00edch \u00fadaj\u016f prostudovali.    <\/p>\n\n\n\n<div class=\"wp-block-group is-nowrap is-layout-flex wp-container-core-group-is-layout-ad2f72ca wp-block-group-is-layout-flex\">\n<p class=\"small has-gray-color has-text-color has-link-color wp-elements-10e3ea53b454d1634f89a24f601ae9ac\">&#8211; Tato verze z\u00e1sad byla naposledy upravena dne:<\/p>\n\n\n<div class=\"wp-block-post-date__modified-date small wp-block-post-date\"><time datetime=\"2025-08-19T13:59:03+02:00\">19 srpna, 2025<\/time><\/div><\/div>\n","protected":false},"excerpt":{"rendered":"<p>Odm\u00edtnut\u00ed odpov\u011bdnosti V\u0161echny informace obsa\u017een\u00e9 na t\u011bchto webov\u00fdch str\u00e1nk\u00e1ch jsou chr\u00e1n\u011bny autorsk\u00fdmi pr\u00e1vy \u00a9 Red Cross Red Crescent Movement MHPSS Hub and Olympic Refuge Foundation. V\u0161echna pr\u00e1va vyhrazena. Na\u0161e z\u00e1sady ochrany osobn\u00edch \u00fadaj\u016f Tyto webov\u00e9 str\u00e1nky provozuje Hnut\u00ed \u010cerven\u00e9ho k\u0159\u00ed\u017ee a \u010cerven\u00e9ho p\u016flm\u011bs\u00edce MHPSS Hub, jeho\u017e hostitelem je D\u00e1nsk\u00fd \u010derven\u00fd k\u0159\u00ed\u017e, a Olympic Refuge Foundation [&#8230;]<\/p>\n<p><a class=\"btn btn-secondary understrap-read-more-link\" href=\"https:\/\/www.sportcoachplus.org\/cs\/zasady-ochrany-osobnich-udaju-a-pravni-upozorneni\/\">\u010c\u00edst d\u00e1le&#8230;<span class=\"screen-reader-text\"> from Z\u00e1sady ochrany osobn\u00edch \u00fadaj\u016f a pr\u00e1vn\u00ed upozorn\u011bn\u00ed<\/span><\/a><\/p>\n","protected":false},"author":8,"featured_media":0,"parent":0,"menu_order":0,"comment_status":"closed","ping_status":"closed","template":"page-templates\/no-title.php","meta":{"_acf_changed":false,"inline_featured_image":false,"_monsterinsights_skip_tracking":false,"_monsterinsights_sitenote_active":false,"_monsterinsights_sitenote_note":"","_monsterinsights_sitenote_category":0,"footnotes":""},"class_list":["post-6401","page","type-page","status-publish","hentry"],"acf":[],"yoast_head":"<!-- This site is optimized with the Yoast SEO plugin v27.4 - https:\/\/yoast.com\/product\/yoast-seo-wordpress\/ -->\n<title>Z\u00e1sady ochrany osobn\u00edch \u00fadaj\u016f a pr\u00e1vn\u00ed upozorn\u011bn\u00ed - Sport Coach+<\/title>\n<meta name=\"robots\" content=\"index, follow, max-snippet:-1, max-image-preview:large, max-video-preview:-1\" \/>\n<link rel=\"canonical\" href=\"https:\/\/www.sportcoachplus.org\/cs\/zasady-ochrany-osobnich-udaju-a-pravni-upozorneni\/\" \/>\n<meta property=\"og:locale\" content=\"cs_CZ\" \/>\n<meta property=\"og:type\" content=\"article\" \/>\n<meta property=\"og:title\" content=\"Z\u00e1sady ochrany osobn\u00edch \u00fadaj\u016f a pr\u00e1vn\u00ed upozorn\u011bn\u00ed - Sport Coach+\" \/>\n<meta property=\"og:description\" content=\"Odm\u00edtnut\u00ed odpov\u011bdnosti V\u0161echny informace obsa\u017een\u00e9 na t\u011bchto webov\u00fdch str\u00e1nk\u00e1ch jsou chr\u00e1n\u011bny autorsk\u00fdmi pr\u00e1vy \u00a9 Red Cross Red Crescent Movement MHPSS Hub and Olympic Refuge Foundation. V\u0161echna pr\u00e1va vyhrazena. Na\u0161e z\u00e1sady ochrany osobn\u00edch \u00fadaj\u016f Tyto webov\u00e9 str\u00e1nky provozuje Hnut\u00ed \u010cerven\u00e9ho k\u0159\u00ed\u017ee a \u010cerven\u00e9ho p\u016flm\u011bs\u00edce MHPSS Hub, jeho\u017e hostitelem je D\u00e1nsk\u00fd \u010derven\u00fd k\u0159\u00ed\u017e, a Olympic Refuge Foundation [...]\u010c\u00edst d\u00e1le... from Z\u00e1sady ochrany osobn\u00edch \u00fadaj\u016f a pr\u00e1vn\u00ed upozorn\u011bn\u00ed\" \/>\n<meta property=\"og:url\" content=\"https:\/\/www.sportcoachplus.org\/cs\/zasady-ochrany-osobnich-udaju-a-pravni-upozorneni\/\" \/>\n<meta property=\"og:site_name\" content=\"Sport Coach+\" \/>\n<meta property=\"article:modified_time\" content=\"2025-08-19T11:59:03+00:00\" \/>\n<meta name=\"twitter:card\" content=\"summary_large_image\" \/>\n<meta name=\"twitter:label1\" content=\"Odhadovan\u00e1 doba \u010dten\u00ed\" \/>\n\t<meta name=\"twitter:data1\" content=\"4 minuty\" \/>\n<script type=\"application\/ld+json\" class=\"yoast-schema-graph\">{\"@context\":\"https:\\\/\\\/schema.org\",\"@graph\":[{\"@type\":\"WebPage\",\"@id\":\"https:\\\/\\\/www.sportcoachplus.org\\\/cs\\\/zasady-ochrany-osobnich-udaju-a-pravni-upozorneni\\\/\",\"url\":\"https:\\\/\\\/www.sportcoachplus.org\\\/cs\\\/zasady-ochrany-osobnich-udaju-a-pravni-upozorneni\\\/\",\"name\":\"Z\u00e1sady ochrany osobn\u00edch \u00fadaj\u016f a pr\u00e1vn\u00ed upozorn\u011bn\u00ed - Sport Coach+\",\"isPartOf\":{\"@id\":\"https:\\\/\\\/www.sportcoachplus.org\\\/cs\\\/#website\"},\"datePublished\":\"2024-03-26T13:52:58+00:00\",\"dateModified\":\"2025-08-19T11:59:03+00:00\",\"breadcrumb\":{\"@id\":\"https:\\\/\\\/www.sportcoachplus.org\\\/cs\\\/zasady-ochrany-osobnich-udaju-a-pravni-upozorneni\\\/#breadcrumb\"},\"inLanguage\":\"cs\",\"potentialAction\":[{\"@type\":\"ReadAction\",\"target\":[\"https:\\\/\\\/www.sportcoachplus.org\\\/cs\\\/zasady-ochrany-osobnich-udaju-a-pravni-upozorneni\\\/\"]}]},{\"@type\":\"BreadcrumbList\",\"@id\":\"https:\\\/\\\/www.sportcoachplus.org\\\/cs\\\/zasady-ochrany-osobnich-udaju-a-pravni-upozorneni\\\/#breadcrumb\",\"itemListElement\":[{\"@type\":\"ListItem\",\"position\":1,\"name\":\"Home\",\"item\":\"https:\\\/\\\/www.sportcoachplus.org\\\/cs\\\/\"},{\"@type\":\"ListItem\",\"position\":2,\"name\":\"Z\u00e1sady ochrany osobn\u00edch \u00fadaj\u016f a pr\u00e1vn\u00ed upozorn\u011bn\u00ed\"}]},{\"@type\":\"WebSite\",\"@id\":\"https:\\\/\\\/www.sportcoachplus.org\\\/cs\\\/#website\",\"url\":\"https:\\\/\\\/www.sportcoachplus.org\\\/cs\\\/\",\"name\":\"Sport Coach+\",\"description\":\"Bezpe\u010dn\u00fd a podp\u016frn\u00fd sport na podporu du\u0161evn\u00edho zdrav\u00ed mlad\u00fdch lid\u00ed posti\u017een\u00fdch vys\u00eddlen\u00edm\",\"publisher\":{\"@id\":\"https:\\\/\\\/www.sportcoachplus.org\\\/cs\\\/#organization\"},\"potentialAction\":[{\"@type\":\"SearchAction\",\"target\":{\"@type\":\"EntryPoint\",\"urlTemplate\":\"https:\\\/\\\/www.sportcoachplus.org\\\/cs\\\/?s={search_term_string}\"},\"query-input\":{\"@type\":\"PropertyValueSpecification\",\"valueRequired\":true,\"valueName\":\"search_term_string\"}}],\"inLanguage\":\"cs\"},{\"@type\":\"Organization\",\"@id\":\"https:\\\/\\\/www.sportcoachplus.org\\\/cs\\\/#organization\",\"name\":\"Sport Coach+\",\"url\":\"https:\\\/\\\/www.sportcoachplus.org\\\/cs\\\/\",\"logo\":{\"@type\":\"ImageObject\",\"inLanguage\":\"cs\",\"@id\":\"https:\\\/\\\/www.sportcoachplus.org\\\/cs\\\/#\\\/schema\\\/logo\\\/image\\\/\",\"url\":\"https:\\\/\\\/www.sportcoachplus.org\\\/wp-content\\\/uploads\\\/2024\\\/05\\\/SportCoach-logo.svg\",\"contentUrl\":\"https:\\\/\\\/www.sportcoachplus.org\\\/wp-content\\\/uploads\\\/2024\\\/05\\\/SportCoach-logo.svg\",\"width\":488,\"height\":194,\"caption\":\"Sport Coach+\"},\"image\":{\"@id\":\"https:\\\/\\\/www.sportcoachplus.org\\\/cs\\\/#\\\/schema\\\/logo\\\/image\\\/\"}}]}<\/script>\n<!-- \/ Yoast SEO plugin. -->","yoast_head_json":{"title":"Z\u00e1sady ochrany osobn\u00edch \u00fadaj\u016f a pr\u00e1vn\u00ed upozorn\u011bn\u00ed - Sport Coach+","robots":{"index":"index","follow":"follow","max-snippet":"max-snippet:-1","max-image-preview":"max-image-preview:large","max-video-preview":"max-video-preview:-1"},"canonical":"https:\/\/www.sportcoachplus.org\/cs\/zasady-ochrany-osobnich-udaju-a-pravni-upozorneni\/","og_locale":"cs_CZ","og_type":"article","og_title":"Z\u00e1sady ochrany osobn\u00edch \u00fadaj\u016f a pr\u00e1vn\u00ed upozorn\u011bn\u00ed - Sport Coach+","og_description":"Odm\u00edtnut\u00ed odpov\u011bdnosti V\u0161echny informace obsa\u017een\u00e9 na t\u011bchto webov\u00fdch str\u00e1nk\u00e1ch jsou chr\u00e1n\u011bny autorsk\u00fdmi pr\u00e1vy \u00a9 Red Cross Red Crescent Movement MHPSS Hub and Olympic Refuge Foundation. V\u0161echna pr\u00e1va vyhrazena. Na\u0161e z\u00e1sady ochrany osobn\u00edch \u00fadaj\u016f Tyto webov\u00e9 str\u00e1nky provozuje Hnut\u00ed \u010cerven\u00e9ho k\u0159\u00ed\u017ee a \u010cerven\u00e9ho p\u016flm\u011bs\u00edce MHPSS Hub, jeho\u017e hostitelem je D\u00e1nsk\u00fd \u010derven\u00fd k\u0159\u00ed\u017e, a Olympic Refuge Foundation [...]\u010c\u00edst d\u00e1le... from Z\u00e1sady ochrany osobn\u00edch \u00fadaj\u016f a pr\u00e1vn\u00ed upozorn\u011bn\u00ed","og_url":"https:\/\/www.sportcoachplus.org\/cs\/zasady-ochrany-osobnich-udaju-a-pravni-upozorneni\/","og_site_name":"Sport Coach+","article_modified_time":"2025-08-19T11:59:03+00:00","twitter_card":"summary_large_image","twitter_misc":{"Odhadovan\u00e1 doba \u010dten\u00ed":"4 minuty"},"schema":{"@context":"https:\/\/schema.org","@graph":[{"@type":"WebPage","@id":"https:\/\/www.sportcoachplus.org\/cs\/zasady-ochrany-osobnich-udaju-a-pravni-upozorneni\/","url":"https:\/\/www.sportcoachplus.org\/cs\/zasady-ochrany-osobnich-udaju-a-pravni-upozorneni\/","name":"Z\u00e1sady ochrany osobn\u00edch \u00fadaj\u016f a pr\u00e1vn\u00ed upozorn\u011bn\u00ed - Sport Coach+","isPartOf":{"@id":"https:\/\/www.sportcoachplus.org\/cs\/#website"},"datePublished":"2024-03-26T13:52:58+00:00","dateModified":"2025-08-19T11:59:03+00:00","breadcrumb":{"@id":"https:\/\/www.sportcoachplus.org\/cs\/zasady-ochrany-osobnich-udaju-a-pravni-upozorneni\/#breadcrumb"},"inLanguage":"cs","potentialAction":[{"@type":"ReadAction","target":["https:\/\/www.sportcoachplus.org\/cs\/zasady-ochrany-osobnich-udaju-a-pravni-upozorneni\/"]}]},{"@type":"BreadcrumbList","@id":"https:\/\/www.sportcoachplus.org\/cs\/zasady-ochrany-osobnich-udaju-a-pravni-upozorneni\/#breadcrumb","itemListElement":[{"@type":"ListItem","position":1,"name":"Home","item":"https:\/\/www.sportcoachplus.org\/cs\/"},{"@type":"ListItem","position":2,"name":"Z\u00e1sady ochrany osobn\u00edch \u00fadaj\u016f a pr\u00e1vn\u00ed upozorn\u011bn\u00ed"}]},{"@type":"WebSite","@id":"https:\/\/www.sportcoachplus.org\/cs\/#website","url":"https:\/\/www.sportcoachplus.org\/cs\/","name":"Sport Coach+","description":"Bezpe\u010dn\u00fd a podp\u016frn\u00fd sport na podporu du\u0161evn\u00edho zdrav\u00ed mlad\u00fdch lid\u00ed posti\u017een\u00fdch vys\u00eddlen\u00edm","publisher":{"@id":"https:\/\/www.sportcoachplus.org\/cs\/#organization"},"potentialAction":[{"@type":"SearchAction","target":{"@type":"EntryPoint","urlTemplate":"https:\/\/www.sportcoachplus.org\/cs\/?s={search_term_string}"},"query-input":{"@type":"PropertyValueSpecification","valueRequired":true,"valueName":"search_term_string"}}],"inLanguage":"cs"},{"@type":"Organization","@id":"https:\/\/www.sportcoachplus.org\/cs\/#organization","name":"Sport Coach+","url":"https:\/\/www.sportcoachplus.org\/cs\/","logo":{"@type":"ImageObject","inLanguage":"cs","@id":"https:\/\/www.sportcoachplus.org\/cs\/#\/schema\/logo\/image\/","url":"https:\/\/www.sportcoachplus.org\/wp-content\/uploads\/2024\/05\/SportCoach-logo.svg","contentUrl":"https:\/\/www.sportcoachplus.org\/wp-content\/uploads\/2024\/05\/SportCoach-logo.svg","width":488,"height":194,"caption":"Sport Coach+"},"image":{"@id":"https:\/\/www.sportcoachplus.org\/cs\/#\/schema\/logo\/image\/"}}]}},"_links":{"self":[{"href":"https:\/\/www.sportcoachplus.org\/cs\/wp-json\/wp\/v2\/pages\/6401","targetHints":{"allow":["GET"]}}],"collection":[{"href":"https:\/\/www.sportcoachplus.org\/cs\/wp-json\/wp\/v2\/pages"}],"about":[{"href":"https:\/\/www.sportcoachplus.org\/cs\/wp-json\/wp\/v2\/types\/page"}],"author":[{"embeddable":true,"href":"https:\/\/www.sportcoachplus.org\/cs\/wp-json\/wp\/v2\/users\/8"}],"replies":[{"embeddable":true,"href":"https:\/\/www.sportcoachplus.org\/cs\/wp-json\/wp\/v2\/comments?post=6401"}],"version-history":[{"count":3,"href":"https:\/\/www.sportcoachplus.org\/cs\/wp-json\/wp\/v2\/pages\/6401\/revisions"}],"predecessor-version":[{"id":6503,"href":"https:\/\/www.sportcoachplus.org\/cs\/wp-json\/wp\/v2\/pages\/6401\/revisions\/6503"}],"wp:attachment":[{"href":"https:\/\/www.sportcoachplus.org\/cs\/wp-json\/wp\/v2\/media?parent=6401"}],"curies":[{"name":"wp","href":"https:\/\/api.w.org\/{rel}","templated":true}]}}