{"id":2431,"date":"2024-10-21T13:05:26","date_gmt":"2024-10-21T11:05:26","guid":{"rendered":"https:\/\/www.sportcoachplus.org\/prirucka-ke-stazeni\/"},"modified":"2024-11-29T13:15:05","modified_gmt":"2024-11-29T12:15:05","slug":"prirucka-ke-stazeni","status":"publish","type":"page","link":"https:\/\/www.sportcoachplus.org\/cs\/prirucka-ke-stazeni\/","title":{"rendered":"P\u0159\u00edru\u010dka ke sta\u017een\u00ed"},"content":{"rendered":"<style id=\"wpforms-css-vars-root\">\n\t\t\t\t:root {\n\t\t\t\t\t--wpforms-field-border-radius: 3px;\n--wpforms-field-border-style: solid;\n--wpforms-field-border-size: 1px;\n--wpforms-field-background-color: #ffffff;\n--wpforms-field-border-color: rgba( 0, 0, 0, 0.25 );\n--wpforms-field-border-color-spare: rgba( 0, 0, 0, 0.25 );\n--wpforms-field-text-color: rgba( 0, 0, 0, 0.7 );\n--wpforms-field-menu-color: #ffffff;\n--wpforms-label-color: rgba( 0, 0, 0, 0.85 );\n--wpforms-label-sublabel-color: rgba( 0, 0, 0, 0.55 );\n--wpforms-label-error-color: #d63637;\n--wpforms-button-border-radius: 3px;\n--wpforms-button-border-style: none;\n--wpforms-button-border-size: 1px;\n--wpforms-button-background-color: #066aab;\n--wpforms-button-border-color: #066aab;\n--wpforms-button-text-color: #ffffff;\n--wpforms-page-break-color: #066aab;\n--wpforms-background-image: none;\n--wpforms-background-position: center center;\n--wpforms-background-repeat: no-repeat;\n--wpforms-background-size: cover;\n--wpforms-background-width: 100px;\n--wpforms-background-height: 100px;\n--wpforms-background-color: rgba( 0, 0, 0, 0 );\n--wpforms-background-url: none;\n--wpforms-container-padding: 0px;\n--wpforms-container-border-style: none;\n--wpforms-container-border-width: 1px;\n--wpforms-container-border-color: #000000;\n--wpforms-container-border-radius: 3px;\n--wpforms-field-size-input-height: 43px;\n--wpforms-field-size-input-spacing: 15px;\n--wpforms-field-size-font-size: 16px;\n--wpforms-field-size-line-height: 19px;\n--wpforms-field-size-padding-h: 14px;\n--wpforms-field-size-checkbox-size: 16px;\n--wpforms-field-size-sublabel-spacing: 5px;\n--wpforms-field-size-icon-size: 1;\n--wpforms-label-size-font-size: 16px;\n--wpforms-label-size-line-height: 19px;\n--wpforms-label-size-sublabel-font-size: 14px;\n--wpforms-label-size-sublabel-line-height: 17px;\n--wpforms-button-size-font-size: 17px;\n--wpforms-button-size-height: 41px;\n--wpforms-button-size-padding-h: 15px;\n--wpforms-button-size-margin-top: 10px;\n--wpforms-container-shadow-size-box-shadow: none;\n\n\t\t\t\t}\n\t\t\t<\/style><div class=\"wpforms-container wpforms-container-full wpforms-block wpforms-block-90ca23de-772c-48bd-af37-ffae7301b50b wpforms-render-modern\" id=\"wpforms-2283\"><form id=\"wpforms-form-2283\" class=\"wpforms-validate wpforms-form\" data-formid=\"2283\" method=\"post\" enctype=\"multipart\/form-data\" action=\"\/cs\/wp-json\/wp\/v2\/pages\/2431\" data-token=\"5c48b067b63cb0c356d84efb5e859ead\" data-token-time=\"1776582242\"><div class=\"wpforms-head-container\"><div class=\"wpforms-description\">D\u011bkujeme v\u00e1m za v\u00e1\u0161 z\u00e1jem o slu\u017ebu Sport Coach+! V\u011bnujte n\u00e1m pros\u00edm n\u011bkolik sekund, abyste n\u00e1m o sob\u011b \u0159ekli v\u00edce, a n\u00ed\u017ee naleznete odkaz ke sta\u017een\u00ed P\u0159\u00edru\u010dky. <\/div><\/div><noscript class=\"wpforms-error-noscript\">Chcete-li vyplnit tento formul\u00e1\u0159, pros\u00edm povolte v prohl\u00ed\u017ee\u010di JavaScript.<\/noscript><div class=\"wpforms-hidden\" id=\"wpforms-error-noscript\">Chcete-li vyplnit tento formul\u00e1\u0159, pros\u00edm povolte v prohl\u00ed\u017ee\u010di JavaScript.<\/div><div class=\"wpforms-field-container\"><div id=\"wpforms-2283-field_9-container\" class=\"wpforms-field wpforms-field-layout\" data-field-id=\"9\"><div class=\"wpforms-field-layout-rows wpforms-field-large\"><div class=\"wpforms-layout-row\"><div class=\"wpforms-layout-column wpforms-layout-column-50\"><div id=\"wpforms-2283-field_2-container\" class=\"wpforms-field wpforms-field-select wpforms-field-select-style-modern\" data-field-id=\"2\"><label class=\"wpforms-field-label\" for=\"wpforms-2283-field_2\">Ve kter\u00fdch regionech pracujete?<\/label><select id=\"wpforms-2283-field_2\" class=\"wpforms-field-large choicesjs-select\" data-size-class=\"wpforms-field-row wpforms-field-large\" data-search-enabled=\"\" name=\"wpforms[fields][2][]\" multiple=\"multiple\"><option value=\"\" class=\"placeholder\" disabled >&#8211; Vyberte v\u0161e, co se t\u00fdk\u00e1 &#8211;<\/option><option value=\"Evropa a st\u0159edn\u00ed Asie\" >Evropa a st\u0159edn\u00ed Asie<\/option><option value=\"Bl\u00edzk\u00fd v\u00fdchod a severn\u00ed Afrika\" >Bl\u00edzk\u00fd v\u00fdchod a severn\u00ed Afrika<\/option><option value=\"Subsaharsk\u00e1 Afrika\" >Subsaharsk\u00e1 Afrika<\/option><option value=\"V\u00fdchodn\u00ed Asie a Tichomo\u0159\u00ed\" >V\u00fdchodn\u00ed Asie a Tichomo\u0159\u00ed<\/option><option value=\"Ji\u017en\u00ed Asie\" >Ji\u017en\u00ed Asie<\/option><option value=\"Latinsk\u00e1 Amerika a Karibik\" >Latinsk\u00e1 Amerika a Karibik<\/option><option value=\"Severn\u00ed Amerika\" >Severn\u00ed Amerika<\/option><\/select><\/div><\/div><div class=\"wpforms-layout-column wpforms-layout-column-50\"><div id=\"wpforms-2283-field_3-container\" class=\"wpforms-field wpforms-field-select wpforms-field-select-style-modern\" data-field-id=\"3\"><label class=\"wpforms-field-label\" for=\"wpforms-2283-field_3\">Kter\u00e1 z n\u00e1sleduj\u00edc\u00edch mo\u017enost\u00ed nejl\u00e9pe vystihuje v\u00e1\u0161 obor nebo odv\u011btv\u00ed?<\/label><select id=\"wpforms-2283-field_3\" class=\"wpforms-field-large choicesjs-select\" data-size-class=\"wpforms-field-row wpforms-field-large\" data-search-enabled=\"\" name=\"wpforms[fields][3][]\" multiple=\"multiple\"><option value=\"\" class=\"placeholder\" disabled >&#8211; Vyberte v\u0161e, co se t\u00fdk\u00e1 &#8211;<\/option><option value=\"Zdrav\u00ed\" >Zdrav\u00ed<\/option><option value=\"Sport\" >Sport<\/option><option value=\"Vychovatel\/u\u010ditel\" >Vychovatel\/u\u010ditel<\/option><option value=\"Pracovn\u00edk nevl\u00e1dn\u00ed\/neziskov\u00e9 organizace\" >Pracovn\u00edk nevl\u00e1dn\u00ed\/neziskov\u00e9 organizace<\/option><option value=\"Ve\u0159ejn\u00fd sektor\" >Ve\u0159ejn\u00fd sektor<\/option><option value=\"V\u00fdzkumn\u00fd pracovn\u00edk\/akademick\u00fd pracovn\u00edk\" >V\u00fdzkumn\u00fd pracovn\u00edk\/akademick\u00fd pracovn\u00edk<\/option><option value=\"Dal\u0161\u00ed\" >Dal\u0161\u00ed<\/option><\/select><\/div><\/div><\/div><div class=\"wpforms-layout-row\"><div class=\"wpforms-layout-column wpforms-layout-column-50\"><div id=\"wpforms-2283-field_4-container\" class=\"wpforms-field wpforms-field-select wpforms-field-select-style-modern\" data-field-id=\"4\"><label class=\"wpforms-field-label\" for=\"wpforms-2283-field_4\">Jak pl\u00e1nujete vyu\u017e\u00edvat zdroje SportCoach+?<\/label><select id=\"wpforms-2283-field_4\" class=\"wpforms-field-large choicesjs-select\" data-size-class=\"wpforms-field-row wpforms-field-large\" data-search-enabled=\"\" name=\"wpforms[fields][4][]\" multiple=\"multiple\"><option value=\"\" class=\"placeholder\" disabled >&#8211; Vyberte v\u0161e, co se t\u00fdk\u00e1 &#8211;<\/option><option value=\"\u0160kolen\u00ed tren\u00e9r\u016f a zam\u011bstnanc\u016f\" >\u0160kolen\u00ed tren\u00e9r\u016f a zam\u011bstnanc\u016f<\/option><option value=\"Prov\u00e1d\u011bn\u00ed programu\" >Prov\u00e1d\u011bn\u00ed programu<\/option><option value=\"Osobn\u00ed znalosti\" >Osobn\u00ed znalosti<\/option><option value=\"V\u00fdzkum\" >V\u00fdzkum<\/option><option value=\"Cousework\" >Cousework<\/option><option value=\"Dal\u0161\u00ed\" >Dal\u0161\u00ed<\/option><\/select><\/div><\/div><div class=\"wpforms-layout-column wpforms-layout-column-50\"><div id=\"wpforms-2283-field_5-container\" class=\"wpforms-field wpforms-field-select wpforms-conditional-trigger wpforms-field-select-style-modern\" data-field-id=\"5\"><label class=\"wpforms-field-label\" for=\"wpforms-2283-field_5\">Jak jste se dozv\u011bd\u011bli o slu\u017eb\u011b SportCoach+?<\/label><select id=\"wpforms-2283-field_5\" class=\"wpforms-field-large choicesjs-select\" data-size-class=\"wpforms-field-row wpforms-field-large\" data-search-enabled=\"\" name=\"wpforms[fields][5][]\" multiple=\"multiple\"><option value=\"\" class=\"placeholder\" disabled >&#8211; Vyberte v\u0161e, co se t\u00fdk\u00e1 &#8211;<\/option><option value=\"Doporu\u010den\u00ed od kolegy\/p\u0159\u00edtele\" >Doporu\u010den\u00ed od kolegy\/p\u0159\u00edtele<\/option><option value=\"Online vyhled\u00e1v\u00e1n\u00ed\" >Online vyhled\u00e1v\u00e1n\u00ed<\/option><option value=\"Soci\u00e1ln\u00ed m\u00e9dia\" >Soci\u00e1ln\u00ed m\u00e9dia<\/option><option value=\"Prost\u0159ednictv\u00edm partnera projektu nebo akce\" >Prost\u0159ednictv\u00edm partnera projektu nebo akce<\/option><option value=\"Jin\u00e9 (uve\u010fte)\" >Jin\u00e9 (uve\u010fte)<\/option><\/select><\/div><\/div><\/div><div class=\"wpforms-layout-row\"><div class=\"wpforms-layout-column wpforms-layout-column-50\"><\/div><div class=\"wpforms-layout-column wpforms-layout-column-50\"><div id=\"wpforms-2283-field_6-container\" class=\"wpforms-field wpforms-field-text wpforms-conditional-field wpforms-conditional-show\" data-field-id=\"6\" style=\"display:none;\"><label class=\"wpforms-field-label wpforms-label-hide\" for=\"wpforms-2283-field_6\" aria-hidden=\"false\">Jak jste se dozv\u011bd\u011bli o slu\u017eb\u011b SportCoach+?<\/label><input type=\"text\" id=\"wpforms-2283-field_6\" class=\"wpforms-field-large\" name=\"wpforms[fields][6]\" placeholder=\"Uve\u010fte, pros\u00edm, jak jste se dozv\u011bd\u011bli o SportCoach+.\" aria-errormessage=\"wpforms-2283-field_6-error\" ><\/div><\/div><\/div><\/div><\/div><div id=\"wpforms-2283-field_8-container\" class=\"wpforms-field wpforms-field-radio wpforms-list-inline\" data-field-id=\"8\"><fieldset><legend class=\"wpforms-field-label\">Jazyk <span class=\"wpforms-required-label\" aria-hidden=\"true\">*<\/span><\/legend><ul id=\"wpforms-2283-field_8\" class=\"wpforms-field-required\"><li class=\"choice-8 depth-1\"><input type=\"radio\" id=\"wpforms-2283-field_8_8\" name=\"wpforms[fields][8]\" value=\"Arabic\" aria-errormessage=\"wpforms-2283-field_8_8-error\" required ><label class=\"wpforms-field-label-inline\" for=\"wpforms-2283-field_8_8\">Arabic<\/label><\/li><li class=\"choice-3 depth-1\"><input type=\"radio\" id=\"wpforms-2283-field_8_3\" name=\"wpforms[fields][8]\" value=\"Bulharsk\u00fd\" aria-errormessage=\"wpforms-2283-field_8_3-error\" required ><label class=\"wpforms-field-label-inline\" for=\"wpforms-2283-field_8_3\">Bulharsk\u00fd<\/label><\/li><li class=\"choice-6 depth-1\"><input type=\"radio\" id=\"wpforms-2283-field_8_6\" name=\"wpforms[fields][8]\" value=\"Czech\" aria-errormessage=\"wpforms-2283-field_8_6-error\" required ><label class=\"wpforms-field-label-inline\" for=\"wpforms-2283-field_8_6\">Czech<\/label><\/li><li class=\"choice-1 depth-1 wpforms-selected\"><input type=\"radio\" id=\"wpforms-2283-field_8_1\" name=\"wpforms[fields][8]\" value=\"Angli\u010dtina\" aria-errormessage=\"wpforms-2283-field_8_1-error\" required  checked='checked'><label class=\"wpforms-field-label-inline\" for=\"wpforms-2283-field_8_1\">Angli\u010dtina<\/label><\/li><li class=\"choice-12 depth-1\"><input type=\"radio\" id=\"wpforms-2283-field_8_12\" name=\"wpforms[fields][8]\" value=\"French\" aria-errormessage=\"wpforms-2283-field_8_12-error\" required ><label class=\"wpforms-field-label-inline\" for=\"wpforms-2283-field_8_12\">French<\/label><\/li><li class=\"choice-4 depth-1\"><input type=\"radio\" id=\"wpforms-2283-field_8_4\" name=\"wpforms[fields][8]\" value=\"N\u011bm\u010dina\" aria-errormessage=\"wpforms-2283-field_8_4-error\" required ><label class=\"wpforms-field-label-inline\" for=\"wpforms-2283-field_8_4\">N\u011bm\u010dina<\/label><\/li><li class=\"choice-7 depth-1\"><input type=\"radio\" id=\"wpforms-2283-field_8_7\" name=\"wpforms[fields][8]\" value=\"Polish\" aria-errormessage=\"wpforms-2283-field_8_7-error\" required ><label class=\"wpforms-field-label-inline\" for=\"wpforms-2283-field_8_7\">Polish<\/label><\/li><li class=\"choice-5 depth-1\"><input type=\"radio\" id=\"wpforms-2283-field_8_5\" name=\"wpforms[fields][8]\" value=\"Rumun\u0161tina\" aria-errormessage=\"wpforms-2283-field_8_5-error\" required ><label class=\"wpforms-field-label-inline\" for=\"wpforms-2283-field_8_5\">Rumun\u0161tina<\/label><\/li><li class=\"choice-10 depth-1\"><input type=\"radio\" id=\"wpforms-2283-field_8_10\" name=\"wpforms[fields][8]\" value=\"Spanish\" aria-errormessage=\"wpforms-2283-field_8_10-error\" required ><label class=\"wpforms-field-label-inline\" for=\"wpforms-2283-field_8_10\">Spanish<\/label><\/li><li class=\"choice-2 depth-1\"><input type=\"radio\" id=\"wpforms-2283-field_8_2\" name=\"wpforms[fields][8]\" value=\"Ukrajinsk\u00fd\" aria-errormessage=\"wpforms-2283-field_8_2-error\" required ><label class=\"wpforms-field-label-inline\" for=\"wpforms-2283-field_8_2\">Ukrajinsk\u00fd<\/label><\/li><li class=\"choice-11 depth-1\"><input type=\"radio\" id=\"wpforms-2283-field_8_11\" name=\"wpforms[fields][8]\" value=\"Russian\" aria-errormessage=\"wpforms-2283-field_8_11-error\" required ><label class=\"wpforms-field-label-inline\" for=\"wpforms-2283-field_8_11\">Russian<\/label><\/li><\/ul><\/fieldset><\/div><\/div><!-- .wpforms-field-container --><div class=\"wpforms-submit-container\" ><input type=\"hidden\" name=\"wpforms[id]\" value=\"2283\"><input type=\"hidden\" name=\"page_title\" value=\"\"><input type=\"hidden\" name=\"page_url\" value=\"https:\/\/www.sportcoachplus.org\/cs\/wp-json\/wp\/v2\/pages\/2431\"><button type=\"submit\" name=\"wpforms[submit]\" id=\"wpforms-submit-2283\" class=\"wpforms-submit\" data-alt-text=\"Stahov\u00e1n\u00ed...\" data-submit-text=\"St\u00e1hnout\" aria-live=\"assertive\" value=\"wpforms-submit\">St\u00e1hnout<\/button><\/div><\/form><\/div>  <!-- .wpforms-container -->","protected":false},"excerpt":{"rendered":"<p> [&#8230;]<\/p>\n<p><a class=\"btn btn-secondary understrap-read-more-link\" href=\"https:\/\/www.sportcoachplus.org\/cs\/prirucka-ke-stazeni\/\">\u010c\u00edst d\u00e1le&#8230;<span class=\"screen-reader-text\"> from P\u0159\u00edru\u010dka ke sta\u017een\u00ed<\/span><\/a><\/p>\n","protected":false},"author":8,"featured_media":0,"parent":0,"menu_order":0,"comment_status":"closed","ping_status":"closed","template":"page-templates\/no-title.php","meta":{"_acf_changed":false,"inline_featured_image":false,"_monsterinsights_skip_tracking":false,"_monsterinsights_sitenote_active":false,"_monsterinsights_sitenote_note":"","_monsterinsights_sitenote_category":0,"footnotes":""},"class_list":["post-2431","page","type-page","status-publish","hentry"],"acf":[],"yoast_head":"<!-- This site is optimized with the Yoast SEO plugin v27.4 - https:\/\/yoast.com\/product\/yoast-seo-wordpress\/ -->\n<title>P\u0159\u00edru\u010dka ke sta\u017een\u00ed - Sport Coach+<\/title>\n<meta name=\"robots\" content=\"index, follow, max-snippet:-1, max-image-preview:large, max-video-preview:-1\" \/>\n<link rel=\"canonical\" href=\"https:\/\/www.sportcoachplus.org\/cs\/prirucka-ke-stazeni\/\" \/>\n<meta property=\"og:locale\" content=\"cs_CZ\" \/>\n<meta property=\"og:type\" content=\"article\" \/>\n<meta property=\"og:title\" content=\"P\u0159\u00edru\u010dka ke sta\u017een\u00ed - Sport Coach+\" \/>\n<meta property=\"og:description\" content=\"[...]\u010c\u00edst d\u00e1le... from P\u0159\u00edru\u010dka ke sta\u017een\u00ed\" \/>\n<meta property=\"og:url\" content=\"https:\/\/www.sportcoachplus.org\/cs\/prirucka-ke-stazeni\/\" \/>\n<meta property=\"og:site_name\" content=\"Sport Coach+\" \/>\n<meta property=\"article:modified_time\" content=\"2024-11-29T12:15:05+00:00\" \/>\n<meta name=\"twitter:card\" content=\"summary_large_image\" \/>\n<script type=\"application\/ld+json\" class=\"yoast-schema-graph\">{\"@context\":\"https:\\\/\\\/schema.org\",\"@graph\":[{\"@type\":\"WebPage\",\"@id\":\"https:\\\/\\\/www.sportcoachplus.org\\\/cs\\\/prirucka-ke-stazeni\\\/\",\"url\":\"https:\\\/\\\/www.sportcoachplus.org\\\/cs\\\/prirucka-ke-stazeni\\\/\",\"name\":\"P\u0159\u00edru\u010dka ke sta\u017een\u00ed - Sport Coach+\",\"isPartOf\":{\"@id\":\"https:\\\/\\\/www.sportcoachplus.org\\\/cs\\\/#website\"},\"datePublished\":\"2024-10-21T11:05:26+00:00\",\"dateModified\":\"2024-11-29T12:15:05+00:00\",\"breadcrumb\":{\"@id\":\"https:\\\/\\\/www.sportcoachplus.org\\\/cs\\\/prirucka-ke-stazeni\\\/#breadcrumb\"},\"inLanguage\":\"cs\",\"potentialAction\":[{\"@type\":\"ReadAction\",\"target\":[\"https:\\\/\\\/www.sportcoachplus.org\\\/cs\\\/prirucka-ke-stazeni\\\/\"]}]},{\"@type\":\"BreadcrumbList\",\"@id\":\"https:\\\/\\\/www.sportcoachplus.org\\\/cs\\\/prirucka-ke-stazeni\\\/#breadcrumb\",\"itemListElement\":[{\"@type\":\"ListItem\",\"position\":1,\"name\":\"Home\",\"item\":\"https:\\\/\\\/www.sportcoachplus.org\\\/cs\\\/\"},{\"@type\":\"ListItem\",\"position\":2,\"name\":\"P\u0159\u00edru\u010dka ke sta\u017een\u00ed\"}]},{\"@type\":\"WebSite\",\"@id\":\"https:\\\/\\\/www.sportcoachplus.org\\\/cs\\\/#website\",\"url\":\"https:\\\/\\\/www.sportcoachplus.org\\\/cs\\\/\",\"name\":\"Sport Coach+\",\"description\":\"Bezpe\u010dn\u00fd a podp\u016frn\u00fd sport na podporu du\u0161evn\u00edho zdrav\u00ed mlad\u00fdch lid\u00ed posti\u017een\u00fdch vys\u00eddlen\u00edm\",\"publisher\":{\"@id\":\"https:\\\/\\\/www.sportcoachplus.org\\\/cs\\\/#organization\"},\"potentialAction\":[{\"@type\":\"SearchAction\",\"target\":{\"@type\":\"EntryPoint\",\"urlTemplate\":\"https:\\\/\\\/www.sportcoachplus.org\\\/cs\\\/?s={search_term_string}\"},\"query-input\":{\"@type\":\"PropertyValueSpecification\",\"valueRequired\":true,\"valueName\":\"search_term_string\"}}],\"inLanguage\":\"cs\"},{\"@type\":\"Organization\",\"@id\":\"https:\\\/\\\/www.sportcoachplus.org\\\/cs\\\/#organization\",\"name\":\"Sport Coach+\",\"url\":\"https:\\\/\\\/www.sportcoachplus.org\\\/cs\\\/\",\"logo\":{\"@type\":\"ImageObject\",\"inLanguage\":\"cs\",\"@id\":\"https:\\\/\\\/www.sportcoachplus.org\\\/cs\\\/#\\\/schema\\\/logo\\\/image\\\/\",\"url\":\"https:\\\/\\\/www.sportcoachplus.org\\\/wp-content\\\/uploads\\\/2024\\\/05\\\/SportCoach-logo.svg\",\"contentUrl\":\"https:\\\/\\\/www.sportcoachplus.org\\\/wp-content\\\/uploads\\\/2024\\\/05\\\/SportCoach-logo.svg\",\"width\":488,\"height\":194,\"caption\":\"Sport Coach+\"},\"image\":{\"@id\":\"https:\\\/\\\/www.sportcoachplus.org\\\/cs\\\/#\\\/schema\\\/logo\\\/image\\\/\"}}]}<\/script>\n<!-- \/ Yoast SEO plugin. -->","yoast_head_json":{"title":"P\u0159\u00edru\u010dka ke sta\u017een\u00ed - Sport Coach+","robots":{"index":"index","follow":"follow","max-snippet":"max-snippet:-1","max-image-preview":"max-image-preview:large","max-video-preview":"max-video-preview:-1"},"canonical":"https:\/\/www.sportcoachplus.org\/cs\/prirucka-ke-stazeni\/","og_locale":"cs_CZ","og_type":"article","og_title":"P\u0159\u00edru\u010dka ke sta\u017een\u00ed - Sport Coach+","og_description":"[...]\u010c\u00edst d\u00e1le... from P\u0159\u00edru\u010dka ke sta\u017een\u00ed","og_url":"https:\/\/www.sportcoachplus.org\/cs\/prirucka-ke-stazeni\/","og_site_name":"Sport Coach+","article_modified_time":"2024-11-29T12:15:05+00:00","twitter_card":"summary_large_image","schema":{"@context":"https:\/\/schema.org","@graph":[{"@type":"WebPage","@id":"https:\/\/www.sportcoachplus.org\/cs\/prirucka-ke-stazeni\/","url":"https:\/\/www.sportcoachplus.org\/cs\/prirucka-ke-stazeni\/","name":"P\u0159\u00edru\u010dka ke sta\u017een\u00ed - Sport Coach+","isPartOf":{"@id":"https:\/\/www.sportcoachplus.org\/cs\/#website"},"datePublished":"2024-10-21T11:05:26+00:00","dateModified":"2024-11-29T12:15:05+00:00","breadcrumb":{"@id":"https:\/\/www.sportcoachplus.org\/cs\/prirucka-ke-stazeni\/#breadcrumb"},"inLanguage":"cs","potentialAction":[{"@type":"ReadAction","target":["https:\/\/www.sportcoachplus.org\/cs\/prirucka-ke-stazeni\/"]}]},{"@type":"BreadcrumbList","@id":"https:\/\/www.sportcoachplus.org\/cs\/prirucka-ke-stazeni\/#breadcrumb","itemListElement":[{"@type":"ListItem","position":1,"name":"Home","item":"https:\/\/www.sportcoachplus.org\/cs\/"},{"@type":"ListItem","position":2,"name":"P\u0159\u00edru\u010dka ke sta\u017een\u00ed"}]},{"@type":"WebSite","@id":"https:\/\/www.sportcoachplus.org\/cs\/#website","url":"https:\/\/www.sportcoachplus.org\/cs\/","name":"Sport Coach+","description":"Bezpe\u010dn\u00fd a podp\u016frn\u00fd sport na podporu du\u0161evn\u00edho zdrav\u00ed mlad\u00fdch lid\u00ed posti\u017een\u00fdch vys\u00eddlen\u00edm","publisher":{"@id":"https:\/\/www.sportcoachplus.org\/cs\/#organization"},"potentialAction":[{"@type":"SearchAction","target":{"@type":"EntryPoint","urlTemplate":"https:\/\/www.sportcoachplus.org\/cs\/?s={search_term_string}"},"query-input":{"@type":"PropertyValueSpecification","valueRequired":true,"valueName":"search_term_string"}}],"inLanguage":"cs"},{"@type":"Organization","@id":"https:\/\/www.sportcoachplus.org\/cs\/#organization","name":"Sport Coach+","url":"https:\/\/www.sportcoachplus.org\/cs\/","logo":{"@type":"ImageObject","inLanguage":"cs","@id":"https:\/\/www.sportcoachplus.org\/cs\/#\/schema\/logo\/image\/","url":"https:\/\/www.sportcoachplus.org\/wp-content\/uploads\/2024\/05\/SportCoach-logo.svg","contentUrl":"https:\/\/www.sportcoachplus.org\/wp-content\/uploads\/2024\/05\/SportCoach-logo.svg","width":488,"height":194,"caption":"Sport Coach+"},"image":{"@id":"https:\/\/www.sportcoachplus.org\/cs\/#\/schema\/logo\/image\/"}}]}},"_links":{"self":[{"href":"https:\/\/www.sportcoachplus.org\/cs\/wp-json\/wp\/v2\/pages\/2431","targetHints":{"allow":["GET"]}}],"collection":[{"href":"https:\/\/www.sportcoachplus.org\/cs\/wp-json\/wp\/v2\/pages"}],"about":[{"href":"https:\/\/www.sportcoachplus.org\/cs\/wp-json\/wp\/v2\/types\/page"}],"author":[{"embeddable":true,"href":"https:\/\/www.sportcoachplus.org\/cs\/wp-json\/wp\/v2\/users\/8"}],"replies":[{"embeddable":true,"href":"https:\/\/www.sportcoachplus.org\/cs\/wp-json\/wp\/v2\/comments?post=2431"}],"version-history":[{"count":1,"href":"https:\/\/www.sportcoachplus.org\/cs\/wp-json\/wp\/v2\/pages\/2431\/revisions"}],"predecessor-version":[{"id":2432,"href":"https:\/\/www.sportcoachplus.org\/cs\/wp-json\/wp\/v2\/pages\/2431\/revisions\/2432"}],"wp:attachment":[{"href":"https:\/\/www.sportcoachplus.org\/cs\/wp-json\/wp\/v2\/media?parent=2431"}],"curies":[{"name":"wp","href":"https:\/\/api.w.org\/{rel}","templated":true}]}}