{"id":2369,"date":"2024-05-09T13:38:05","date_gmt":"2024-05-09T11:38:05","guid":{"rendered":"https:\/\/www.sportcoachplus.org\/casto-kladene-dotazy\/"},"modified":"2024-12-04T10:01:17","modified_gmt":"2024-12-04T09:01:17","slug":"casto-kladene-dotazy","status":"publish","type":"page","link":"https:\/\/www.sportcoachplus.org\/cs\/casto-kladene-dotazy\/","title":{"rendered":"\u010cASTO KLADEN\u00c9 DOTAZY"},"content":{"rendered":"\n<section id=\"general-questions\" class=\"wp-block-group mb-5\"><div class=\"wp-block-group__inner-container is-layout-constrained wp-block-group-is-layout-constrained\">\n<h3 class=\"wp-block-heading has-text-align-center\" style=\"text-transform:uppercase\">Obecn\u00e9 ot\u00e1zky<\/h3>\n\n\n\n<div class=\"wp-block-esab-accordion accordion-37374420 esab__head--border-bottom\" data-mode=\"global\"><div class=\"esab__container\" style=\"row-gap:10px;margin:0px 0px 0px 0px\">\n<div class=\"wp-block-esab-accordion-child\" style=\"border:0px solid #E0E0E0\"><div class=\"esab__head\" style=\"padding:10px 10px 10px 10px;background-color:transparent\" role=\"button\" aria-expanded=\"false\"><div class=\"esab__heading_txt\"><h4 class=\"esab__heading_tag\">Pro koho je Sport Coach+ ur\u010den?<\/h4><\/div><div class=\"esab__icon\"><div class=\"esab__collapse\"><svg version=\"1.2\" viewBox=\"0 0 24 24\" width=\"24\" height=\"24\"><path d=\"m11.3 3.6h1.4q0.2 0 0.2 0.1v16.6q0 0.1-0.2 0.1h-1.4q-0.2 0-0.2-0.2v-16.5q0-0.1 0.2-0.1z\"><\/path><path d=\"m4.1 11.1h15.8q0.2 0 0.2 0.2v1.4q0 0.2-0.2 0.2h-15.8q-0.2 0-0.2-0.2v-1.4q0-0.2 0.2-0.2z\"><\/path><\/svg><\/div><div class=\"esab__expand\"><svg version=\"1.2\" viewBox=\"0 0 24 24\" width=\"24\" height=\"24\"><path d=\"m3.4 11.1h17.2v1.8h-17.2z\"><\/path><\/svg><\/div><\/div><\/div><div class=\"esab__body\" style=\"border-top:1px solid #000000;padding:10px 10px 10px 10px;background-color:transparent\">\n<p>Program Sport Coach+ je ur\u010den sportovn\u00edm tren\u00e9r\u016fm a \u0161kolitel\u016fm tren\u00e9r\u016f, kte\u0159\u00ed pracuj\u00ed nebo pl\u00e1nuj\u00ed pracovat s mlad\u00fdmi lidmi ve v\u011bku 10-24 let v kontextu migrace, v\u010detn\u011b v\u0161ech pohlav\u00ed, kultur, n\u00e1bo\u017eenstv\u00ed a soci\u00e1ln\u00edch prost\u0159ed\u00ed, a kte\u0159\u00ed se setkali s p\u0159em\u00edst\u011bn\u00edm a\/nebo jin\u00fdmi formami nep\u0159\u00edzn\u011b osudu. Pat\u0159\u00ed sem ml\u00e1de\u017e z \u0159ad uprchl\u00edk\u016f nebo vnit\u0159n\u011b vys\u00eddlen\u00fdch osob, jako\u017e i mlad\u00ed lid\u00e9 z hostitelsk\u00fdch komunit. <\/p>\n<\/div><\/div>\n\n\n\n<div class=\"wp-block-esab-accordion-child\" style=\"border:0px solid #E0E0E0\"><div class=\"esab__head\" style=\"padding:10px 10px 10px 10px;background-color:transparent\" role=\"button\" aria-expanded=\"false\"><div class=\"esab__heading_txt\"><h4 class=\"esab__heading_tag\">Co najdu?<\/h4><\/div><div class=\"esab__icon\"><div class=\"esab__collapse\"><svg version=\"1.2\" viewBox=\"0 0 24 24\" width=\"24\" height=\"24\"><path d=\"m11.3 3.6h1.4q0.2 0 0.2 0.1v16.6q0 0.1-0.2 0.1h-1.4q-0.2 0-0.2-0.2v-16.5q0-0.1 0.2-0.1z\"><\/path><path d=\"m4.1 11.1h15.8q0.2 0 0.2 0.2v1.4q0 0.2-0.2 0.2h-15.8q-0.2 0-0.2-0.2v-1.4q0-0.2 0.2-0.2z\"><\/path><\/svg><\/div><div class=\"esab__expand\"><svg version=\"1.2\" viewBox=\"0 0 24 24\" width=\"24\" height=\"24\"><path d=\"m3.4 11.1h17.2v1.8h-17.2z\"><\/path><\/svg><\/div><\/div><\/div><div class=\"esab__body\" style=\"border-top:1px solid #000000;padding:10px 10px 10px 10px;background-color:transparent\">\n<p>Sportovn\u00ed tren\u00e9r+ obsahuje dva hlavn\u00ed typy zdroj\u016f:<\/p>\n\n\n\n<ul start=\"1\" class=\"wp-block-list\">\n<li><a href=\"https:\/\/www.sportcoachplus.org\/cs\/prirucka-sportovni-trener\/\" data-type=\"page\" data-id=\"188\">P\u0159\u00edru\u010dka<\/a> obsahuje informace a poznatky o p\u0159\u00ednosech a mo\u017en\u00fdch \u0161kod\u00e1ch sportu a o dopadu stresu na mlad\u00e9 hr\u00e1\u010de, kte\u0159\u00ed \u010del\u00ed vys\u00eddlen\u00ed. Poskytuje tak\u00e9 praktick\u00e9 pokyny, jak realizovat bezpe\u010dn\u00fd a podp\u016frn\u00fd sport. <br\/><\/li>\n\n\n\n<li>Na str\u00e1nce <a href=\"https:\/\/www.sportcoachplus.org\/cs\/zdroje\/\" data-type=\"page\" data-id=\"419\">Zdroje<\/a> naleznete voln\u011b p\u0159\u00edstupnou sb\u00edrku materi\u00e1l\u016f ur\u010den\u00fdch v\u0161em, kte\u0159\u00ed se sna\u017e\u00ed podporovat bezpe\u010dn\u00e9 a podp\u016frn\u00e9 sportovn\u00ed prost\u0159ed\u00ed. Str\u00e1nka nab\u00edz\u00ed praktick\u00e9 zdroje, v\u010detn\u011b vide\u00ed a dal\u0161\u00edho dostupn\u00e9ho obsahu zalo\u017een\u00e9ho na re\u00e1ln\u00e9 praxi. <\/li>\n<\/ul>\n<\/div><\/div>\n\n\n\n<div class=\"wp-block-esab-accordion-child\" style=\"border:0px solid #E0E0E0\"><div class=\"esab__head\" style=\"padding:10px 10px 10px 10px;background-color:transparent\" role=\"button\" aria-expanded=\"false\"><div class=\"esab__heading_txt\"><h4 class=\"esab__heading_tag\">Jak se mohu do iniciativy zapojit?<\/h4><\/div><div class=\"esab__icon\"><div class=\"esab__collapse\"><svg version=\"1.2\" viewBox=\"0 0 24 24\" width=\"24\" height=\"24\"><path d=\"m11.3 3.6h1.4q0.2 0 0.2 0.1v16.6q0 0.1-0.2 0.1h-1.4q-0.2 0-0.2-0.2v-16.5q0-0.1 0.2-0.1z\"><\/path><path d=\"m4.1 11.1h15.8q0.2 0 0.2 0.2v1.4q0 0.2-0.2 0.2h-15.8q-0.2 0-0.2-0.2v-1.4q0-0.2 0.2-0.2z\"><\/path><\/svg><\/div><div class=\"esab__expand\"><svg version=\"1.2\" viewBox=\"0 0 24 24\" width=\"24\" height=\"24\"><path d=\"m3.4 11.1h17.2v1.8h-17.2z\"><\/path><\/svg><\/div><\/div><\/div><div class=\"esab__body\" style=\"border-top:1px solid #000000;padding:10px 10px 10px 10px;background-color:transparent\">\n<p>Pokud se chcete zapojit do programu Sport Coach+, nev\u00e1hejte <a href=\"https:\/\/www.sportcoachplus.org\/cs\/pripojte-se-k-nam\/\" data-type=\"page\" data-id=\"58\">n\u00e1s kontaktovat<\/a>. Hled\u00e1me lidi, kte\u0159\u00ed n\u00e1m pomohou projekt roz\u0161\u00ed\u0159it. <\/p>\n<\/div><\/div>\n<\/div><\/div>\n<\/div><\/section>\n\n<section id=\"for-sport-coaches\" class=\"wp-block-group mb-5\"><div class=\"wp-block-group__inner-container is-layout-constrained wp-block-group-is-layout-constrained\">\n<h3 class=\"wp-block-heading has-text-align-center\" style=\"text-transform:uppercase\">Pro sportovn\u00ed tren\u00e9ry<\/h3>\n\n\n\n<div class=\"wp-block-esab-accordion accordion-bb8e445c esab__head--border-bottom\" data-mode=\"global\"><div class=\"esab__container\" style=\"row-gap:10px;margin:0px 0px 0px 0px\">\n<div class=\"wp-block-esab-accordion-child\" style=\"border:0px solid #E0E0E0\"><div class=\"esab__head\" style=\"padding:10px 10px 10px 10px;background-color:transparent\" role=\"button\" aria-expanded=\"false\"><div class=\"esab__heading_txt\"><h4 class=\"esab__heading_tag\">Kde se mohu sezn\u00e1mit s obsahem p\u0159\u00edru\u010dky?<\/h4><\/div><div class=\"esab__icon\"><div class=\"esab__collapse\"><svg version=\"1.2\" viewBox=\"0 0 24 24\" width=\"24\" height=\"24\"><path d=\"m11.3 3.6h1.4q0.2 0 0.2 0.1v16.6q0 0.1-0.2 0.1h-1.4q-0.2 0-0.2-0.2v-16.5q0-0.1 0.2-0.1z\"><\/path><path d=\"m4.1 11.1h15.8q0.2 0 0.2 0.2v1.4q0 0.2-0.2 0.2h-15.8q-0.2 0-0.2-0.2v-1.4q0-0.2 0.2-0.2z\"><\/path><\/svg><\/div><div class=\"esab__expand\"><svg version=\"1.2\" viewBox=\"0 0 24 24\" width=\"24\" height=\"24\"><path d=\"m3.4 11.1h17.2v1.8h-17.2z\"><\/path><\/svg><\/div><\/div><\/div><div class=\"esab__body\" style=\"border-top:1px solid #000000;padding:10px 10px 10px 10px;background-color:transparent\">\n<p>K obsahu p\u0159\u00edru\u010dky m\u016f\u017eete p\u0159istupovat dv\u011bma r\u016fzn\u00fdmi zp\u016fsoby:<\/p>\n\n\n\n<ul class=\"wp-block-list\">\n<li>K modelu p\u0159\u00edru\u010dky lze p\u0159istupovat interakc\u00ed s kolov\u00fdm diagramem na <a href=\"https:\/\/www.sportcoachplus.org\/cs\/prirucka-sportovni-trener\/\" data-type=\"page\" data-id=\"188\">str\u00e1nce p\u0159\u00edru\u010dky<\/a>.<br\/><\/li>\n\n\n\n<li>P\u0159\u00edru\u010dku si m\u016f\u017eete st\u00e1hnout tak\u00e9 jako jeden soubor PDF zde.<\/li>\n<\/ul>\n<\/div><\/div>\n\n\n\n<div class=\"wp-block-esab-accordion-child\" style=\"border:0px solid #E0E0E0\"><div class=\"esab__head\" style=\"padding:10px 10px 10px 10px;background-color:transparent\" role=\"button\" aria-expanded=\"false\"><div class=\"esab__heading_txt\"><h4 class=\"esab__heading_tag\">Jak\u00e9 znalosti bych m\u011bl m\u00edt p\u0159ed pou\u017eit\u00edm p\u0159\u00edru\u010dky?<\/h4><\/div><div class=\"esab__icon\"><div class=\"esab__collapse\"><svg version=\"1.2\" viewBox=\"0 0 24 24\" width=\"24\" height=\"24\"><path d=\"m11.3 3.6h1.4q0.2 0 0.2 0.1v16.6q0 0.1-0.2 0.1h-1.4q-0.2 0-0.2-0.2v-16.5q0-0.1 0.2-0.1z\"><\/path><path d=\"m4.1 11.1h15.8q0.2 0 0.2 0.2v1.4q0 0.2-0.2 0.2h-15.8q-0.2 0-0.2-0.2v-1.4q0-0.2 0.2-0.2z\"><\/path><\/svg><\/div><div class=\"esab__expand\"><svg version=\"1.2\" viewBox=\"0 0 24 24\" width=\"24\" height=\"24\"><path d=\"m3.4 11.1h17.2v1.8h-17.2z\"><\/path><\/svg><\/div><\/div><\/div><div class=\"esab__body\" style=\"border-top:1px solid #000000;padding:10px 10px 10px 10px;background-color:transparent\">\n<p>V\u00fdhodou jsou z\u00e1kladn\u00ed znalosti sportovn\u00ed psychologie a zku\u0161enosti s tr\u00e9nov\u00e1n\u00edm nebo \u00fa\u010dast\u00ed na sportovn\u00edch akc\u00edch.<\/p>\n\n\n\n<p>Znalost z\u00e1sad bezpe\u010dnosti, inkluze, d\u016fstojnosti, rozmanitosti a \u0159e\u0161en\u00ed konflikt\u016f ve sportovn\u00edm prost\u0159ed\u00ed pos\u00edl\u00ed praktick\u00e9 vyu\u017eit\u00ed zdroj\u016f p\u0159\u00edru\u010dky.<\/p>\n<\/div><\/div>\n<\/div><\/div>\n<\/div><\/section>\n\n<section id=\"for-trainers\" class=\"wp-block-group mb-5\"><div class=\"wp-block-group__inner-container is-layout-constrained wp-block-group-is-layout-constrained\">\n<h3 class=\"wp-block-heading has-text-align-center\" style=\"text-transform:uppercase\">Pro \u0161kolitele<\/h3>\n\n\n\n<div class=\"wp-block-esab-accordion accordion-3bdb9801 esab__head--border-bottom\" data-mode=\"global\"><div class=\"esab__container\" style=\"row-gap:10px;margin:0px 0px 0px 0px\">\n<div class=\"wp-block-esab-accordion-child\" style=\"border:0px solid #E0E0E0\"><div class=\"esab__head\" style=\"padding:10px 10px 10px 10px;background-color:transparent\" role=\"button\" aria-expanded=\"false\"><div class=\"esab__heading_txt\"><h4 class=\"esab__heading_tag\">Kdo jsou \u0161kolitel\u00e9?<\/h4><\/div><div class=\"esab__icon\"><div class=\"esab__collapse\"><svg version=\"1.2\" viewBox=\"0 0 24 24\" width=\"24\" height=\"24\"><path d=\"m11.3 3.6h1.4q0.2 0 0.2 0.1v16.6q0 0.1-0.2 0.1h-1.4q-0.2 0-0.2-0.2v-16.5q0-0.1 0.2-0.1z\"><\/path><path d=\"m4.1 11.1h15.8q0.2 0 0.2 0.2v1.4q0 0.2-0.2 0.2h-15.8q-0.2 0-0.2-0.2v-1.4q0-0.2 0.2-0.2z\"><\/path><\/svg><\/div><div class=\"esab__expand\"><svg version=\"1.2\" viewBox=\"0 0 24 24\" width=\"24\" height=\"24\"><path d=\"m3.4 11.1h17.2v1.8h-17.2z\"><\/path><\/svg><\/div><\/div><\/div><div class=\"esab__body\" style=\"border-top:1px solid #000000;padding:10px 10px 10px 10px;background-color:transparent\">\n<p>\u0160kolitel\u00e9 dob\u0159e znaj\u00ed pokyny a maj\u00ed zku\u0161enosti s veden\u00edm \u0161kolen\u00ed. Maj\u00ed znalosti jak v oblasti sportu, tak v oblasti du\u0161evn\u00edho zdrav\u00ed a psychosoci\u00e1ln\u00ed podpory (MHPSS), co\u017e zaji\u0161\u0165uje, \u017ee \u00fa\u010dastn\u00edci z\u00edskaj\u00ed praktick\u00e9 dovednosti a poznatky. \u0160kolitel\u00e9 vytv\u00e1\u0159ej\u00ed podp\u016frn\u00e9 prost\u0159ed\u00ed pro u\u010den\u00ed a pom\u00e1haj\u00ed \u00fa\u010dastn\u00edk\u016fm aplikovat tyto koncepty v re\u00e1ln\u00fdch situac\u00edch.  <\/p>\n<\/div><\/div>\n\n\n\n<div class=\"wp-block-esab-accordion-child\" style=\"border:0px solid #E0E0E0\"><div class=\"esab__head\" style=\"padding:10px 10px 10px 10px;background-color:transparent\" role=\"button\" aria-expanded=\"false\"><div class=\"esab__heading_txt\"><h4 class=\"esab__heading_tag\"><strong>Jak\u00e9 zdroje jsou k dispozici pro \u0161kolen\u00ed?<\/strong><\/h4><\/div><div class=\"esab__icon\"><div class=\"esab__collapse\"><svg version=\"1.2\" viewBox=\"0 0 24 24\" width=\"24\" height=\"24\"><path d=\"m11.3 3.6h1.4q0.2 0 0.2 0.1v16.6q0 0.1-0.2 0.1h-1.4q-0.2 0-0.2-0.2v-16.5q0-0.1 0.2-0.1z\"><\/path><path d=\"m4.1 11.1h15.8q0.2 0 0.2 0.2v1.4q0 0.2-0.2 0.2h-15.8q-0.2 0-0.2-0.2v-1.4q0-0.2 0.2-0.2z\"><\/path><\/svg><\/div><div class=\"esab__expand\"><svg version=\"1.2\" viewBox=\"0 0 24 24\" width=\"24\" height=\"24\"><path d=\"m3.4 11.1h17.2v1.8h-17.2z\"><\/path><\/svg><\/div><\/div><\/div><div class=\"esab__body\" style=\"border-top:1px solid #000000;padding:10px 10px 10px 10px;background-color:transparent\">\n<p>Existuj\u00ed 3 hlavn\u00ed typy \u0161kolic\u00edch zdroj\u016f:<\/p>\n\n\n\n<ul class=\"wp-block-list\">\n<li>P\u0159\u00edru\u010dka pro facilitaci jednodenn\u00edho \u0161kolen\u00ed SC+ pro sportovn\u00ed tren\u00e9ry, v\u010detn\u011b programu, materi\u00e1l\u016f, cvi\u010den\u00ed a tip\u016f pro facilitaci.<\/li>\n\n\n\n<li>\u0160kolen\u00ed \u0161kolitel\u016f je t\u0159\u00eddenn\u00ed \u0161kolen\u00ed, jeho\u017e c\u00edlem je p\u0159ipravit \u0161kolitele na to, aby byli schopni p\u0159ipravit a realizovat m\u00edstn\u011b kontextov\u00e1, aktivn\u00ed a z\u00e1\u017eitkov\u00e1 \u0161kolen\u00ed vhodn\u00e1 pro sportovn\u00ed tren\u00e9ry. K dispozici na vy\u017e\u00e1d\u00e1n\u00ed.   <\/li>\n<\/ul>\n<\/div><\/div>\n<\/div><\/div>\n<\/div><\/section>\n","protected":false},"excerpt":{"rendered":"<p>Obecn\u00e9 ot\u00e1zky Pro sportovn\u00ed tren\u00e9ry Pro \u0161kolitele [&#8230;]<\/p>\n<p><a class=\"btn btn-secondary understrap-read-more-link\" href=\"https:\/\/www.sportcoachplus.org\/cs\/casto-kladene-dotazy\/\">\u010c\u00edst d\u00e1le&#8230;<span class=\"screen-reader-text\"> from \u010cASTO KLADEN\u00c9 DOTAZY<\/span><\/a><\/p>\n","protected":false},"author":8,"featured_media":0,"parent":0,"menu_order":0,"comment_status":"closed","ping_status":"closed","template":"page-templates\/no-title.php","meta":{"_acf_changed":false,"inline_featured_image":false,"_monsterinsights_skip_tracking":false,"_monsterinsights_sitenote_active":false,"_monsterinsights_sitenote_note":"","_monsterinsights_sitenote_category":0,"footnotes":""},"class_list":["post-2369","page","type-page","status-publish","hentry"],"acf":[],"yoast_head":"<!-- This site is optimized with the Yoast SEO plugin v27.4 - https:\/\/yoast.com\/product\/yoast-seo-wordpress\/ -->\n<title>\u010cASTO KLADEN\u00c9 DOTAZY - Sport Coach+<\/title>\n<meta name=\"robots\" content=\"index, follow, max-snippet:-1, max-image-preview:large, max-video-preview:-1\" \/>\n<link rel=\"canonical\" href=\"https:\/\/www.sportcoachplus.org\/cs\/casto-kladene-dotazy\/\" \/>\n<meta property=\"og:locale\" content=\"cs_CZ\" \/>\n<meta property=\"og:type\" content=\"article\" \/>\n<meta property=\"og:title\" content=\"\u010cASTO KLADEN\u00c9 DOTAZY - Sport Coach+\" \/>\n<meta property=\"og:description\" content=\"Obecn\u00e9 ot\u00e1zky Pro sportovn\u00ed tren\u00e9ry Pro \u0161kolitele [...]\u010c\u00edst d\u00e1le... from \u010cASTO KLADEN\u00c9 DOTAZY\" \/>\n<meta property=\"og:url\" content=\"https:\/\/www.sportcoachplus.org\/cs\/casto-kladene-dotazy\/\" \/>\n<meta property=\"og:site_name\" content=\"Sport Coach+\" \/>\n<meta property=\"article:modified_time\" content=\"2024-12-04T09:01:17+00:00\" \/>\n<meta name=\"twitter:card\" content=\"summary_large_image\" \/>\n<meta name=\"twitter:label1\" content=\"Odhadovan\u00e1 doba \u010dten\u00ed\" \/>\n\t<meta name=\"twitter:data1\" content=\"3 minuty\" \/>\n<script type=\"application\/ld+json\" class=\"yoast-schema-graph\">{\"@context\":\"https:\\\/\\\/schema.org\",\"@graph\":[{\"@type\":\"WebPage\",\"@id\":\"https:\\\/\\\/www.sportcoachplus.org\\\/cs\\\/casto-kladene-dotazy\\\/\",\"url\":\"https:\\\/\\\/www.sportcoachplus.org\\\/cs\\\/casto-kladene-dotazy\\\/\",\"name\":\"\u010cASTO KLADEN\u00c9 DOTAZY - Sport Coach+\",\"isPartOf\":{\"@id\":\"https:\\\/\\\/www.sportcoachplus.org\\\/cs\\\/#website\"},\"datePublished\":\"2024-05-09T11:38:05+00:00\",\"dateModified\":\"2024-12-04T09:01:17+00:00\",\"breadcrumb\":{\"@id\":\"https:\\\/\\\/www.sportcoachplus.org\\\/cs\\\/casto-kladene-dotazy\\\/#breadcrumb\"},\"inLanguage\":\"cs\",\"potentialAction\":[{\"@type\":\"ReadAction\",\"target\":[\"https:\\\/\\\/www.sportcoachplus.org\\\/cs\\\/casto-kladene-dotazy\\\/\"]}]},{\"@type\":\"BreadcrumbList\",\"@id\":\"https:\\\/\\\/www.sportcoachplus.org\\\/cs\\\/casto-kladene-dotazy\\\/#breadcrumb\",\"itemListElement\":[{\"@type\":\"ListItem\",\"position\":1,\"name\":\"Home\",\"item\":\"https:\\\/\\\/www.sportcoachplus.org\\\/cs\\\/\"},{\"@type\":\"ListItem\",\"position\":2,\"name\":\"\u010cASTO KLADEN\u00c9 DOTAZY\"}]},{\"@type\":\"WebSite\",\"@id\":\"https:\\\/\\\/www.sportcoachplus.org\\\/cs\\\/#website\",\"url\":\"https:\\\/\\\/www.sportcoachplus.org\\\/cs\\\/\",\"name\":\"Sport Coach+\",\"description\":\"Bezpe\u010dn\u00fd a podp\u016frn\u00fd sport na podporu du\u0161evn\u00edho zdrav\u00ed mlad\u00fdch lid\u00ed posti\u017een\u00fdch vys\u00eddlen\u00edm\",\"publisher\":{\"@id\":\"https:\\\/\\\/www.sportcoachplus.org\\\/cs\\\/#organization\"},\"potentialAction\":[{\"@type\":\"SearchAction\",\"target\":{\"@type\":\"EntryPoint\",\"urlTemplate\":\"https:\\\/\\\/www.sportcoachplus.org\\\/cs\\\/?s={search_term_string}\"},\"query-input\":{\"@type\":\"PropertyValueSpecification\",\"valueRequired\":true,\"valueName\":\"search_term_string\"}}],\"inLanguage\":\"cs\"},{\"@type\":\"Organization\",\"@id\":\"https:\\\/\\\/www.sportcoachplus.org\\\/cs\\\/#organization\",\"name\":\"Sport Coach+\",\"url\":\"https:\\\/\\\/www.sportcoachplus.org\\\/cs\\\/\",\"logo\":{\"@type\":\"ImageObject\",\"inLanguage\":\"cs\",\"@id\":\"https:\\\/\\\/www.sportcoachplus.org\\\/cs\\\/#\\\/schema\\\/logo\\\/image\\\/\",\"url\":\"https:\\\/\\\/www.sportcoachplus.org\\\/wp-content\\\/uploads\\\/2024\\\/05\\\/SportCoach-logo.svg\",\"contentUrl\":\"https:\\\/\\\/www.sportcoachplus.org\\\/wp-content\\\/uploads\\\/2024\\\/05\\\/SportCoach-logo.svg\",\"width\":488,\"height\":194,\"caption\":\"Sport Coach+\"},\"image\":{\"@id\":\"https:\\\/\\\/www.sportcoachplus.org\\\/cs\\\/#\\\/schema\\\/logo\\\/image\\\/\"}}]}<\/script>\n<!-- \/ Yoast SEO plugin. -->","yoast_head_json":{"title":"\u010cASTO KLADEN\u00c9 DOTAZY - Sport Coach+","robots":{"index":"index","follow":"follow","max-snippet":"max-snippet:-1","max-image-preview":"max-image-preview:large","max-video-preview":"max-video-preview:-1"},"canonical":"https:\/\/www.sportcoachplus.org\/cs\/casto-kladene-dotazy\/","og_locale":"cs_CZ","og_type":"article","og_title":"\u010cASTO KLADEN\u00c9 DOTAZY - Sport Coach+","og_description":"Obecn\u00e9 ot\u00e1zky Pro sportovn\u00ed tren\u00e9ry Pro \u0161kolitele [...]\u010c\u00edst d\u00e1le... from \u010cASTO KLADEN\u00c9 DOTAZY","og_url":"https:\/\/www.sportcoachplus.org\/cs\/casto-kladene-dotazy\/","og_site_name":"Sport Coach+","article_modified_time":"2024-12-04T09:01:17+00:00","twitter_card":"summary_large_image","twitter_misc":{"Odhadovan\u00e1 doba \u010dten\u00ed":"3 minuty"},"schema":{"@context":"https:\/\/schema.org","@graph":[{"@type":"WebPage","@id":"https:\/\/www.sportcoachplus.org\/cs\/casto-kladene-dotazy\/","url":"https:\/\/www.sportcoachplus.org\/cs\/casto-kladene-dotazy\/","name":"\u010cASTO KLADEN\u00c9 DOTAZY - Sport Coach+","isPartOf":{"@id":"https:\/\/www.sportcoachplus.org\/cs\/#website"},"datePublished":"2024-05-09T11:38:05+00:00","dateModified":"2024-12-04T09:01:17+00:00","breadcrumb":{"@id":"https:\/\/www.sportcoachplus.org\/cs\/casto-kladene-dotazy\/#breadcrumb"},"inLanguage":"cs","potentialAction":[{"@type":"ReadAction","target":["https:\/\/www.sportcoachplus.org\/cs\/casto-kladene-dotazy\/"]}]},{"@type":"BreadcrumbList","@id":"https:\/\/www.sportcoachplus.org\/cs\/casto-kladene-dotazy\/#breadcrumb","itemListElement":[{"@type":"ListItem","position":1,"name":"Home","item":"https:\/\/www.sportcoachplus.org\/cs\/"},{"@type":"ListItem","position":2,"name":"\u010cASTO KLADEN\u00c9 DOTAZY"}]},{"@type":"WebSite","@id":"https:\/\/www.sportcoachplus.org\/cs\/#website","url":"https:\/\/www.sportcoachplus.org\/cs\/","name":"Sport Coach+","description":"Bezpe\u010dn\u00fd a podp\u016frn\u00fd sport na podporu du\u0161evn\u00edho zdrav\u00ed mlad\u00fdch lid\u00ed posti\u017een\u00fdch vys\u00eddlen\u00edm","publisher":{"@id":"https:\/\/www.sportcoachplus.org\/cs\/#organization"},"potentialAction":[{"@type":"SearchAction","target":{"@type":"EntryPoint","urlTemplate":"https:\/\/www.sportcoachplus.org\/cs\/?s={search_term_string}"},"query-input":{"@type":"PropertyValueSpecification","valueRequired":true,"valueName":"search_term_string"}}],"inLanguage":"cs"},{"@type":"Organization","@id":"https:\/\/www.sportcoachplus.org\/cs\/#organization","name":"Sport Coach+","url":"https:\/\/www.sportcoachplus.org\/cs\/","logo":{"@type":"ImageObject","inLanguage":"cs","@id":"https:\/\/www.sportcoachplus.org\/cs\/#\/schema\/logo\/image\/","url":"https:\/\/www.sportcoachplus.org\/wp-content\/uploads\/2024\/05\/SportCoach-logo.svg","contentUrl":"https:\/\/www.sportcoachplus.org\/wp-content\/uploads\/2024\/05\/SportCoach-logo.svg","width":488,"height":194,"caption":"Sport Coach+"},"image":{"@id":"https:\/\/www.sportcoachplus.org\/cs\/#\/schema\/logo\/image\/"}}]}},"_links":{"self":[{"href":"https:\/\/www.sportcoachplus.org\/cs\/wp-json\/wp\/v2\/pages\/2369","targetHints":{"allow":["GET"]}}],"collection":[{"href":"https:\/\/www.sportcoachplus.org\/cs\/wp-json\/wp\/v2\/pages"}],"about":[{"href":"https:\/\/www.sportcoachplus.org\/cs\/wp-json\/wp\/v2\/types\/page"}],"author":[{"embeddable":true,"href":"https:\/\/www.sportcoachplus.org\/cs\/wp-json\/wp\/v2\/users\/8"}],"replies":[{"embeddable":true,"href":"https:\/\/www.sportcoachplus.org\/cs\/wp-json\/wp\/v2\/comments?post=2369"}],"version-history":[{"count":3,"href":"https:\/\/www.sportcoachplus.org\/cs\/wp-json\/wp\/v2\/pages\/2369\/revisions"}],"predecessor-version":[{"id":2682,"href":"https:\/\/www.sportcoachplus.org\/cs\/wp-json\/wp\/v2\/pages\/2369\/revisions\/2682"}],"wp:attachment":[{"href":"https:\/\/www.sportcoachplus.org\/cs\/wp-json\/wp\/v2\/media?parent=2369"}],"curies":[{"name":"wp","href":"https:\/\/api.w.org\/{rel}","templated":true}]}}