{"id":2356,"date":"2024-05-02T10:24:37","date_gmt":"2024-05-02T08:24:37","guid":{"rendered":"https:\/\/www.sportcoachplus.org\/home\/"},"modified":"2025-01-10T10:33:02","modified_gmt":"2025-01-10T09:33:02","slug":"home","status":"publish","type":"page","link":"https:\/\/www.sportcoachplus.org\/cs\/","title":{"rendered":"Home"},"content":{"rendered":"\n<section id=\"who-is-this-program-for\" class=\"wp-block-group mb-5\"><div class=\"wp-block-group__inner-container is-layout-constrained wp-block-group-is-layout-constrained\">\n<h2 class=\"wp-block-heading\">Pro koho je ur\u010dena str\u00e1nka Sport Coach+?<\/h2>\n\n\n\n<div class=\"wp-block-columns is-layout-flex wp-container-core-columns-is-layout-9d6595d7 wp-block-columns-is-layout-flex\">\n<div class=\"wp-block-column is-layout-flow wp-block-column-is-layout-flow\" style=\"flex-basis:50%\">\n<div class=\"wp-block-group box has-background\" style=\"background-color:#e9ecef\"><div class=\"wp-block-group__inner-container is-layout-constrained wp-block-group-is-layout-constrained\">\n<h3 class=\"wp-block-heading\">Jste sportovn\u00ed tren\u00e9r?<\/h3>\n\n\n\n<ul class=\"wp-block-list\">\n<li>Prozkoumejte <a href=\"https:\/\/www.sportcoachplus.org\/cs\/prirucka-sportovni-trener\/\" data-type=\"page\" data-id=\"188\">p\u0159\u00edru\u010dku<\/a>, abyste pos\u00edlili sv\u00e1 sezen\u00ed.<\/li>\n\n\n\n<li>Prohl\u00e9dn\u011bte si na\u0161i str\u00e1nku s voln\u011b p\u0159\u00edstupn\u00fdmi <a href=\"https:\/\/www.sportcoachplus.org\/cs\/zdroje\/\" data-type=\"page\" data-id=\"419\">zdroji<\/a>.<\/li>\n\n\n\n<li>Ulo\u017ete si hlavn\u00ed obsah str\u00e1nky Sport Coach+ a pomoc\u00ed <a href=\"https:\/\/www.sportcoachplus.org\/cs\/vase-polozky-v-zalozkach\/\" data-type=\"page\" data-id=\"667\">z\u00e1lo\u017eek<\/a> se k n\u011bmu snadno znovu dostanete.<\/li>\n<\/ul>\n<\/div><\/div>\n<\/div>\n\n\n\n<div class=\"wp-block-column is-layout-flow wp-block-column-is-layout-flow\" style=\"flex-basis:50%\">\n<div class=\"wp-block-esab-accordion accordion-a3f4fbb7\" data-mode=\"global\"><div class=\"esab__container\">\n<div class=\"wp-block-esab-accordion-child bs__one\"><div class=\"esab__head\" role=\"button\" aria-expanded=\"false\"><div class=\"esab__heading_txt\"><h3 class=\"esab__heading_tag\">Poskytujete \u0161kolen\u00ed pro sportovn\u00ed tren\u00e9ry?<\/h3><\/div><div class=\"esab__icon\"><div class=\"esab__collapse\"><svg version=\"1.1\" id=\"Layer_1\" x=\"0px\" y=\"0px\" viewBox=\"0 0 512 512\"><path d=\"M505.752,123.582c-8.331-8.331-21.839-8.331-30.17,0L256,343.163L36.418,123.582c-8.331-8.331-21.839-8.331-30.17,0 s-8.331,21.839,0,30.17l234.667,234.667c8.331,8.331,21.839,8.331,30.17,0l234.667-234.667 C514.083,145.42,514.083,131.913,505.752,123.582z\"><\/path><\/svg><\/div><div class=\"esab__expand\"><svg version=\"1.1\" id=\"Capa_1\" x=\"0px\" y=\"0px\" viewBox=\"0 0 47.255 47.255\"><path d=\"M46.255,35.941c-0.256,0-0.512-0.098-0.707-0.293l-21.921-21.92l-21.92,21.92c-0.391,0.391-1.023,0.391-1.414,0 c-0.391-0.391-0.391-1.023,0-1.414L22.92,11.607c0.391-0.391,1.023-0.391,1.414,0l22.627,22.627c0.391,0.391,0.391,1.023,0,1.414 C46.767,35.844,46.511,35.941,46.255,35.941z\"><\/path><\/svg><\/div><\/div><\/div><div class=\"esab__body\">\n<ul class=\"wp-block-list\">\n<li>P\u0159\u00edstup ke <a href=\"https:\/\/www.sportcoachplus.org\/cs\/zdroje\/\" data-type=\"page\" data-id=\"419\">\u0161kolen\u00ed dovednost\u00ed<\/a> Sport Coach+ na podporu sportovn\u00edch tren\u00e9r\u016f.<\/li>\n<\/ul>\n<\/div><\/div>\n\n\n\n<div class=\"wp-block-esab-accordion-child bs__one\"><div class=\"esab__head\" role=\"button\" aria-expanded=\"false\"><div class=\"esab__heading_txt\"><h3 class=\"esab__heading_tag\">Jste koordin\u00e1torem sportovn\u00edch program\u016f?<\/h3><\/div><div class=\"esab__icon\"><div class=\"esab__collapse\"><svg version=\"1.1\" id=\"Layer_1\" x=\"0px\" y=\"0px\" viewBox=\"0 0 512 512\"><path d=\"M505.752,123.582c-8.331-8.331-21.839-8.331-30.17,0L256,343.163L36.418,123.582c-8.331-8.331-21.839-8.331-30.17,0 s-8.331,21.839,0,30.17l234.667,234.667c8.331,8.331,21.839,8.331,30.17,0l234.667-234.667 C514.083,145.42,514.083,131.913,505.752,123.582z\"><\/path><\/svg><\/div><div class=\"esab__expand\"><svg version=\"1.1\" id=\"Capa_1\" x=\"0px\" y=\"0px\" viewBox=\"0 0 47.255 47.255\"><path d=\"M46.255,35.941c-0.256,0-0.512-0.098-0.707-0.293l-21.921-21.92l-21.92,21.92c-0.391,0.391-1.023,0.391-1.414,0 c-0.391-0.391-0.391-1.023,0-1.414L22.92,11.607c0.391-0.391,1.023-0.391,1.414,0l22.627,22.627c0.391,0.391,0.391,1.023,0,1.414 C46.767,35.844,46.511,35.941,46.255,35.941z\"><\/path><\/svg><\/div><\/div><\/div><div class=\"esab__body\">\n<ul class=\"wp-block-list\">\n<li><a href=\"https:\/\/www.sportcoachplus.org\/cs\/pripojte-se-k-nam\/\" data-type=\"page\" data-id=\"58\">Kontaktujte n\u00e1s,<\/a> abyste mohli pozitivn\u011b ovlivnit svou komunitu.  <\/li>\n<\/ul>\n<\/div><\/div>\n\n\n\n<div class=\"wp-block-esab-accordion-child bs__one\"><div class=\"esab__head\" role=\"button\" aria-expanded=\"false\"><div class=\"esab__heading_txt\"><h3 class=\"esab__heading_tag\">Pracujete v oblasti du\u0161evn\u00edho zdrav\u00ed a psychosoci\u00e1ln\u00ed podpory mlad\u00fdch lid\u00ed?<\/h3><\/div><div class=\"esab__icon\"><div class=\"esab__collapse\"><svg version=\"1.1\" id=\"Layer_1\" x=\"0px\" y=\"0px\" viewBox=\"0 0 512 512\"><path d=\"M505.752,123.582c-8.331-8.331-21.839-8.331-30.17,0L256,343.163L36.418,123.582c-8.331-8.331-21.839-8.331-30.17,0 s-8.331,21.839,0,30.17l234.667,234.667c8.331,8.331,21.839,8.331,30.17,0l234.667-234.667 C514.083,145.42,514.083,131.913,505.752,123.582z\"><\/path><\/svg><\/div><div class=\"esab__expand\"><svg version=\"1.1\" id=\"Capa_1\" x=\"0px\" y=\"0px\" viewBox=\"0 0 47.255 47.255\"><path d=\"M46.255,35.941c-0.256,0-0.512-0.098-0.707-0.293l-21.921-21.92l-21.92,21.92c-0.391,0.391-1.023,0.391-1.414,0 c-0.391-0.391-0.391-1.023,0-1.414L22.92,11.607c0.391-0.391,1.023-0.391,1.414,0l22.627,22.627c0.391,0.391,0.391,1.023,0,1.414 C46.767,35.844,46.511,35.941,46.255,35.941z\"><\/path><\/svg><\/div><\/div><\/div><div class=\"esab__body\">\n<ul class=\"wp-block-list\">\n<li>Dal\u0161\u00ed informace o na\u0161\u00ed <a href=\"https:\/\/www.sportcoachplus.org\/cs\/co-je-sport-coach\/\" data-type=\"page\" data-id=\"34\">iniciativ\u011b<\/a>.<\/li>\n\n\n\n<li>Prozkoumejte tuto <a href=\"https:\/\/www.sportcoachplus.org\/cs\/prirucka-sportovni-trener\/\" data-type=\"page\" data-id=\"188\">p\u0159\u00edru\u010dku<\/a>, abyste l\u00e9pe porozum\u011bli probl\u00e9m\u016fm, kter\u00fdm \u010del\u00ed mlad\u00ed lid\u00e9, kte\u0159\u00ed za\u017e\u00edvaj\u00ed vys\u00eddlen\u00ed, a jak jim sport m\u016f\u017ee pomoci.<\/li>\n<\/ul>\n<\/div><\/div>\n<\/div><\/div>\n<\/div>\n<\/div>\n<\/div><\/section>\n\n<p><\/p>\n","protected":false},"excerpt":{"rendered":"<p>Pro koho je ur\u010dena str\u00e1nka Sport Coach+? Jste sportovn\u00ed tren\u00e9r? [&#8230;]<\/p>\n<p><a class=\"btn btn-secondary understrap-read-more-link\" href=\"https:\/\/www.sportcoachplus.org\/cs\/\">\u010c\u00edst d\u00e1le&#8230;<span class=\"screen-reader-text\"> from Home<\/span><\/a><\/p>\n","protected":false},"author":8,"featured_media":1522,"parent":0,"menu_order":0,"comment_status":"closed","ping_status":"closed","template":"","meta":{"_acf_changed":false,"inline_featured_image":false,"_monsterinsights_skip_tracking":false,"_monsterinsights_sitenote_active":false,"_monsterinsights_sitenote_note":"","_monsterinsights_sitenote_category":0,"footnotes":""},"class_list":["post-2356","page","type-page","status-publish","has-post-thumbnail","hentry"],"acf":[],"yoast_head":"<!-- This site is optimized with the Yoast SEO plugin v27.4 - https:\/\/yoast.com\/product\/yoast-seo-wordpress\/ -->\n<title>Home - Sport Coach+<\/title>\n<meta name=\"robots\" content=\"index, follow, max-snippet:-1, max-image-preview:large, max-video-preview:-1\" \/>\n<link rel=\"canonical\" href=\"https:\/\/www.sportcoachplus.org\/cs\/\" \/>\n<meta property=\"og:locale\" content=\"cs_CZ\" \/>\n<meta property=\"og:type\" content=\"article\" \/>\n<meta property=\"og:title\" content=\"Home - Sport Coach+\" \/>\n<meta property=\"og:description\" content=\"Pro koho je ur\u010dena str\u00e1nka Sport Coach+? Jste sportovn\u00ed tren\u00e9r? [...]\u010c\u00edst d\u00e1le... from Home\" \/>\n<meta property=\"og:url\" content=\"https:\/\/www.sportcoachplus.org\/cs\/\" \/>\n<meta property=\"og:site_name\" content=\"Sport Coach+\" \/>\n<meta property=\"article:modified_time\" content=\"2025-01-10T09:33:02+00:00\" \/>\n<meta property=\"og:image\" content=\"https:\/\/www.sportcoachplus.org\/wp-content\/uploads\/2024\/05\/hero-homepage.jpg\" \/>\n\t<meta property=\"og:image:width\" content=\"2048\" \/>\n\t<meta property=\"og:image:height\" content=\"1366\" \/>\n\t<meta property=\"og:image:type\" content=\"image\/jpeg\" \/>\n<meta name=\"twitter:card\" content=\"summary_large_image\" \/>\n<meta name=\"twitter:label1\" content=\"Odhadovan\u00e1 doba \u010dten\u00ed\" \/>\n\t<meta name=\"twitter:data1\" content=\"1 minuta\" \/>\n<script type=\"application\/ld+json\" class=\"yoast-schema-graph\">{\"@context\":\"https:\\\/\\\/schema.org\",\"@graph\":[{\"@type\":\"WebPage\",\"@id\":\"https:\\\/\\\/www.sportcoachplus.org\\\/cs\\\/\",\"url\":\"https:\\\/\\\/www.sportcoachplus.org\\\/cs\\\/\",\"name\":\"Home - Sport Coach+\",\"isPartOf\":{\"@id\":\"https:\\\/\\\/www.sportcoachplus.org\\\/cs\\\/#website\"},\"primaryImageOfPage\":{\"@id\":\"https:\\\/\\\/www.sportcoachplus.org\\\/cs\\\/#primaryimage\"},\"image\":{\"@id\":\"https:\\\/\\\/www.sportcoachplus.org\\\/cs\\\/#primaryimage\"},\"thumbnailUrl\":\"https:\\\/\\\/www.sportcoachplus.org\\\/wp-content\\\/uploads\\\/2024\\\/05\\\/hero-homepage.jpg\",\"datePublished\":\"2024-05-02T08:24:37+00:00\",\"dateModified\":\"2025-01-10T09:33:02+00:00\",\"breadcrumb\":{\"@id\":\"https:\\\/\\\/www.sportcoachplus.org\\\/cs\\\/#breadcrumb\"},\"inLanguage\":\"cs\",\"potentialAction\":[{\"@type\":\"ReadAction\",\"target\":[\"https:\\\/\\\/www.sportcoachplus.org\\\/cs\\\/\"]}]},{\"@type\":\"ImageObject\",\"inLanguage\":\"cs\",\"@id\":\"https:\\\/\\\/www.sportcoachplus.org\\\/cs\\\/#primaryimage\",\"url\":\"https:\\\/\\\/www.sportcoachplus.org\\\/wp-content\\\/uploads\\\/2024\\\/05\\\/hero-homepage.jpg\",\"contentUrl\":\"https:\\\/\\\/www.sportcoachplus.org\\\/wp-content\\\/uploads\\\/2024\\\/05\\\/hero-homepage.jpg\",\"width\":2048,\"height\":1366},{\"@type\":\"BreadcrumbList\",\"@id\":\"https:\\\/\\\/www.sportcoachplus.org\\\/cs\\\/#breadcrumb\",\"itemListElement\":[{\"@type\":\"ListItem\",\"position\":1,\"name\":\"Home\",\"item\":\"https:\\\/\\\/www.sportcoachplus.org\\\/cs\\\/\"},{\"@type\":\"ListItem\",\"position\":2,\"name\":\"Home\"}]},{\"@type\":\"WebSite\",\"@id\":\"https:\\\/\\\/www.sportcoachplus.org\\\/cs\\\/#website\",\"url\":\"https:\\\/\\\/www.sportcoachplus.org\\\/cs\\\/\",\"name\":\"Sport Coach+\",\"description\":\"Bezpe\u010dn\u00fd a podp\u016frn\u00fd sport na podporu du\u0161evn\u00edho zdrav\u00ed mlad\u00fdch lid\u00ed posti\u017een\u00fdch vys\u00eddlen\u00edm\",\"publisher\":{\"@id\":\"https:\\\/\\\/www.sportcoachplus.org\\\/cs\\\/#organization\"},\"potentialAction\":[{\"@type\":\"SearchAction\",\"target\":{\"@type\":\"EntryPoint\",\"urlTemplate\":\"https:\\\/\\\/www.sportcoachplus.org\\\/cs\\\/?s={search_term_string}\"},\"query-input\":{\"@type\":\"PropertyValueSpecification\",\"valueRequired\":true,\"valueName\":\"search_term_string\"}}],\"inLanguage\":\"cs\"},{\"@type\":\"Organization\",\"@id\":\"https:\\\/\\\/www.sportcoachplus.org\\\/cs\\\/#organization\",\"name\":\"Sport Coach+\",\"url\":\"https:\\\/\\\/www.sportcoachplus.org\\\/cs\\\/\",\"logo\":{\"@type\":\"ImageObject\",\"inLanguage\":\"cs\",\"@id\":\"https:\\\/\\\/www.sportcoachplus.org\\\/cs\\\/#\\\/schema\\\/logo\\\/image\\\/\",\"url\":\"https:\\\/\\\/www.sportcoachplus.org\\\/wp-content\\\/uploads\\\/2024\\\/05\\\/SportCoach-logo.svg\",\"contentUrl\":\"https:\\\/\\\/www.sportcoachplus.org\\\/wp-content\\\/uploads\\\/2024\\\/05\\\/SportCoach-logo.svg\",\"width\":488,\"height\":194,\"caption\":\"Sport Coach+\"},\"image\":{\"@id\":\"https:\\\/\\\/www.sportcoachplus.org\\\/cs\\\/#\\\/schema\\\/logo\\\/image\\\/\"}}]}<\/script>\n<!-- \/ Yoast SEO plugin. -->","yoast_head_json":{"title":"Home - Sport Coach+","robots":{"index":"index","follow":"follow","max-snippet":"max-snippet:-1","max-image-preview":"max-image-preview:large","max-video-preview":"max-video-preview:-1"},"canonical":"https:\/\/www.sportcoachplus.org\/cs\/","og_locale":"cs_CZ","og_type":"article","og_title":"Home - Sport Coach+","og_description":"Pro koho je ur\u010dena str\u00e1nka Sport Coach+? Jste sportovn\u00ed tren\u00e9r? [...]\u010c\u00edst d\u00e1le... from Home","og_url":"https:\/\/www.sportcoachplus.org\/cs\/","og_site_name":"Sport Coach+","article_modified_time":"2025-01-10T09:33:02+00:00","og_image":[{"width":2048,"height":1366,"url":"https:\/\/www.sportcoachplus.org\/wp-content\/uploads\/2024\/05\/hero-homepage.jpg","type":"image\/jpeg"}],"twitter_card":"summary_large_image","twitter_misc":{"Odhadovan\u00e1 doba \u010dten\u00ed":"1 minuta"},"schema":{"@context":"https:\/\/schema.org","@graph":[{"@type":"WebPage","@id":"https:\/\/www.sportcoachplus.org\/cs\/","url":"https:\/\/www.sportcoachplus.org\/cs\/","name":"Home - Sport Coach+","isPartOf":{"@id":"https:\/\/www.sportcoachplus.org\/cs\/#website"},"primaryImageOfPage":{"@id":"https:\/\/www.sportcoachplus.org\/cs\/#primaryimage"},"image":{"@id":"https:\/\/www.sportcoachplus.org\/cs\/#primaryimage"},"thumbnailUrl":"https:\/\/www.sportcoachplus.org\/wp-content\/uploads\/2024\/05\/hero-homepage.jpg","datePublished":"2024-05-02T08:24:37+00:00","dateModified":"2025-01-10T09:33:02+00:00","breadcrumb":{"@id":"https:\/\/www.sportcoachplus.org\/cs\/#breadcrumb"},"inLanguage":"cs","potentialAction":[{"@type":"ReadAction","target":["https:\/\/www.sportcoachplus.org\/cs\/"]}]},{"@type":"ImageObject","inLanguage":"cs","@id":"https:\/\/www.sportcoachplus.org\/cs\/#primaryimage","url":"https:\/\/www.sportcoachplus.org\/wp-content\/uploads\/2024\/05\/hero-homepage.jpg","contentUrl":"https:\/\/www.sportcoachplus.org\/wp-content\/uploads\/2024\/05\/hero-homepage.jpg","width":2048,"height":1366},{"@type":"BreadcrumbList","@id":"https:\/\/www.sportcoachplus.org\/cs\/#breadcrumb","itemListElement":[{"@type":"ListItem","position":1,"name":"Home","item":"https:\/\/www.sportcoachplus.org\/cs\/"},{"@type":"ListItem","position":2,"name":"Home"}]},{"@type":"WebSite","@id":"https:\/\/www.sportcoachplus.org\/cs\/#website","url":"https:\/\/www.sportcoachplus.org\/cs\/","name":"Sport Coach+","description":"Bezpe\u010dn\u00fd a podp\u016frn\u00fd sport na podporu du\u0161evn\u00edho zdrav\u00ed mlad\u00fdch lid\u00ed posti\u017een\u00fdch vys\u00eddlen\u00edm","publisher":{"@id":"https:\/\/www.sportcoachplus.org\/cs\/#organization"},"potentialAction":[{"@type":"SearchAction","target":{"@type":"EntryPoint","urlTemplate":"https:\/\/www.sportcoachplus.org\/cs\/?s={search_term_string}"},"query-input":{"@type":"PropertyValueSpecification","valueRequired":true,"valueName":"search_term_string"}}],"inLanguage":"cs"},{"@type":"Organization","@id":"https:\/\/www.sportcoachplus.org\/cs\/#organization","name":"Sport Coach+","url":"https:\/\/www.sportcoachplus.org\/cs\/","logo":{"@type":"ImageObject","inLanguage":"cs","@id":"https:\/\/www.sportcoachplus.org\/cs\/#\/schema\/logo\/image\/","url":"https:\/\/www.sportcoachplus.org\/wp-content\/uploads\/2024\/05\/SportCoach-logo.svg","contentUrl":"https:\/\/www.sportcoachplus.org\/wp-content\/uploads\/2024\/05\/SportCoach-logo.svg","width":488,"height":194,"caption":"Sport Coach+"},"image":{"@id":"https:\/\/www.sportcoachplus.org\/cs\/#\/schema\/logo\/image\/"}}]}},"_links":{"self":[{"href":"https:\/\/www.sportcoachplus.org\/cs\/wp-json\/wp\/v2\/pages\/2356","targetHints":{"allow":["GET"]}}],"collection":[{"href":"https:\/\/www.sportcoachplus.org\/cs\/wp-json\/wp\/v2\/pages"}],"about":[{"href":"https:\/\/www.sportcoachplus.org\/cs\/wp-json\/wp\/v2\/types\/page"}],"author":[{"embeddable":true,"href":"https:\/\/www.sportcoachplus.org\/cs\/wp-json\/wp\/v2\/users\/8"}],"replies":[{"embeddable":true,"href":"https:\/\/www.sportcoachplus.org\/cs\/wp-json\/wp\/v2\/comments?post=2356"}],"version-history":[{"count":4,"href":"https:\/\/www.sportcoachplus.org\/cs\/wp-json\/wp\/v2\/pages\/2356\/revisions"}],"predecessor-version":[{"id":5928,"href":"https:\/\/www.sportcoachplus.org\/cs\/wp-json\/wp\/v2\/pages\/2356\/revisions\/5928"}],"wp:featuredmedia":[{"embeddable":true,"href":"https:\/\/www.sportcoachplus.org\/cs\/wp-json\/wp\/v2\/media\/1522"}],"wp:attachment":[{"href":"https:\/\/www.sportcoachplus.org\/cs\/wp-json\/wp\/v2\/media?parent=2356"}],"curies":[{"name":"wp","href":"https:\/\/api.w.org\/{rel}","templated":true}]}}